{"id":5566,"date":"2021-11-08T15:34:58","date_gmt":"2021-11-08T15:34:58","guid":{"rendered":"https:\/\/demo.artureanec.com\/themes\/energium\/?page_id=49"},"modified":"2026-04-07T01:09:02","modified_gmt":"2026-04-06T22:09:02","slug":"iletisim","status":"publish","type":"page","link":"https:\/\/spccdz.com\/en\/iletisim\/","title":{"rendered":"Contact"},"content":{"rendered":"\t\t<div data-elementor-type=\"wp-page\" data-elementor-id=\"5566\" class=\"elementor elementor-5566\">\n\t\t\t\t\t\t<section class=\"elementor-section elementor-top-section elementor-element elementor-element-28045c4 elementor-section-boxed elementor-section-height-default elementor-section-height-default elementor-invisible\" data-id=\"28045c4\" data-element_type=\"section\" data-e-type=\"section\" data-settings=\"{&quot;animation&quot;:&quot;slideInUp&quot;}\">\n\t\t\t\t\t\t<div class=\"elementor-container elementor-column-gap-extended\">\n\t\t\t\t\t<div class=\"elementor-column elementor-col-50 elementor-top-column elementor-element elementor-element-1862473\" data-id=\"1862473\" data-element_type=\"column\" data-e-type=\"column\">\n\t\t\t<div class=\"elementor-widget-wrap elementor-element-populated\">\n\t\t\t\t\t\t<div class=\"elementor-element elementor-element-2b4eb14 elementor-hidden-tablet_extra elementor-hidden-tablet elementor-hidden-mobile_extra elementor-hidden-mobile elementor-widget elementor-widget-energium_vertical_text\" data-id=\"2b4eb14\" data-element_type=\"widget\" data-e-type=\"widget\" data-widget_type=\"energium_vertical_text.default\">\n\t\t\t\t<div class=\"elementor-widget-container\">\n\t\t\t\t\t<div class=\"vertical-text\">\u0130leti\u015fim<\/div>\t\t\t\t<\/div>\n\t\t\t\t<\/div>\n\t\t\t\t<div class=\"elementor-element elementor-element-7d0200c elementor-widget elementor-widget-energium_heading\" data-id=\"7d0200c\" data-element_type=\"widget\" data-e-type=\"widget\" data-widget_type=\"energium_heading.default\">\n\t\t\t\t<div class=\"elementor-widget-container\">\n\t\t\t\t\t<div class=\"energium-heading-widget\"><h2 class=\"energium-heading\"><span class=\"energium-heading-icon\"><i class=\"fontello icon-title-element\"><\/i><\/span><span class=\"energium-heading-content\">\u0130leti\u015fim bilgileri<\/span><\/h2><\/div>\t\t\t\t<\/div>\n\t\t\t\t<\/div>\n\t\t\t\t<div class=\"elementor-element elementor-element-95b2736 elementor-widget elementor-widget-energium_heading\" data-id=\"95b2736\" data-element_type=\"widget\" data-e-type=\"widget\" data-widget_type=\"energium_heading.default\">\n\t\t\t\t<div class=\"elementor-widget-container\">\n\t\t\t\t\t<div class=\"energium-heading-widget\"><h2 class=\"energium-heading\"><span class=\"energium-heading-content\">Adres<\/span><\/h2><\/div>\t\t\t\t<\/div>\n\t\t\t\t<\/div>\n\t\t\t\t<div class=\"elementor-element elementor-element-dbaf36d elementor-widget elementor-widget-text-editor\" data-id=\"dbaf36d\" data-element_type=\"widget\" data-e-type=\"widget\" data-widget_type=\"text-editor.default\">\n\t\t\t\t<div class=\"elementor-widget-container\">\n\t\t\t\t\t\t\t\t\t<p>HASSI AMEUR, Zone Industrielle Section 04, ilot 192, 193, 194, 195, 196 Hassi Bounif &#8211; Oran \/ Cezayir<\/p>\t\t\t\t\t\t\t\t<\/div>\n\t\t\t\t<\/div>\n\t\t\t\t<div class=\"elementor-element elementor-element-f9443ba elementor-widget elementor-widget-energium_heading\" data-id=\"f9443ba\" data-element_type=\"widget\" data-e-type=\"widget\" data-widget_type=\"energium_heading.default\">\n\t\t\t\t<div class=\"elementor-widget-container\">\n\t\t\t\t\t<div class=\"energium-heading-widget\"><h2 class=\"energium-heading\"><span class=\"energium-heading-content\">Telefon<\/span><\/h2><\/div>\t\t\t\t<\/div>\n\t\t\t\t<\/div>\n\t\t\t\t<div class=\"elementor-element elementor-element-c200d10 elementor-widget elementor-widget-text-editor\" data-id=\"c200d10\" data-element_type=\"widget\" data-e-type=\"widget\" data-widget_type=\"text-editor.default\">\n\t\t\t\t<div class=\"elementor-widget-container\">\n\t\t\t\t\t\t\t\t\t<p>Tel: +213 0 982 400 537<br \/>Fax: +213 0 982 400 535<\/p>\t\t\t\t\t\t\t\t<\/div>\n\t\t\t\t<\/div>\n\t\t\t\t<div class=\"elementor-element elementor-element-1db39e4 elementor-widget elementor-widget-energium_heading\" data-id=\"1db39e4\" data-element_type=\"widget\" data-e-type=\"widget\" data-widget_type=\"energium_heading.default\">\n\t\t\t\t<div class=\"elementor-widget-container\">\n\t\t\t\t\t<div class=\"energium-heading-widget\"><h2 class=\"energium-heading\"><span class=\"energium-heading-content\">Email<\/span><\/h2><\/div>\t\t\t\t<\/div>\n\t\t\t\t<\/div>\n\t\t\t\t<div class=\"elementor-element elementor-element-be19343 elementor-widget elementor-widget-text-editor\" data-id=\"be19343\" data-element_type=\"widget\" data-e-type=\"widget\" data-widget_type=\"text-editor.default\">\n\t\t\t\t<div class=\"elementor-widget-container\">\n\t\t\t\t\t\t\t\t\t<p><a href=\"mailto:contact@spccdz.com\">contact@spccdz.com<\/a><br \/><a href=\"mailto:sales@spccdz.com\">sales@spccdz.com<\/a><br \/><a href=\"mailto:hr@spccdz.com\">hr@spccdz.com<\/a> (\u0130K)<\/p>\t\t\t\t\t\t\t\t<\/div>\n\t\t\t\t<\/div>\n\t\t\t\t<div class=\"elementor-element elementor-element-7514780 elementor-widget elementor-widget-energium_heading\" data-id=\"7514780\" data-element_type=\"widget\" data-e-type=\"widget\" data-widget_type=\"energium_heading.default\">\n\t\t\t\t<div class=\"elementor-widget-container\">\n\t\t\t\t\t<div class=\"energium-heading-widget\"><h2 class=\"energium-heading\"><span class=\"energium-heading-content\">\u00c7al\u0131\u015fma Saatleri<\/span><\/h2><\/div>\t\t\t\t<\/div>\n\t\t\t\t<\/div>\n\t\t\t\t<div class=\"elementor-element elementor-element-a32372d elementor-widget elementor-widget-text-editor\" data-id=\"a32372d\" data-element_type=\"widget\" data-e-type=\"widget\" data-widget_type=\"text-editor.default\">\n\t\t\t\t<div class=\"elementor-widget-container\">\n\t\t\t\t\t\t\t\t\t<p>Pazartesi \u2013 Cuma: 08:00 \u2013 17:30<br \/>Cumartesi: 08:30 \u2013 13:00<\/p>\t\t\t\t\t\t\t\t<\/div>\n\t\t\t\t<\/div>\n\t\t\t\t\t<\/div>\n\t\t<\/div>\n\t\t\t\t<div class=\"elementor-column elementor-col-50 elementor-top-column elementor-element elementor-element-9522d2a\" data-id=\"9522d2a\" data-element_type=\"column\" data-e-type=\"column\">\n\t\t\t<div class=\"elementor-widget-wrap elementor-element-populated\">\n\t\t\t\t\t\t<div class=\"elementor-element elementor-element-156e515 elementor-widget elementor-widget-energium_heading\" data-id=\"156e515\" data-element_type=\"widget\" data-e-type=\"widget\" data-widget_type=\"energium_heading.default\">\n\t\t\t\t<div class=\"elementor-widget-container\">\n\t\t\t\t\t<div class=\"energium-heading-widget\"><h4 class=\"energium-heading\"><span class=\"energium-heading-content\">T\u00fcm taleplerinize de\u011fer veriyoruz. Her mesaj\u0131n\u0131z\u0131 de\u011ferlendirip, size yan\u0131t verebilecek en uygun departman\u0131m\u0131za\/konumumuza iletiyoruz.\n\nReklam i\u00e7erikli mesajlar\u0131n\u0131za cevap verilmeyebilir.<\/span><\/h4><\/div>\t\t\t\t<\/div>\n\t\t\t\t<\/div>\n\t\t\t\t<div class=\"elementor-element elementor-element-31ef653 elementor-widget elementor-widget-energium_wpforms\" data-id=\"31ef653\" data-element_type=\"widget\" data-e-type=\"widget\" data-widget_type=\"energium_wpforms.default\">\n\t\t\t\t<div class=\"elementor-widget-container\">\n\t\t\t\t\t        <div class=\"energium-wpforms-widget\">\n            <style id=\"wpforms-css-vars-5590\">\n\t\t\t\t#wpforms-5590 {\n\t\t\t\t--wpforms-container-padding: 0px;\n--wpforms-container-border-width: 1px;\n--wpforms-container-border-radius: 3px;\n--wpforms-background-color: rgba(0, 0, 0, 0);\n--wpforms-field-size-input-height: 43px;\n--wpforms-field-size-input-spacing: 15px;\n--wpforms-field-size-font-size: 16px;\n--wpforms-field-size-line-height: 19px;\n--wpforms-field-size-padding-h: 14px;\n--wpforms-field-size-checkbox-size: 16px;\n--wpforms-field-size-sublabel-spacing: 5px;\n--wpforms-field-size-icon-size: 1;\n--wpforms-label-size-font-size: 16px;\n--wpforms-label-size-line-height: 19px;\n--wpforms-label-size-sublabel-font-size: 14px;\n--wpforms-label-size-sublabel-line-height: 17px;\n--wpforms-button-size-font-size: 17px;\n--wpforms-button-size-height: 41px;\n--wpforms-button-size-padding-h: 15px;\n--wpforms-button-size-margin-top: 10px;\n--wpforms-container-shadow-size-box-shadow: none;\n\t\t\t}\n\t\t\t<\/style><div class=\"wpforms-container wpforms-container-full wpforms-render-modern\" id=\"wpforms-5590\"><form id=\"wpforms-form-5590\" class=\"wpforms-validate wpforms-form wpforms-ajax-form\" data-formid=\"5590\" method=\"post\" enctype=\"multipart\/form-data\" action=\"\/en\/wp-json\/wp\/v2\/pages\/5566\" data-token=\"5f499d64cc7e2deb25d7f6667342d570\" data-token-time=\"1776515825\"><noscript class=\"wpforms-error-noscript\">Please enable JavaScript in your browser to complete this form.<\/noscript><div id=\"wpforms-error-noscript\" style=\"display: none;\">Please enable JavaScript in your browser to complete this form.<\/div><div class=\"wpforms-field-container\"><div id=\"wpforms-5590-field_1-container\" class=\"wpforms-field wpforms-field-text wpforms-one-half wpforms-first\" data-field-id=\"1\"><div class=\"wpforms-field-wrapper energium-form-field\"><div class=\"energium-label-wrapper\"><div class=\"energium-form-field-border-angle\"><\/div><label class=\"wpforms-field-label\" for=\"wpforms-5590-field_1\">Ad Soyad <span class=\"wpforms-required-label\" aria-hidden=\"true\">*<\/span><\/label><div class=\"energium-form-field-border-top\"><\/div><\/div><input type=\"text\" id=\"wpforms-5590-field_1\" class=\"wpforms-field-large wpforms-field-required\" name=\"wpforms[fields][1]\" aria-errormessage=\"wpforms-5590-field_1-error\" aria-describedby=\"wpforms-5590-field_1-description\" required><div class=\"energium-form-field-border-bottom\"><\/div><\/div><div id=\"wpforms-5590-field_1-description\" class=\"wpforms-field-description\">L\u00fctfen ad\u0131n\u0131z\u0131 soyad\u0131n\u0131z\u0131 giriniz<\/div><\/div><div id=\"wpforms-5590-field_2-container\" class=\"wpforms-field wpforms-field-email wpforms-one-half\" data-field-id=\"2\"><div class=\"wpforms-field-wrapper energium-form-field\"><div class=\"energium-label-wrapper\"><div class=\"energium-form-field-border-angle\"><\/div><label class=\"wpforms-field-label\" for=\"wpforms-5590-field_2\">Email <span class=\"wpforms-required-label\" aria-hidden=\"true\">*<\/span><\/label><div class=\"energium-form-field-border-top\"><\/div><\/div><input type=\"email\" id=\"wpforms-5590-field_2\" class=\"wpforms-field-large wpforms-field-required\" name=\"wpforms[fields][2]\" spellcheck=\"false\" aria-errormessage=\"wpforms-5590-field_2-error\" aria-describedby=\"wpforms-5590-field_2-description\" required><div class=\"energium-form-field-border-bottom\"><\/div><\/div><div id=\"wpforms-5590-field_2-description\" class=\"wpforms-field-description\">Email adresiniz<\/div><\/div><div id=\"wpforms-5590-field_5-container\" class=\"wpforms-field wpforms-field-text\" data-field-id=\"5\"><div class=\"wpforms-field-wrapper energium-form-field\"><div class=\"energium-label-wrapper\"><div class=\"energium-form-field-border-angle\"><\/div><label class=\"wpforms-field-label\" for=\"wpforms-5590-field_5\">Konu ba\u015fl\u0131\u011f\u0131 <span class=\"wpforms-required-label\" aria-hidden=\"true\">*<\/span><\/label><div class=\"energium-form-field-border-top\"><\/div><\/div><input type=\"text\" id=\"wpforms-5590-field_5\" class=\"wpforms-field-large wpforms-field-required\" name=\"wpforms[fields][5]\" aria-errormessage=\"wpforms-5590-field_5-error\" aria-describedby=\"wpforms-5590-field_5-description\" required><div class=\"energium-form-field-border-bottom\"><\/div><\/div><div id=\"wpforms-5590-field_5-description\" class=\"wpforms-field-description\">Hangi konuda g\u00f6r\u00fc\u015f bildireceksiniz<\/div><\/div><div id=\"wpforms-5590-field_3-container\" class=\"wpforms-field wpforms-field-textarea\" data-field-id=\"3\"><div class=\"wpforms-field-wrapper energium-form-field\"><div class=\"energium-label-wrapper\"><div class=\"energium-form-field-border-angle\"><\/div><label class=\"wpforms-field-label\" for=\"wpforms-5590-field_3\">Mesaj\u0131n\u0131z \/ Yorumunuz <span class=\"wpforms-required-label\" aria-hidden=\"true\">*<\/span><\/label><div class=\"energium-form-field-border-top\"><\/div><\/div><textarea id=\"wpforms-5590-field_3\" class=\"wpforms-field-medium wpforms-field-required\" name=\"wpforms[fields][3]\" aria-errormessage=\"wpforms-5590-field_3-error\" aria-describedby=\"wpforms-5590-field_3-description\" required><\/textarea><div class=\"energium-form-field-border-bottom\"><\/div><\/div><div id=\"wpforms-5590-field_3-description\" class=\"wpforms-field-description\">L\u00fctfen mesaj\u0131n\u0131z\u0131 yaz\u0131n\u0131z.<\/div><\/div><\/div><!-- .wpforms-field-container --><div class=\"wpforms-submit-container\" ><input type=\"hidden\" name=\"wpforms[id]\" value=\"5590\"><input type=\"hidden\" name=\"page_title\" value=\"\"><input type=\"hidden\" name=\"page_url\" value=\"https:\/\/spccdz.com\/en\/wp-json\/wp\/v2\/pages\/5566\"><input type=\"hidden\" name=\"url_referer\" value=\"\"><button type=\"submit\" name=\"wpforms[submit]\" id=\"wpforms-submit-5590\" class=\"wpforms-submit\" data-alt-text=\"g\u00f6nderiliyor...\" data-submit-text=\"G\u00f6nder\" aria-live=\"assertive\" value=\"wpforms-submit\">G\u00f6nder<\/button><img decoding=\"async\" src=\"https:\/\/spccdz.com\/wp-content\/plugins\/wpforms-lite\/assets\/images\/submit-spin.svg\" class=\"wpforms-submit-spinner\" style=\"display: none;\" width=\"26\" height=\"26\" alt=\"Loading\"><\/div><\/form><\/div>  <!-- .wpforms-container -->        <\/div>\n        \t\t\t\t<\/div>\n\t\t\t\t<\/div>\n\t\t\t\t\t<\/div>\n\t\t<\/div>\n\t\t\t\t\t<\/div>\n\t\t<\/section>\n\t\t\t\t<section class=\"elementor-section elementor-top-section elementor-element elementor-element-b9f0b25 elementor-section-full_width elementor-section-stretched elementor-section-height-default elementor-section-height-default elementor-invisible\" data-id=\"b9f0b25\" data-element_type=\"section\" data-e-type=\"section\" data-settings=\"{&quot;stretch_section&quot;:&quot;section-stretched&quot;,&quot;animation&quot;:&quot;slideInUp&quot;}\">\n\t\t\t\t\t\t<div class=\"elementor-container elementor-column-gap-no\">\n\t\t\t\t\t<div class=\"elementor-column elementor-col-100 elementor-top-column elementor-element elementor-element-e14347a\" data-id=\"e14347a\" data-element_type=\"column\" data-e-type=\"column\">\n\t\t\t<div class=\"elementor-widget-wrap elementor-element-populated\">\n\t\t\t\t\t\t<div class=\"elementor-element elementor-element-9d87d0c elementor-widget elementor-widget-google_maps\" data-id=\"9d87d0c\" data-element_type=\"widget\" data-e-type=\"widget\" data-widget_type=\"google_maps.default\">\n\t\t\t\t<div class=\"elementor-widget-container\">\n\t\t\t\t\t\t\t<div class=\"elementor-custom-embed\">\n\t\t\t<iframe loading=\"lazy\"\n\t\t\t\t\tsrc=\"https:\/\/maps.google.com\/maps?q=Spa%20Spcc%20%2F%20Societe%20De%20Production%20Et%20De%20Commercialisation%20De%20Ciment%20Hassi%20Bounif%2031002%2C%20Cezayir&#038;t=m&#038;z=15&#038;output=embed&#038;iwloc=near\"\n\t\t\t\t\ttitle=\"Spa Spcc \/ Societe De Production Et De Commercialisation De Ciment Hassi Bounif 31002, Cezayir\"\n\t\t\t\t\taria-label=\"Spa Spcc \/ Societe De Production Et De Commercialisation De Ciment Hassi Bounif 31002, Cezayir\"\n\t\t\t><\/iframe>\n\t\t<\/div>\n\t\t\t\t\t\t<\/div>\n\t\t\t\t<\/div>\n\t\t\t\t\t<\/div>\n\t\t<\/div>\n\t\t\t\t\t<\/div>\n\t\t<\/section>\n\t\t\t\t<\/div>\n\t\t","protected":false},"excerpt":{"rendered":"<p>HASSI AMEUR, Zone Industrielle Section 04, ilot 192, 193, 194, 195, 196 Hassi Bounif &#8211; Oran \/ Cezayir Tel: +213 0 982 400 537Fax: +213 0 982 400 535 contact@spccdz.comsales@spccdz.comhr@spccdz.com (\u0130K) Pazartesi \u2013 Cuma: 08:00 \u2013 17:30Cumartesi: 08:30 \u2013 13:00<\/p>","protected":false},"author":1,"featured_media":0,"parent":0,"menu_order":0,"comment_status":"closed","ping_status":"closed","template":"","meta":{"footnotes":""},"class_list":["post-5566","page","type-page","status-publish","hentry"],"yoast_head":"<!-- This site is optimized with the Yoast SEO plugin v27.4 - https:\/\/yoast.com\/product\/yoast-seo-wordpress\/ -->\n<title>\u0130leti\u015fim - SPCC \u00c7imento<\/title>\n<meta name=\"robots\" content=\"index, follow, max-snippet:-1, max-image-preview:large, max-video-preview:-1\" \/>\n<link rel=\"canonical\" href=\"https:\/\/spccdz.com\/en\/iletisim\/\" \/>\n<meta property=\"og:locale\" content=\"en_GB\" \/>\n<meta property=\"og:type\" content=\"article\" \/>\n<meta property=\"og:title\" content=\"\u0130leti\u015fim - SPCC \u00c7imento\" \/>\n<meta property=\"og:description\" content=\"HASSI AMEUR, Zone Industrielle Section 04, ilot 192, 193, 194, 195, 196 Hassi Bounif &#8211; Oran \/ Cezayir Tel: +213 0 982 400 537Fax: +213 0 982 400 535 contact@spccdz.comsales@spccdz.comhr@spccdz.com (\u0130K) Pazartesi \u2013 Cuma: 08:00 \u2013 17:30Cumartesi: 08:30 \u2013 13:00\" \/>\n<meta property=\"og:url\" content=\"https:\/\/spccdz.com\/en\/iletisim\/\" \/>\n<meta property=\"og:site_name\" content=\"SPCC \u00c7imento\" \/>\n<meta property=\"article:modified_time\" content=\"2026-04-06T22:09:02+00:00\" \/>\n<meta name=\"twitter:card\" content=\"summary_large_image\" \/>\n<meta name=\"twitter:label1\" content=\"Estimated reading time\" \/>\n\t<meta name=\"twitter:data1\" content=\"1 minute\" \/>\n<script type=\"application\/ld+json\" class=\"yoast-schema-graph\">{\"@context\":\"https:\\\/\\\/schema.org\",\"@graph\":[{\"@type\":\"WebPage\",\"@id\":\"https:\\\/\\\/spccdz.com\\\/iletisim\\\/\",\"url\":\"https:\\\/\\\/spccdz.com\\\/iletisim\\\/\",\"name\":\"\u0130leti\u015fim - SPCC \u00c7imento\",\"isPartOf\":{\"@id\":\"https:\\\/\\\/spccdz.com\\\/#website\"},\"datePublished\":\"2021-11-08T15:34:58+00:00\",\"dateModified\":\"2026-04-06T22:09:02+00:00\",\"breadcrumb\":{\"@id\":\"https:\\\/\\\/spccdz.com\\\/iletisim\\\/#breadcrumb\"},\"inLanguage\":\"en-GB\",\"potentialAction\":[{\"@type\":\"ReadAction\",\"target\":[\"https:\\\/\\\/spccdz.com\\\/iletisim\\\/\"]}]},{\"@type\":\"BreadcrumbList\",\"@id\":\"https:\\\/\\\/spccdz.com\\\/iletisim\\\/#breadcrumb\",\"itemListElement\":[{\"@type\":\"ListItem\",\"position\":1,\"name\":\"Anasayfa\",\"item\":\"https:\\\/\\\/spccdz.com\\\/\"},{\"@type\":\"ListItem\",\"position\":2,\"name\":\"\u0130leti\u015fim\"}]},{\"@type\":\"WebSite\",\"@id\":\"https:\\\/\\\/spccdz.com\\\/#website\",\"url\":\"https:\\\/\\\/spccdz.com\\\/\",\"name\":\"SPCC Ciment\",\"description\":\"Nesiller boyu s\u00fcren g\u00fc\u00e7\",\"publisher\":{\"@id\":\"https:\\\/\\\/spccdz.com\\\/#organization\"},\"potentialAction\":[{\"@type\":\"SearchAction\",\"target\":{\"@type\":\"EntryPoint\",\"urlTemplate\":\"https:\\\/\\\/spccdz.com\\\/?s={search_term_string}\"},\"query-input\":{\"@type\":\"PropertyValueSpecification\",\"valueRequired\":true,\"valueName\":\"search_term_string\"}}],\"inLanguage\":\"en-GB\"},{\"@type\":\"Organization\",\"@id\":\"https:\\\/\\\/spccdz.com\\\/#organization\",\"name\":\"SPA S.P.C.C \\\/ SOCIEDE PRODUCTION ET DE COMMERCIALISATION DE CIMENT\",\"url\":\"https:\\\/\\\/spccdz.com\\\/\",\"logo\":{\"@type\":\"ImageObject\",\"inLanguage\":\"en-GB\",\"@id\":\"https:\\\/\\\/spccdz.com\\\/#\\\/schema\\\/logo\\\/image\\\/\",\"url\":\"https:\\\/\\\/spccdz.com\\\/wp-content\\\/uploads\\\/2026\\\/03\\\/spcc_logo_180px.svg\",\"contentUrl\":\"https:\\\/\\\/spccdz.com\\\/wp-content\\\/uploads\\\/2026\\\/03\\\/spcc_logo_180px.svg\",\"width\":180,\"height\":56,\"caption\":\"SPA S.P.C.C \\\/ SOCIEDE PRODUCTION ET DE COMMERCIALISATION DE CIMENT\"},\"image\":{\"@id\":\"https:\\\/\\\/spccdz.com\\\/#\\\/schema\\\/logo\\\/image\\\/\"},\"sameAs\":[\"https:\\\/\\\/www.linkedin.com\\\/company\\\/spa-spcc\\\/?originalSubdomain=tr\"]}]}<\/script>\n<!-- \/ Yoast SEO plugin. -->","yoast_head_json":{"title":"\u0130leti\u015fim - SPCC \u00c7imento","robots":{"index":"index","follow":"follow","max-snippet":"max-snippet:-1","max-image-preview":"max-image-preview:large","max-video-preview":"max-video-preview:-1"},"canonical":"https:\/\/spccdz.com\/en\/iletisim\/","og_locale":"en_GB","og_type":"article","og_title":"\u0130leti\u015fim - SPCC \u00c7imento","og_description":"HASSI AMEUR, Zone Industrielle Section 04, ilot 192, 193, 194, 195, 196 Hassi Bounif &#8211; Oran \/ Cezayir Tel: +213 0 982 400 537Fax: +213 0 982 400 535 contact@spccdz.comsales@spccdz.comhr@spccdz.com (\u0130K) Pazartesi \u2013 Cuma: 08:00 \u2013 17:30Cumartesi: 08:30 \u2013 13:00","og_url":"https:\/\/spccdz.com\/en\/iletisim\/","og_site_name":"SPCC \u00c7imento","article_modified_time":"2026-04-06T22:09:02+00:00","twitter_card":"summary_large_image","twitter_misc":{"Estimated reading time":"1 minute"},"schema":{"@context":"https:\/\/schema.org","@graph":[{"@type":"WebPage","@id":"https:\/\/spccdz.com\/iletisim\/","url":"https:\/\/spccdz.com\/iletisim\/","name":"\u0130leti\u015fim - SPCC \u00c7imento","isPartOf":{"@id":"https:\/\/spccdz.com\/#website"},"datePublished":"2021-11-08T15:34:58+00:00","dateModified":"2026-04-06T22:09:02+00:00","breadcrumb":{"@id":"https:\/\/spccdz.com\/iletisim\/#breadcrumb"},"inLanguage":"en-GB","potentialAction":[{"@type":"ReadAction","target":["https:\/\/spccdz.com\/iletisim\/"]}]},{"@type":"BreadcrumbList","@id":"https:\/\/spccdz.com\/iletisim\/#breadcrumb","itemListElement":[{"@type":"ListItem","position":1,"name":"Anasayfa","item":"https:\/\/spccdz.com\/"},{"@type":"ListItem","position":2,"name":"\u0130leti\u015fim"}]},{"@type":"WebSite","@id":"https:\/\/spccdz.com\/#website","url":"https:\/\/spccdz.com\/","name":"SPCC Cement","description":"Power that has endured for generations.","publisher":{"@id":"https:\/\/spccdz.com\/#organization"},"potentialAction":[{"@type":"SearchAction","target":{"@type":"EntryPoint","urlTemplate":"https:\/\/spccdz.com\/?s={search_term_string}"},"query-input":{"@type":"PropertyValueSpecification","valueRequired":true,"valueName":"search_term_string"}}],"inLanguage":"en-GB"},{"@type":"Organization","@id":"https:\/\/spccdz.com\/#organization","name":"SPA S.P.C.C \/ SOCIEDE PRODUCTION ET DE COMMERCIALISATION DE CIMENT","url":"https:\/\/spccdz.com\/","logo":{"@type":"ImageObject","inLanguage":"en-GB","@id":"https:\/\/spccdz.com\/#\/schema\/logo\/image\/","url":"https:\/\/spccdz.com\/wp-content\/uploads\/2026\/03\/spcc_logo_180px.svg","contentUrl":"https:\/\/spccdz.com\/wp-content\/uploads\/2026\/03\/spcc_logo_180px.svg","width":180,"height":56,"caption":"SPA S.P.C.C \/ SOCIEDE PRODUCTION ET DE COMMERCIALISATION DE CIMENT"},"image":{"@id":"https:\/\/spccdz.com\/#\/schema\/logo\/image\/"},"sameAs":["https:\/\/www.linkedin.com\/company\/spa-spcc\/?originalSubdomain=tr"]}]}},"_links":{"self":[{"href":"https:\/\/spccdz.com\/en\/wp-json\/wp\/v2\/pages\/5566","targetHints":{"allow":["GET"]}}],"collection":[{"href":"https:\/\/spccdz.com\/en\/wp-json\/wp\/v2\/pages"}],"about":[{"href":"https:\/\/spccdz.com\/en\/wp-json\/wp\/v2\/types\/page"}],"author":[{"embeddable":true,"href":"https:\/\/spccdz.com\/en\/wp-json\/wp\/v2\/users\/1"}],"replies":[{"embeddable":true,"href":"https:\/\/spccdz.com\/en\/wp-json\/wp\/v2\/comments?post=5566"}],"version-history":[{"count":43,"href":"https:\/\/spccdz.com\/en\/wp-json\/wp\/v2\/pages\/5566\/revisions"}],"predecessor-version":[{"id":7233,"href":"https:\/\/spccdz.com\/en\/wp-json\/wp\/v2\/pages\/5566\/revisions\/7233"}],"wp:attachment":[{"href":"https:\/\/spccdz.com\/en\/wp-json\/wp\/v2\/media?parent=5566"}],"curies":[{"name":"wp","href":"https:\/\/api.w.org\/{rel}","templated":true}]}}