{"id":5569,"date":"2021-11-08T15:41:05","date_gmt":"2021-11-08T15:41:05","guid":{"rendered":"https:\/\/demo.artureanec.com\/themes\/energium\/cart\/"},"modified":"2025-12-31T01:15:01","modified_gmt":"2025-12-30T22:15:01","slug":"sepet","status":"publish","type":"page","link":"https:\/\/spccdz.com\/en\/sepet\/","title":{"rendered":"Sepet"},"content":{"rendered":"","protected":false},"excerpt":{"rendered":"","protected":false},"author":1,"featured_media":0,"parent":0,"menu_order":0,"comment_status":"closed","ping_status":"closed","template":"","meta":{"footnotes":""},"class_list":["post-5569","page","type-page","status-publish","hentry"],"yoast_head":"<!-- This site is optimized with the Yoast SEO plugin v27.3 - https:\/\/yoast.com\/product\/yoast-seo-wordpress\/ -->\n<title>Sepet - SPCC \u00c7imento<\/title>\n<meta name=\"robots\" content=\"index, follow, max-snippet:-1, max-image-preview:large, max-video-preview:-1\" \/>\n<link rel=\"canonical\" href=\"https:\/\/spccdz.com\/en\/sepet\/\" \/>\n<meta property=\"og:locale\" content=\"en_GB\" \/>\n<meta property=\"og:type\" content=\"article\" \/>\n<meta property=\"og:title\" content=\"Sepet - SPCC \u00c7imento\" \/>\n<meta property=\"og:url\" content=\"https:\/\/spccdz.com\/en\/sepet\/\" \/>\n<meta property=\"og:site_name\" content=\"SPCC \u00c7imento\" \/>\n<meta property=\"article:modified_time\" content=\"2025-12-30T22:15:01+00:00\" \/>\n<meta name=\"twitter:card\" content=\"summary_large_image\" \/>\n<script type=\"application\/ld+json\" class=\"yoast-schema-graph\">{\"@context\":\"https:\\\/\\\/schema.org\",\"@graph\":[{\"@type\":\"WebPage\",\"@id\":\"https:\\\/\\\/spccdz.com\\\/sepet\\\/\",\"url\":\"https:\\\/\\\/spccdz.com\\\/sepet\\\/\",\"name\":\"Sepet - SPCC \u00c7imento\",\"isPartOf\":{\"@id\":\"https:\\\/\\\/spccdz.com\\\/#website\"},\"datePublished\":\"2021-11-08T15:41:05+00:00\",\"dateModified\":\"2025-12-30T22:15:01+00:00\",\"breadcrumb\":{\"@id\":\"https:\\\/\\\/spccdz.com\\\/sepet\\\/#breadcrumb\"},\"inLanguage\":\"en-GB\",\"potentialAction\":[{\"@type\":\"ReadAction\",\"target\":[\"https:\\\/\\\/spccdz.com\\\/sepet\\\/\"]}]},{\"@type\":\"BreadcrumbList\",\"@id\":\"https:\\\/\\\/spccdz.com\\\/sepet\\\/#breadcrumb\",\"itemListElement\":[{\"@type\":\"ListItem\",\"position\":1,\"name\":\"Anasayfa\",\"item\":\"https:\\\/\\\/spccdz.com\\\/\"},{\"@type\":\"ListItem\",\"position\":2,\"name\":\"Sepet\"}]},{\"@type\":\"WebSite\",\"@id\":\"https:\\\/\\\/spccdz.com\\\/#website\",\"url\":\"https:\\\/\\\/spccdz.com\\\/\",\"name\":\"SPCC Ciment\",\"description\":\"Nesiller boyu s\u00fcren g\u00fc\u00e7\",\"publisher\":{\"@id\":\"https:\\\/\\\/spccdz.com\\\/#organization\"},\"potentialAction\":[{\"@type\":\"SearchAction\",\"target\":{\"@type\":\"EntryPoint\",\"urlTemplate\":\"https:\\\/\\\/spccdz.com\\\/?s={search_term_string}\"},\"query-input\":{\"@type\":\"PropertyValueSpecification\",\"valueRequired\":true,\"valueName\":\"search_term_string\"}}],\"inLanguage\":\"en-GB\"},{\"@type\":\"Organization\",\"@id\":\"https:\\\/\\\/spccdz.com\\\/#organization\",\"name\":\"SPA S.P.C.C \\\/ SOCIEDE PRODUCTION ET DE COMMERCIALISATION DE CIMENT\",\"url\":\"https:\\\/\\\/spccdz.com\\\/\",\"logo\":{\"@type\":\"ImageObject\",\"inLanguage\":\"en-GB\",\"@id\":\"https:\\\/\\\/spccdz.com\\\/#\\\/schema\\\/logo\\\/image\\\/\",\"url\":\"https:\\\/\\\/spccdz.com\\\/wp-content\\\/uploads\\\/2026\\\/03\\\/spcc_logo_180px.svg\",\"contentUrl\":\"https:\\\/\\\/spccdz.com\\\/wp-content\\\/uploads\\\/2026\\\/03\\\/spcc_logo_180px.svg\",\"width\":180,\"height\":56,\"caption\":\"SPA S.P.C.C \\\/ SOCIEDE PRODUCTION ET DE COMMERCIALISATION DE CIMENT\"},\"image\":{\"@id\":\"https:\\\/\\\/spccdz.com\\\/#\\\/schema\\\/logo\\\/image\\\/\"},\"sameAs\":[\"https:\\\/\\\/www.linkedin.com\\\/company\\\/spa-spcc\\\/?originalSubdomain=tr\"]}]}<\/script>\n<!-- \/ Yoast SEO plugin. -->","yoast_head_json":{"title":"Sepet - SPCC \u00c7imento","robots":{"index":"index","follow":"follow","max-snippet":"max-snippet:-1","max-image-preview":"max-image-preview:large","max-video-preview":"max-video-preview:-1"},"canonical":"https:\/\/spccdz.com\/en\/sepet\/","og_locale":"en_GB","og_type":"article","og_title":"Sepet - SPCC \u00c7imento","og_url":"https:\/\/spccdz.com\/en\/sepet\/","og_site_name":"SPCC \u00c7imento","article_modified_time":"2025-12-30T22:15:01+00:00","twitter_card":"summary_large_image","schema":{"@context":"https:\/\/schema.org","@graph":[{"@type":"WebPage","@id":"https:\/\/spccdz.com\/sepet\/","url":"https:\/\/spccdz.com\/sepet\/","name":"Sepet - SPCC \u00c7imento","isPartOf":{"@id":"https:\/\/spccdz.com\/#website"},"datePublished":"2021-11-08T15:41:05+00:00","dateModified":"2025-12-30T22:15:01+00:00","breadcrumb":{"@id":"https:\/\/spccdz.com\/sepet\/#breadcrumb"},"inLanguage":"en-GB","potentialAction":[{"@type":"ReadAction","target":["https:\/\/spccdz.com\/sepet\/"]}]},{"@type":"BreadcrumbList","@id":"https:\/\/spccdz.com\/sepet\/#breadcrumb","itemListElement":[{"@type":"ListItem","position":1,"name":"Anasayfa","item":"https:\/\/spccdz.com\/"},{"@type":"ListItem","position":2,"name":"Sepet"}]},{"@type":"WebSite","@id":"https:\/\/spccdz.com\/#website","url":"https:\/\/spccdz.com\/","name":"SPCC Cement","description":"Power that has endured for generations.","publisher":{"@id":"https:\/\/spccdz.com\/#organization"},"potentialAction":[{"@type":"SearchAction","target":{"@type":"EntryPoint","urlTemplate":"https:\/\/spccdz.com\/?s={search_term_string}"},"query-input":{"@type":"PropertyValueSpecification","valueRequired":true,"valueName":"search_term_string"}}],"inLanguage":"en-GB"},{"@type":"Organization","@id":"https:\/\/spccdz.com\/#organization","name":"SPA S.P.C.C \/ SOCIEDE PRODUCTION ET DE COMMERCIALISATION DE CIMENT","url":"https:\/\/spccdz.com\/","logo":{"@type":"ImageObject","inLanguage":"en-GB","@id":"https:\/\/spccdz.com\/#\/schema\/logo\/image\/","url":"https:\/\/spccdz.com\/wp-content\/uploads\/2026\/03\/spcc_logo_180px.svg","contentUrl":"https:\/\/spccdz.com\/wp-content\/uploads\/2026\/03\/spcc_logo_180px.svg","width":180,"height":56,"caption":"SPA S.P.C.C \/ SOCIEDE PRODUCTION ET DE COMMERCIALISATION DE CIMENT"},"image":{"@id":"https:\/\/spccdz.com\/#\/schema\/logo\/image\/"},"sameAs":["https:\/\/www.linkedin.com\/company\/spa-spcc\/?originalSubdomain=tr"]}]}},"_links":{"self":[{"href":"https:\/\/spccdz.com\/en\/wp-json\/wp\/v2\/pages\/5569","targetHints":{"allow":["GET"]}}],"collection":[{"href":"https:\/\/spccdz.com\/en\/wp-json\/wp\/v2\/pages"}],"about":[{"href":"https:\/\/spccdz.com\/en\/wp-json\/wp\/v2\/types\/page"}],"author":[{"embeddable":true,"href":"https:\/\/spccdz.com\/en\/wp-json\/wp\/v2\/users\/1"}],"replies":[{"embeddable":true,"href":"https:\/\/spccdz.com\/en\/wp-json\/wp\/v2\/comments?post=5569"}],"version-history":[{"count":1,"href":"https:\/\/spccdz.com\/en\/wp-json\/wp\/v2\/pages\/5569\/revisions"}],"predecessor-version":[{"id":5614,"href":"https:\/\/spccdz.com\/en\/wp-json\/wp\/v2\/pages\/5569\/revisions\/5614"}],"wp:attachment":[{"href":"https:\/\/spccdz.com\/en\/wp-json\/wp\/v2\/media?parent=5569"}],"curies":[{"name":"wp","href":"https:\/\/api.w.org\/{rel}","templated":true}]}}