{"id":6261,"date":"2026-01-03T15:08:24","date_gmt":"2026-01-03T12:08:24","guid":{"rendered":"https:\/\/spccdz.com\/?page_id=6261"},"modified":"2026-04-08T16:01:26","modified_gmt":"2026-04-08T13:01:26","slug":"moumayez-cpj-cem-ii-b-l-42-5-n","status":"publish","type":"page","link":"https:\/\/spccdz.com\/en\/moumayez-cpj-cem-ii-b-l-42-5-n\/","title":{"rendered":"Moumayez CPJ-CEM II\/B-L 42.5 N"},"content":{"rendered":"<div data-elementor-type=\"wp-page\" data-elementor-id=\"6261\" class=\"elementor elementor-6261\">\n\t\t\t\t\t\t<section class=\"elementor-section elementor-top-section elementor-element elementor-element-e961984 elementor-section-boxed elementor-section-height-default elementor-section-height-default elementor-invisible\" data-id=\"e961984\" data-element_type=\"section\" data-e-type=\"section\" data-settings=\"{&quot;animation&quot;:&quot;slideInUp&quot;}\">\n\t\t\t\t\t\t<div class=\"elementor-container elementor-column-gap-default\">\n\t\t\t\t\t<div class=\"elementor-column elementor-col-33 elementor-top-column elementor-element elementor-element-a7351b7\" data-id=\"a7351b7\" data-element_type=\"column\" data-e-type=\"column\">\n\t\t\t<div class=\"elementor-widget-wrap elementor-element-populated\">\n\t\t\t\t\t\t<div class=\"elementor-element elementor-element-aac943c elementor-arrows-position-outside elementor-widget elementor-widget-image-carousel\" data-id=\"aac943c\" data-element_type=\"widget\" data-e-type=\"widget\" data-settings=\"{&quot;slides_to_show&quot;:&quot;1&quot;,&quot;navigation&quot;:&quot;both&quot;,&quot;autoplay&quot;:&quot;yes&quot;,&quot;pause_on_hover&quot;:&quot;yes&quot;,&quot;pause_on_interaction&quot;:&quot;yes&quot;,&quot;autoplay_speed&quot;:5000,&quot;infinite&quot;:&quot;yes&quot;,&quot;effect&quot;:&quot;slide&quot;,&quot;speed&quot;:500}\" data-widget_type=\"image-carousel.default\">\n\t\t\t\t<div class=\"elementor-widget-container\">\n\t\t\t\t\t\t\t<div class=\"elementor-image-carousel-wrapper swiper\" role=\"region\" aria-roledescription=\"carousel\" aria-label=\"Image Cycle\" dir=\"ltr\">\n\t\t\t<div class=\"elementor-image-carousel swiper-wrapper\" aria-live=\"off\">\n\t\t\t\t\t\t\t\t<div class=\"swiper-slide\" role=\"group\" aria-roledescription=\"slide\" aria-label=\"1 sur 3\" data-no-translation-aria-label=\"\"><figure class=\"swiper-slide-inner\"><img decoding=\"async\" class=\"swiper-slide-image\" src=\"https:\/\/spccdz.com\/wp-content\/uploads\/2026\/01\/MOUMAYEZ_42.5_N_SR5_cement_small.webp\" alt=\"Moumayez 42,5 N Portland Cement\" \/><\/figure><\/div><div class=\"swiper-slide\" role=\"group\" aria-roledescription=\"slide\" aria-label=\"2 sur 3\" data-no-translation-aria-label=\"\"><figure class=\"swiper-slide-inner\"><img decoding=\"async\" class=\"swiper-slide-image\" src=\"https:\/\/spccdz.com\/wp-content\/uploads\/2026\/01\/KAMIL_32.5_N_cement_bigbang.webp\" alt=\"SPCC Cement Moumayez Bigbang\" \/><\/figure><\/div><div class=\"swiper-slide\" role=\"group\" aria-roledescription=\"slide\" aria-label=\"3 sur 3\" data-no-translation-aria-label=\"\"><figure class=\"swiper-slide-inner\"><img decoding=\"async\" class=\"swiper-slide-image\" src=\"https:\/\/spccdz.com\/wp-content\/uploads\/2026\/01\/KAMIL_32.5_N_cement_dokme.webp\" alt=\"SPCC Gray Portland Cement\" \/><\/figure><\/div>\t\t\t<\/div>\n\t\t\t\t\t\t\t\t\t\t\t\t<div class=\"elementor-swiper-button elementor-swiper-button-prev\" role=\"button\" tabindex=\"0\">\n\t\t\t\t\t\t<i aria-hidden=\"true\" class=\"eicon-chevron-left\"><\/i>\t\t\t\t\t<\/div>\n\t\t\t\t\t<div class=\"elementor-swiper-button elementor-swiper-button-next\" role=\"button\" tabindex=\"0\">\n\t\t\t\t\t\t<i aria-hidden=\"true\" class=\"eicon-chevron-right\"><\/i>\t\t\t\t\t<\/div>\n\t\t\t\t\n\t\t\t\t\t\t\t\t\t<div class=\"swiper-pagination\"><\/div>\n\t\t\t\t\t\t\t\t\t<\/div>\n\t\t\t\t\t\t<\/div>\n\t\t\t\t<\/div>\n\t\t\t\t<div class=\"elementor-element elementor-element-d43a96e elementor-hidden-laptop elementor-hidden-tablet_extra elementor-hidden-tablet elementor-hidden-mobile_extra elementor-hidden-mobile elementor-absolute elementor-widget elementor-widget-energium_vertical_text\" data-id=\"d43a96e\" data-element_type=\"widget\" data-e-type=\"widget\" data-settings=\"{&quot;_position&quot;:&quot;absolute&quot;}\" data-widget_type=\"energium_vertical_text.default\">\n\t\t\t\t<div class=\"elementor-widget-container\">\n\t\t\t\t\t<div class=\"vertical-text\">Moumayez CPJ-CEM II\/B-L 42.5 N<\/div>\t\t\t\t<\/div>\n\t\t\t\t<\/div>\n\t\t\t\t<div class=\"elementor-element elementor-element-664e010 elementor-widget elementor-widget-heading\" data-id=\"664e010\" data-element_type=\"widget\" data-e-type=\"widget\" data-widget_type=\"heading.default\">\n\t\t\t\t<div class=\"elementor-widget-container\">\n\t\t\t\t\t<h2 class=\"elementor-heading-title elementor-size-default\"><a href=\"https:\/\/spccdz.com\/wp-content\/uploads\/2026\/01\/Moumayez_ciment_N_TR.pdf\" target=\"_blank\">Product Brochure<\/a><\/h2>\t\t\t\t<\/div>\n\t\t\t\t<\/div>\n\t\t\t\t<div class=\"elementor-element elementor-element-c337d58 elementor-widget elementor-widget-image\" data-id=\"c337d58\" data-element_type=\"widget\" data-e-type=\"widget\" data-widget_type=\"image.default\">\n\t\t\t\t<div class=\"elementor-widget-container\">\n\t\t\t\t\t\t\t\t\t\t\t\t\t\t\t<img fetchpriority=\"high\" decoding=\"async\" width=\"566\" height=\"519\" src=\"https:\/\/spccdz.com\/wp-content\/uploads\/2026\/04\/Moumayez_cimento_kullanim_dozajlari_TR.png\" class=\"attachment-large size-large wp-image-7472\" alt=\"Cement dosage rates for Moumayez\" srcset=\"https:\/\/spccdz.com\/wp-content\/uploads\/2026\/04\/Moumayez_cimento_kullanim_dozajlari_TR.png 566w, https:\/\/spccdz.com\/wp-content\/uploads\/2026\/04\/Moumayez_cimento_kullanim_dozajlari_TR-13x12.png 13w\" sizes=\"(max-width: 566px) 100vw, 566px\" \/>\t\t\t\t\t\t\t\t\t\t\t\t\t\t\t<\/div>\n\t\t\t\t<\/div>\n\t\t\t\t\t<\/div>\n\t\t<\/div>\n\t\t\t\t<div class=\"elementor-column elementor-col-66 elementor-top-column elementor-element elementor-element-928bc36\" data-id=\"928bc36\" data-element_type=\"column\" data-e-type=\"column\">\n\t\t\t<div class=\"elementor-widget-wrap elementor-element-populated\">\n\t\t\t\t\t\t<div class=\"elementor-element elementor-element-2466f3a elementor-widget elementor-widget-heading\" data-id=\"2466f3a\" data-element_type=\"widget\" data-e-type=\"widget\" data-widget_type=\"heading.default\">\n\t\t\t\t<div class=\"elementor-widget-container\">\n\t\t\t\t\t<h2 class=\"elementor-heading-title elementor-size-default\">Moumayez CPJ-CEM II\/B-L 42.5 N<\/h2>\t\t\t\t<\/div>\n\t\t\t\t<\/div>\n\t\t\t\t<div class=\"elementor-element elementor-element-d9e67cd elementor-widget elementor-widget-text-editor\" data-id=\"d9e67cd\" data-element_type=\"widget\" data-e-type=\"widget\" data-widget_type=\"text-editor.default\">\n\t\t\t\t<div class=\"elementor-widget-container\">\n\t\t\t\t\t\t\t\t\t<p>Medium-high strength, normal-setting Portland cement<\/p>\t\t\t\t\t\t\t\t<\/div>\n\t\t\t\t<\/div>\n\t\t\t\t<div class=\"elementor-element elementor-element-af3880a elementor-widget__width-initial elementor-widget elementor-widget-text-editor\" data-id=\"af3880a\" data-element_type=\"widget\" data-e-type=\"widget\" data-widget_type=\"text-editor.default\">\n\t\t\t\t<div class=\"elementor-widget-container\">\n\t\t\t\t\t\t\t\t\t<p><strong>MOUMAYEZ\u2122<\/strong> This product meets the requirements of the NA 442 standard and delivers top-tier performance.<br \/><strong>MOUMAYEZ\u2122<\/strong>It is a cement designed for high-performance concrete used in the construction of civil engineering structures (bridges, viaducts, tunnels, etc.).<br \/><strong>MOUMAYEZ\u2122 CEM II\/A 42,5 R NA 442<\/strong>, available year-round. A suitable environment for concrete work in cold weather.<br \/><strong>MOUMAYEZ,\u2122<\/strong> SPCC is a specialized plant located at the SPA in Algeria.<br \/><strong>MOUMAYEZ\u2122 CEM II\/A 42,5 R NA 442<\/strong>This product offers the best value in terms of performance and price. The initial resistance allows the coffee to dissolve faster and faster.<\/p><p><strong>Applications<br \/><\/strong>Residential and commercial building projects<br \/>Structural concrete<br \/>Prefabricated building components<br \/><strong><br \/>Advantages<\/strong><br \/>High durability<br \/>Long-lasting applications<br \/>Wide range of applications<br \/><strong><br \/>Curing time at 20\u00b0C (NA230)<\/strong><br \/>Start of adjustment (min.): 150\u00b130<br \/>Adjustment range (min.): 250\u00b150<br \/><strong><br \/>Chemical Analyses<\/strong><br \/>Ignition  (%) (NA5042):\u00a0 10.0 \u00b1 2<br \/>Sulphate content (SO\u2083 (%)): 2.5 \u00b1 0.5\u00a0<br \/>Magnesium oxide (MgO) content (%): 1.8 \u00b1 0.5<br \/>Chloride content (NA5042) (%): 0.02 \u2013 0.05\u00a0<br \/><strong><br \/>Physical Requirements <\/strong><br \/>Freezing start (min) &gt; 75<br \/>Volume expansion (mm) &lt; 10<br \/><strong><br \/>Mechanical Requirements<\/strong><br \/>Development of pressure resistance<br \/>Minimum values<br \/>2 days: &gt;20.0 MPa<br \/>28 days: &gt;42.5 MPa<\/p><p><strong>Delivery Options<\/strong><br \/>Bagged Cement (25 kg, 50 kg)<br \/>Bagged Cement (25 kg\/1.4 tons \u2013 50 kg\/1.5 tons)<br \/>Big bag (1,25 tons \/1,5 tons)<br \/>Sling bag (50 kg\/1,5 tons \u2013 25 kg\/1,5 tons)<br \/>Ready-Mix Concrete<br \/><strong><br \/>Precautions for Use<\/strong><br \/>It must be used in accordance with the minimum cement dosage and maximum water-to-cement ratio specified in the standards.<br \/>The curing process must be performed in accordance with standards.<br \/>Formwork should not be removed before the concrete poured into it has achieved sufficient mechanical strength.<br \/>The long-distance transport of ready-mix concrete should be avoided.<br \/>Precautions should be taken to prevent cracking during concrete pouring in hot and windy weather.<br \/><strong><br \/>Situations in Which Use Is Not Recommended<\/strong><br \/>In applications where high whiteness is required, the desired level of whiteness may not be achieved if aggregates with an inappropriate color tone are used.<br \/><strong><br \/>Environment, Safety, and Storage<\/strong><br \/>Wear appropriate protective clothing, gloves, and eye and face protection.<br \/>Request the product\u2019s \u201cSafety Data Sheet\u201d for detailed safety information.<br \/>Store bulk cement in suitable silos where it is protected from moisture and wind, and store bagged cement in warehouses protected from moisture, wind, and cold, stacking no more than 10 bags high.<\/p>\t\t\t\t\t\t\t\t<\/div>\n\t\t\t\t<\/div>\n\t\t\t\t\t<\/div>\n\t\t<\/div>\n\t\t\t\t\t<\/div>\n\t\t<\/section>\n\t\t\t\t<\/div>","protected":false},"excerpt":{"rendered":"<p>\u00dcr\u00fcn Bro\u015f\u00fcr\u00fc Moumayez CPJ-CEM II\/B-L 42.5 N Orta-y\u00fcksek dayan\u0131m, normal priz Portland \u00c7imento MOUMAYEZ\u00ae, NA 442 normunun gerekliliklerini belgeleyen, \u00fcst d\u00fczey performanslara sahip bir \u00fcr\u00fcnd\u00fcr.MOUMAYEZ, sanat yap\u0131lar\u0131n\u0131n (portlar, viyad\u00fckler, t\u00fcneller&#8230;) in\u015faat\u0131na y\u00f6nelik y\u00fcksek performansl\u0131 betonlar i\u00e7in bir \u00e7imentodur.MOUMAYEZ CEM II\/A 42,5&#8230;<\/p>","protected":false},"author":1,"featured_media":0,"parent":0,"menu_order":0,"comment_status":"closed","ping_status":"closed","template":"","meta":{"footnotes":""},"class_list":["post-6261","page","type-page","status-publish","hentry"],"yoast_head":"<!-- This site is optimized with the Yoast SEO plugin v27.4 - https:\/\/yoast.com\/product\/yoast-seo-wordpress\/ -->\n<title>Moumayez CPJ-CEM II\/B-L 42.5 N - SPCC \u00c7imento<\/title>\n<meta name=\"description\" content=\"Orta-y\u00fcksek dayan\u0131m, normal priz Portland \u00c7imento. MOUMAYEZ, limanlar, viyad\u00fckler, t\u00fcneller in\u015faat\u0131na y\u00f6nelik y\u00fcksek performansl\u0131 betonlar i\u00e7in bir \u00e7imentodur.\" \/>\n<meta name=\"robots\" content=\"index, follow, max-snippet:-1, max-image-preview:large, max-video-preview:-1\" \/>\n<link rel=\"canonical\" href=\"https:\/\/spccdz.com\/en\/moumayez-cpj-cem-ii-b-l-42-5-n\/\" \/>\n<meta property=\"og:locale\" content=\"en_GB\" \/>\n<meta property=\"og:type\" content=\"article\" \/>\n<meta property=\"og:title\" content=\"Moumayez CPJ-CEM II\/B-L 42.5 N - SPCC \u00c7imento\" \/>\n<meta property=\"og:description\" content=\"Orta-y\u00fcksek dayan\u0131m, normal priz Portland \u00c7imento. MOUMAYEZ, limanlar, viyad\u00fckler, t\u00fcneller in\u015faat\u0131na y\u00f6nelik y\u00fcksek performansl\u0131 betonlar i\u00e7in bir \u00e7imentodur.\" \/>\n<meta property=\"og:url\" content=\"https:\/\/spccdz.com\/en\/moumayez-cpj-cem-ii-b-l-42-5-n\/\" \/>\n<meta property=\"og:site_name\" content=\"SPCC \u00c7imento\" \/>\n<meta property=\"article:modified_time\" content=\"2026-04-08T13:01:26+00:00\" \/>\n<meta property=\"og:image\" content=\"https:\/\/spccdz.com\/wp-content\/uploads\/2026\/01\/MOUMAYEZ_42.5_N_SR5_cement_small.webp\" \/>\n<meta name=\"twitter:card\" content=\"summary_large_image\" \/>\n<meta name=\"twitter:label1\" content=\"Estimated reading time\" \/>\n\t<meta name=\"twitter:data1\" content=\"4 minutes\" \/>\n<script type=\"application\/ld+json\" class=\"yoast-schema-graph\">{\"@context\":\"https:\\\/\\\/schema.org\",\"@graph\":[{\"@type\":\"WebPage\",\"@id\":\"https:\\\/\\\/spccdz.com\\\/moumayez-cpj-cem-ii-b-l-42-5-n\\\/\",\"url\":\"https:\\\/\\\/spccdz.com\\\/moumayez-cpj-cem-ii-b-l-42-5-n\\\/\",\"name\":\"Moumayez CPJ-CEM II\\\/B-L 42.5 N - SPCC \u00c7imento\",\"isPartOf\":{\"@id\":\"https:\\\/\\\/spccdz.com\\\/#website\"},\"primaryImageOfPage\":{\"@id\":\"https:\\\/\\\/spccdz.com\\\/moumayez-cpj-cem-ii-b-l-42-5-n\\\/#primaryimage\"},\"image\":{\"@id\":\"https:\\\/\\\/spccdz.com\\\/moumayez-cpj-cem-ii-b-l-42-5-n\\\/#primaryimage\"},\"thumbnailUrl\":\"https:\\\/\\\/spccdz.com\\\/wp-content\\\/uploads\\\/2026\\\/01\\\/MOUMAYEZ_42.5_N_SR5_cement_small.webp\",\"datePublished\":\"2026-01-03T12:08:24+00:00\",\"dateModified\":\"2026-04-08T13:01:26+00:00\",\"description\":\"Orta-y\u00fcksek dayan\u0131m, normal priz Portland \u00c7imento. MOUMAYEZ, limanlar, viyad\u00fckler, t\u00fcneller in\u015faat\u0131na y\u00f6nelik y\u00fcksek performansl\u0131 betonlar i\u00e7in bir \u00e7imentodur.\",\"breadcrumb\":{\"@id\":\"https:\\\/\\\/spccdz.com\\\/moumayez-cpj-cem-ii-b-l-42-5-n\\\/#breadcrumb\"},\"inLanguage\":\"en-GB\",\"potentialAction\":[{\"@type\":\"ReadAction\",\"target\":[\"https:\\\/\\\/spccdz.com\\\/moumayez-cpj-cem-ii-b-l-42-5-n\\\/\"]}]},{\"@type\":\"ImageObject\",\"inLanguage\":\"en-GB\",\"@id\":\"https:\\\/\\\/spccdz.com\\\/moumayez-cpj-cem-ii-b-l-42-5-n\\\/#primaryimage\",\"url\":\"https:\\\/\\\/spccdz.com\\\/wp-content\\\/uploads\\\/2026\\\/01\\\/MOUMAYEZ_42.5_N_SR5_cement_small.webp\",\"contentUrl\":\"https:\\\/\\\/spccdz.com\\\/wp-content\\\/uploads\\\/2026\\\/01\\\/MOUMAYEZ_42.5_N_SR5_cement_small.webp\"},{\"@type\":\"BreadcrumbList\",\"@id\":\"https:\\\/\\\/spccdz.com\\\/moumayez-cpj-cem-ii-b-l-42-5-n\\\/#breadcrumb\",\"itemListElement\":[{\"@type\":\"ListItem\",\"position\":1,\"name\":\"Anasayfa\",\"item\":\"https:\\\/\\\/spccdz.com\\\/\"},{\"@type\":\"ListItem\",\"position\":2,\"name\":\"Moumayez CPJ-CEM II\\\/B-L 42.5 N\"}]},{\"@type\":\"WebSite\",\"@id\":\"https:\\\/\\\/spccdz.com\\\/#website\",\"url\":\"https:\\\/\\\/spccdz.com\\\/\",\"name\":\"SPCC Ciment\",\"description\":\"Nesiller boyu s\u00fcren g\u00fc\u00e7\",\"publisher\":{\"@id\":\"https:\\\/\\\/spccdz.com\\\/#organization\"},\"potentialAction\":[{\"@type\":\"SearchAction\",\"target\":{\"@type\":\"EntryPoint\",\"urlTemplate\":\"https:\\\/\\\/spccdz.com\\\/?s={search_term_string}\"},\"query-input\":{\"@type\":\"PropertyValueSpecification\",\"valueRequired\":true,\"valueName\":\"search_term_string\"}}],\"inLanguage\":\"en-GB\"},{\"@type\":\"Organization\",\"@id\":\"https:\\\/\\\/spccdz.com\\\/#organization\",\"name\":\"SPA S.P.C.C \\\/ SOCIEDE PRODUCTION ET DE COMMERCIALISATION DE CIMENT\",\"url\":\"https:\\\/\\\/spccdz.com\\\/\",\"logo\":{\"@type\":\"ImageObject\",\"inLanguage\":\"en-GB\",\"@id\":\"https:\\\/\\\/spccdz.com\\\/#\\\/schema\\\/logo\\\/image\\\/\",\"url\":\"https:\\\/\\\/spccdz.com\\\/wp-content\\\/uploads\\\/2026\\\/03\\\/spcc_logo_180px.svg\",\"contentUrl\":\"https:\\\/\\\/spccdz.com\\\/wp-content\\\/uploads\\\/2026\\\/03\\\/spcc_logo_180px.svg\",\"width\":180,\"height\":56,\"caption\":\"SPA S.P.C.C \\\/ SOCIEDE PRODUCTION ET DE COMMERCIALISATION DE CIMENT\"},\"image\":{\"@id\":\"https:\\\/\\\/spccdz.com\\\/#\\\/schema\\\/logo\\\/image\\\/\"},\"sameAs\":[\"https:\\\/\\\/www.linkedin.com\\\/company\\\/spa-spcc\\\/?originalSubdomain=tr\"]}]}<\/script>\n<!-- \/ Yoast SEO plugin. -->","yoast_head_json":{"title":"moumayez-cpj-cem-ii-b-l-42-5-n - SPCC Cement","description":"Medium-to-high strength, normal-setting Portland cement. MOUMAYEZ is a cement designed for high-performance concrete used in the construction of ports, viaducts, and tunnels.","robots":{"index":"index","follow":"follow","max-snippet":"max-snippet:-1","max-image-preview":"max-image-preview:large","max-video-preview":"max-video-preview:-1"},"canonical":"https:\/\/spccdz.com\/en\/moumayez-cpj-cem-ii-b-l-42-5-n\/","og_locale":"en_GB","og_type":"article","og_title":"Moumayez CPJ-CEM II\/B-L 42.5 N - SPCC \u00c7imento","og_description":"Orta-y\u00fcksek dayan\u0131m, normal priz Portland \u00c7imento. MOUMAYEZ, limanlar, viyad\u00fckler, t\u00fcneller in\u015faat\u0131na y\u00f6nelik y\u00fcksek performansl\u0131 betonlar i\u00e7in bir \u00e7imentodur.","og_url":"https:\/\/spccdz.com\/en\/moumayez-cpj-cem-ii-b-l-42-5-n\/","og_site_name":"SPCC \u00c7imento","article_modified_time":"2026-04-08T13:01:26+00:00","og_image":[{"url":"https:\/\/spccdz.com\/wp-content\/uploads\/2026\/01\/MOUMAYEZ_42.5_N_SR5_cement_small.webp","type":"","width":"","height":""}],"twitter_card":"summary_large_image","twitter_misc":{"Estimated reading time":"4 minutes"},"schema":{"@context":"https:\/\/schema.org","@graph":[{"@type":"WebPage","@id":"https:\/\/spccdz.com\/moumayez-cpj-cem-ii-b-l-42-5-n\/","url":"https:\/\/spccdz.com\/moumayez-cpj-cem-ii-b-l-42-5-n\/","name":"moumayez-cpj-cem-ii-b-l-42-5-n - SPCC Cement","isPartOf":{"@id":"https:\/\/spccdz.com\/#website"},"primaryImageOfPage":{"@id":"https:\/\/spccdz.com\/moumayez-cpj-cem-ii-b-l-42-5-n\/#primaryimage"},"image":{"@id":"https:\/\/spccdz.com\/moumayez-cpj-cem-ii-b-l-42-5-n\/#primaryimage"},"thumbnailUrl":"https:\/\/spccdz.com\/wp-content\/uploads\/2026\/01\/MOUMAYEZ_42.5_N_SR5_cement_small.webp","datePublished":"2026-01-03T12:08:24+00:00","dateModified":"2026-04-08T13:01:26+00:00","description":"Medium-to-high strength, normal-setting Portland cement. MOUMAYEZ is a cement designed for high-performance concrete used in the construction of ports, viaducts, and tunnels.","breadcrumb":{"@id":"https:\/\/spccdz.com\/moumayez-cpj-cem-ii-b-l-42-5-n\/#breadcrumb"},"inLanguage":"en-GB","potentialAction":[{"@type":"ReadAction","target":["https:\/\/spccdz.com\/moumayez-cpj-cem-ii-b-l-42-5-n\/"]}]},{"@type":"ImageObject","inLanguage":"en-GB","@id":"https:\/\/spccdz.com\/moumayez-cpj-cem-ii-b-l-42-5-n\/#primaryimage","url":"https:\/\/spccdz.com\/wp-content\/uploads\/2026\/01\/MOUMAYEZ_42.5_N_SR5_cement_small.webp","contentUrl":"https:\/\/spccdz.com\/wp-content\/uploads\/2026\/01\/MOUMAYEZ_42.5_N_SR5_cement_small.webp"},{"@type":"BreadcrumbList","@id":"https:\/\/spccdz.com\/moumayez-cpj-cem-ii-b-l-42-5-n\/#breadcrumb","itemListElement":[{"@type":"ListItem","position":1,"name":"Anasayfa","item":"https:\/\/spccdz.com\/"},{"@type":"ListItem","position":2,"name":"Moumayez CPJ-CEM II\/B-L 42.5 N"}]},{"@type":"WebSite","@id":"https:\/\/spccdz.com\/#website","url":"https:\/\/spccdz.com\/","name":"SPCC Cement","description":"Power that has endured for generations.","publisher":{"@id":"https:\/\/spccdz.com\/#organization"},"potentialAction":[{"@type":"SearchAction","target":{"@type":"EntryPoint","urlTemplate":"https:\/\/spccdz.com\/?s={search_term_string}"},"query-input":{"@type":"PropertyValueSpecification","valueRequired":true,"valueName":"search_term_string"}}],"inLanguage":"en-GB"},{"@type":"Organization","@id":"https:\/\/spccdz.com\/#organization","name":"SPA S.P.C.C \/ SOCIEDE PRODUCTION ET DE COMMERCIALISATION DE CIMENT","url":"https:\/\/spccdz.com\/","logo":{"@type":"ImageObject","inLanguage":"en-GB","@id":"https:\/\/spccdz.com\/#\/schema\/logo\/image\/","url":"https:\/\/spccdz.com\/wp-content\/uploads\/2026\/03\/spcc_logo_180px.svg","contentUrl":"https:\/\/spccdz.com\/wp-content\/uploads\/2026\/03\/spcc_logo_180px.svg","width":180,"height":56,"caption":"SPA S.P.C.C \/ SOCIEDE PRODUCTION ET DE COMMERCIALISATION DE CIMENT"},"image":{"@id":"https:\/\/spccdz.com\/#\/schema\/logo\/image\/"},"sameAs":["https:\/\/www.linkedin.com\/company\/spa-spcc\/?originalSubdomain=tr"]}]}},"_links":{"self":[{"href":"https:\/\/spccdz.com\/en\/wp-json\/wp\/v2\/pages\/6261","targetHints":{"allow":["GET"]}}],"collection":[{"href":"https:\/\/spccdz.com\/en\/wp-json\/wp\/v2\/pages"}],"about":[{"href":"https:\/\/spccdz.com\/en\/wp-json\/wp\/v2\/types\/page"}],"author":[{"embeddable":true,"href":"https:\/\/spccdz.com\/en\/wp-json\/wp\/v2\/users\/1"}],"replies":[{"embeddable":true,"href":"https:\/\/spccdz.com\/en\/wp-json\/wp\/v2\/comments?post=6261"}],"version-history":[{"count":49,"href":"https:\/\/spccdz.com\/en\/wp-json\/wp\/v2\/pages\/6261\/revisions"}],"predecessor-version":[{"id":7478,"href":"https:\/\/spccdz.com\/en\/wp-json\/wp\/v2\/pages\/6261\/revisions\/7478"}],"wp:attachment":[{"href":"https:\/\/spccdz.com\/en\/wp-json\/wp\/v2\/media?parent=6261"}],"curies":[{"name":"wp","href":"https:\/\/api.w.org\/{rel}","templated":true}]}}