{"id":6305,"date":"2026-01-03T16:26:41","date_gmt":"2026-01-03T13:26:41","guid":{"rendered":"https:\/\/spccdz.com\/?page_id=6305"},"modified":"2026-04-08T15:18:22","modified_gmt":"2026-04-08T12:18:22","slug":"kamil-cpj-cem-ii-b-l-32-5-n","status":"publish","type":"page","link":"https:\/\/spccdz.com\/en\/kamil-cpj-cem-ii-b-l-32-5-n\/","title":{"rendered":"Kamil CPJ-CEM II\/B-L 32.5 N"},"content":{"rendered":"<div data-elementor-type=\"wp-page\" data-elementor-id=\"6305\" class=\"elementor elementor-6305\">\n\t\t\t\t\t\t<section class=\"elementor-section elementor-top-section elementor-element elementor-element-00f36ec elementor-section-boxed elementor-section-height-default elementor-section-height-default elementor-invisible\" data-id=\"00f36ec\" data-element_type=\"section\" data-e-type=\"section\" data-settings=\"{&quot;animation&quot;:&quot;slideInUp&quot;}\">\n\t\t\t\t\t\t<div class=\"elementor-container elementor-column-gap-default\">\n\t\t\t\t\t<div class=\"elementor-column elementor-col-33 elementor-top-column elementor-element elementor-element-8f42b6a\" data-id=\"8f42b6a\" data-element_type=\"column\" data-e-type=\"column\">\n\t\t\t<div class=\"elementor-widget-wrap elementor-element-populated\">\n\t\t\t\t\t\t<div class=\"elementor-element elementor-element-fe89ad0 elementor-arrows-position-outside elementor-widget elementor-widget-image-carousel\" data-id=\"fe89ad0\" data-element_type=\"widget\" data-e-type=\"widget\" data-settings=\"{&quot;slides_to_show&quot;:&quot;1&quot;,&quot;navigation&quot;:&quot;both&quot;,&quot;autoplay&quot;:&quot;yes&quot;,&quot;pause_on_hover&quot;:&quot;yes&quot;,&quot;pause_on_interaction&quot;:&quot;yes&quot;,&quot;autoplay_speed&quot;:5000,&quot;infinite&quot;:&quot;yes&quot;,&quot;effect&quot;:&quot;slide&quot;,&quot;speed&quot;:500}\" data-widget_type=\"image-carousel.default\">\n\t\t\t\t<div class=\"elementor-widget-container\">\n\t\t\t\t\t\t\t<div class=\"elementor-image-carousel-wrapper swiper\" role=\"region\" aria-roledescription=\"carousel\" aria-label=\"Resim D\u00f6ng\u00fcs\u00fc\" dir=\"ltr\">\n\t\t\t<div class=\"elementor-image-carousel swiper-wrapper\" aria-live=\"off\">\n\t\t\t\t\t\t\t\t<div class=\"swiper-slide\" role=\"group\" aria-roledescription=\"slide\" aria-label=\"1 sur 3\"><figure class=\"swiper-slide-inner\"><img decoding=\"async\" class=\"swiper-slide-image\" src=\"https:\/\/spccdz.com\/wp-content\/uploads\/2026\/01\/KAMIL_32.5_N_cement_small-1.webp\" alt=\"Kamil 32.5 N Cement\" \/><\/figure><\/div><div class=\"swiper-slide\" role=\"group\" aria-roledescription=\"slide\" aria-label=\"2 sur 3\"><figure class=\"swiper-slide-inner\"><img decoding=\"async\" class=\"swiper-slide-image\" src=\"https:\/\/spccdz.com\/wp-content\/uploads\/2026\/01\/KAMIL_32.5_N_BIGBANG_cement.webp\" alt=\"BigBang Cement Kamil 32.5\" \/><\/figure><\/div><div class=\"swiper-slide\" role=\"group\" aria-roledescription=\"slide\" aria-label=\"3 sur 3\"><figure class=\"swiper-slide-inner\"><img decoding=\"async\" class=\"swiper-slide-image\" src=\"https:\/\/spccdz.com\/wp-content\/uploads\/2026\/01\/KAMIL_32.5_N_cement_dokme.webp\" alt=\"SPCC Gray Portland Cement\" \/><\/figure><\/div>\t\t\t<\/div>\n\t\t\t\t\t\t\t\t\t\t\t\t<div class=\"elementor-swiper-button elementor-swiper-button-prev\" role=\"button\" tabindex=\"0\">\n\t\t\t\t\t\t<i aria-hidden=\"true\" class=\"eicon-chevron-left\"><\/i>\t\t\t\t\t<\/div>\n\t\t\t\t\t<div class=\"elementor-swiper-button elementor-swiper-button-next\" role=\"button\" tabindex=\"0\">\n\t\t\t\t\t\t<i aria-hidden=\"true\" class=\"eicon-chevron-right\"><\/i>\t\t\t\t\t<\/div>\n\t\t\t\t\n\t\t\t\t\t\t\t\t\t<div class=\"swiper-pagination\"><\/div>\n\t\t\t\t\t\t\t\t\t<\/div>\n\t\t\t\t\t\t<\/div>\n\t\t\t\t<\/div>\n\t\t\t\t<div class=\"elementor-element elementor-element-503b7f5 elementor-widget elementor-widget-heading\" data-id=\"503b7f5\" data-element_type=\"widget\" data-e-type=\"widget\" data-widget_type=\"heading.default\">\n\t\t\t\t<div class=\"elementor-widget-container\">\n\t\t\t\t\t<h2 class=\"elementor-heading-title elementor-size-default\"><a href=\"https:\/\/spccdz.com\/wp-content\/uploads\/2026\/01\/Kamil_ciment_N_TR.pdf\" target=\"_blank\">\u00dcr\u00fcn Bro\u015f\u00fcr\u00fc<\/a><\/h2>\t\t\t\t<\/div>\n\t\t\t\t<\/div>\n\t\t\t\t<div class=\"elementor-element elementor-element-8236355 elementor-widget elementor-widget-image\" data-id=\"8236355\" data-element_type=\"widget\" data-e-type=\"widget\" data-widget_type=\"image.default\">\n\t\t\t\t<div class=\"elementor-widget-container\">\n\t\t\t\t\t\t\t\t\t\t\t\t\t\t\t<img fetchpriority=\"high\" decoding=\"async\" width=\"566\" height=\"519\" src=\"https:\/\/spccdz.com\/wp-content\/uploads\/2026\/04\/Kamil_dozaj_bilgileri_Tint60_TR.png\" class=\"attachment-large size-large wp-image-7451\" alt=\"\u00c7imento kullan\u0131m dozajlar\u0131 KAM\u0130L\" srcset=\"https:\/\/spccdz.com\/wp-content\/uploads\/2026\/04\/Kamil_dozaj_bilgileri_Tint60_TR.png 566w, https:\/\/spccdz.com\/wp-content\/uploads\/2026\/04\/Kamil_dozaj_bilgileri_Tint60_TR-13x12.png 13w\" sizes=\"(max-width: 566px) 100vw, 566px\" \/>\t\t\t\t\t\t\t\t\t\t\t\t\t\t\t<\/div>\n\t\t\t\t<\/div>\n\t\t\t\t<div class=\"elementor-element elementor-element-7dbf769 elementor-widget elementor-widget-image\" data-id=\"7dbf769\" data-element_type=\"widget\" data-e-type=\"widget\" data-widget_type=\"image.default\">\n\t\t\t\t<div class=\"elementor-widget-container\">\n\t\t\t\t\t\t\t\t\t\t\t\t\t\t\t<img decoding=\"async\" width=\"566\" height=\"122\" src=\"https:\/\/spccdz.com\/wp-content\/uploads\/2026\/04\/ISO_urun_sayfasi_small.png\" class=\"attachment-full size-full wp-image-7462\" alt=\"ISO Ciment\" srcset=\"https:\/\/spccdz.com\/wp-content\/uploads\/2026\/04\/ISO_urun_sayfasi_small.png 566w, https:\/\/spccdz.com\/wp-content\/uploads\/2026\/04\/ISO_urun_sayfasi_small-18x4.png 18w\" sizes=\"(max-width: 566px) 100vw, 566px\" \/>\t\t\t\t\t\t\t\t\t\t\t\t\t\t\t<\/div>\n\t\t\t\t<\/div>\n\t\t\t\t<div class=\"elementor-element elementor-element-266dd7e elementor-hidden-laptop elementor-hidden-tablet_extra elementor-hidden-tablet elementor-hidden-mobile_extra elementor-hidden-mobile elementor-absolute elementor-widget elementor-widget-energium_vertical_text\" data-id=\"266dd7e\" data-element_type=\"widget\" data-e-type=\"widget\" data-settings=\"{&quot;_position&quot;:&quot;absolute&quot;}\" data-widget_type=\"energium_vertical_text.default\">\n\t\t\t\t<div class=\"elementor-widget-container\">\n\t\t\t\t\t<div class=\"vertical-text\">Kamil CPJ-CEM II\/B-L 32.5 N<\/div>\t\t\t\t<\/div>\n\t\t\t\t<\/div>\n\t\t\t\t\t<\/div>\n\t\t<\/div>\n\t\t\t\t<div class=\"elementor-column elementor-col-66 elementor-top-column elementor-element elementor-element-da7871f\" data-id=\"da7871f\" data-element_type=\"column\" data-e-type=\"column\">\n\t\t\t<div class=\"elementor-widget-wrap elementor-element-populated\">\n\t\t\t\t\t\t<div class=\"elementor-element elementor-element-9580423 elementor-widget elementor-widget-heading\" data-id=\"9580423\" data-element_type=\"widget\" data-e-type=\"widget\" data-widget_type=\"heading.default\">\n\t\t\t\t<div class=\"elementor-widget-container\">\n\t\t\t\t\t<h2 class=\"elementor-heading-title elementor-size-default\">Kamil CPJ-CEM II\/B-L 32.5 N<\/h2>\t\t\t\t<\/div>\n\t\t\t\t<\/div>\n\t\t\t\t<div class=\"elementor-element elementor-element-47407a1 elementor-widget elementor-widget-text-editor\" data-id=\"47407a1\" data-element_type=\"widget\" data-e-type=\"widget\" data-widget_type=\"text-editor.default\">\n\t\t\t\t<div class=\"elementor-widget-container\">\n\t\t\t\t\t\t\t\t\t<p>D\u00fc\u015f\u00fck erken dayan\u0131m; h\u0131zl\u0131 priz s\u00fcresi; ekonomik Portland \u00c7imento<\/p>\t\t\t\t\t\t\t\t<\/div>\n\t\t\t\t<\/div>\n\t\t\t\t<div class=\"elementor-element elementor-element-fd4dae5 elementor-widget__width-initial elementor-widget elementor-widget-text-editor\" data-id=\"fd4dae5\" data-element_type=\"widget\" data-e-type=\"widget\" data-widget_type=\"text-editor.default\">\n\t\t\t\t<div class=\"elementor-widget-container\">\n\t\t\t\t\t\t\t\t\t<p><strong>KAMI<\/strong>L, \u00e7oklu kullan\u0131ma y\u00f6nelik bir \u00e7imento \u00fcr\u00fcn\u00fcd\u00fcr ve NA 442 normunun gerekliliklerini onaylar.<br \/><strong>KAMIL<\/strong>, giri\u015fimcilere yard\u0131mc\u0131 olarak en iyi Kalite\/Prix ili\u015fkisini sunan sivil ve end\u00fcstriyel rekabetin ger\u00e7ekle\u015ftirilmesi i\u00e7in geli\u015ftirilmi\u015f bir \u00fcr\u00fcnd\u00fcr.<br \/><strong>KAMIL CEM II\/B 32,5 N NA 442<\/strong>, t\u00fcm y\u0131l boyunca kullan\u0131labilir. Zaman\u0131m\u0131z\u0131n en iyi beton i\u015f\u00e7ili\u011fi.<br \/><strong>KAMIL\u00ae Cezayir&#8217;de SPA SPCC<\/strong>&#8216;ye \u00f6zel bir \u00fcr\u00fcnd\u00fcr.<br \/><strong>KAMIL\u00ae CEM II\/B 32,5 N NA 442<\/strong>, performans ve fiyat a\u00e7\u0131s\u0131ndan en iyi performans\u0131 sunar.<\/p><p><strong>Kullan\u0131m Alanlar\u0131<br \/><\/strong>Genel yap\u0131 i\u015fleri<br \/>S\u0131va ve \u015fap uygulamalar\u0131<br \/>K\u00fc\u00e7\u00fck \u00f6l\u00e7ekli konut projeleri<br \/><strong><br \/>Avantajlar\u0131<\/strong><br \/>Ekonomik \u00e7\u00f6z\u00fcmler<br \/>Yayg\u0131n kullan\u0131m imkan\u0131<br \/>H\u0131zl\u0131 priz avantaj\u0131<br \/><strong><br \/>20\u02daC&#8217;de sertle\u015fme s\u00fcresi (NA230)<\/strong><br \/>Ayarlama ba\u015flang\u0131c\u0131 (dk.): 150\u00b130<br \/>Ayarlama sonu (dk.): 250\u00b150<br \/><strong><br \/>Kimyasal Analizler<\/strong><br \/>Ate\u015fleme kayn\u0131 (%) (NA5042):\u00a0 10.0 \u00b1 2<br \/>S\u00fclfat i\u00e7eri\u011fi (SO3 (%)): 2.5 \u00b1 0.5\u00a0<br \/>Magnezyum Oksit (MgO) i\u00e7eri\u011fi (%): 1.8 \u00b1 0.5<br \/>Klor\u00fcr i\u00e7eri\u011fi (NA5042) (%): 0.02 &#8211; 0.05\u00a0<br \/><strong><br \/>Fiziksel Gereklilikler <\/strong><br \/>Priz ba\u015flang\u0131c\u0131 (dk) &gt; 75<br \/>Hacim genle\u015fmesi (mm) &lt; 10<br \/><strong><br \/>Mekanik Gereklilikler<\/strong><br \/>Bas\u0131n\u00e7 dayan\u0131m geli\u015fimi<br \/>Minimum de\u011ferleri<br \/>2 g\u00fcn: &gt;10.0 MPa<br \/>28 g\u00fcn: &gt;32,5 MPa<\/p><p><strong>Teslimat \u015eekli<\/strong><br \/>Torba (25 kg, 50 kg)<br \/>Paletli (25 kg\/1,4 Ton &#8211; 50 kg\/1,5 Ton)<br \/>Bigbag (1,25 Ton \/1,5 Ton)<br \/>Slingbag (50 kg\/1,5 Ton &#8211; 25 kg\/1,5 Ton)<br \/>D\u00f6kme<br \/><strong><br \/>Kullan\u0131m ile \u0130lgili \u00d6nlemler<\/strong><br \/>Standartlarda belirtilen minimum \u00e7imento dozaj\u0131na ve maksimum su\/\u00e7imento oran\u0131na uyularak kullan\u0131lmal\u0131d\u0131r.<br \/>Standartlara uygun koruma ve k\u00fcr i\u015flemi yap\u0131lmal\u0131d\u0131r.<br \/>Kal\u0131ba d\u00f6k\u00fclen betonlar yeterli mekanik dayan\u0131ma ula\u015fmadan kal\u0131plar s\u00f6k\u00fclmemelidir.<br \/>Haz\u0131r betonun uzun s\u00fcreli ta\u015f\u0131nmas\u0131ndan ka\u00e7\u0131n\u0131lmal\u0131d\u0131r.<br \/>S\u0131cak ve r\u00fczgarl\u0131 havalardaki beton d\u00f6k\u00fcm\u00fcnde \u00e7atlak olu\u015fumunu engellemek i\u00e7in \u00f6nlemler al\u0131nmal\u0131d\u0131r.<br \/><strong><br \/>Kullan\u0131m\u0131 \u00d6nerilmeyen Durumlar<\/strong><br \/>Y\u00fcksek beyazl\u0131k istenen imalatlarda renk tonu uygun olmayan agregalar ile kullan\u0131m\u0131nda istenen beyazl\u0131k elde edilemeyebilir.<br \/><strong><br \/>\u00c7evre, G\u00fcvenlik ve Stoklama<\/strong><br \/>Uygun koruyucu giysi, eldiven g\u00f6z ve y\u00fcz koruyucu ekipman kullan\u0131n.<br \/>Detayl\u0131 g\u00fcvelik bilgileri i\u00e7in \u00fcr\u00fcn\u00fcn \u201cG\u00fcvenlik Bilgi Formunu\u201d talep edin.<br \/>D\u00f6kme \u00e7imentolar\u0131 nem ve r\u00fczgara maruz kalmayacak \u015fekilde uygun silolarda, torba \u00e7imentolar\u0131 nem, r\u00fczgar ve so\u011fuktan korunakl\u0131 depolarda en fazla 10 s\u0131ra \u00fcst \u00fcste dizerek stoklay\u0131n.<\/p>\t\t\t\t\t\t\t\t<\/div>\n\t\t\t\t<\/div>\n\t\t\t\t\t<\/div>\n\t\t<\/div>\n\t\t\t\t\t<\/div>\n\t\t<\/section>\n\t\t\t\t<\/div>","protected":false},"excerpt":{"rendered":"<p>\u00dcr\u00fcn Bro\u015f\u00fcr\u00fc Kamil CPJ-CEM II\/B-L 32.5 N D\u00fc\u015f\u00fck erken dayan\u0131m; h\u0131zl\u0131 priz s\u00fcresi; ekonomik Portland \u00c7imento KAMIL, \u00e7oklu kullan\u0131ma y\u00f6nelik bir \u00e7imento \u00fcr\u00fcn\u00fcd\u00fcr ve NA 442 normunun gerekliliklerini onaylar.KAMIL, giri\u015fimcilere yard\u0131mc\u0131 olarak en iyi Kalite\/Prix ili\u015fkisini sunan sivil ve end\u00fcstriyel rekabetin&#8230;<\/p>","protected":false},"author":1,"featured_media":0,"parent":0,"menu_order":0,"comment_status":"closed","ping_status":"closed","template":"","meta":{"footnotes":""},"class_list":["post-6305","page","type-page","status-publish","hentry"],"yoast_head":"<!-- This site is optimized with the Yoast SEO plugin v27.3 - https:\/\/yoast.com\/product\/yoast-seo-wordpress\/ -->\n<title>Kamil CPJ-CEM II\/B-L 32.5 N - SPCC \u00c7imento<\/title>\n<meta name=\"description\" content=\"D\u00fc\u015f\u00fck erken dayan\u0131m; h\u0131zl\u0131 priz s\u00fcresi; ekonomik Portland \u00c7imento. Standartlarda belirtilen minimum \u00e7imento dozaj\u0131na ve maksimum su\/\u00e7imento oran\u0131na uyularak kullan\u0131lmal\u0131d\u0131r.\" \/>\n<meta name=\"robots\" content=\"index, follow, max-snippet:-1, max-image-preview:large, max-video-preview:-1\" \/>\n<link rel=\"canonical\" href=\"https:\/\/spccdz.com\/en\/kamil-cpj-cem-ii-b-l-32-5-n\/\" \/>\n<meta property=\"og:locale\" content=\"en_GB\" \/>\n<meta property=\"og:type\" content=\"article\" \/>\n<meta property=\"og:title\" content=\"Kamil CPJ-CEM II\/B-L 32.5 N - SPCC \u00c7imento\" \/>\n<meta property=\"og:description\" content=\"D\u00fc\u015f\u00fck erken dayan\u0131m; h\u0131zl\u0131 priz s\u00fcresi; ekonomik Portland \u00c7imento. Standartlarda belirtilen minimum \u00e7imento dozaj\u0131na ve maksimum su\/\u00e7imento oran\u0131na uyularak kullan\u0131lmal\u0131d\u0131r.\" \/>\n<meta property=\"og:url\" content=\"https:\/\/spccdz.com\/en\/kamil-cpj-cem-ii-b-l-32-5-n\/\" \/>\n<meta property=\"og:site_name\" content=\"SPCC \u00c7imento\" \/>\n<meta property=\"article:modified_time\" content=\"2026-04-08T12:18:22+00:00\" \/>\n<meta property=\"og:image\" content=\"https:\/\/spccdz.com\/wp-content\/uploads\/2026\/01\/KAMIL_32.5_N_cement_small-1.webp\" \/>\n<meta name=\"twitter:card\" content=\"summary_large_image\" \/>\n<meta name=\"twitter:label1\" content=\"Est. reading time\" \/>\n\t<meta name=\"twitter:data1\" content=\"4 minutes\" \/>\n<script type=\"application\/ld+json\" class=\"yoast-schema-graph\">{\"@context\":\"https:\\\/\\\/schema.org\",\"@graph\":[{\"@type\":\"WebPage\",\"@id\":\"https:\\\/\\\/spccdz.com\\\/kamil-cpj-cem-ii-b-l-32-5-n\\\/\",\"url\":\"https:\\\/\\\/spccdz.com\\\/kamil-cpj-cem-ii-b-l-32-5-n\\\/\",\"name\":\"Kamil CPJ-CEM II\\\/B-L 32.5 N - SPCC \u00c7imento\",\"isPartOf\":{\"@id\":\"https:\\\/\\\/spccdz.com\\\/#website\"},\"primaryImageOfPage\":{\"@id\":\"https:\\\/\\\/spccdz.com\\\/kamil-cpj-cem-ii-b-l-32-5-n\\\/#primaryimage\"},\"image\":{\"@id\":\"https:\\\/\\\/spccdz.com\\\/kamil-cpj-cem-ii-b-l-32-5-n\\\/#primaryimage\"},\"thumbnailUrl\":\"https:\\\/\\\/spccdz.com\\\/wp-content\\\/uploads\\\/2026\\\/01\\\/KAMIL_32.5_N_cement_small-1.webp\",\"datePublished\":\"2026-01-03T13:26:41+00:00\",\"dateModified\":\"2026-04-08T12:18:22+00:00\",\"description\":\"D\u00fc\u015f\u00fck erken dayan\u0131m; h\u0131zl\u0131 priz s\u00fcresi; ekonomik Portland \u00c7imento. Standartlarda belirtilen minimum \u00e7imento dozaj\u0131na ve maksimum su\\\/\u00e7imento oran\u0131na uyularak kullan\u0131lmal\u0131d\u0131r.\",\"breadcrumb\":{\"@id\":\"https:\\\/\\\/spccdz.com\\\/kamil-cpj-cem-ii-b-l-32-5-n\\\/#breadcrumb\"},\"inLanguage\":\"en-GB\",\"potentialAction\":[{\"@type\":\"ReadAction\",\"target\":[\"https:\\\/\\\/spccdz.com\\\/kamil-cpj-cem-ii-b-l-32-5-n\\\/\"]}]},{\"@type\":\"ImageObject\",\"inLanguage\":\"en-GB\",\"@id\":\"https:\\\/\\\/spccdz.com\\\/kamil-cpj-cem-ii-b-l-32-5-n\\\/#primaryimage\",\"url\":\"https:\\\/\\\/spccdz.com\\\/wp-content\\\/uploads\\\/2026\\\/01\\\/KAMIL_32.5_N_cement_small-1.webp\",\"contentUrl\":\"https:\\\/\\\/spccdz.com\\\/wp-content\\\/uploads\\\/2026\\\/01\\\/KAMIL_32.5_N_cement_small-1.webp\"},{\"@type\":\"BreadcrumbList\",\"@id\":\"https:\\\/\\\/spccdz.com\\\/kamil-cpj-cem-ii-b-l-32-5-n\\\/#breadcrumb\",\"itemListElement\":[{\"@type\":\"ListItem\",\"position\":1,\"name\":\"Anasayfa\",\"item\":\"https:\\\/\\\/spccdz.com\\\/\"},{\"@type\":\"ListItem\",\"position\":2,\"name\":\"Kamil CPJ-CEM II\\\/B-L 32.5 N\"}]},{\"@type\":\"WebSite\",\"@id\":\"https:\\\/\\\/spccdz.com\\\/#website\",\"url\":\"https:\\\/\\\/spccdz.com\\\/\",\"name\":\"SPCC Ciment\",\"description\":\"Nesiller boyu s\u00fcren g\u00fc\u00e7\",\"publisher\":{\"@id\":\"https:\\\/\\\/spccdz.com\\\/#organization\"},\"potentialAction\":[{\"@type\":\"SearchAction\",\"target\":{\"@type\":\"EntryPoint\",\"urlTemplate\":\"https:\\\/\\\/spccdz.com\\\/?s={search_term_string}\"},\"query-input\":{\"@type\":\"PropertyValueSpecification\",\"valueRequired\":true,\"valueName\":\"search_term_string\"}}],\"inLanguage\":\"en-GB\"},{\"@type\":\"Organization\",\"@id\":\"https:\\\/\\\/spccdz.com\\\/#organization\",\"name\":\"SPA S.P.C.C \\\/ SOCIEDE PRODUCTION ET DE COMMERCIALISATION DE CIMENT\",\"url\":\"https:\\\/\\\/spccdz.com\\\/\",\"logo\":{\"@type\":\"ImageObject\",\"inLanguage\":\"en-GB\",\"@id\":\"https:\\\/\\\/spccdz.com\\\/#\\\/schema\\\/logo\\\/image\\\/\",\"url\":\"https:\\\/\\\/spccdz.com\\\/wp-content\\\/uploads\\\/2026\\\/03\\\/spcc_logo_180px.svg\",\"contentUrl\":\"https:\\\/\\\/spccdz.com\\\/wp-content\\\/uploads\\\/2026\\\/03\\\/spcc_logo_180px.svg\",\"width\":180,\"height\":56,\"caption\":\"SPA S.P.C.C \\\/ SOCIEDE PRODUCTION ET DE COMMERCIALISATION DE CIMENT\"},\"image\":{\"@id\":\"https:\\\/\\\/spccdz.com\\\/#\\\/schema\\\/logo\\\/image\\\/\"},\"sameAs\":[\"https:\\\/\\\/www.linkedin.com\\\/company\\\/spa-spcc\\\/?originalSubdomain=tr\"]}]}<\/script>\n<!-- \/ Yoast SEO plugin. -->","yoast_head_json":{"title":"Kamil CPJ-CEM II\/B-L 32.5 N - SPCC \u00c7imento","description":"D\u00fc\u015f\u00fck erken dayan\u0131m; h\u0131zl\u0131 priz s\u00fcresi; ekonomik Portland \u00c7imento. Standartlarda belirtilen minimum \u00e7imento dozaj\u0131na ve maksimum su\/\u00e7imento oran\u0131na uyularak kullan\u0131lmal\u0131d\u0131r.","robots":{"index":"index","follow":"follow","max-snippet":"max-snippet:-1","max-image-preview":"max-image-preview:large","max-video-preview":"max-video-preview:-1"},"canonical":"https:\/\/spccdz.com\/en\/kamil-cpj-cem-ii-b-l-32-5-n\/","og_locale":"en_GB","og_type":"article","og_title":"Kamil CPJ-CEM II\/B-L 32.5 N - SPCC \u00c7imento","og_description":"D\u00fc\u015f\u00fck erken dayan\u0131m; h\u0131zl\u0131 priz s\u00fcresi; ekonomik Portland \u00c7imento. Standartlarda belirtilen minimum \u00e7imento dozaj\u0131na ve maksimum su\/\u00e7imento oran\u0131na uyularak kullan\u0131lmal\u0131d\u0131r.","og_url":"https:\/\/spccdz.com\/en\/kamil-cpj-cem-ii-b-l-32-5-n\/","og_site_name":"SPCC \u00c7imento","article_modified_time":"2026-04-08T12:18:22+00:00","og_image":[{"url":"https:\/\/spccdz.com\/wp-content\/uploads\/2026\/01\/KAMIL_32.5_N_cement_small-1.webp","type":"","width":"","height":""}],"twitter_card":"summary_large_image","twitter_misc":{"Est. reading time":"4 minutes"},"schema":{"@context":"https:\/\/schema.org","@graph":[{"@type":"WebPage","@id":"https:\/\/spccdz.com\/kamil-cpj-cem-ii-b-l-32-5-n\/","url":"https:\/\/spccdz.com\/kamil-cpj-cem-ii-b-l-32-5-n\/","name":"Kamil CPJ-CEM II\/B-L 32.5 N - SPCC \u00c7imento","isPartOf":{"@id":"https:\/\/spccdz.com\/#website"},"primaryImageOfPage":{"@id":"https:\/\/spccdz.com\/kamil-cpj-cem-ii-b-l-32-5-n\/#primaryimage"},"image":{"@id":"https:\/\/spccdz.com\/kamil-cpj-cem-ii-b-l-32-5-n\/#primaryimage"},"thumbnailUrl":"https:\/\/spccdz.com\/wp-content\/uploads\/2026\/01\/KAMIL_32.5_N_cement_small-1.webp","datePublished":"2026-01-03T13:26:41+00:00","dateModified":"2026-04-08T12:18:22+00:00","description":"D\u00fc\u015f\u00fck erken dayan\u0131m; h\u0131zl\u0131 priz s\u00fcresi; ekonomik Portland \u00c7imento. Standartlarda belirtilen minimum \u00e7imento dozaj\u0131na ve maksimum su\/\u00e7imento oran\u0131na uyularak kullan\u0131lmal\u0131d\u0131r.","breadcrumb":{"@id":"https:\/\/spccdz.com\/kamil-cpj-cem-ii-b-l-32-5-n\/#breadcrumb"},"inLanguage":"en-GB","potentialAction":[{"@type":"ReadAction","target":["https:\/\/spccdz.com\/kamil-cpj-cem-ii-b-l-32-5-n\/"]}]},{"@type":"ImageObject","inLanguage":"en-GB","@id":"https:\/\/spccdz.com\/kamil-cpj-cem-ii-b-l-32-5-n\/#primaryimage","url":"https:\/\/spccdz.com\/wp-content\/uploads\/2026\/01\/KAMIL_32.5_N_cement_small-1.webp","contentUrl":"https:\/\/spccdz.com\/wp-content\/uploads\/2026\/01\/KAMIL_32.5_N_cement_small-1.webp"},{"@type":"BreadcrumbList","@id":"https:\/\/spccdz.com\/kamil-cpj-cem-ii-b-l-32-5-n\/#breadcrumb","itemListElement":[{"@type":"ListItem","position":1,"name":"Anasayfa","item":"https:\/\/spccdz.com\/"},{"@type":"ListItem","position":2,"name":"Kamil CPJ-CEM II\/B-L 32.5 N"}]},{"@type":"WebSite","@id":"https:\/\/spccdz.com\/#website","url":"https:\/\/spccdz.com\/","name":"SPCC Cement","description":"Power that has endured for generations.","publisher":{"@id":"https:\/\/spccdz.com\/#organization"},"potentialAction":[{"@type":"SearchAction","target":{"@type":"EntryPoint","urlTemplate":"https:\/\/spccdz.com\/?s={search_term_string}"},"query-input":{"@type":"PropertyValueSpecification","valueRequired":true,"valueName":"search_term_string"}}],"inLanguage":"en-GB"},{"@type":"Organization","@id":"https:\/\/spccdz.com\/#organization","name":"SPA S.P.C.C \/ SOCIEDE PRODUCTION ET DE COMMERCIALISATION DE CIMENT","url":"https:\/\/spccdz.com\/","logo":{"@type":"ImageObject","inLanguage":"en-GB","@id":"https:\/\/spccdz.com\/#\/schema\/logo\/image\/","url":"https:\/\/spccdz.com\/wp-content\/uploads\/2026\/03\/spcc_logo_180px.svg","contentUrl":"https:\/\/spccdz.com\/wp-content\/uploads\/2026\/03\/spcc_logo_180px.svg","width":180,"height":56,"caption":"SPA S.P.C.C \/ SOCIEDE PRODUCTION ET DE COMMERCIALISATION DE CIMENT"},"image":{"@id":"https:\/\/spccdz.com\/#\/schema\/logo\/image\/"},"sameAs":["https:\/\/www.linkedin.com\/company\/spa-spcc\/?originalSubdomain=tr"]}]}},"_links":{"self":[{"href":"https:\/\/spccdz.com\/en\/wp-json\/wp\/v2\/pages\/6305","targetHints":{"allow":["GET"]}}],"collection":[{"href":"https:\/\/spccdz.com\/en\/wp-json\/wp\/v2\/pages"}],"about":[{"href":"https:\/\/spccdz.com\/en\/wp-json\/wp\/v2\/types\/page"}],"author":[{"embeddable":true,"href":"https:\/\/spccdz.com\/en\/wp-json\/wp\/v2\/users\/1"}],"replies":[{"embeddable":true,"href":"https:\/\/spccdz.com\/en\/wp-json\/wp\/v2\/comments?post=6305"}],"version-history":[{"count":89,"href":"https:\/\/spccdz.com\/en\/wp-json\/wp\/v2\/pages\/6305\/revisions"}],"predecessor-version":[{"id":7469,"href":"https:\/\/spccdz.com\/en\/wp-json\/wp\/v2\/pages\/6305\/revisions\/7469"}],"wp:attachment":[{"href":"https:\/\/spccdz.com\/en\/wp-json\/wp\/v2\/media?parent=6305"}],"curies":[{"name":"wp","href":"https:\/\/api.w.org\/{rel}","templated":true}]}}