{"id":6330,"date":"2026-01-03T17:08:42","date_gmt":"2026-01-03T14:08:42","guid":{"rendered":"https:\/\/spccdz.com\/?page_id=6330"},"modified":"2026-04-07T01:09:44","modified_gmt":"2026-04-06T22:09:44","slug":"urunler","status":"publish","type":"page","link":"https:\/\/spccdz.com\/en\/urunler\/","title":{"rendered":"Our products"},"content":{"rendered":"\t\t<div data-elementor-type=\"wp-page\" data-elementor-id=\"6330\" class=\"elementor elementor-6330\">\n\t\t\t\t\t\t<section class=\"elementor-section elementor-top-section elementor-element elementor-element-edb84cd elementor-section-boxed elementor-section-height-default elementor-section-height-default\" data-id=\"edb84cd\" data-element_type=\"section\" data-e-type=\"section\" data-settings=\"{&quot;background_background&quot;:&quot;classic&quot;}\">\n\t\t\t\t\t\t<div class=\"elementor-container elementor-column-gap-default\">\n\t\t\t\t\t<div class=\"elementor-column elementor-col-100 elementor-top-column elementor-element elementor-element-5c17788\" data-id=\"5c17788\" data-element_type=\"column\" data-e-type=\"column\">\n\t\t\t<div class=\"elementor-widget-wrap elementor-element-populated\">\n\t\t\t\t\t\t<div class=\"elementor-element elementor-element-2c2b742 bdt-image-match-height-desktop--yes bdt-image-match-height-tablet--yes bdt-image-match-height-mobile--yes elementor-widget elementor-widget-prime-slider-isolate\" data-id=\"2c2b742\" data-element_type=\"widget\" data-e-type=\"widget\" data-widget_type=\"prime-slider-isolate.default\">\n\t\t\t\t<div class=\"elementor-widget-container\">\n\t\t\t\t\t\t\t<div class=\"bdt-prime-slider\">\n\t\t\t<div class=\"bdt-prime-slider-skin-isolate content-position-inherit content-position-column\" data-bdt-lightbox=\"toggle: .bdt-slide-play-button&gt;a; animation: slide; video-autoplay: true;\">\n\t\t\t\t<div class=\"bdt-position-relative bdt-visible-toggle\" data-settings=\"{&quot;id&quot;:&quot;#bdt-2c2b742&quot;,&quot;animation_status&quot;:&quot;no&quot;}\" id=\"bdt-2c2b742\" bdt-slideshow=\"{&quot;animation&quot;:&quot;fade&quot;,&quot;ratio&quot;:&quot;16:9&quot;,&quot;min-height&quot;:&quot;600&quot;,&quot;autoplay&quot;:true,&quot;autoplay-interval&quot;:7000,&quot;pause-on-hover&quot;:true,&quot;velocity&quot;:1,&quot;finite&quot;:false}\">\n\t\t\t\t\t<ul class=\"bdt-slideshow-items\">\n\t\t\t\t\t\t         \n        <li class=\"bdt-slideshow-item bdt-flex bdt-flex-column bdt-flex-middle elementor-repeater-item-214da8a \">\n            <div class=\"bdt-width-1-1 bdt-width-1-2@s\">\n                        <div class=\"bdt-slideshow-content-wrapper\">\n            <div class=\"bdt-prime-slider-wrapper\">\n                <div class=\"bdt-prime-slider-content\">\n                    <div class=\"bdt-prime-slider-desc bdt-flex bdt-flex-column\">\n\n                                                    <div class=\"bdt-sub-title bdt-ps-sub-title\">\n                                <h4 class=\"bdt-sub-title-tag\" data-reveal=\"reveal-active\" data-bdt-slideshow-parallax=\"y: 50,0,-50; opacity: 1,1,0\">\n                                    CPJ-CEM II B-L 32.5 N                                <\/h4>\n                            <\/div>\n                        \n                                                    <div class=\"bdt-main-title\">\n                                <h1 class=\"bdt-title-tag\" data-reveal=\"reveal-active\" data-bdt-slideshow-parallax=\"y: 50,0,-50; opacity: 1,1,0\">\n                                                                            <span class=\"frist-word\">Kamil<\/span>                                                                         <\/h1>\n                            <\/div>\n                        \n                                                    <div class=\"bdt-slider-excerpt\" data-reveal=\"reveal-active\" data-bdt-slideshow-parallax=\"y: 100,0,-80; opacity: 1,1,0\">\n                                <p>KAMIL, \u00e7oklu kullan\u0131ma y\u00f6nelik bir \u00e7imento \u00fcr\u00fcn\u00fcd\u00fcr ve NA 442 normunun gerekliliklerini onaylar.<br \/>Giri\u015fimcilere yard\u0131mc\u0131 olarak en iyi Kalite\/Prix ili\u015fkisini sunan sivil ve end\u00fcstriyel rekabetin ger\u00e7ekle\u015ftirilmesi i\u00e7in geli\u015ftirilmi\u015f bir \u00fcr\u00fcnd\u00fcr. T\u00fcm y\u0131l boyunca kullan\u0131labilir. Zaman\u0131m\u0131z\u0131n en iyi beton i\u015f\u00e7ili\u011fi. Cezayir\u2019de SPA SPCC\u2018ye \u00f6zel bir \u00fcr\u00fcnd\u00fcr, performans ve fiyat a\u00e7\u0131s\u0131ndan en iyi performans\u0131 sunar.<\/p>                            <\/div>\n                        \n                        <div class=\"bdt-isolate-btn\" data-reveal=\"reveal-active\" data-bdt-slideshow-parallax=\"y: 150,0,-100; opacity: 1,1,0\">\n                            \n\t\t\t\n\t\t\t\t<a class=\"bdt-slide-btn\" href=\"https:\/\/spccdz.com\/kamil-cpj-cem-ii-b-l-32-5-n\/\">\n\n\t\t\t\t\t\t\t\t\t\t<span class=\"bdt-prime-slider-button-wrapper\">\n\n\t\t\t\t\t\t<span class=\"bdt-prime-slider-button-text bdt-flex bdt-flex-middle bdt-flex-inline\">Daha fazla bilgi<span class=\"bdt-slide-btn-icon\"><svg width=\"20\" height=\"20\" viewBox=\"0 0 20 20\" xmlns=\"http:\/\/www.w3.org\/2000\/svg\" data-svg=\"arrow-right\">\n\t\t\t\t\t\t\t\t\t<polyline fill=\"none\" stroke=\"#000\" points=\"10 5 15 9.5 10 14\"><\/polyline>\n\t\t\t\t\t\t\t\t\t<line fill=\"none\" stroke=\"#000\" x1=\"4\" y1=\"9.5\" x2=\"15\" y2=\"9.5\"><\/line>\n\t\t\t\t\t\t\t\t<\/svg><\/span><\/span>\n\n\t\t\t\t\t<\/span>\n\n\n\t\t\t\t<\/a>\n\t\t\t                        <\/div>\n\n                    <\/div>\n\n                <\/div>\n            <\/div>\n        <\/div>\n\n                    <\/div>\n            <div class=\"bdt-width-1-1 bdt-width-1-2@s bdt-match-height\">\n                <div class=\"bdt-position-relative bdt-slide-overlay\" data-reveal=\"reveal-active\">\n                    \n                        <img fetchpriority=\"high\" decoding=\"async\" width=\"354\" height=\"508\" src=\"https:\/\/spccdz.com\/wp-content\/uploads\/2026\/01\/KAMIL_32.5_N_cement_small.webp\" class=\"attachment-full size-full\" alt=\"Kamil\" \/>\n                        \n                                    <\/div>\n            <\/div>\n                    <\/li>\n\n\t             \n        <li class=\"bdt-slideshow-item bdt-flex bdt-flex-column bdt-flex-middle elementor-repeater-item-a434015 \">\n            <div class=\"bdt-width-1-1 bdt-width-1-2@s\">\n                        <div class=\"bdt-slideshow-content-wrapper\">\n            <div class=\"bdt-prime-slider-wrapper\">\n                <div class=\"bdt-prime-slider-content\">\n                    <div class=\"bdt-prime-slider-desc bdt-flex bdt-flex-column\">\n\n                                                    <div class=\"bdt-sub-title bdt-ps-sub-title\">\n                                <h4 class=\"bdt-sub-title-tag\" data-reveal=\"reveal-active\" data-bdt-slideshow-parallax=\"y: 50,0,-50; opacity: 1,1,0\">\n                                    CPJ-CEM II\/B-L 42.5 N                                <\/h4>\n                            <\/div>\n                        \n                                                    <div class=\"bdt-main-title\">\n                                <h1 class=\"bdt-title-tag\" data-reveal=\"reveal-active\" data-bdt-slideshow-parallax=\"y: 50,0,-50; opacity: 1,1,0\">\n                                                                            <span class=\"frist-word\">Moumayez<\/span>                                                                         <\/h1>\n                            <\/div>\n                        \n                                                    <div class=\"bdt-slider-excerpt\" data-reveal=\"reveal-active\" data-bdt-slideshow-parallax=\"y: 100,0,-80; opacity: 1,1,0\">\n                                <p><strong>MOUMAYEZ, NA 442<\/strong> normunun gerekliliklerini belgeleyen, \u00fcst d\u00fczey performanslara sahip bir \u00fcr\u00fcnd\u00fcr, sanat yap\u0131lar\u0131n\u0131n (portlar, viyad\u00fckler, t\u00fcneller\u2026) in\u015faat\u0131na y\u00f6nelik y\u00fcksek performansl\u0131 betonlar i\u00e7in bir \u00e7imentodur.<\/p>                            <\/div>\n                        \n                        <div class=\"bdt-isolate-btn\" data-reveal=\"reveal-active\" data-bdt-slideshow-parallax=\"y: 150,0,-100; opacity: 1,1,0\">\n                            \n\t\t\t\n\t\t\t\t<a class=\"bdt-slide-btn\" href=\"https:\/\/spccdz.com\/moumayez-cpj-cem-ii-b-l-42-5-n\/\">\n\n\t\t\t\t\t\t\t\t\t\t<span class=\"bdt-prime-slider-button-wrapper\">\n\n\t\t\t\t\t\t<span class=\"bdt-prime-slider-button-text bdt-flex bdt-flex-middle bdt-flex-inline\">Daha fazla bilgi<span class=\"bdt-slide-btn-icon\"><svg width=\"20\" height=\"20\" viewBox=\"0 0 20 20\" xmlns=\"http:\/\/www.w3.org\/2000\/svg\" data-svg=\"arrow-right\">\n\t\t\t\t\t\t\t\t\t<polyline fill=\"none\" stroke=\"#000\" points=\"10 5 15 9.5 10 14\"><\/polyline>\n\t\t\t\t\t\t\t\t\t<line fill=\"none\" stroke=\"#000\" x1=\"4\" y1=\"9.5\" x2=\"15\" y2=\"9.5\"><\/line>\n\t\t\t\t\t\t\t\t<\/svg><\/span><\/span>\n\n\t\t\t\t\t<\/span>\n\n\n\t\t\t\t<\/a>\n\t\t\t                        <\/div>\n\n                    <\/div>\n\n                <\/div>\n            <\/div>\n        <\/div>\n\n                    <\/div>\n            <div class=\"bdt-width-1-1 bdt-width-1-2@s bdt-match-height\">\n                <div class=\"bdt-position-relative bdt-slide-overlay\" data-reveal=\"reveal-active\">\n                    \n                        <img decoding=\"async\" width=\"354\" height=\"508\" src=\"https:\/\/spccdz.com\/wp-content\/uploads\/2026\/01\/MOUMAYEZ_42.5_N_SR5_cement_small.webp\" class=\"attachment-full size-full\" alt=\"Moumayez\" \/>\n                        \n                                    <\/div>\n            <\/div>\n                    <\/li>\n\n\t             \n        <li class=\"bdt-slideshow-item bdt-flex bdt-flex-column bdt-flex-middle elementor-repeater-item-9fabda3 \">\n            <div class=\"bdt-width-1-1 bdt-width-1-2@s\">\n                        <div class=\"bdt-slideshow-content-wrapper\">\n            <div class=\"bdt-prime-slider-wrapper\">\n                <div class=\"bdt-prime-slider-content\">\n                    <div class=\"bdt-prime-slider-desc bdt-flex bdt-flex-column\">\n\n                                                    <div class=\"bdt-sub-title bdt-ps-sub-title\">\n                                <h4 class=\"bdt-sub-title-tag\" data-reveal=\"reveal-active\" data-bdt-slideshow-parallax=\"y: 50,0,-50; opacity: 1,1,0\">\n                                    CPJ CEM I 42.5 R-SR5                                <\/h4>\n                            <\/div>\n                        \n                                                    <div class=\"bdt-main-title\">\n                                <h1 class=\"bdt-title-tag\" data-reveal=\"reveal-active\" data-bdt-slideshow-parallax=\"y: 50,0,-50; opacity: 1,1,0\">\n                                                                            <span class=\"frist-word\">Sultan<\/span>                                                                         <\/h1>\n                            <\/div>\n                        \n                                                    <div class=\"bdt-slider-excerpt\" data-reveal=\"reveal-active\" data-bdt-slideshow-parallax=\"y: 100,0,-80; opacity: 1,1,0\">\n                                <p><strong>SULTAN\u00ae, NA 443<\/strong> standard\u0131n\u0131n gerekliliklerine g\u00f6re sertifikaland\u0131r\u0131lm\u0131\u015f, zorlu ortamlar i\u00e7in y\u00fcksek mukavemetli \u00e7imento serisidir. Y\u00fcksek s\u00fclfat i\u00e7eri\u011fine sahip sularda kullan\u0131m i\u00e7in \u00e7imentolar ve s\u0131n\u0131rl\u0131 s\u00fclf\u00fcr i\u00e7eri\u011fine sahip \u00e7imentolar standartlar\u0131na uygundur.<\/p>                            <\/div>\n                        \n                        <div class=\"bdt-isolate-btn\" data-reveal=\"reveal-active\" data-bdt-slideshow-parallax=\"y: 150,0,-100; opacity: 1,1,0\">\n                            \n\t\t\t\n\t\t\t\t<a class=\"bdt-slide-btn\" href=\"https:\/\/spccdz.com\/sultan-cpj-cem-i-42-5-r-sr5\/\">\n\n\t\t\t\t\t\t\t\t\t\t<span class=\"bdt-prime-slider-button-wrapper\">\n\n\t\t\t\t\t\t<span class=\"bdt-prime-slider-button-text bdt-flex bdt-flex-middle bdt-flex-inline\">Daha fazla bilgi<span class=\"bdt-slide-btn-icon\"><svg width=\"20\" height=\"20\" viewBox=\"0 0 20 20\" xmlns=\"http:\/\/www.w3.org\/2000\/svg\" data-svg=\"arrow-right\">\n\t\t\t\t\t\t\t\t\t<polyline fill=\"none\" stroke=\"#000\" points=\"10 5 15 9.5 10 14\"><\/polyline>\n\t\t\t\t\t\t\t\t\t<line fill=\"none\" stroke=\"#000\" x1=\"4\" y1=\"9.5\" x2=\"15\" y2=\"9.5\"><\/line>\n\t\t\t\t\t\t\t\t<\/svg><\/span><\/span>\n\n\t\t\t\t\t<\/span>\n\n\n\t\t\t\t<\/a>\n\t\t\t                        <\/div>\n\n                    <\/div>\n\n                <\/div>\n            <\/div>\n        <\/div>\n\n                    <\/div>\n            <div class=\"bdt-width-1-1 bdt-width-1-2@s bdt-match-height\">\n                <div class=\"bdt-position-relative bdt-slide-overlay\" data-reveal=\"reveal-active\">\n                    \n                        <img decoding=\"async\" width=\"354\" height=\"508\" src=\"https:\/\/spccdz.com\/wp-content\/uploads\/2026\/01\/Sultan_42.5_R_SR5_small.webp\" class=\"attachment-full size-full\" alt=\"Sultan\" \/>\n                        \n                                    <\/div>\n            <\/div>\n                    <\/li>\n\n\t    \n\t\t\t\t\t<\/ul>\n\n\t\t\t\t\t\n            \n        \t\t\t\t\t\n            \n                <ul class=\"bdt-slideshow-nav bdt-dotnav bdt-dotnav-vertical reveal-muted\"><\/ul>\n\n            \n        \n\t\t\t\t<\/div>\n\t\t\t\t\t\t\t<\/div>\n\t\t\t<\/div>\n\t\t\t\t\t\t<\/div>\n\t\t\t\t<\/div>\n\t\t\t\t<div class=\"elementor-element elementor-element-6f98fec elementor-hidden-laptop elementor-hidden-tablet_extra elementor-hidden-tablet elementor-hidden-mobile_extra elementor-hidden-mobile elementor-absolute elementor-widget elementor-widget-energium_vertical_text\" data-id=\"6f98fec\" data-element_type=\"widget\" data-e-type=\"widget\" data-settings=\"{&quot;_position&quot;:&quot;absolute&quot;}\" data-widget_type=\"energium_vertical_text.default\">\n\t\t\t\t<div class=\"elementor-widget-container\">\n\t\t\t\t\t<div class=\"vertical-text\">\u00dcr\u00fcnlerimiz<\/div>\t\t\t\t<\/div>\n\t\t\t\t<\/div>\n\t\t\t\t\t<\/div>\n\t\t<\/div>\n\t\t\t\t\t<\/div>\n\t\t<\/section>\n\t\t\t\t<section class=\"elementor-section elementor-top-section elementor-element elementor-element-b6597c3 elementor-section-boxed elementor-section-height-default elementor-section-height-default\" data-id=\"b6597c3\" data-element_type=\"section\" data-e-type=\"section\" data-settings=\"{&quot;background_background&quot;:&quot;slideshow&quot;,&quot;background_slideshow_gallery&quot;:[{&quot;id&quot;:6401,&quot;url&quot;:&quot;https:\\\/\\\/spccdz.com\\\/wp-content\\\/uploads\\\/2026\\\/01\\\/urun_3_BG.webp&quot;}],&quot;background_slideshow_loop&quot;:&quot;yes&quot;,&quot;background_slideshow_slide_duration&quot;:5000,&quot;background_slideshow_slide_transition&quot;:&quot;fade&quot;,&quot;background_slideshow_transition_duration&quot;:500}\">\n\t\t\t\t\t\t<div class=\"elementor-container elementor-column-gap-default\">\n\t\t\t\t\t<div class=\"elementor-column elementor-col-100 elementor-top-column elementor-element elementor-element-42542e4\" data-id=\"42542e4\" data-element_type=\"column\" data-e-type=\"column\">\n\t\t\t<div class=\"elementor-widget-wrap\">\n\t\t\t\t\t\t\t<\/div>\n\t\t<\/div>\n\t\t\t\t\t<\/div>\n\t\t<\/section>\n\t\t\t\t<\/div>\n\t\t","protected":false},"excerpt":{"rendered":"<p>CPJ-CEM II B-L 32.5 N Kamil KAMIL, \u00e7oklu kullan\u0131ma y\u00f6nelik bir \u00e7imento \u00fcr\u00fcn\u00fcd\u00fcr ve NA 442 normunun gerekliliklerini onaylar.Giri\u015fimcilere yard\u0131mc\u0131 olarak en iyi Kalite\/Prix ili\u015fkisini sunan sivil ve end\u00fcstriyel rekabetin ger\u00e7ekle\u015ftirilmesi i\u00e7in geli\u015ftirilmi\u015f bir \u00fcr\u00fcnd\u00fcr. T\u00fcm y\u0131l boyunca kullan\u0131labilir. Zaman\u0131m\u0131z\u0131n en&#8230;<\/p>","protected":false},"author":1,"featured_media":0,"parent":0,"menu_order":0,"comment_status":"closed","ping_status":"closed","template":"","meta":{"footnotes":""},"class_list":["post-6330","page","type-page","status-publish","hentry"],"yoast_head":"<!-- This site is optimized with the Yoast SEO plugin v27.4 - https:\/\/yoast.com\/product\/yoast-seo-wordpress\/ -->\n<title>\u00dcr\u00fcnlerimiz - SPCC \u00c7imento<\/title>\n<meta name=\"robots\" content=\"index, follow, max-snippet:-1, max-image-preview:large, max-video-preview:-1\" \/>\n<link rel=\"canonical\" href=\"https:\/\/spccdz.com\/en\/urunler\/\" \/>\n<meta property=\"og:locale\" content=\"en_GB\" \/>\n<meta property=\"og:type\" content=\"article\" \/>\n<meta property=\"og:title\" content=\"\u00dcr\u00fcnlerimiz - SPCC \u00c7imento\" \/>\n<meta property=\"og:description\" content=\"CPJ-CEM II B-L 32.5 N Kamil KAMIL, \u00e7oklu kullan\u0131ma y\u00f6nelik bir \u00e7imento \u00fcr\u00fcn\u00fcd\u00fcr ve NA 442 normunun gerekliliklerini onaylar.Giri\u015fimcilere yard\u0131mc\u0131 olarak en iyi Kalite\/Prix ili\u015fkisini sunan sivil ve end\u00fcstriyel rekabetin ger\u00e7ekle\u015ftirilmesi i\u00e7in geli\u015ftirilmi\u015f bir \u00fcr\u00fcnd\u00fcr. T\u00fcm y\u0131l boyunca kullan\u0131labilir. Zaman\u0131m\u0131z\u0131n en...\" \/>\n<meta property=\"og:url\" content=\"https:\/\/spccdz.com\/en\/urunler\/\" \/>\n<meta property=\"og:site_name\" content=\"SPCC \u00c7imento\" \/>\n<meta property=\"article:modified_time\" content=\"2026-04-06T22:09:44+00:00\" \/>\n<meta property=\"og:image\" content=\"https:\/\/spccdz.com\/wp-content\/uploads\/2026\/01\/KAMIL_32.5_N_cement_small.webp\" \/>\n<meta name=\"twitter:card\" content=\"summary_large_image\" \/>\n<meta name=\"twitter:label1\" content=\"Estimated reading time\" \/>\n\t<meta name=\"twitter:data1\" content=\"2 minutes\" \/>\n<script type=\"application\/ld+json\" class=\"yoast-schema-graph\">{\"@context\":\"https:\\\/\\\/schema.org\",\"@graph\":[{\"@type\":\"WebPage\",\"@id\":\"https:\\\/\\\/spccdz.com\\\/urunler\\\/\",\"url\":\"https:\\\/\\\/spccdz.com\\\/urunler\\\/\",\"name\":\"\u00dcr\u00fcnlerimiz - SPCC \u00c7imento\",\"isPartOf\":{\"@id\":\"https:\\\/\\\/spccdz.com\\\/#website\"},\"primaryImageOfPage\":{\"@id\":\"https:\\\/\\\/spccdz.com\\\/urunler\\\/#primaryimage\"},\"image\":{\"@id\":\"https:\\\/\\\/spccdz.com\\\/urunler\\\/#primaryimage\"},\"thumbnailUrl\":\"https:\\\/\\\/spccdz.com\\\/wp-content\\\/uploads\\\/2026\\\/01\\\/KAMIL_32.5_N_cement_small.webp\",\"datePublished\":\"2026-01-03T14:08:42+00:00\",\"dateModified\":\"2026-04-06T22:09:44+00:00\",\"breadcrumb\":{\"@id\":\"https:\\\/\\\/spccdz.com\\\/urunler\\\/#breadcrumb\"},\"inLanguage\":\"en-GB\",\"potentialAction\":[{\"@type\":\"ReadAction\",\"target\":[\"https:\\\/\\\/spccdz.com\\\/urunler\\\/\"]}]},{\"@type\":\"ImageObject\",\"inLanguage\":\"en-GB\",\"@id\":\"https:\\\/\\\/spccdz.com\\\/urunler\\\/#primaryimage\",\"url\":\"https:\\\/\\\/spccdz.com\\\/wp-content\\\/uploads\\\/2026\\\/01\\\/KAMIL_32.5_N_cement_small.webp\",\"contentUrl\":\"https:\\\/\\\/spccdz.com\\\/wp-content\\\/uploads\\\/2026\\\/01\\\/KAMIL_32.5_N_cement_small.webp\"},{\"@type\":\"BreadcrumbList\",\"@id\":\"https:\\\/\\\/spccdz.com\\\/urunler\\\/#breadcrumb\",\"itemListElement\":[{\"@type\":\"ListItem\",\"position\":1,\"name\":\"Anasayfa\",\"item\":\"https:\\\/\\\/spccdz.com\\\/\"},{\"@type\":\"ListItem\",\"position\":2,\"name\":\"\u00dcr\u00fcnlerimiz\"}]},{\"@type\":\"WebSite\",\"@id\":\"https:\\\/\\\/spccdz.com\\\/#website\",\"url\":\"https:\\\/\\\/spccdz.com\\\/\",\"name\":\"SPCC Ciment\",\"description\":\"Nesiller boyu s\u00fcren g\u00fc\u00e7\",\"publisher\":{\"@id\":\"https:\\\/\\\/spccdz.com\\\/#organization\"},\"potentialAction\":[{\"@type\":\"SearchAction\",\"target\":{\"@type\":\"EntryPoint\",\"urlTemplate\":\"https:\\\/\\\/spccdz.com\\\/?s={search_term_string}\"},\"query-input\":{\"@type\":\"PropertyValueSpecification\",\"valueRequired\":true,\"valueName\":\"search_term_string\"}}],\"inLanguage\":\"en-GB\"},{\"@type\":\"Organization\",\"@id\":\"https:\\\/\\\/spccdz.com\\\/#organization\",\"name\":\"SPA S.P.C.C \\\/ SOCIEDE PRODUCTION ET DE COMMERCIALISATION DE CIMENT\",\"url\":\"https:\\\/\\\/spccdz.com\\\/\",\"logo\":{\"@type\":\"ImageObject\",\"inLanguage\":\"en-GB\",\"@id\":\"https:\\\/\\\/spccdz.com\\\/#\\\/schema\\\/logo\\\/image\\\/\",\"url\":\"https:\\\/\\\/spccdz.com\\\/wp-content\\\/uploads\\\/2026\\\/03\\\/spcc_logo_180px.svg\",\"contentUrl\":\"https:\\\/\\\/spccdz.com\\\/wp-content\\\/uploads\\\/2026\\\/03\\\/spcc_logo_180px.svg\",\"width\":180,\"height\":56,\"caption\":\"SPA S.P.C.C \\\/ SOCIEDE PRODUCTION ET DE COMMERCIALISATION DE CIMENT\"},\"image\":{\"@id\":\"https:\\\/\\\/spccdz.com\\\/#\\\/schema\\\/logo\\\/image\\\/\"},\"sameAs\":[\"https:\\\/\\\/www.linkedin.com\\\/company\\\/spa-spcc\\\/?originalSubdomain=tr\"]}]}<\/script>\n<!-- \/ Yoast SEO plugin. -->","yoast_head_json":{"title":"\u00dcr\u00fcnlerimiz - SPCC \u00c7imento","robots":{"index":"index","follow":"follow","max-snippet":"max-snippet:-1","max-image-preview":"max-image-preview:large","max-video-preview":"max-video-preview:-1"},"canonical":"https:\/\/spccdz.com\/en\/urunler\/","og_locale":"en_GB","og_type":"article","og_title":"\u00dcr\u00fcnlerimiz - SPCC \u00c7imento","og_description":"CPJ-CEM II B-L 32.5 N Kamil KAMIL, \u00e7oklu kullan\u0131ma y\u00f6nelik bir \u00e7imento \u00fcr\u00fcn\u00fcd\u00fcr ve NA 442 normunun gerekliliklerini onaylar.Giri\u015fimcilere yard\u0131mc\u0131 olarak en iyi Kalite\/Prix ili\u015fkisini sunan sivil ve end\u00fcstriyel rekabetin ger\u00e7ekle\u015ftirilmesi i\u00e7in geli\u015ftirilmi\u015f bir \u00fcr\u00fcnd\u00fcr. T\u00fcm y\u0131l boyunca kullan\u0131labilir. Zaman\u0131m\u0131z\u0131n en...","og_url":"https:\/\/spccdz.com\/en\/urunler\/","og_site_name":"SPCC \u00c7imento","article_modified_time":"2026-04-06T22:09:44+00:00","og_image":[{"url":"https:\/\/spccdz.com\/wp-content\/uploads\/2026\/01\/KAMIL_32.5_N_cement_small.webp","type":"","width":"","height":""}],"twitter_card":"summary_large_image","twitter_misc":{"Estimated reading time":"2 minutes"},"schema":{"@context":"https:\/\/schema.org","@graph":[{"@type":"WebPage","@id":"https:\/\/spccdz.com\/urunler\/","url":"https:\/\/spccdz.com\/urunler\/","name":"\u00dcr\u00fcnlerimiz - SPCC \u00c7imento","isPartOf":{"@id":"https:\/\/spccdz.com\/#website"},"primaryImageOfPage":{"@id":"https:\/\/spccdz.com\/urunler\/#primaryimage"},"image":{"@id":"https:\/\/spccdz.com\/urunler\/#primaryimage"},"thumbnailUrl":"https:\/\/spccdz.com\/wp-content\/uploads\/2026\/01\/KAMIL_32.5_N_cement_small.webp","datePublished":"2026-01-03T14:08:42+00:00","dateModified":"2026-04-06T22:09:44+00:00","breadcrumb":{"@id":"https:\/\/spccdz.com\/urunler\/#breadcrumb"},"inLanguage":"en-GB","potentialAction":[{"@type":"ReadAction","target":["https:\/\/spccdz.com\/urunler\/"]}]},{"@type":"ImageObject","inLanguage":"en-GB","@id":"https:\/\/spccdz.com\/urunler\/#primaryimage","url":"https:\/\/spccdz.com\/wp-content\/uploads\/2026\/01\/KAMIL_32.5_N_cement_small.webp","contentUrl":"https:\/\/spccdz.com\/wp-content\/uploads\/2026\/01\/KAMIL_32.5_N_cement_small.webp"},{"@type":"BreadcrumbList","@id":"https:\/\/spccdz.com\/urunler\/#breadcrumb","itemListElement":[{"@type":"ListItem","position":1,"name":"Anasayfa","item":"https:\/\/spccdz.com\/"},{"@type":"ListItem","position":2,"name":"\u00dcr\u00fcnlerimiz"}]},{"@type":"WebSite","@id":"https:\/\/spccdz.com\/#website","url":"https:\/\/spccdz.com\/","name":"SPCC Cement","description":"Power that has endured for generations.","publisher":{"@id":"https:\/\/spccdz.com\/#organization"},"potentialAction":[{"@type":"SearchAction","target":{"@type":"EntryPoint","urlTemplate":"https:\/\/spccdz.com\/?s={search_term_string}"},"query-input":{"@type":"PropertyValueSpecification","valueRequired":true,"valueName":"search_term_string"}}],"inLanguage":"en-GB"},{"@type":"Organization","@id":"https:\/\/spccdz.com\/#organization","name":"SPA S.P.C.C \/ SOCIEDE PRODUCTION ET DE COMMERCIALISATION DE CIMENT","url":"https:\/\/spccdz.com\/","logo":{"@type":"ImageObject","inLanguage":"en-GB","@id":"https:\/\/spccdz.com\/#\/schema\/logo\/image\/","url":"https:\/\/spccdz.com\/wp-content\/uploads\/2026\/03\/spcc_logo_180px.svg","contentUrl":"https:\/\/spccdz.com\/wp-content\/uploads\/2026\/03\/spcc_logo_180px.svg","width":180,"height":56,"caption":"SPA S.P.C.C \/ SOCIEDE PRODUCTION ET DE COMMERCIALISATION DE CIMENT"},"image":{"@id":"https:\/\/spccdz.com\/#\/schema\/logo\/image\/"},"sameAs":["https:\/\/www.linkedin.com\/company\/spa-spcc\/?originalSubdomain=tr"]}]}},"_links":{"self":[{"href":"https:\/\/spccdz.com\/en\/wp-json\/wp\/v2\/pages\/6330","targetHints":{"allow":["GET"]}}],"collection":[{"href":"https:\/\/spccdz.com\/en\/wp-json\/wp\/v2\/pages"}],"about":[{"href":"https:\/\/spccdz.com\/en\/wp-json\/wp\/v2\/types\/page"}],"author":[{"embeddable":true,"href":"https:\/\/spccdz.com\/en\/wp-json\/wp\/v2\/users\/1"}],"replies":[{"embeddable":true,"href":"https:\/\/spccdz.com\/en\/wp-json\/wp\/v2\/comments?post=6330"}],"version-history":[{"count":61,"href":"https:\/\/spccdz.com\/en\/wp-json\/wp\/v2\/pages\/6330\/revisions"}],"predecessor-version":[{"id":6864,"href":"https:\/\/spccdz.com\/en\/wp-json\/wp\/v2\/pages\/6330\/revisions\/6864"}],"wp:attachment":[{"href":"https:\/\/spccdz.com\/en\/wp-json\/wp\/v2\/media?parent=6330"}],"curies":[{"name":"wp","href":"https:\/\/api.w.org\/{rel}","templated":true}]}}