{"id":6889,"date":"2026-01-06T23:44:22","date_gmt":"2026-01-06T20:44:22","guid":{"rendered":"https:\/\/spccdz.com\/?page_id=6889"},"modified":"2026-04-07T01:02:50","modified_gmt":"2026-04-06T22:02:50","slug":"our-certificates","status":"publish","type":"page","link":"https:\/\/spccdz.com\/en\/our-certificates\/","title":{"rendered":"Our Certificates"},"content":{"rendered":"<div data-elementor-type=\"wp-page\" data-elementor-id=\"6889\" class=\"elementor elementor-6889\">\n\t\t\t\t\t\t<section class=\"elementor-section elementor-top-section elementor-element elementor-element-dbf0ec7 elementor-section-boxed elementor-section-height-default elementor-section-height-default\" data-id=\"dbf0ec7\" data-element_type=\"section\" data-e-type=\"section\" data-settings=\"{&quot;animation_mobile&quot;:&quot;slideInUp&quot;}\">\n\t\t\t\t\t\t<div class=\"elementor-container elementor-column-gap-default\">\n\t\t\t\t\t<div class=\"elementor-column elementor-col-100 elementor-top-column elementor-element elementor-element-3687a98\" data-id=\"3687a98\" data-element_type=\"column\" data-e-type=\"column\">\n\t\t\t<div class=\"elementor-widget-wrap elementor-element-populated\">\n\t\t\t\t\t\t<div class=\"elementor-element elementor-element-931120f elementor-widget elementor-widget-heading\" data-id=\"931120f\" data-element_type=\"widget\" data-e-type=\"widget\" data-widget_type=\"heading.default\">\n\t\t\t\t<div class=\"elementor-widget-container\">\n\t\t\t\t\t<h2 class=\"elementor-heading-title elementor-size-default\">A production philosophy that<br>\nstrives for excellence<\/h2>\t\t\t\t<\/div>\n\t\t\t\t<\/div>\n\t\t\t\t<div class=\"elementor-element elementor-element-a1009e4 elementor-hidden-laptop elementor-hidden-tablet_extra elementor-hidden-tablet elementor-hidden-mobile_extra elementor-hidden-mobile elementor-absolute elementor-widget elementor-widget-energium_vertical_text\" data-id=\"a1009e4\" data-element_type=\"widget\" data-e-type=\"widget\" data-settings=\"{&quot;_position&quot;:&quot;absolute&quot;}\" data-widget_type=\"energium_vertical_text.default\">\n\t\t\t\t<div class=\"elementor-widget-container\">\n\t\t\t\t\t<div class=\"vertical-text\">Y\u00f6netim Sistemleri<\/div>\t\t\t\t<\/div>\n\t\t\t\t<\/div>\n\t\t\t\t\t<\/div>\n\t\t<\/div>\n\t\t\t\t\t<\/div>\n\t\t<\/section>\n\t\t\t\t<section class=\"elementor-section elementor-top-section elementor-element elementor-element-72010cc elementor-section-boxed elementor-section-height-default elementor-section-height-default\" data-id=\"72010cc\" data-element_type=\"section\" data-e-type=\"section\" data-settings=\"{&quot;animation_mobile&quot;:&quot;slideInUp&quot;}\">\n\t\t\t\t\t\t<div class=\"elementor-container elementor-column-gap-default\">\n\t\t\t\t\t<div class=\"elementor-column elementor-col-100 elementor-top-column elementor-element elementor-element-580af3d\" data-id=\"580af3d\" data-element_type=\"column\" data-e-type=\"column\">\n\t\t\t<div class=\"elementor-widget-wrap elementor-element-populated\">\n\t\t\t\t\t\t<div class=\"elementor-element elementor-element-7a75650 elementor-widget elementor-widget-text-editor\" data-id=\"7a75650\" data-element_type=\"widget\" data-e-type=\"widget\" data-widget_type=\"text-editor.default\">\n\t\t\t\t<div class=\"elementor-widget-container\">\n\t\t\t\t\t\t\t\t\t<p>SPA S.P.C.C. implements <strong>Integrated Management Systems<\/strong> to ensure quality, employee safety, and environmental responsibility. These systems cover not only the production process but also the company\u2019s overall operations, customer relations, and sustainability policies.<\/p>\t\t\t\t\t\t\t\t<\/div>\n\t\t\t\t<\/div>\n\t\t\t\t\t<\/div>\n\t\t<\/div>\n\t\t\t\t\t<\/div>\n\t\t<\/section>\n\t\t\t\t<section data-parallax=\"scroll\" class=\"elementor-section elementor-top-section elementor-element elementor-element-48896b7 elementor-section-boxed elementor-section-height-default elementor-section-height-default\" data-id=\"48896b7\" data-element_type=\"section\" data-e-type=\"section\" data-settings=\"{&quot;animation_mobile&quot;:&quot;slideInUp&quot;}\">\n\t\t\t\t\t\t<div class=\"elementor-container elementor-column-gap-default\">\n\t\t\t\t\t<div class=\"elementor-column elementor-col-100 elementor-top-column elementor-element elementor-element-4831c01\" data-id=\"4831c01\" data-element_type=\"column\" data-e-type=\"column\">\n\t\t\t<div class=\"elementor-widget-wrap elementor-element-populated\">\n\t\t\t\t\t\t<div class=\"elementor-element elementor-element-96b2d71 gallery-spacing-custom elementor-widget elementor-widget-image-gallery\" data-id=\"96b2d71\" data-element_type=\"widget\" data-e-type=\"widget\" data-widget_type=\"image-gallery.default\">\n\t\t\t\t<div class=\"elementor-widget-container\">\n\t\t\t\t\t\t\t<div class=\"elementor-image-gallery\">\n\t\t\t<div id='gallery-1' class='gallery galleryid-6889 gallery-columns-3 gallery-size-full'><figure class='gallery-item'>\n\t\t\t<div class='gallery-icon portrait'>\n\t\t\t\t<a data-elementor-open-lightbox=\"yes\" data-elementor-lightbox-slideshow=\"96b2d71\" data-elementor-lightbox-title=\"ISO_9001-2015\" data-elementor-lightbox-description=\"Cement ISO 9001-2015 certificate\" data-e-action-hash=\"#elementor-action%3Aaction%3Dlightbox%26settings%3DeyJpZCI6NjkxMSwidXJsIjoiaHR0cHM6XC9cL3NwY2Nkei5jb21cL3dwLWNvbnRlbnRcL3VwbG9hZHNcLzIwMjZcLzAxXC9JU09fOTAwMS0yMDE1LndlYnAiLCJzbGlkZXNob3ciOiI5NmIyZDcxIn0%3D\" href='https:\/\/spccdz.com\/wp-content\/uploads\/2026\/01\/ISO_9001-2015.webp'><img fetchpriority=\"high\" decoding=\"async\" width=\"619\" height=\"876\" src=\"https:\/\/spccdz.com\/wp-content\/uploads\/2026\/01\/ISO_9001-2015.webp\" class=\"attachment-full size-full\" alt=\"Cement ISO 9001-2015 certificate\" aria-describedby=\"gallery-1-6911\" srcset=\"https:\/\/spccdz.com\/wp-content\/uploads\/2026\/01\/ISO_9001-2015.webp 619w, https:\/\/spccdz.com\/wp-content\/uploads\/2026\/01\/ISO_9001-2015-600x849.webp 600w\" sizes=\"(max-width: 619px) 100vw, 619px\" \/><\/a>\n\t\t\t<\/div>\n\t\t\t\t<figcaption class='wp-caption-text gallery-caption' id='gallery-1-6911'>\n\t\t\t\tCement ISO 9001-2015 certificate\n\t\t\t\t<\/figcaption><\/figure><figure class='gallery-item'>\n\t\t\t<div class='gallery-icon portrait'>\n\t\t\t\t<a data-elementor-open-lightbox=\"yes\" data-elementor-lightbox-slideshow=\"96b2d71\" data-elementor-lightbox-title=\"ISO_45001-2015\" data-elementor-lightbox-description=\"Cement ISO 45001-2015 certificate\" data-e-action-hash=\"#elementor-action%3Aaction%3Dlightbox%26settings%3DeyJpZCI6NjkxMCwidXJsIjoiaHR0cHM6XC9cL3NwY2Nkei5jb21cL3dwLWNvbnRlbnRcL3VwbG9hZHNcLzIwMjZcLzAxXC9JU09fNDUwMDEtMjAxNS53ZWJwIiwic2xpZGVzaG93IjoiOTZiMmQ3MSJ9\" href='https:\/\/spccdz.com\/wp-content\/uploads\/2026\/01\/ISO_45001-2015.webp'><img decoding=\"async\" width=\"619\" height=\"876\" src=\"https:\/\/spccdz.com\/wp-content\/uploads\/2026\/01\/ISO_45001-2015.webp\" class=\"attachment-full size-full\" alt=\"Cement ISO 45001-2015 certificate\" aria-describedby=\"gallery-1-6910\" srcset=\"https:\/\/spccdz.com\/wp-content\/uploads\/2026\/01\/ISO_45001-2015.webp 619w, https:\/\/spccdz.com\/wp-content\/uploads\/2026\/01\/ISO_45001-2015-600x849.webp 600w\" sizes=\"(max-width: 619px) 100vw, 619px\" \/><\/a>\n\t\t\t<\/div>\n\t\t\t\t<figcaption class='wp-caption-text gallery-caption' id='gallery-1-6910'>\n\t\t\t\tCement ISO 45001-2015 certificate\n\t\t\t\t<\/figcaption><\/figure><figure class='gallery-item'>\n\t\t\t<div class='gallery-icon portrait'>\n\t\t\t\t<a data-elementor-open-lightbox=\"yes\" data-elementor-lightbox-slideshow=\"96b2d71\" data-elementor-lightbox-title=\"ISO_140001-2015\" data-elementor-lightbox-description=\"Cement ISO 140001-2015 certificate\" data-e-action-hash=\"#elementor-action%3Aaction%3Dlightbox%26settings%3DeyJpZCI6NjkwOSwidXJsIjoiaHR0cHM6XC9cL3NwY2Nkei5jb21cL3dwLWNvbnRlbnRcL3VwbG9hZHNcLzIwMjZcLzAxXC9JU09fMTQwMDAxLTIwMTUud2VicCIsInNsaWRlc2hvdyI6Ijk2YjJkNzEifQ%3D%3D\" href='https:\/\/spccdz.com\/wp-content\/uploads\/2026\/01\/ISO_140001-2015.webp'><img decoding=\"async\" width=\"619\" height=\"876\" src=\"https:\/\/spccdz.com\/wp-content\/uploads\/2026\/01\/ISO_140001-2015.webp\" class=\"attachment-full size-full\" alt=\"Cement ISO 140001-2015 certificate\" aria-describedby=\"gallery-1-6909\" srcset=\"https:\/\/spccdz.com\/wp-content\/uploads\/2026\/01\/ISO_140001-2015.webp 619w, https:\/\/spccdz.com\/wp-content\/uploads\/2026\/01\/ISO_140001-2015-600x849.webp 600w\" sizes=\"(max-width: 619px) 100vw, 619px\" \/><\/a>\n\t\t\t<\/div>\n\t\t\t\t<figcaption class='wp-caption-text gallery-caption' id='gallery-1-6909'>\n\t\t\t\tCement ISO 140001-2015 certificate\n\t\t\t\t<\/figcaption><\/figure>\n\t\t<\/div>\n\t\t<\/div>\n\t\t\t\t\t\t<\/div>\n\t\t\t\t<\/div>\n\t\t\t\t\t<\/div>\n\t\t<\/div>\n\t\t\t\t\t<\/div>\n\t\t<\/section>\n\t\t\t\t<section class=\"elementor-section elementor-top-section elementor-element elementor-element-748b3fc elementor-section-boxed elementor-section-height-default elementor-section-height-default\" data-id=\"748b3fc\" data-element_type=\"section\" data-e-type=\"section\" data-settings=\"{&quot;animation_mobile&quot;:&quot;slideInUp&quot;}\">\n\t\t\t\t\t\t<div class=\"elementor-container elementor-column-gap-default\">\n\t\t\t\t\t<div class=\"elementor-column elementor-col-33 elementor-top-column elementor-element elementor-element-0154527\" data-id=\"0154527\" data-element_type=\"column\" data-e-type=\"column\">\n\t\t\t<div class=\"elementor-widget-wrap elementor-element-populated\">\n\t\t\t\t\t\t<div class=\"elementor-element elementor-element-6b89cfa elementor-widget elementor-widget-text-editor\" data-id=\"6b89cfa\" data-element_type=\"widget\" data-e-type=\"widget\" data-widget_type=\"text-editor.default\">\n\t\t\t\t<div class=\"elementor-widget-container\">\n\t\t\t\t\t\t\t\t\t<p><strong>Quality Management System \u2013 ISO 9001:2015<\/strong><\/p>\t\t\t\t\t\t\t\t<\/div>\n\t\t\t\t<\/div>\n\t\t\t\t\t<\/div>\n\t\t<\/div>\n\t\t\t\t<div class=\"elementor-column elementor-col-33 elementor-top-column elementor-element elementor-element-4b4ac22\" data-id=\"4b4ac22\" data-element_type=\"column\" data-e-type=\"column\">\n\t\t\t<div class=\"elementor-widget-wrap elementor-element-populated\">\n\t\t\t\t\t\t<div class=\"elementor-element elementor-element-95ce231 elementor-widget elementor-widget-text-editor\" data-id=\"95ce231\" data-element_type=\"widget\" data-e-type=\"widget\" data-widget_type=\"text-editor.default\">\n\t\t\t\t<div class=\"elementor-widget-container\">\n\t\t\t\t\t\t\t\t\t<p><strong>Occupational Health and Safety Management System \u2013 ISO 45001:2018<\/strong><\/p>\t\t\t\t\t\t\t\t<\/div>\n\t\t\t\t<\/div>\n\t\t\t\t\t<\/div>\n\t\t<\/div>\n\t\t\t\t<div class=\"elementor-column elementor-col-33 elementor-top-column elementor-element elementor-element-fde95fa\" data-id=\"fde95fa\" data-element_type=\"column\" data-e-type=\"column\">\n\t\t\t<div class=\"elementor-widget-wrap elementor-element-populated\">\n\t\t\t\t\t\t<div class=\"elementor-element elementor-element-d54b323 elementor-widget elementor-widget-text-editor\" data-id=\"d54b323\" data-element_type=\"widget\" data-e-type=\"widget\" data-widget_type=\"text-editor.default\">\n\t\t\t\t<div class=\"elementor-widget-container\">\n\t\t\t\t\t\t\t\t\t<p><strong>Environmental Management System \u2013 ISO 14001:2015<\/strong><\/p>\t\t\t\t\t\t\t\t<\/div>\n\t\t\t\t<\/div>\n\t\t\t\t\t<\/div>\n\t\t<\/div>\n\t\t\t\t\t<\/div>\n\t\t<\/section>\n\t\t\t\t<section class=\"elementor-section elementor-top-section elementor-element elementor-element-9252f8b elementor-section-boxed elementor-section-height-default elementor-section-height-default\" data-id=\"9252f8b\" data-element_type=\"section\" data-e-type=\"section\" data-settings=\"{&quot;animation_mobile&quot;:&quot;slideInUp&quot;}\">\n\t\t\t\t\t\t<div class=\"elementor-container elementor-column-gap-default\">\n\t\t\t\t\t<div class=\"elementor-column elementor-col-100 elementor-top-column elementor-element elementor-element-2a60b90\" data-id=\"2a60b90\" data-element_type=\"column\" data-e-type=\"column\">\n\t\t\t<div class=\"elementor-widget-wrap elementor-element-populated\">\n\t\t\t\t\t\t<div class=\"elementor-element elementor-element-ee68de1 elementor-widget elementor-widget-text-editor\" data-id=\"ee68de1\" data-element_type=\"widget\" data-e-type=\"widget\" data-widget_type=\"text-editor.default\">\n\t\t\t\t<div class=\"elementor-widget-container\">\n\t\t\t\t\t\t\t\t\t<p>Quality management is actively implemented not only in production but also in logistics, customer service, and after-sales support processes.<\/p><p>SPA S.P.C.C. minimizes production-related waste through its \u201cZero Waste\u201d policy and contributes to the recycling process by directing waste generated from maintenance and repairs to licensed companies.<\/p><p>Regular occupational safety training sessions are conducted, and employees are provided with personal protective equipment (hard hats, safety goggles, masks, ear protection, safety harnesses, etc.). In addition, specialized training is provided for working at heights and the Lockout\/Tagout (LTO) procedure.<\/p>\t\t\t\t\t\t\t\t<\/div>\n\t\t\t\t<\/div>\n\t\t\t\t\t<\/div>\n\t\t<\/div>\n\t\t\t\t\t<\/div>\n\t\t<\/section>\n\t\t\t\t<\/div>","protected":false},"excerpt":{"rendered":"<p>M\u00fckemmelli\u011fi hedefleyen \u00fcretim anlay\u0131\u015f\u0131 SPA S.P.C.C, kaliteyi, \u00e7al\u0131\u015fan g\u00fcvenli\u011fini ve \u00e7evre duyarl\u0131l\u0131\u011f\u0131n\u0131 garanti alt\u0131na almak amac\u0131yla Entegre Y\u00f6netim Sistemleri uygulamaktad\u0131r. Bu sistemler, yaln\u0131zca \u00fcretim s\u00fcrecini de\u011fil, ayn\u0131 zamanda \u015firketin genel i\u015fleyi\u015fini, m\u00fc\u015fteri ili\u015fkilerini ve s\u00fcrd\u00fcr\u00fclebilirlik politikalar\u0131n\u0131 da kapsamaktad\u0131r. Cement ISO 9001-2015&#8230;<\/p>","protected":false},"author":1,"featured_media":0,"parent":0,"menu_order":0,"comment_status":"closed","ping_status":"closed","template":"","meta":{"footnotes":""},"class_list":["post-6889","page","type-page","status-publish","hentry"],"yoast_head":"<!-- This site is optimized with the Yoast SEO plugin v27.4 - https:\/\/yoast.com\/product\/yoast-seo-wordpress\/ -->\n<title>Sertifikalar\u0131m\u0131z - SPCC \u00c7imento<\/title>\n<meta name=\"robots\" content=\"index, follow, max-snippet:-1, max-image-preview:large, max-video-preview:-1\" \/>\n<link rel=\"canonical\" href=\"https:\/\/spccdz.com\/en\/our-certificates\/\" \/>\n<meta property=\"og:locale\" content=\"en_GB\" \/>\n<meta property=\"og:type\" content=\"article\" \/>\n<meta property=\"og:title\" content=\"Sertifikalar\u0131m\u0131z - SPCC \u00c7imento\" \/>\n<meta property=\"og:description\" content=\"M\u00fckemmelli\u011fi hedefleyen \u00fcretim anlay\u0131\u015f\u0131 SPA S.P.C.C, kaliteyi, \u00e7al\u0131\u015fan g\u00fcvenli\u011fini ve \u00e7evre duyarl\u0131l\u0131\u011f\u0131n\u0131 garanti alt\u0131na almak amac\u0131yla Entegre Y\u00f6netim Sistemleri uygulamaktad\u0131r. Bu sistemler, yaln\u0131zca \u00fcretim s\u00fcrecini de\u011fil, ayn\u0131 zamanda \u015firketin genel i\u015fleyi\u015fini, m\u00fc\u015fteri ili\u015fkilerini ve s\u00fcrd\u00fcr\u00fclebilirlik politikalar\u0131n\u0131 da kapsamaktad\u0131r. Cement ISO 9001-2015...\" \/>\n<meta property=\"og:url\" content=\"https:\/\/spccdz.com\/en\/our-certificates\/\" \/>\n<meta property=\"og:site_name\" content=\"SPCC \u00c7imento\" \/>\n<meta property=\"article:modified_time\" content=\"2026-04-06T22:02:50+00:00\" \/>\n<meta property=\"og:image\" content=\"https:\/\/spccdz.com\/wp-content\/uploads\/2026\/01\/ISO_9001-2015.webp\" \/>\n<meta name=\"twitter:card\" content=\"summary_large_image\" \/>\n<meta name=\"twitter:label1\" content=\"Estimated reading time\" \/>\n\t<meta name=\"twitter:data1\" content=\"2 minutes\" \/>\n<script type=\"application\/ld+json\" class=\"yoast-schema-graph\">{\"@context\":\"https:\\\/\\\/schema.org\",\"@graph\":[{\"@type\":\"WebPage\",\"@id\":\"https:\\\/\\\/spccdz.com\\\/sertifikalarimiz\\\/\",\"url\":\"https:\\\/\\\/spccdz.com\\\/sertifikalarimiz\\\/\",\"name\":\"Sertifikalar\u0131m\u0131z - SPCC \u00c7imento\",\"isPartOf\":{\"@id\":\"https:\\\/\\\/spccdz.com\\\/#website\"},\"primaryImageOfPage\":{\"@id\":\"https:\\\/\\\/spccdz.com\\\/sertifikalarimiz\\\/#primaryimage\"},\"image\":{\"@id\":\"https:\\\/\\\/spccdz.com\\\/sertifikalarimiz\\\/#primaryimage\"},\"thumbnailUrl\":\"https:\\\/\\\/spccdz.com\\\/wp-content\\\/uploads\\\/2026\\\/01\\\/ISO_9001-2015.webp\",\"datePublished\":\"2026-01-06T20:44:22+00:00\",\"dateModified\":\"2026-04-06T22:02:50+00:00\",\"breadcrumb\":{\"@id\":\"https:\\\/\\\/spccdz.com\\\/sertifikalarimiz\\\/#breadcrumb\"},\"inLanguage\":\"en-GB\",\"potentialAction\":[{\"@type\":\"ReadAction\",\"target\":[\"https:\\\/\\\/spccdz.com\\\/sertifikalarimiz\\\/\"]}]},{\"@type\":\"ImageObject\",\"inLanguage\":\"en-GB\",\"@id\":\"https:\\\/\\\/spccdz.com\\\/sertifikalarimiz\\\/#primaryimage\",\"url\":\"https:\\\/\\\/spccdz.com\\\/wp-content\\\/uploads\\\/2026\\\/01\\\/ISO_9001-2015.webp\",\"contentUrl\":\"https:\\\/\\\/spccdz.com\\\/wp-content\\\/uploads\\\/2026\\\/01\\\/ISO_9001-2015.webp\"},{\"@type\":\"BreadcrumbList\",\"@id\":\"https:\\\/\\\/spccdz.com\\\/sertifikalarimiz\\\/#breadcrumb\",\"itemListElement\":[{\"@type\":\"ListItem\",\"position\":1,\"name\":\"Anasayfa\",\"item\":\"https:\\\/\\\/spccdz.com\\\/\"},{\"@type\":\"ListItem\",\"position\":2,\"name\":\"Sertifikalar\u0131m\u0131z\"}]},{\"@type\":\"WebSite\",\"@id\":\"https:\\\/\\\/spccdz.com\\\/#website\",\"url\":\"https:\\\/\\\/spccdz.com\\\/\",\"name\":\"SPCC Ciment\",\"description\":\"Nesiller boyu s\u00fcren g\u00fc\u00e7\",\"publisher\":{\"@id\":\"https:\\\/\\\/spccdz.com\\\/#organization\"},\"potentialAction\":[{\"@type\":\"SearchAction\",\"target\":{\"@type\":\"EntryPoint\",\"urlTemplate\":\"https:\\\/\\\/spccdz.com\\\/?s={search_term_string}\"},\"query-input\":{\"@type\":\"PropertyValueSpecification\",\"valueRequired\":true,\"valueName\":\"search_term_string\"}}],\"inLanguage\":\"en-GB\"},{\"@type\":\"Organization\",\"@id\":\"https:\\\/\\\/spccdz.com\\\/#organization\",\"name\":\"SPA S.P.C.C \\\/ SOCIEDE PRODUCTION ET DE COMMERCIALISATION DE CIMENT\",\"url\":\"https:\\\/\\\/spccdz.com\\\/\",\"logo\":{\"@type\":\"ImageObject\",\"inLanguage\":\"en-GB\",\"@id\":\"https:\\\/\\\/spccdz.com\\\/#\\\/schema\\\/logo\\\/image\\\/\",\"url\":\"https:\\\/\\\/spccdz.com\\\/wp-content\\\/uploads\\\/2026\\\/03\\\/spcc_logo_180px.svg\",\"contentUrl\":\"https:\\\/\\\/spccdz.com\\\/wp-content\\\/uploads\\\/2026\\\/03\\\/spcc_logo_180px.svg\",\"width\":180,\"height\":56,\"caption\":\"SPA S.P.C.C \\\/ SOCIEDE PRODUCTION ET DE COMMERCIALISATION DE CIMENT\"},\"image\":{\"@id\":\"https:\\\/\\\/spccdz.com\\\/#\\\/schema\\\/logo\\\/image\\\/\"},\"sameAs\":[\"https:\\\/\\\/www.linkedin.com\\\/company\\\/spa-spcc\\\/?originalSubdomain=tr\"]}]}<\/script>\n<!-- \/ Yoast SEO plugin. -->","yoast_head_json":{"title":"Our Certificates - SPCC Cement","robots":{"index":"index","follow":"follow","max-snippet":"max-snippet:-1","max-image-preview":"max-image-preview:large","max-video-preview":"max-video-preview:-1"},"canonical":"https:\/\/spccdz.com\/en\/our-certificates\/","og_locale":"en_GB","og_type":"article","og_title":"Sertifikalar\u0131m\u0131z - SPCC \u00c7imento","og_description":"M\u00fckemmelli\u011fi hedefleyen \u00fcretim anlay\u0131\u015f\u0131 SPA S.P.C.C, kaliteyi, \u00e7al\u0131\u015fan g\u00fcvenli\u011fini ve \u00e7evre duyarl\u0131l\u0131\u011f\u0131n\u0131 garanti alt\u0131na almak amac\u0131yla Entegre Y\u00f6netim Sistemleri uygulamaktad\u0131r. Bu sistemler, yaln\u0131zca \u00fcretim s\u00fcrecini de\u011fil, ayn\u0131 zamanda \u015firketin genel i\u015fleyi\u015fini, m\u00fc\u015fteri ili\u015fkilerini ve s\u00fcrd\u00fcr\u00fclebilirlik politikalar\u0131n\u0131 da kapsamaktad\u0131r. Cement ISO 9001-2015...","og_url":"https:\/\/spccdz.com\/en\/our-certificates\/","og_site_name":"SPCC \u00c7imento","article_modified_time":"2026-04-06T22:02:50+00:00","og_image":[{"url":"https:\/\/spccdz.com\/wp-content\/uploads\/2026\/01\/ISO_9001-2015.webp","type":"","width":"","height":""}],"twitter_card":"summary_large_image","twitter_misc":{"Estimated reading time":"2 minutes"},"schema":{"@context":"https:\/\/schema.org","@graph":[{"@type":"WebPage","@id":"https:\/\/spccdz.com\/sertifikalarimiz\/","url":"https:\/\/spccdz.com\/sertifikalarimiz\/","name":"Our Certificates - SPCC Cement","isPartOf":{"@id":"https:\/\/spccdz.com\/#website"},"primaryImageOfPage":{"@id":"https:\/\/spccdz.com\/sertifikalarimiz\/#primaryimage"},"image":{"@id":"https:\/\/spccdz.com\/sertifikalarimiz\/#primaryimage"},"thumbnailUrl":"https:\/\/spccdz.com\/wp-content\/uploads\/2026\/01\/ISO_9001-2015.webp","datePublished":"2026-01-06T20:44:22+00:00","dateModified":"2026-04-06T22:02:50+00:00","breadcrumb":{"@id":"https:\/\/spccdz.com\/sertifikalarimiz\/#breadcrumb"},"inLanguage":"en-GB","potentialAction":[{"@type":"ReadAction","target":["https:\/\/spccdz.com\/sertifikalarimiz\/"]}]},{"@type":"ImageObject","inLanguage":"en-GB","@id":"https:\/\/spccdz.com\/sertifikalarimiz\/#primaryimage","url":"https:\/\/spccdz.com\/wp-content\/uploads\/2026\/01\/ISO_9001-2015.webp","contentUrl":"https:\/\/spccdz.com\/wp-content\/uploads\/2026\/01\/ISO_9001-2015.webp"},{"@type":"BreadcrumbList","@id":"https:\/\/spccdz.com\/sertifikalarimiz\/#breadcrumb","itemListElement":[{"@type":"ListItem","position":1,"name":"Anasayfa","item":"https:\/\/spccdz.com\/"},{"@type":"ListItem","position":2,"name":"Sertifikalar\u0131m\u0131z"}]},{"@type":"WebSite","@id":"https:\/\/spccdz.com\/#website","url":"https:\/\/spccdz.com\/","name":"SPCC Cement","description":"Power that has endured for generations.","publisher":{"@id":"https:\/\/spccdz.com\/#organization"},"potentialAction":[{"@type":"SearchAction","target":{"@type":"EntryPoint","urlTemplate":"https:\/\/spccdz.com\/?s={search_term_string}"},"query-input":{"@type":"PropertyValueSpecification","valueRequired":true,"valueName":"search_term_string"}}],"inLanguage":"en-GB"},{"@type":"Organization","@id":"https:\/\/spccdz.com\/#organization","name":"SPA S.P.C.C \/ SOCIEDE PRODUCTION ET DE COMMERCIALISATION DE CIMENT","url":"https:\/\/spccdz.com\/","logo":{"@type":"ImageObject","inLanguage":"en-GB","@id":"https:\/\/spccdz.com\/#\/schema\/logo\/image\/","url":"https:\/\/spccdz.com\/wp-content\/uploads\/2026\/03\/spcc_logo_180px.svg","contentUrl":"https:\/\/spccdz.com\/wp-content\/uploads\/2026\/03\/spcc_logo_180px.svg","width":180,"height":56,"caption":"SPA S.P.C.C \/ SOCIEDE PRODUCTION ET DE COMMERCIALISATION DE CIMENT"},"image":{"@id":"https:\/\/spccdz.com\/#\/schema\/logo\/image\/"},"sameAs":["https:\/\/www.linkedin.com\/company\/spa-spcc\/?originalSubdomain=tr"]}]}},"_links":{"self":[{"href":"https:\/\/spccdz.com\/en\/wp-json\/wp\/v2\/pages\/6889","targetHints":{"allow":["GET"]}}],"collection":[{"href":"https:\/\/spccdz.com\/en\/wp-json\/wp\/v2\/pages"}],"about":[{"href":"https:\/\/spccdz.com\/en\/wp-json\/wp\/v2\/types\/page"}],"author":[{"embeddable":true,"href":"https:\/\/spccdz.com\/en\/wp-json\/wp\/v2\/users\/1"}],"replies":[{"embeddable":true,"href":"https:\/\/spccdz.com\/en\/wp-json\/wp\/v2\/comments?post=6889"}],"version-history":[{"count":67,"href":"https:\/\/spccdz.com\/en\/wp-json\/wp\/v2\/pages\/6889\/revisions"}],"predecessor-version":[{"id":7077,"href":"https:\/\/spccdz.com\/en\/wp-json\/wp\/v2\/pages\/6889\/revisions\/7077"}],"wp:attachment":[{"href":"https:\/\/spccdz.com\/en\/wp-json\/wp\/v2\/media?parent=6889"}],"curies":[{"name":"wp","href":"https:\/\/api.w.org\/{rel}","templated":true}]}}