{"id":474,"date":"2022-01-13T10:48:27","date_gmt":"2022-01-13T10:48:27","guid":{"rendered":"https:\/\/demo.artureanec.com\/themes\/energium\/?post_type=product&#038;p=474"},"modified":"2026-01-01T23:45:05","modified_gmt":"2026-01-01T20:45:05","slug":"sultan-cpj-cem-i-42-5-r-sr5-50kg","status":"publish","type":"product","link":"https:\/\/spccdz.com\/en\/product\/sultan-cpj-cem-i-42-5-r-sr5-50kg\/","title":{"rendered":"Sultan CPJ-CEM I 42.5 R-SR5"},"content":{"rendered":"<p><strong><span dir=\"auto\" style=\"vertical-align: inherit;\"><span dir=\"auto\" style=\"vertical-align: inherit;\"><span dir=\"auto\" style=\"vertical-align: inherit;\"><span dir=\"auto\" style=\"vertical-align: inherit;\">Sultan CPJ-CEM I 42.5 R-SR5 50kg<\/span><\/span><\/span><\/span><\/strong><\/p>\n<p>Sultan CPJ-CEM I 42.5 R-SR5 \u00e7imento, t\u00fcm yap\u0131 betonu imalatlar\u0131nda kullan\u0131m\u0131 uygundur. \u00d6zellikle erken y\u00fcksek dayan\u0131m gerektiren beton imalatlar\u0131nda (Prefabrik imalatlar vb.) ve so\u011fuk hava ko\u015fullar\u0131nda erken dayan\u0131m\u0131 sebebiyle tercih edilir. T\u00fcm yap\u0131 betonu imalatlar\u0131nda kullan\u0131m\u0131 uygundur. \u00d6zellikle erken y\u00fcksek dayan\u0131m gerektiren beton imalatlar\u0131nda (Prefabrik imalatlar vb.) ve so\u011fuk hava ko\u015fullar\u0131nda erken dayan\u0131m\u0131 sebebiyle tercih edilir.<\/p>\n<p><strong>Kullan\u0131m Alanlar\u0131<br \/>\n<\/strong>\u2022 Agresif ortamlarda yap\u0131sal beton<br \/>\n\u2022 Hidrolik ve yer alt\u0131 i\u015fleri<br \/>\n\u2022 Denizcilik i\u015fleri<br \/>\n\u2022 Tuzdan ar\u0131nd\u0131rma ve ar\u0131tma istasyonlar\u0131<br \/>\n\u2022 Barajlar ve tepe destek setleri<\/p>\n<p><strong>Uygulama \u00d6nerileri<br \/>\n<\/strong><\/p>\n<figure id=\"attachment_5756\" aria-describedby=\"caption-attachment-5756\" style=\"width: 101px\" class=\"wp-caption alignleft\"><img decoding=\"async\" class=\"size-full wp-image-5756\" src=\"https:\/\/spccdz.com\/wp-content\/uploads\/2022\/01\/agrega_kullanimi.png\" alt=\"Beton Agrega kullan\u0131m\u0131\" width=\"101\" height=\"101\" \/><figcaption id=\"caption-attachment-5756\" class=\"wp-caption-text\">Beton Agrega kullan\u0131m\u0131<\/figcaption><\/figure>\n<figure id=\"attachment_5755\" aria-describedby=\"caption-attachment-5755\" style=\"width: 101px\" class=\"wp-caption alignleft\"><img decoding=\"async\" class=\"size-full wp-image-5755\" src=\"https:\/\/spccdz.com\/wp-content\/uploads\/2022\/01\/su_miktari.png\" alt=\"Beton su kullan\u0131m miktar\u0131\" width=\"101\" height=\"101\" \/><figcaption id=\"caption-attachment-5755\" class=\"wp-caption-text\">Su kullan\u0131m miktar\u0131<\/figcaption><\/figure>\n<figure id=\"attachment_5754\" aria-describedby=\"caption-attachment-5754\" style=\"width: 101px\" class=\"wp-caption alignleft\"><img decoding=\"async\" class=\"size-full wp-image-5754\" src=\"https:\/\/spccdz.com\/wp-content\/uploads\/2022\/01\/segregasyon_mesafesi.png\" alt=\"Segregasyon Mesafesi\" width=\"101\" height=\"101\" \/><figcaption id=\"caption-attachment-5754\" class=\"wp-caption-text\">Segregasyon Mesafesi<\/figcaption><\/figure>\n<figure id=\"attachment_5753\" aria-describedby=\"caption-attachment-5753\" style=\"width: 101px\" class=\"wp-caption alignleft\"><img loading=\"lazy\" decoding=\"async\" class=\"size-full wp-image-5753\" src=\"https:\/\/spccdz.com\/wp-content\/uploads\/2022\/01\/beton_sikistirma.png\" alt=\"Beton s\u0131k\u0131\u015ft\u0131rma\" width=\"101\" height=\"101\" \/><figcaption id=\"caption-attachment-5753\" class=\"wp-caption-text\">Beton s\u0131k\u0131\u015ft\u0131rma<\/figcaption><\/figure>\n<figure id=\"attachment_5752\" aria-describedby=\"caption-attachment-5752\" style=\"width: 101px\" class=\"wp-caption alignleft\"><img loading=\"lazy\" decoding=\"async\" class=\"size-full wp-image-5752\" src=\"https:\/\/spccdz.com\/wp-content\/uploads\/2022\/01\/beton_dukum_sicaklik_bilgisi.png\" alt=\"Beton d\u00f6kme s\u0131cakl\u0131\u011f\u0131\" width=\"101\" height=\"101\" \/><figcaption id=\"caption-attachment-5752\" class=\"wp-caption-text\">Beton d\u00f6kme s\u0131cakl\u0131\u011f\u0131<\/figcaption><\/figure>\n<figure id=\"attachment_5751\" aria-describedby=\"caption-attachment-5751\" style=\"width: 101px\" class=\"wp-caption alignleft\"><img loading=\"lazy\" decoding=\"async\" class=\"size-full wp-image-5751\" src=\"https:\/\/spccdz.com\/wp-content\/uploads\/2022\/01\/beton_hava_sartlari_korumasi.png\" alt=\"Beton hava \u015fartlar\u0131\" width=\"101\" height=\"101\" \/><figcaption id=\"caption-attachment-5751\" class=\"wp-caption-text\">Beton hava \u015fartlar\u0131<\/figcaption><\/figure>\n<p>&nbsp;<\/p>\n<p>&nbsp;<\/p>\n<p>&nbsp;<\/p>\n<p>\u2022 En az\u0131ndan kabul edilebilir bir tanecik boyutuna sahip temiz agregalar kullan\u0131n.<br \/>\n\u2022 Gerekli \u015fartlar\u0131 kar\u015f\u0131lamak i\u00e7in optimum su miktar\u0131na uyun.<br \/>\n\u2022 Segregasyon riskini \u00f6nlemek i\u00e7in betonu nihai konumundan 1 metreden daha az bir mesafeye d\u00f6k\u00fcn.<br \/>\n\u2022 Betonun k\u0131vam\u0131na g\u00f6re optimum s\u0131k\u0131\u015ft\u0131rma sa\u011flay\u0131n.<br \/>\n\u2022 Betonu +5 \u00b0C ile +35 \u00b0C aras\u0131nda d\u00f6k\u00fcn.<br \/>\n\u2022 Betonun d\u00f6k\u00fcm\u00fcnden sonra g\u00fcne\u015f, r\u00fczgar ve ya\u011fmurdan korunmas\u0131n\u0131 sa\u011flay\u0131n.<\/p>\n<p><img loading=\"lazy\" decoding=\"async\" class=\"alignnone wp-image-5761\" src=\"https:\/\/spccdz.com\/wp-content\/uploads\/2025\/11\/Ortalama_beton_dozajlari_tablosu_TR_FR.png\" alt=\"\" width=\"777\" height=\"297\" srcset=\"https:\/\/spccdz.com\/wp-content\/uploads\/2025\/11\/Ortalama_beton_dozajlari_tablosu_TR_FR.png 924w, https:\/\/spccdz.com\/wp-content\/uploads\/2025\/11\/Ortalama_beton_dozajlari_tablosu_TR_FR-768x293.png 768w, https:\/\/spccdz.com\/wp-content\/uploads\/2025\/11\/Ortalama_beton_dozajlari_tablosu_TR_FR-920x353.png 920w, https:\/\/spccdz.com\/wp-content\/uploads\/2025\/11\/Ortalama_beton_dozajlari_tablosu_TR_FR-600x229.png 600w\" sizes=\"(max-width: 777px) 100vw, 777px\" \/><\/p>","protected":false},"excerpt":{"rendered":"<p><span dir=\"auto\" style=\"vertical-align: inherit;\"><span dir=\"auto\" style=\"vertical-align: inherit;\"><span dir=\"auto\" style=\"vertical-align: inherit;\"><span dir=\"auto\" style=\"vertical-align: inherit;\">Sultan CPJ-CEM I 42.5 R-SR5 \u00e7imento, t\u00fcm yap\u0131 betonu imalatlar\u0131nda kullan\u0131m\u0131 uygundur. \u00d6zellikle erken y\u00fcksek dayan\u0131m gerektiren beton imalatlar\u0131nda (Prefabrik imalatlar vb.) ve so\u011fuk hava ko\u015fullar\u0131nda erken dayan\u0131m\u0131 sebebiyle tercih edilir. T\u00fcm yap\u0131 betonu imalatlar\u0131nda kullan\u0131m\u0131 uygundur. \u00d6zellikle erken y\u00fcksek dayan\u0131m gerektiren beton imalatlar\u0131nda (Prefabrik imalatlar vb.) ve so\u011fuk hava ko\u015fullar\u0131nda erken dayan\u0131m\u0131 sebebiyle tercih edilir.<\/span><\/span><\/span><\/span><\/p>","protected":false},"featured_media":5734,"comment_status":"open","ping_status":"closed","template":"","meta":[],"product_brand":[48],"product_cat":[15],"product_tag":[52,50,51,49,53,54],"class_list":{"0":"post-474","1":"product","2":"type-product","3":"status-publish","4":"has-post-thumbnail","6":"product_brand-spcc","7":"product_cat-cimento","8":"product_tag-42-5","9":"product_tag-50kg","10":"product_tag-cem-i","11":"product_tag-cimento","12":"product_tag-r","13":"product_tag-sultan","15":"first","16":"instock","17":"shipping-taxable","18":"product-type-simple"},"yoast_head":"<!-- This site is optimized with the Yoast SEO plugin v27.3 - https:\/\/yoast.com\/product\/yoast-seo-wordpress\/ -->\n<title>Sultan CPJ-CEM I 42.5 R-SR5 - SPCC \u00c7imento<\/title>\n<meta name=\"robots\" content=\"index, follow, max-snippet:-1, max-image-preview:large, max-video-preview:-1\" \/>\n<link rel=\"canonical\" href=\"https:\/\/spccdz.com\/en\/product\/sultan-cpj-cem-i-42-5-r-sr5-50kg\/\" \/>\n<meta property=\"og:locale\" content=\"en_GB\" \/>\n<meta property=\"og:type\" content=\"article\" \/>\n<meta property=\"og:title\" content=\"Sultan CPJ-CEM I 42.5 R-SR5 - SPCC \u00c7imento\" \/>\n<meta property=\"og:description\" content=\"Sultan CPJ-CEM I 42.5 R-SR5 \u00e7imento, t\u00fcm yap\u0131 betonu imalatlar\u0131nda kullan\u0131m\u0131 uygundur. \u00d6zellikle erken y\u00fcksek dayan\u0131m gerektiren beton imalatlar\u0131nda (Prefabrik imalatlar vb.) ve so\u011fuk hava ko\u015fullar\u0131nda erken dayan\u0131m\u0131 sebebiyle tercih edilir. T\u00fcm yap\u0131 betonu imalatlar\u0131nda kullan\u0131m\u0131 uygundur. \u00d6zellikle erken y\u00fcksek dayan\u0131m gerektiren beton imalatlar\u0131nda (Prefabrik imalatlar vb.) ve so\u011fuk hava ko\u015fullar\u0131nda erken dayan\u0131m\u0131 sebebiyle tercih edilir.\" \/>\n<meta property=\"og:url\" content=\"https:\/\/spccdz.com\/en\/product\/sultan-cpj-cem-i-42-5-r-sr5-50kg\/\" \/>\n<meta property=\"og:site_name\" content=\"SPCC \u00c7imento\" \/>\n<meta property=\"article:modified_time\" content=\"2026-01-01T20:45:05+00:00\" \/>\n<meta property=\"og:image\" content=\"https:\/\/spccdz.com\/wp-content\/uploads\/2022\/01\/SPCC_SULTAN_R_50kg_cimento.webp\" \/>\n\t<meta property=\"og:image:width\" content=\"1000\" \/>\n\t<meta property=\"og:image:height\" content=\"1000\" \/>\n\t<meta property=\"og:image:type\" content=\"image\/webp\" \/>\n<meta name=\"twitter:card\" content=\"summary_large_image\" \/>\n<meta name=\"twitter:label1\" content=\"Est. reading time\" \/>\n\t<meta name=\"twitter:data1\" content=\"1 minute\" \/>\n<script type=\"application\/ld+json\" class=\"yoast-schema-graph\">{\"@context\":\"https:\\\/\\\/schema.org\",\"@graph\":[{\"@type\":\"WebPage\",\"@id\":\"https:\\\/\\\/spccdz.com\\\/product\\\/sultan-cpj-cem-i-42-5-r-sr5-50kg\\\/\",\"url\":\"https:\\\/\\\/spccdz.com\\\/product\\\/sultan-cpj-cem-i-42-5-r-sr5-50kg\\\/\",\"name\":\"Sultan CPJ-CEM I 42.5 R-SR5 - SPCC \u00c7imento\",\"isPartOf\":{\"@id\":\"https:\\\/\\\/spccdz.com\\\/#website\"},\"primaryImageOfPage\":{\"@id\":\"https:\\\/\\\/spccdz.com\\\/product\\\/sultan-cpj-cem-i-42-5-r-sr5-50kg\\\/#primaryimage\"},\"image\":{\"@id\":\"https:\\\/\\\/spccdz.com\\\/product\\\/sultan-cpj-cem-i-42-5-r-sr5-50kg\\\/#primaryimage\"},\"thumbnailUrl\":\"https:\\\/\\\/spccdz.com\\\/wp-content\\\/uploads\\\/2022\\\/01\\\/SPCC_SULTAN_R_50kg_cimento.webp\",\"datePublished\":\"2022-01-13T10:48:27+00:00\",\"dateModified\":\"2026-01-01T20:45:05+00:00\",\"breadcrumb\":{\"@id\":\"https:\\\/\\\/spccdz.com\\\/product\\\/sultan-cpj-cem-i-42-5-r-sr5-50kg\\\/#breadcrumb\"},\"inLanguage\":\"en-GB\",\"potentialAction\":[{\"@type\":\"ReadAction\",\"target\":[\"https:\\\/\\\/spccdz.com\\\/product\\\/sultan-cpj-cem-i-42-5-r-sr5-50kg\\\/\"]}]},{\"@type\":\"ImageObject\",\"inLanguage\":\"en-GB\",\"@id\":\"https:\\\/\\\/spccdz.com\\\/product\\\/sultan-cpj-cem-i-42-5-r-sr5-50kg\\\/#primaryimage\",\"url\":\"https:\\\/\\\/spccdz.com\\\/wp-content\\\/uploads\\\/2022\\\/01\\\/SPCC_SULTAN_R_50kg_cimento.webp\",\"contentUrl\":\"https:\\\/\\\/spccdz.com\\\/wp-content\\\/uploads\\\/2022\\\/01\\\/SPCC_SULTAN_R_50kg_cimento.webp\",\"width\":1000,\"height\":1000,\"caption\":\"SPCC SULTAN R 50kg cimento\"},{\"@type\":\"BreadcrumbList\",\"@id\":\"https:\\\/\\\/spccdz.com\\\/product\\\/sultan-cpj-cem-i-42-5-r-sr5-50kg\\\/#breadcrumb\",\"itemListElement\":[{\"@type\":\"ListItem\",\"position\":1,\"name\":\"Anasayfa\",\"item\":\"https:\\\/\\\/spccdz.com\\\/\"},{\"@type\":\"ListItem\",\"position\":2,\"name\":\"Shop\",\"item\":\"https:\\\/\\\/spccdz.com\\\/urunlerimiz\\\/\"},{\"@type\":\"ListItem\",\"position\":3,\"name\":\"Sultan CPJ-CEM I 42.5 R-SR5\"}]},{\"@type\":\"WebSite\",\"@id\":\"https:\\\/\\\/spccdz.com\\\/#website\",\"url\":\"https:\\\/\\\/spccdz.com\\\/\",\"name\":\"SPCC Ciment\",\"description\":\"Nesiller boyu s\u00fcren g\u00fc\u00e7\",\"publisher\":{\"@id\":\"https:\\\/\\\/spccdz.com\\\/#organization\"},\"potentialAction\":[{\"@type\":\"SearchAction\",\"target\":{\"@type\":\"EntryPoint\",\"urlTemplate\":\"https:\\\/\\\/spccdz.com\\\/?s={search_term_string}\"},\"query-input\":{\"@type\":\"PropertyValueSpecification\",\"valueRequired\":true,\"valueName\":\"search_term_string\"}}],\"inLanguage\":\"en-GB\"},{\"@type\":\"Organization\",\"@id\":\"https:\\\/\\\/spccdz.com\\\/#organization\",\"name\":\"SPA S.P.C.C \\\/ SOCIEDE PRODUCTION ET DE COMMERCIALISATION DE CIMENT\",\"url\":\"https:\\\/\\\/spccdz.com\\\/\",\"logo\":{\"@type\":\"ImageObject\",\"inLanguage\":\"en-GB\",\"@id\":\"https:\\\/\\\/spccdz.com\\\/#\\\/schema\\\/logo\\\/image\\\/\",\"url\":\"https:\\\/\\\/spccdz.com\\\/wp-content\\\/uploads\\\/2026\\\/03\\\/spcc_logo_180px.svg\",\"contentUrl\":\"https:\\\/\\\/spccdz.com\\\/wp-content\\\/uploads\\\/2026\\\/03\\\/spcc_logo_180px.svg\",\"width\":180,\"height\":56,\"caption\":\"SPA S.P.C.C \\\/ SOCIEDE PRODUCTION ET DE COMMERCIALISATION DE CIMENT\"},\"image\":{\"@id\":\"https:\\\/\\\/spccdz.com\\\/#\\\/schema\\\/logo\\\/image\\\/\"},\"sameAs\":[\"https:\\\/\\\/www.linkedin.com\\\/company\\\/spa-spcc\\\/?originalSubdomain=tr\"]}]}<\/script>\n<!-- \/ Yoast SEO plugin. -->","yoast_head_json":{"title":"Sultan CPJ-CEM I 42.5 R-SR5 - SPCC \u00c7imento","robots":{"index":"index","follow":"follow","max-snippet":"max-snippet:-1","max-image-preview":"max-image-preview:large","max-video-preview":"max-video-preview:-1"},"canonical":"https:\/\/spccdz.com\/en\/product\/sultan-cpj-cem-i-42-5-r-sr5-50kg\/","og_locale":"en_GB","og_type":"article","og_title":"Sultan CPJ-CEM I 42.5 R-SR5 - SPCC \u00c7imento","og_description":"Sultan CPJ-CEM I 42.5 R-SR5 \u00e7imento, t\u00fcm yap\u0131 betonu imalatlar\u0131nda kullan\u0131m\u0131 uygundur. \u00d6zellikle erken y\u00fcksek dayan\u0131m gerektiren beton imalatlar\u0131nda (Prefabrik imalatlar vb.) ve so\u011fuk hava ko\u015fullar\u0131nda erken dayan\u0131m\u0131 sebebiyle tercih edilir. T\u00fcm yap\u0131 betonu imalatlar\u0131nda kullan\u0131m\u0131 uygundur. \u00d6zellikle erken y\u00fcksek dayan\u0131m gerektiren beton imalatlar\u0131nda (Prefabrik imalatlar vb.) ve so\u011fuk hava ko\u015fullar\u0131nda erken dayan\u0131m\u0131 sebebiyle tercih edilir.","og_url":"https:\/\/spccdz.com\/en\/product\/sultan-cpj-cem-i-42-5-r-sr5-50kg\/","og_site_name":"SPCC \u00c7imento","article_modified_time":"2026-01-01T20:45:05+00:00","og_image":[{"width":1000,"height":1000,"url":"https:\/\/spccdz.com\/wp-content\/uploads\/2022\/01\/SPCC_SULTAN_R_50kg_cimento.webp","type":"image\/webp"}],"twitter_card":"summary_large_image","twitter_misc":{"Est. reading time":"1 minute"},"schema":{"@context":"https:\/\/schema.org","@graph":[{"@type":"WebPage","@id":"https:\/\/spccdz.com\/product\/sultan-cpj-cem-i-42-5-r-sr5-50kg\/","url":"https:\/\/spccdz.com\/product\/sultan-cpj-cem-i-42-5-r-sr5-50kg\/","name":"Sultan CPJ-CEM I 42.5 R-SR5 - SPCC \u00c7imento","isPartOf":{"@id":"https:\/\/spccdz.com\/#website"},"primaryImageOfPage":{"@id":"https:\/\/spccdz.com\/product\/sultan-cpj-cem-i-42-5-r-sr5-50kg\/#primaryimage"},"image":{"@id":"https:\/\/spccdz.com\/product\/sultan-cpj-cem-i-42-5-r-sr5-50kg\/#primaryimage"},"thumbnailUrl":"https:\/\/spccdz.com\/wp-content\/uploads\/2022\/01\/SPCC_SULTAN_R_50kg_cimento.webp","datePublished":"2022-01-13T10:48:27+00:00","dateModified":"2026-01-01T20:45:05+00:00","breadcrumb":{"@id":"https:\/\/spccdz.com\/product\/sultan-cpj-cem-i-42-5-r-sr5-50kg\/#breadcrumb"},"inLanguage":"en-GB","potentialAction":[{"@type":"ReadAction","target":["https:\/\/spccdz.com\/product\/sultan-cpj-cem-i-42-5-r-sr5-50kg\/"]}]},{"@type":"ImageObject","inLanguage":"en-GB","@id":"https:\/\/spccdz.com\/product\/sultan-cpj-cem-i-42-5-r-sr5-50kg\/#primaryimage","url":"https:\/\/spccdz.com\/wp-content\/uploads\/2022\/01\/SPCC_SULTAN_R_50kg_cimento.webp","contentUrl":"https:\/\/spccdz.com\/wp-content\/uploads\/2022\/01\/SPCC_SULTAN_R_50kg_cimento.webp","width":1000,"height":1000,"caption":"SPCC SULTAN R 50kg cimento"},{"@type":"BreadcrumbList","@id":"https:\/\/spccdz.com\/product\/sultan-cpj-cem-i-42-5-r-sr5-50kg\/#breadcrumb","itemListElement":[{"@type":"ListItem","position":1,"name":"Anasayfa","item":"https:\/\/spccdz.com\/"},{"@type":"ListItem","position":2,"name":"Shop","item":"https:\/\/spccdz.com\/urunlerimiz\/"},{"@type":"ListItem","position":3,"name":"Sultan CPJ-CEM I 42.5 R-SR5"}]},{"@type":"WebSite","@id":"https:\/\/spccdz.com\/#website","url":"https:\/\/spccdz.com\/","name":"SPCC Cement","description":"Power that has endured for generations.","publisher":{"@id":"https:\/\/spccdz.com\/#organization"},"potentialAction":[{"@type":"SearchAction","target":{"@type":"EntryPoint","urlTemplate":"https:\/\/spccdz.com\/?s={search_term_string}"},"query-input":{"@type":"PropertyValueSpecification","valueRequired":true,"valueName":"search_term_string"}}],"inLanguage":"en-GB"},{"@type":"Organization","@id":"https:\/\/spccdz.com\/#organization","name":"SPA S.P.C.C \/ SOCIEDE PRODUCTION ET DE COMMERCIALISATION DE CIMENT","url":"https:\/\/spccdz.com\/","logo":{"@type":"ImageObject","inLanguage":"en-GB","@id":"https:\/\/spccdz.com\/#\/schema\/logo\/image\/","url":"https:\/\/spccdz.com\/wp-content\/uploads\/2026\/03\/spcc_logo_180px.svg","contentUrl":"https:\/\/spccdz.com\/wp-content\/uploads\/2026\/03\/spcc_logo_180px.svg","width":180,"height":56,"caption":"SPA S.P.C.C \/ SOCIEDE PRODUCTION ET DE COMMERCIALISATION DE CIMENT"},"image":{"@id":"https:\/\/spccdz.com\/#\/schema\/logo\/image\/"},"sameAs":["https:\/\/www.linkedin.com\/company\/spa-spcc\/?originalSubdomain=tr"]}]}},"_links":{"self":[{"href":"https:\/\/spccdz.com\/en\/wp-json\/wp\/v2\/product\/474","targetHints":{"allow":["GET"]}}],"collection":[{"href":"https:\/\/spccdz.com\/en\/wp-json\/wp\/v2\/product"}],"about":[{"href":"https:\/\/spccdz.com\/en\/wp-json\/wp\/v2\/types\/product"}],"replies":[{"embeddable":true,"href":"https:\/\/spccdz.com\/en\/wp-json\/wp\/v2\/comments?post=474"}],"wp:featuredmedia":[{"embeddable":true,"href":"https:\/\/spccdz.com\/en\/wp-json\/wp\/v2\/media\/5734"}],"wp:attachment":[{"href":"https:\/\/spccdz.com\/en\/wp-json\/wp\/v2\/media?parent=474"}],"wp:term":[{"taxonomy":"product_brand","embeddable":true,"href":"https:\/\/spccdz.com\/en\/wp-json\/wp\/v2\/product_brand?post=474"},{"taxonomy":"product_cat","embeddable":true,"href":"https:\/\/spccdz.com\/en\/wp-json\/wp\/v2\/product_cat?post=474"},{"taxonomy":"product_tag","embeddable":true,"href":"https:\/\/spccdz.com\/en\/wp-json\/wp\/v2\/product_tag?post=474"}],"curies":[{"name":"wp","href":"https:\/\/api.w.org\/{rel}","templated":true}]}}