{"id":6109,"date":"2026-01-02T20:49:18","date_gmt":"2026-01-02T17:49:18","guid":{"rendered":"https:\/\/spccdz.com\/?page_id=6109"},"modified":"2026-04-08T16:20:18","modified_gmt":"2026-04-08T13:20:18","slug":"sultan-cpj-cem-i-42-5-r-sr5","status":"publish","type":"page","link":"https:\/\/spccdz.com\/fr\/sultan-cpj-cem-i-42-5-r-sr5\/","title":{"rendered":"Sultan CPJ-CEM I 42.5 R-SR5"},"content":{"rendered":"<div data-elementor-type=\"wp-page\" data-elementor-id=\"6109\" class=\"elementor elementor-6109\">\n\t\t\t\t\t\t<section class=\"elementor-section elementor-top-section elementor-element elementor-element-e9ae97e elementor-section-boxed elementor-section-height-default elementor-section-height-default elementor-invisible\" data-id=\"e9ae97e\" data-element_type=\"section\" data-e-type=\"section\" data-settings=\"{&quot;animation&quot;:&quot;slideInUp&quot;}\">\n\t\t\t\t\t\t<div class=\"elementor-container elementor-column-gap-default\">\n\t\t\t\t\t<div class=\"elementor-column elementor-col-33 elementor-top-column elementor-element elementor-element-0b512df\" data-id=\"0b512df\" data-element_type=\"column\" data-e-type=\"column\">\n\t\t\t<div class=\"elementor-widget-wrap elementor-element-populated\">\n\t\t\t\t\t\t<div class=\"elementor-element elementor-element-733e7ac elementor-arrows-position-outside elementor-widget elementor-widget-image-carousel\" data-id=\"733e7ac\" data-element_type=\"widget\" data-e-type=\"widget\" data-settings=\"{&quot;slides_to_show&quot;:&quot;1&quot;,&quot;navigation&quot;:&quot;both&quot;,&quot;autoplay&quot;:&quot;yes&quot;,&quot;pause_on_hover&quot;:&quot;yes&quot;,&quot;pause_on_interaction&quot;:&quot;yes&quot;,&quot;autoplay_speed&quot;:5000,&quot;infinite&quot;:&quot;yes&quot;,&quot;effect&quot;:&quot;slide&quot;,&quot;speed&quot;:500}\" data-widget_type=\"image-carousel.default\">\n\t\t\t\t<div class=\"elementor-widget-container\">\n\t\t\t\t\t\t\t<div class=\"elementor-image-carousel-wrapper swiper\" role=\"region\" aria-roledescription=\"carousel\" aria-label=\"Cycle d&#039;images\" dir=\"ltr\">\n\t\t\t<div class=\"elementor-image-carousel swiper-wrapper\" aria-live=\"off\">\n\t\t\t\t\t\t\t\t<div class=\"swiper-slide\" role=\"group\" aria-roledescription=\"slide\" aria-label=\"1 sur 3\" data-no-translation-aria-label=\"\"><figure class=\"swiper-slide-inner\"><img decoding=\"async\" class=\"swiper-slide-image\" src=\"https:\/\/spccdz.com\/wp-content\/uploads\/2026\/01\/Sultan_42.5_R_SR5_small.webp\" alt=\"Sultan 42.5 R Cement\" \/><\/figure><\/div><div class=\"swiper-slide\" role=\"group\" aria-roledescription=\"slide\" aria-label=\"2 sur 3\" data-no-translation-aria-label=\"\"><figure class=\"swiper-slide-inner\"><img decoding=\"async\" class=\"swiper-slide-image\" src=\"https:\/\/spccdz.com\/wp-content\/uploads\/2026\/01\/KAMIL_32.5_N_cement_bigbang-1.webp\" alt=\"Sultan 42.5 R Cement Bigbang\" \/><\/figure><\/div><div class=\"swiper-slide\" role=\"group\" aria-roledescription=\"slide\" aria-label=\"3 sur 3\" data-no-translation-aria-label=\"\"><figure class=\"swiper-slide-inner\"><img decoding=\"async\" class=\"swiper-slide-image\" src=\"https:\/\/spccdz.com\/wp-content\/uploads\/2026\/01\/KAMIL_32.5_N_cement_dokme.webp\" alt=\"SPCC Gray Portland Cement\" \/><\/figure><\/div>\t\t\t<\/div>\n\t\t\t\t\t\t\t\t\t\t\t\t<div class=\"elementor-swiper-button elementor-swiper-button-prev\" role=\"button\" tabindex=\"0\">\n\t\t\t\t\t\t<i aria-hidden=\"true\" class=\"eicon-chevron-left\"><\/i>\t\t\t\t\t<\/div>\n\t\t\t\t\t<div class=\"elementor-swiper-button elementor-swiper-button-next\" role=\"button\" tabindex=\"0\">\n\t\t\t\t\t\t<i aria-hidden=\"true\" class=\"eicon-chevron-right\"><\/i>\t\t\t\t\t<\/div>\n\t\t\t\t\n\t\t\t\t\t\t\t\t\t<div class=\"swiper-pagination\"><\/div>\n\t\t\t\t\t\t\t\t\t<\/div>\n\t\t\t\t\t\t<\/div>\n\t\t\t\t<\/div>\n\t\t\t\t<div class=\"elementor-element elementor-element-2bb94de elementor-hidden-laptop elementor-hidden-tablet_extra elementor-hidden-tablet elementor-hidden-mobile_extra elementor-hidden-mobile elementor-absolute elementor-widget elementor-widget-energium_vertical_text\" data-id=\"2bb94de\" data-element_type=\"widget\" data-e-type=\"widget\" data-settings=\"{&quot;_position&quot;:&quot;absolute&quot;}\" data-widget_type=\"energium_vertical_text.default\">\n\t\t\t\t<div class=\"elementor-widget-container\">\n\t\t\t\t\t<div class=\"vertical-text\">Sultan CPJ-CEM I 42.5 R-SR5\u200b<\/div>\t\t\t\t<\/div>\n\t\t\t\t<\/div>\n\t\t\t\t<div class=\"elementor-element elementor-element-ec89e80 elementor-widget elementor-widget-heading\" data-id=\"ec89e80\" data-element_type=\"widget\" data-e-type=\"widget\" data-widget_type=\"heading.default\">\n\t\t\t\t<div class=\"elementor-widget-container\">\n\t\t\t\t\t<h2 class=\"elementor-heading-title elementor-size-default\"><a href=\"https:\/\/spccdz.com\/wp-content\/uploads\/2026\/01\/sultan_R_TR.pdf\" target=\"_blank\">Brochure du produit<\/a><\/h2>\t\t\t\t<\/div>\n\t\t\t\t<\/div>\n\t\t\t\t<div class=\"elementor-element elementor-element-12fc7e0 elementor-widget elementor-widget-image\" data-id=\"12fc7e0\" data-element_type=\"widget\" data-e-type=\"widget\" data-widget_type=\"image.default\">\n\t\t\t\t<div class=\"elementor-widget-container\">\n\t\t\t\t\t\t\t\t\t\t\t\t\t\t\t<img fetchpriority=\"high\" decoding=\"async\" width=\"566\" height=\"519\" src=\"https:\/\/spccdz.com\/wp-content\/uploads\/2026\/04\/SULTAN_dosage_moyen_pour_beton_FR.png\" class=\"attachment-large size-large wp-image-7480\" alt=\"Dosages de ciment SULTAN\" srcset=\"https:\/\/spccdz.com\/wp-content\/uploads\/2026\/04\/SULTAN_dosage_moyen_pour_beton_FR.png 566w, https:\/\/spccdz.com\/wp-content\/uploads\/2026\/04\/SULTAN_dosage_moyen_pour_beton_FR-13x12.png 13w\" sizes=\"(max-width: 566px) 100vw, 566px\" \/>\t\t\t\t\t\t\t\t\t\t\t\t\t\t\t<\/div>\n\t\t\t\t<\/div>\n\t\t\t\t\t<\/div>\n\t\t<\/div>\n\t\t\t\t<div class=\"elementor-column elementor-col-66 elementor-top-column elementor-element elementor-element-9193a37\" data-id=\"9193a37\" data-element_type=\"column\" data-e-type=\"column\">\n\t\t\t<div class=\"elementor-widget-wrap elementor-element-populated\">\n\t\t\t\t\t\t<div class=\"elementor-element elementor-element-eafa5df elementor-widget elementor-widget-heading\" data-id=\"eafa5df\" data-element_type=\"widget\" data-e-type=\"widget\" data-widget_type=\"heading.default\">\n\t\t\t\t<div class=\"elementor-widget-container\">\n\t\t\t\t\t<h2 class=\"elementor-heading-title elementor-size-default\">Sultan CPJ-CEM I 42.5 R-SR5<\/h2>\t\t\t\t<\/div>\n\t\t\t\t<\/div>\n\t\t\t\t<div class=\"elementor-element elementor-element-dfa6d1f elementor-widget elementor-widget-text-editor\" data-id=\"dfa6d1f\" data-element_type=\"widget\" data-e-type=\"widget\" data-widget_type=\"text-editor.default\">\n\t\t\t\t<div class=\"elementor-widget-container\">\n\t\t\t\t\t\t\t\t\t<p>Haute r\u00e9sistance initiale, haute r\u00e9sistance aux sulfates ; <br \/>Ciment Portland adapt\u00e9 aux environnements agressifs<\/p>\t\t\t\t\t\t\t\t<\/div>\n\t\t\t\t<\/div>\n\t\t\t\t<div class=\"elementor-element elementor-element-503a6fb elementor-widget__width-initial elementor-widget elementor-widget-text-editor\" data-id=\"503a6fb\" data-element_type=\"widget\" data-e-type=\"widget\" data-widget_type=\"text-editor.default\">\n\t\t\t\t<div class=\"elementor-widget-container\">\n\t\t\t\t\t\t\t\t\t<p><strong>\u00a0SULTAN\u00ae, NA 443<\/strong> Il s'agit d'une gamme de ciments \u00e0 haute r\u00e9sistance, certifi\u00e9e conforme aux exigences de la norme, destin\u00e9e aux environnements difficiles.<br \/><strong>SULTAN CEM I\/A (P) 42.5 R-SR5 NA 443<\/strong>, sont conformes aux normes relatives aux ciments destin\u00e9s \u00e0 \u00eatre utilis\u00e9s dans des eaux \u00e0 forte teneur en sulfates et aux ciments \u00e0 teneur limit\u00e9e en soufre, respectivement.<br \/><strong>SULTAN CEM I\/A (P) 42.5 R-SR5 NA 443<\/strong> Il peut \u00eatre utilis\u00e9 tout au long de l'ann\u00e9e. Il convient \u00e9galement aux travaux de coulage de b\u00e9ton par temps chaud.<br \/><strong>SULTAN<\/strong>, est fabriqu\u00e9 exclusivement dans les usines SPA SPCC en Alg\u00e9rie.<br \/><strong>SULTAN CEM I\/A (P) 42.5 R-SR5 NA 443,<\/strong> Convient \u00e0 la fabrication de b\u00e9ton dans des environnements agressifs, ne n\u00e9cessitant pas une r\u00e9sistance m\u00e9canique initiale \u00e9lev\u00e9e.<\/p><p><strong>Domaines d'application<br \/><\/strong>Ouvrages maritimes (port, quai)<br \/>Stations d'\u00e9puration des eaux us\u00e9es<br \/>Infrastructures expos\u00e9es \u00e0 des agents chimiques<br \/><strong><br \/>Avantages<\/strong><br \/>R\u00e9sistant au sulfate<br \/>Fiabilit\u00e9 dans des conditions environnementales difficiles<br \/>Longue dur\u00e9e de vie<br \/><strong><br \/>Temps de prise \u00e0 20 \u00b0C (NA230)<\/strong><br \/>D\u00e9but du r\u00e9glage (min.) : 150 \u00b1 30<br \/>Fin de r\u00e9glage (min.) : 250 \u00b1 50<br \/><strong><br \/>Analyses chimiques<\/strong><br \/>Point d'inflammation (%) (NA5042) : 2,5 \u00b1 0,5<br \/>Teneur en sulfates (SO\u2083 (%)) : 2,5 \u00b1 0,5\u00a0<br \/>Teneur en oxyde de magn\u00e9sium (MgO) (%) : 1,0 \u00b1 0,5<br \/>Teneur en chlorure (NA5042) (%) : 0,02 \u2013 0,05\u00a0<br \/><strong><br \/>Exigences physiques <\/strong><br \/>Temps de d\u00e9marrage (min) &gt; 75<br \/>Dilatation volumique (mm) &lt; 10<br \/><strong><br \/>Exigences m\u00e9caniques<\/strong><br \/>\u00c9volution de la r\u00e9sistance \u00e0 la pression<br \/>Valeurs minimales<br \/>2 jours : &gt;25,0 MPa<br \/>28 jours : &gt;42,5 MPa<\/p><p><strong>Mode de livraison<\/strong><br \/>Sac (25 kg, 50 kg)<br \/>Sur palette (25 kg\/1,4 tonne \u2013 50 kg\/1,5 tonne)<br \/>Big bag (1,25 tonne \/ 1,5 tonne)<br \/>Sac \u00e0 bandouli\u00e8re (50 kg\/1,5 tonne \u2013 25 kg\/1,5 tonne)<br \/>Coul\u00e9e<br \/><strong><br \/>Pr\u00e9cautions d'utilisation<\/strong><br \/>Il convient de l'utiliser en respectant la dose minimale de ciment et le rapport eau\/ciment maximal indiqu\u00e9s dans les normes.<br \/>Il convient de respecter les normes en mati\u00e8re de protection et de traitement de durcissement.<br \/>Il ne faut pas d\u00e9monter les coffrages avant que le b\u00e9ton coul\u00e9 n'ait atteint une r\u00e9sistance m\u00e9canique suffisante.<br \/>Il faut \u00e9viter de transporter le b\u00e9ton pr\u00eat \u00e0 l'emploi sur de longues distances.<br \/>Il convient de prendre des mesures pour \u00e9viter la formation de fissures lors du coulage du b\u00e9ton par temps chaud et venteux.<br \/><strong><br \/>Cas dans lesquels l'utilisation est d\u00e9conseill\u00e9e<\/strong><br \/>Dans les applications o\u00f9 un haut degr\u00e9 de blancheur est requis, l'utilisation de granulats dont la teinte n'est pas adapt\u00e9e peut emp\u00eacher d'obtenir la blancheur souhait\u00e9e.<br \/><strong><br \/>Environnement, s\u00e9curit\u00e9 et stockage<\/strong><br \/>Portez des v\u00eatements de protection adapt\u00e9s, des gants ainsi que des \u00e9quipements de protection des yeux et du visage.<br \/>Pour obtenir des informations d\u00e9taill\u00e9es sur la s\u00e9curit\u00e9, demandez la \u00ab fiche de donn\u00e9es de s\u00e9curit\u00e9 \u00bb du produit.<br \/>Conservez le ciment en vrac dans des silos adapt\u00e9s, \u00e0 l'abri de l'humidit\u00e9 et du vent. Stockez le ciment en sacs dans des entrep\u00f4ts prot\u00e9g\u00e9s de l'humidit\u00e9, du vent et du froid, en les empilant sur 10 rang\u00e9es maximum.<\/p>\t\t\t\t\t\t\t\t<\/div>\n\t\t\t\t<\/div>\n\t\t\t\t\t<\/div>\n\t\t<\/div>\n\t\t\t\t\t<\/div>\n\t\t<\/section>\n\t\t\t\t<\/div>","protected":false},"excerpt":{"rendered":"<p>\u00dcr\u00fcn Bro\u015f\u00fcr\u00fc Sultan CPJ-CEM I 42.5 R-SR5 Y\u00fcksek erken dayan\u0131m, y\u00fcksek s\u00fclfat direnci; agresif ortamlara uygun Portland \u00c7imento \u00a0SULTAN\u00ae, NA 443 standard\u0131n\u0131n gerekliliklerine g\u00f6re sertifikaland\u0131r\u0131lm\u0131\u015f, zorlu ortamlar i\u00e7in y\u00fcksek mukavemetli \u00e7imento serisidir.SULTAN CEM I\/A (P) 42.5 R-SR5 NA 443, s\u0131ras\u0131yla y\u00fcksek&#8230;<\/p>","protected":false},"author":1,"featured_media":0,"parent":0,"menu_order":0,"comment_status":"closed","ping_status":"closed","template":"","meta":{"footnotes":""},"class_list":["post-6109","page","type-page","status-publish","hentry"],"yoast_head":"<!-- This site is optimized with the Yoast SEO plugin v27.4 - https:\/\/yoast.com\/product\/yoast-seo-wordpress\/ -->\n<title>Sultan CPJ-CEM I 42.5 R-SR5 - SPCC \u00c7imento<\/title>\n<meta name=\"description\" content=\"Y\u00fcksek erken dayan\u0131m, y\u00fcksek s\u00fclfat direnci; agresif ortamlara uygun Portland \u00c7imento. zorlu ortamlar i\u00e7in y\u00fcksek mukavemetli \u00e7imento serisidir.\" \/>\n<meta name=\"robots\" content=\"index, follow, max-snippet:-1, max-image-preview:large, max-video-preview:-1\" \/>\n<link rel=\"canonical\" href=\"https:\/\/spccdz.com\/fr\/sultan-cpj-cem-i-42-5-r-sr5\/\" \/>\n<meta property=\"og:locale\" content=\"fr_FR\" \/>\n<meta property=\"og:type\" content=\"article\" \/>\n<meta property=\"og:title\" content=\"Sultan CPJ-CEM I 42.5 R-SR5 - SPCC \u00c7imento\" \/>\n<meta property=\"og:description\" content=\"Y\u00fcksek erken dayan\u0131m, y\u00fcksek s\u00fclfat direnci; agresif ortamlara uygun Portland \u00c7imento. zorlu ortamlar i\u00e7in y\u00fcksek mukavemetli \u00e7imento serisidir.\" \/>\n<meta property=\"og:url\" content=\"https:\/\/spccdz.com\/fr\/sultan-cpj-cem-i-42-5-r-sr5\/\" \/>\n<meta property=\"og:site_name\" content=\"SPCC \u00c7imento\" \/>\n<meta property=\"article:modified_time\" content=\"2026-04-08T13:20:18+00:00\" \/>\n<meta property=\"og:image\" content=\"https:\/\/spccdz.com\/wp-content\/uploads\/2026\/01\/Sultan_42.5_R_SR5_small.webp\" \/>\n<meta name=\"twitter:card\" content=\"summary_large_image\" \/>\n<meta name=\"twitter:label1\" content=\"Dur\u00e9e de lecture estim\u00e9e\" \/>\n\t<meta name=\"twitter:data1\" content=\"4 minutes\" \/>\n<script type=\"application\/ld+json\" class=\"yoast-schema-graph\">{\"@context\":\"https:\\\/\\\/schema.org\",\"@graph\":[{\"@type\":\"WebPage\",\"@id\":\"https:\\\/\\\/spccdz.com\\\/sultan-cpj-cem-i-42-5-r-sr5\\\/\",\"url\":\"https:\\\/\\\/spccdz.com\\\/sultan-cpj-cem-i-42-5-r-sr5\\\/\",\"name\":\"Sultan CPJ-CEM I 42.5 R-SR5 - SPCC \u00c7imento\",\"isPartOf\":{\"@id\":\"https:\\\/\\\/spccdz.com\\\/#website\"},\"primaryImageOfPage\":{\"@id\":\"https:\\\/\\\/spccdz.com\\\/sultan-cpj-cem-i-42-5-r-sr5\\\/#primaryimage\"},\"image\":{\"@id\":\"https:\\\/\\\/spccdz.com\\\/sultan-cpj-cem-i-42-5-r-sr5\\\/#primaryimage\"},\"thumbnailUrl\":\"https:\\\/\\\/spccdz.com\\\/wp-content\\\/uploads\\\/2026\\\/01\\\/Sultan_42.5_R_SR5_small.webp\",\"datePublished\":\"2026-01-02T17:49:18+00:00\",\"dateModified\":\"2026-04-08T13:20:18+00:00\",\"description\":\"Y\u00fcksek erken dayan\u0131m, y\u00fcksek s\u00fclfat direnci; agresif ortamlara uygun Portland \u00c7imento. zorlu ortamlar i\u00e7in y\u00fcksek mukavemetli \u00e7imento serisidir.\",\"breadcrumb\":{\"@id\":\"https:\\\/\\\/spccdz.com\\\/sultan-cpj-cem-i-42-5-r-sr5\\\/#breadcrumb\"},\"inLanguage\":\"fr-FR\",\"potentialAction\":[{\"@type\":\"ReadAction\",\"target\":[\"https:\\\/\\\/spccdz.com\\\/sultan-cpj-cem-i-42-5-r-sr5\\\/\"]}]},{\"@type\":\"ImageObject\",\"inLanguage\":\"fr-FR\",\"@id\":\"https:\\\/\\\/spccdz.com\\\/sultan-cpj-cem-i-42-5-r-sr5\\\/#primaryimage\",\"url\":\"https:\\\/\\\/spccdz.com\\\/wp-content\\\/uploads\\\/2026\\\/01\\\/Sultan_42.5_R_SR5_small.webp\",\"contentUrl\":\"https:\\\/\\\/spccdz.com\\\/wp-content\\\/uploads\\\/2026\\\/01\\\/Sultan_42.5_R_SR5_small.webp\"},{\"@type\":\"BreadcrumbList\",\"@id\":\"https:\\\/\\\/spccdz.com\\\/sultan-cpj-cem-i-42-5-r-sr5\\\/#breadcrumb\",\"itemListElement\":[{\"@type\":\"ListItem\",\"position\":1,\"name\":\"Anasayfa\",\"item\":\"https:\\\/\\\/spccdz.com\\\/\"},{\"@type\":\"ListItem\",\"position\":2,\"name\":\"Sultan CPJ-CEM I 42.5 R-SR5\"}]},{\"@type\":\"WebSite\",\"@id\":\"https:\\\/\\\/spccdz.com\\\/#website\",\"url\":\"https:\\\/\\\/spccdz.com\\\/\",\"name\":\"SPCC Ciment\",\"description\":\"Nesiller boyu s\u00fcren g\u00fc\u00e7\",\"publisher\":{\"@id\":\"https:\\\/\\\/spccdz.com\\\/#organization\"},\"potentialAction\":[{\"@type\":\"SearchAction\",\"target\":{\"@type\":\"EntryPoint\",\"urlTemplate\":\"https:\\\/\\\/spccdz.com\\\/?s={search_term_string}\"},\"query-input\":{\"@type\":\"PropertyValueSpecification\",\"valueRequired\":true,\"valueName\":\"search_term_string\"}}],\"inLanguage\":\"fr-FR\"},{\"@type\":\"Organization\",\"@id\":\"https:\\\/\\\/spccdz.com\\\/#organization\",\"name\":\"SPA S.P.C.C \\\/ SOCIEDE PRODUCTION ET DE COMMERCIALISATION DE CIMENT\",\"url\":\"https:\\\/\\\/spccdz.com\\\/\",\"logo\":{\"@type\":\"ImageObject\",\"inLanguage\":\"fr-FR\",\"@id\":\"https:\\\/\\\/spccdz.com\\\/#\\\/schema\\\/logo\\\/image\\\/\",\"url\":\"https:\\\/\\\/spccdz.com\\\/wp-content\\\/uploads\\\/2026\\\/03\\\/spcc_logo_180px.svg\",\"contentUrl\":\"https:\\\/\\\/spccdz.com\\\/wp-content\\\/uploads\\\/2026\\\/03\\\/spcc_logo_180px.svg\",\"width\":180,\"height\":56,\"caption\":\"SPA S.P.C.C \\\/ SOCIEDE PRODUCTION ET DE COMMERCIALISATION DE CIMENT\"},\"image\":{\"@id\":\"https:\\\/\\\/spccdz.com\\\/#\\\/schema\\\/logo\\\/image\\\/\"},\"sameAs\":[\"https:\\\/\\\/www.linkedin.com\\\/company\\\/spa-spcc\\\/?originalSubdomain=tr\"]}]}<\/script>\n<!-- \/ Yoast SEO plugin. -->","yoast_head_json":{"title":"Sultan CPJ-CEM I 42.5 R-SR5 - SPCC Ciment","description":"Haute r\u00e9sistance initiale, haute r\u00e9sistance aux sulfates ; ciment Portland adapt\u00e9 aux environnements agressifs. Il s'agit d'une gamme de ciments \u00e0 haute r\u00e9sistance destin\u00e9s aux environnements difficiles.","robots":{"index":"index","follow":"follow","max-snippet":"max-snippet:-1","max-image-preview":"max-image-preview:large","max-video-preview":"max-video-preview:-1"},"canonical":"https:\/\/spccdz.com\/fr\/sultan-cpj-cem-i-42-5-r-sr5\/","og_locale":"fr_FR","og_type":"article","og_title":"Sultan CPJ-CEM I 42.5 R-SR5 - SPCC \u00c7imento","og_description":"Y\u00fcksek erken dayan\u0131m, y\u00fcksek s\u00fclfat direnci; agresif ortamlara uygun Portland \u00c7imento. zorlu ortamlar i\u00e7in y\u00fcksek mukavemetli \u00e7imento serisidir.","og_url":"https:\/\/spccdz.com\/fr\/sultan-cpj-cem-i-42-5-r-sr5\/","og_site_name":"SPCC \u00c7imento","article_modified_time":"2026-04-08T13:20:18+00:00","og_image":[{"url":"https:\/\/spccdz.com\/wp-content\/uploads\/2026\/01\/Sultan_42.5_R_SR5_small.webp","type":"","width":"","height":""}],"twitter_card":"summary_large_image","twitter_misc":{"Dur\u00e9e de lecture estim\u00e9e":"4 minutes"},"schema":{"@context":"https:\/\/schema.org","@graph":[{"@type":"WebPage","@id":"https:\/\/spccdz.com\/sultan-cpj-cem-i-42-5-r-sr5\/","url":"https:\/\/spccdz.com\/sultan-cpj-cem-i-42-5-r-sr5\/","name":"Sultan CPJ-CEM I 42.5 R-SR5 - SPCC Ciment","isPartOf":{"@id":"https:\/\/spccdz.com\/#website"},"primaryImageOfPage":{"@id":"https:\/\/spccdz.com\/sultan-cpj-cem-i-42-5-r-sr5\/#primaryimage"},"image":{"@id":"https:\/\/spccdz.com\/sultan-cpj-cem-i-42-5-r-sr5\/#primaryimage"},"thumbnailUrl":"https:\/\/spccdz.com\/wp-content\/uploads\/2026\/01\/Sultan_42.5_R_SR5_small.webp","datePublished":"2026-01-02T17:49:18+00:00","dateModified":"2026-04-08T13:20:18+00:00","description":"Haute r\u00e9sistance initiale, haute r\u00e9sistance aux sulfates ; ciment Portland adapt\u00e9 aux environnements agressifs. Il s'agit d'une gamme de ciments \u00e0 haute r\u00e9sistance destin\u00e9s aux environnements difficiles.","breadcrumb":{"@id":"https:\/\/spccdz.com\/sultan-cpj-cem-i-42-5-r-sr5\/#breadcrumb"},"inLanguage":"fr-FR","potentialAction":[{"@type":"ReadAction","target":["https:\/\/spccdz.com\/sultan-cpj-cem-i-42-5-r-sr5\/"]}]},{"@type":"ImageObject","inLanguage":"fr-FR","@id":"https:\/\/spccdz.com\/sultan-cpj-cem-i-42-5-r-sr5\/#primaryimage","url":"https:\/\/spccdz.com\/wp-content\/uploads\/2026\/01\/Sultan_42.5_R_SR5_small.webp","contentUrl":"https:\/\/spccdz.com\/wp-content\/uploads\/2026\/01\/Sultan_42.5_R_SR5_small.webp"},{"@type":"BreadcrumbList","@id":"https:\/\/spccdz.com\/sultan-cpj-cem-i-42-5-r-sr5\/#breadcrumb","itemListElement":[{"@type":"ListItem","position":1,"name":"Anasayfa","item":"https:\/\/spccdz.com\/"},{"@type":"ListItem","position":2,"name":"Sultan CPJ-CEM I 42.5 R-SR5"}]},{"@type":"WebSite","@id":"https:\/\/spccdz.com\/#website","url":"https:\/\/spccdz.com\/","name":"SPCC Ciment","description":"Une confiance qui se transmet","publisher":{"@id":"https:\/\/spccdz.com\/#organization"},"potentialAction":[{"@type":"SearchAction","target":{"@type":"EntryPoint","urlTemplate":"https:\/\/spccdz.com\/?s={search_term_string}"},"query-input":{"@type":"PropertyValueSpecification","valueRequired":true,"valueName":"search_term_string"}}],"inLanguage":"fr-FR"},{"@type":"Organization","@id":"https:\/\/spccdz.com\/#organization","name":"SPA S.P.C.C \/ SOCIEDE PRODUCTION ET DE COMMERCIALISATION DE CIMENT","url":"https:\/\/spccdz.com\/","logo":{"@type":"ImageObject","inLanguage":"fr-FR","@id":"https:\/\/spccdz.com\/#\/schema\/logo\/image\/","url":"https:\/\/spccdz.com\/wp-content\/uploads\/2026\/03\/spcc_logo_180px.svg","contentUrl":"https:\/\/spccdz.com\/wp-content\/uploads\/2026\/03\/spcc_logo_180px.svg","width":180,"height":56,"caption":"SPA S.P.C.C \/ SOCIEDE PRODUCTION ET DE COMMERCIALISATION DE CIMENT"},"image":{"@id":"https:\/\/spccdz.com\/#\/schema\/logo\/image\/"},"sameAs":["https:\/\/www.linkedin.com\/company\/spa-spcc\/?originalSubdomain=tr"]}]}},"_links":{"self":[{"href":"https:\/\/spccdz.com\/fr\/wp-json\/wp\/v2\/pages\/6109","targetHints":{"allow":["GET"]}}],"collection":[{"href":"https:\/\/spccdz.com\/fr\/wp-json\/wp\/v2\/pages"}],"about":[{"href":"https:\/\/spccdz.com\/fr\/wp-json\/wp\/v2\/types\/page"}],"author":[{"embeddable":true,"href":"https:\/\/spccdz.com\/fr\/wp-json\/wp\/v2\/users\/1"}],"replies":[{"embeddable":true,"href":"https:\/\/spccdz.com\/fr\/wp-json\/wp\/v2\/comments?post=6109"}],"version-history":[{"count":176,"href":"https:\/\/spccdz.com\/fr\/wp-json\/wp\/v2\/pages\/6109\/revisions"}],"predecessor-version":[{"id":7486,"href":"https:\/\/spccdz.com\/fr\/wp-json\/wp\/v2\/pages\/6109\/revisions\/7486"}],"wp:attachment":[{"href":"https:\/\/spccdz.com\/fr\/wp-json\/wp\/v2\/media?parent=6109"}],"curies":[{"name":"wp","href":"https:\/\/api.w.org\/{rel}","templated":true}]}}