{"id":6261,"date":"2026-01-03T15:08:24","date_gmt":"2026-01-03T12:08:24","guid":{"rendered":"https:\/\/spccdz.com\/?page_id=6261"},"modified":"2026-04-08T16:01:26","modified_gmt":"2026-04-08T13:01:26","slug":"moumayez-cpj-cem-ii-b-l-42-5-n","status":"publish","type":"page","link":"https:\/\/spccdz.com\/fr\/moumayez-cpj-cem-ii-b-l-42-5-n\/","title":{"rendered":"Moumayez CPJ-CEM II\/B-L 42.5 N"},"content":{"rendered":"<div data-elementor-type=\"wp-page\" data-elementor-id=\"6261\" class=\"elementor elementor-6261\">\n\t\t\t\t\t\t<section class=\"elementor-section elementor-top-section elementor-element elementor-element-e961984 elementor-section-boxed elementor-section-height-default elementor-section-height-default elementor-invisible\" data-id=\"e961984\" data-element_type=\"section\" data-e-type=\"section\" data-settings=\"{&quot;animation&quot;:&quot;slideInUp&quot;}\">\n\t\t\t\t\t\t<div class=\"elementor-container elementor-column-gap-default\">\n\t\t\t\t\t<div class=\"elementor-column elementor-col-33 elementor-top-column elementor-element elementor-element-a7351b7\" data-id=\"a7351b7\" data-element_type=\"column\" data-e-type=\"column\">\n\t\t\t<div class=\"elementor-widget-wrap elementor-element-populated\">\n\t\t\t\t\t\t<div class=\"elementor-element elementor-element-aac943c elementor-arrows-position-outside elementor-widget elementor-widget-image-carousel\" data-id=\"aac943c\" data-element_type=\"widget\" data-e-type=\"widget\" data-settings=\"{&quot;slides_to_show&quot;:&quot;1&quot;,&quot;navigation&quot;:&quot;both&quot;,&quot;autoplay&quot;:&quot;yes&quot;,&quot;pause_on_hover&quot;:&quot;yes&quot;,&quot;pause_on_interaction&quot;:&quot;yes&quot;,&quot;autoplay_speed&quot;:5000,&quot;infinite&quot;:&quot;yes&quot;,&quot;effect&quot;:&quot;slide&quot;,&quot;speed&quot;:500}\" data-widget_type=\"image-carousel.default\">\n\t\t\t\t<div class=\"elementor-widget-container\">\n\t\t\t\t\t\t\t<div class=\"elementor-image-carousel-wrapper swiper\" role=\"region\" aria-roledescription=\"carousel\" aria-label=\"Cycle d&#039;images\" dir=\"ltr\">\n\t\t\t<div class=\"elementor-image-carousel swiper-wrapper\" aria-live=\"off\">\n\t\t\t\t\t\t\t\t<div class=\"swiper-slide\" role=\"group\" aria-roledescription=\"slide\" aria-label=\"1 sur 3\" data-no-translation-aria-label=\"\"><figure class=\"swiper-slide-inner\"><img decoding=\"async\" class=\"swiper-slide-image\" src=\"https:\/\/spccdz.com\/wp-content\/uploads\/2026\/01\/MOUMAYEZ_42.5_N_SR5_cement_small.webp\" alt=\"Moumayez 42,5 N Portland Cement\" \/><\/figure><\/div><div class=\"swiper-slide\" role=\"group\" aria-roledescription=\"slide\" aria-label=\"2 sur 3\" data-no-translation-aria-label=\"\"><figure class=\"swiper-slide-inner\"><img decoding=\"async\" class=\"swiper-slide-image\" src=\"https:\/\/spccdz.com\/wp-content\/uploads\/2026\/01\/KAMIL_32.5_N_cement_bigbang.webp\" alt=\"SPCC Cement Moumayez Bigbang\" \/><\/figure><\/div><div class=\"swiper-slide\" role=\"group\" aria-roledescription=\"slide\" aria-label=\"3 sur 3\" data-no-translation-aria-label=\"\"><figure class=\"swiper-slide-inner\"><img decoding=\"async\" class=\"swiper-slide-image\" src=\"https:\/\/spccdz.com\/wp-content\/uploads\/2026\/01\/KAMIL_32.5_N_cement_dokme.webp\" alt=\"SPCC Gray Portland Cement\" \/><\/figure><\/div>\t\t\t<\/div>\n\t\t\t\t\t\t\t\t\t\t\t\t<div class=\"elementor-swiper-button elementor-swiper-button-prev\" role=\"button\" tabindex=\"0\">\n\t\t\t\t\t\t<i aria-hidden=\"true\" class=\"eicon-chevron-left\"><\/i>\t\t\t\t\t<\/div>\n\t\t\t\t\t<div class=\"elementor-swiper-button elementor-swiper-button-next\" role=\"button\" tabindex=\"0\">\n\t\t\t\t\t\t<i aria-hidden=\"true\" class=\"eicon-chevron-right\"><\/i>\t\t\t\t\t<\/div>\n\t\t\t\t\n\t\t\t\t\t\t\t\t\t<div class=\"swiper-pagination\"><\/div>\n\t\t\t\t\t\t\t\t\t<\/div>\n\t\t\t\t\t\t<\/div>\n\t\t\t\t<\/div>\n\t\t\t\t<div class=\"elementor-element elementor-element-d43a96e elementor-hidden-laptop elementor-hidden-tablet_extra elementor-hidden-tablet elementor-hidden-mobile_extra elementor-hidden-mobile elementor-absolute elementor-widget elementor-widget-energium_vertical_text\" data-id=\"d43a96e\" data-element_type=\"widget\" data-e-type=\"widget\" data-settings=\"{&quot;_position&quot;:&quot;absolute&quot;}\" data-widget_type=\"energium_vertical_text.default\">\n\t\t\t\t<div class=\"elementor-widget-container\">\n\t\t\t\t\t<div class=\"vertical-text\">Moumayez CPJ-CEM II\/B-L 42.5 N<\/div>\t\t\t\t<\/div>\n\t\t\t\t<\/div>\n\t\t\t\t<div class=\"elementor-element elementor-element-664e010 elementor-widget elementor-widget-heading\" data-id=\"664e010\" data-element_type=\"widget\" data-e-type=\"widget\" data-widget_type=\"heading.default\">\n\t\t\t\t<div class=\"elementor-widget-container\">\n\t\t\t\t\t<h2 class=\"elementor-heading-title elementor-size-default\"><a href=\"https:\/\/spccdz.com\/wp-content\/uploads\/2026\/01\/Moumayez_ciment_N_TR.pdf\" target=\"_blank\">Brochure du produit<\/a><\/h2>\t\t\t\t<\/div>\n\t\t\t\t<\/div>\n\t\t\t\t<div class=\"elementor-element elementor-element-c337d58 elementor-widget elementor-widget-image\" data-id=\"c337d58\" data-element_type=\"widget\" data-e-type=\"widget\" data-widget_type=\"image.default\">\n\t\t\t\t<div class=\"elementor-widget-container\">\n\t\t\t\t\t\t\t\t\t\t\t\t\t\t\t<img fetchpriority=\"high\" decoding=\"async\" width=\"566\" height=\"519\" src=\"https:\/\/spccdz.com\/wp-content\/uploads\/2026\/04\/Moumayez_dosage_moyen_pour_beton_FR.png\" class=\"attachment-large size-large wp-image-7472\" alt=\"Dosages de ciment MOUMAYEZ\" srcset=\"https:\/\/spccdz.com\/wp-content\/uploads\/2026\/04\/Moumayez_dosage_moyen_pour_beton_FR.png 566w, https:\/\/spccdz.com\/wp-content\/uploads\/2026\/04\/Moumayez_dosage_moyen_pour_beton_FR-13x12.png 13w\" sizes=\"(max-width: 566px) 100vw, 566px\" \/>\t\t\t\t\t\t\t\t\t\t\t\t\t\t\t<\/div>\n\t\t\t\t<\/div>\n\t\t\t\t\t<\/div>\n\t\t<\/div>\n\t\t\t\t<div class=\"elementor-column elementor-col-66 elementor-top-column elementor-element elementor-element-928bc36\" data-id=\"928bc36\" data-element_type=\"column\" data-e-type=\"column\">\n\t\t\t<div class=\"elementor-widget-wrap elementor-element-populated\">\n\t\t\t\t\t\t<div class=\"elementor-element elementor-element-2466f3a elementor-widget elementor-widget-heading\" data-id=\"2466f3a\" data-element_type=\"widget\" data-e-type=\"widget\" data-widget_type=\"heading.default\">\n\t\t\t\t<div class=\"elementor-widget-container\">\n\t\t\t\t\t<h2 class=\"elementor-heading-title elementor-size-default\">Moumayez CPJ-CEM II\/B-L 42.5 N<\/h2>\t\t\t\t<\/div>\n\t\t\t\t<\/div>\n\t\t\t\t<div class=\"elementor-element elementor-element-d9e67cd elementor-widget elementor-widget-text-editor\" data-id=\"d9e67cd\" data-element_type=\"widget\" data-e-type=\"widget\" data-widget_type=\"text-editor.default\">\n\t\t\t\t<div class=\"elementor-widget-container\">\n\t\t\t\t\t\t\t\t\t<p>Ciment Portland \u00e0 prise normale, r\u00e9sistance moyenne \u00e0 \u00e9lev\u00e9e<\/p>\t\t\t\t\t\t\t\t<\/div>\n\t\t\t\t<\/div>\n\t\t\t\t<div class=\"elementor-element elementor-element-af3880a elementor-widget__width-initial elementor-widget elementor-widget-text-editor\" data-id=\"af3880a\" data-element_type=\"widget\" data-e-type=\"widget\" data-widget_type=\"text-editor.default\">\n\t\t\t\t<div class=\"elementor-widget-container\">\n\t\t\t\t\t\t\t\t\t<p><strong>MOUMAYEZ\u00ae, NA 442<\/strong> Il s'agit d'un produit hautement performant qui r\u00e9pond aux exigences de la norme.<br \/><strong>MOUMAYEZ<\/strong>, c'est un ciment destin\u00e9 aux b\u00e9tons \u00e0 haute performance utilis\u00e9s dans la construction d'ouvrages d'art (portes, viaducs, tunnels\u2026).<br \/><strong>MOUMAYEZ CEM II\/A 42,5 R NA 442<\/strong>, utilisable toute l'ann\u00e9e. Un environnement adapt\u00e9 aux travaux de b\u00e9tonnage par temps froid.<br \/><strong>MOUMAYEZ,<\/strong> SPCC est une usine sp\u00e9cialis\u00e9e situ\u00e9e \u00e0 Alger.<br \/><strong>MOUMAYEZ CEM II\/A 42,5 R NA 442<\/strong>, ce produit offre le meilleur rapport qualit\u00e9-prix. Les filtres int\u00e9gr\u00e9s permettent au caf\u00e9 de se dissoudre de plus en plus rapidement.<\/p><p><strong>Domaines d'application<br \/><\/strong>Projets de construction r\u00e9sidentielle et commerciale<br \/>B\u00e9tons de fondation<br \/>\u00c9l\u00e9ments de construction pr\u00e9fabriqu\u00e9s<br \/><strong><br \/>Avantages<\/strong><br \/>Haute r\u00e9sistance<br \/>Applications durables<br \/>Large domaine d'application<br \/><strong><br \/>Temps de prise \u00e0 20 \u00b0C (NA230)<\/strong><br \/>D\u00e9but du r\u00e9glage (min.) : 150 \u00b1 30<br \/>Fin de r\u00e9glage (min.) : 250 \u00b1 50<br \/><strong><br \/>Analyses chimiques<\/strong><br \/>Point d'inflammation (%) (NA5042) : 10,0 \u00b1 2<br \/>Teneur en sulfates (SO\u2083 (%)) : 2,5 \u00b1 0,5\u00a0<br \/>Teneur en oxyde de magn\u00e9sium (MgO) (%) : 1,8 \u00b1 0,5<br \/>Teneur en chlorure (NA5042) (%) : 0,02 \u2013 0,05\u00a0<br \/><strong><br \/>Exigences physiques <\/strong><br \/>Temps de d\u00e9marrage (min) &gt; 75<br \/>Dilatation volumique (mm) &lt; 10<br \/><strong><br \/>Exigences m\u00e9caniques<\/strong><br \/>\u00c9volution de la r\u00e9sistance \u00e0 la pression<br \/>Valeurs minimales<br \/>2 jours : &gt;20,0 MPa<br \/>28 jours : &gt;42,5 MPa<\/p><p><strong>Mode de livraison<\/strong><br \/>Sac (25 kg, 50 kg)<br \/>Sur palette (25 kg\/1,4 tonne \u2013 50 kg\/1,5 tonne)<br \/>Big bag (1,25 tonne \/ 1,5 tonne)<br \/>Sac \u00e0 bandouli\u00e8re (50 kg\/1,5 tonne \u2013 25 kg\/1,5 tonne)<br \/>Coul\u00e9e<br \/><strong><br \/>Pr\u00e9cautions d'utilisation<\/strong><br \/>Il convient de l'utiliser en respectant la dose minimale de ciment et le rapport eau\/ciment maximal indiqu\u00e9s dans les normes.<br \/>Il convient de respecter les normes en mati\u00e8re de protection et de traitement de durcissement.<br \/>Il ne faut pas d\u00e9monter les coffrages avant que le b\u00e9ton coul\u00e9 n'ait atteint une r\u00e9sistance m\u00e9canique suffisante.<br \/>Il faut \u00e9viter de transporter le b\u00e9ton pr\u00eat \u00e0 l'emploi sur de longues distances.<br \/>Il convient de prendre des mesures pour \u00e9viter la formation de fissures lors du coulage du b\u00e9ton par temps chaud et venteux.<br \/><strong><br \/>Cas dans lesquels l'utilisation est d\u00e9conseill\u00e9e<\/strong><br \/>Dans les applications o\u00f9 un haut degr\u00e9 de blancheur est requis, l'utilisation de granulats dont la teinte n'est pas adapt\u00e9e peut emp\u00eacher d'obtenir la blancheur souhait\u00e9e.<br \/><strong><br \/>Environnement, s\u00e9curit\u00e9 et stockage<\/strong><br \/>Portez des v\u00eatements de protection adapt\u00e9s, des gants ainsi que des \u00e9quipements de protection des yeux et du visage.<br \/>Pour obtenir des informations d\u00e9taill\u00e9es sur la s\u00e9curit\u00e9, demandez la \u00ab fiche de donn\u00e9es de s\u00e9curit\u00e9 \u00bb du produit.<br \/>Stockez le ciment en vrac dans des silos adapt\u00e9s, \u00e0 l'abri de l'humidit\u00e9 et du vent, et le ciment en sacs dans des entrep\u00f4ts prot\u00e9g\u00e9s de l'humidit\u00e9, du vent et du froid, en les empilant sur 10 rang\u00e9es au maximum.<\/p>\t\t\t\t\t\t\t\t<\/div>\n\t\t\t\t<\/div>\n\t\t\t\t\t<\/div>\n\t\t<\/div>\n\t\t\t\t\t<\/div>\n\t\t<\/section>\n\t\t\t\t<\/div>","protected":false},"excerpt":{"rendered":"<p>\u00dcr\u00fcn Bro\u015f\u00fcr\u00fc Moumayez CPJ-CEM II\/B-L 42.5 N Orta-y\u00fcksek dayan\u0131m, normal priz Portland \u00c7imento MOUMAYEZ\u00ae, NA 442 normunun gerekliliklerini belgeleyen, \u00fcst d\u00fczey performanslara sahip bir \u00fcr\u00fcnd\u00fcr.MOUMAYEZ, sanat yap\u0131lar\u0131n\u0131n (portlar, viyad\u00fckler, t\u00fcneller&#8230;) in\u015faat\u0131na y\u00f6nelik y\u00fcksek performansl\u0131 betonlar i\u00e7in bir \u00e7imentodur.MOUMAYEZ CEM II\/A 42,5&#8230;<\/p>","protected":false},"author":1,"featured_media":0,"parent":0,"menu_order":0,"comment_status":"closed","ping_status":"closed","template":"","meta":{"footnotes":""},"class_list":["post-6261","page","type-page","status-publish","hentry"],"yoast_head":"<!-- This site is optimized with the Yoast SEO plugin v27.4 - https:\/\/yoast.com\/product\/yoast-seo-wordpress\/ -->\n<title>Moumayez CPJ-CEM II\/B-L 42.5 N - SPCC \u00c7imento<\/title>\n<meta name=\"description\" content=\"Orta-y\u00fcksek dayan\u0131m, normal priz Portland \u00c7imento. MOUMAYEZ, limanlar, viyad\u00fckler, t\u00fcneller in\u015faat\u0131na y\u00f6nelik y\u00fcksek performansl\u0131 betonlar i\u00e7in bir \u00e7imentodur.\" \/>\n<meta name=\"robots\" content=\"index, follow, max-snippet:-1, max-image-preview:large, max-video-preview:-1\" \/>\n<link rel=\"canonical\" href=\"https:\/\/spccdz.com\/fr\/moumayez-cpj-cem-ii-b-l-42-5-n\/\" \/>\n<meta property=\"og:locale\" content=\"fr_FR\" \/>\n<meta property=\"og:type\" content=\"article\" \/>\n<meta property=\"og:title\" content=\"Moumayez CPJ-CEM II\/B-L 42.5 N - SPCC \u00c7imento\" \/>\n<meta property=\"og:description\" content=\"Orta-y\u00fcksek dayan\u0131m, normal priz Portland \u00c7imento. MOUMAYEZ, limanlar, viyad\u00fckler, t\u00fcneller in\u015faat\u0131na y\u00f6nelik y\u00fcksek performansl\u0131 betonlar i\u00e7in bir \u00e7imentodur.\" \/>\n<meta property=\"og:url\" content=\"https:\/\/spccdz.com\/fr\/moumayez-cpj-cem-ii-b-l-42-5-n\/\" \/>\n<meta property=\"og:site_name\" content=\"SPCC \u00c7imento\" \/>\n<meta property=\"article:modified_time\" content=\"2026-04-08T13:01:26+00:00\" \/>\n<meta property=\"og:image\" content=\"https:\/\/spccdz.com\/wp-content\/uploads\/2026\/01\/MOUMAYEZ_42.5_N_SR5_cement_small.webp\" \/>\n<meta name=\"twitter:card\" content=\"summary_large_image\" \/>\n<meta name=\"twitter:label1\" content=\"Dur\u00e9e de lecture estim\u00e9e\" \/>\n\t<meta name=\"twitter:data1\" content=\"4 minutes\" \/>\n<script type=\"application\/ld+json\" class=\"yoast-schema-graph\">{\"@context\":\"https:\\\/\\\/schema.org\",\"@graph\":[{\"@type\":\"WebPage\",\"@id\":\"https:\\\/\\\/spccdz.com\\\/moumayez-cpj-cem-ii-b-l-42-5-n\\\/\",\"url\":\"https:\\\/\\\/spccdz.com\\\/moumayez-cpj-cem-ii-b-l-42-5-n\\\/\",\"name\":\"Moumayez CPJ-CEM II\\\/B-L 42.5 N - SPCC \u00c7imento\",\"isPartOf\":{\"@id\":\"https:\\\/\\\/spccdz.com\\\/#website\"},\"primaryImageOfPage\":{\"@id\":\"https:\\\/\\\/spccdz.com\\\/moumayez-cpj-cem-ii-b-l-42-5-n\\\/#primaryimage\"},\"image\":{\"@id\":\"https:\\\/\\\/spccdz.com\\\/moumayez-cpj-cem-ii-b-l-42-5-n\\\/#primaryimage\"},\"thumbnailUrl\":\"https:\\\/\\\/spccdz.com\\\/wp-content\\\/uploads\\\/2026\\\/01\\\/MOUMAYEZ_42.5_N_SR5_cement_small.webp\",\"datePublished\":\"2026-01-03T12:08:24+00:00\",\"dateModified\":\"2026-04-08T13:01:26+00:00\",\"description\":\"Orta-y\u00fcksek dayan\u0131m, normal priz Portland \u00c7imento. MOUMAYEZ, limanlar, viyad\u00fckler, t\u00fcneller in\u015faat\u0131na y\u00f6nelik y\u00fcksek performansl\u0131 betonlar i\u00e7in bir \u00e7imentodur.\",\"breadcrumb\":{\"@id\":\"https:\\\/\\\/spccdz.com\\\/moumayez-cpj-cem-ii-b-l-42-5-n\\\/#breadcrumb\"},\"inLanguage\":\"fr-FR\",\"potentialAction\":[{\"@type\":\"ReadAction\",\"target\":[\"https:\\\/\\\/spccdz.com\\\/moumayez-cpj-cem-ii-b-l-42-5-n\\\/\"]}]},{\"@type\":\"ImageObject\",\"inLanguage\":\"fr-FR\",\"@id\":\"https:\\\/\\\/spccdz.com\\\/moumayez-cpj-cem-ii-b-l-42-5-n\\\/#primaryimage\",\"url\":\"https:\\\/\\\/spccdz.com\\\/wp-content\\\/uploads\\\/2026\\\/01\\\/MOUMAYEZ_42.5_N_SR5_cement_small.webp\",\"contentUrl\":\"https:\\\/\\\/spccdz.com\\\/wp-content\\\/uploads\\\/2026\\\/01\\\/MOUMAYEZ_42.5_N_SR5_cement_small.webp\"},{\"@type\":\"BreadcrumbList\",\"@id\":\"https:\\\/\\\/spccdz.com\\\/moumayez-cpj-cem-ii-b-l-42-5-n\\\/#breadcrumb\",\"itemListElement\":[{\"@type\":\"ListItem\",\"position\":1,\"name\":\"Anasayfa\",\"item\":\"https:\\\/\\\/spccdz.com\\\/\"},{\"@type\":\"ListItem\",\"position\":2,\"name\":\"Moumayez CPJ-CEM II\\\/B-L 42.5 N\"}]},{\"@type\":\"WebSite\",\"@id\":\"https:\\\/\\\/spccdz.com\\\/#website\",\"url\":\"https:\\\/\\\/spccdz.com\\\/\",\"name\":\"SPCC Ciment\",\"description\":\"Nesiller boyu s\u00fcren g\u00fc\u00e7\",\"publisher\":{\"@id\":\"https:\\\/\\\/spccdz.com\\\/#organization\"},\"potentialAction\":[{\"@type\":\"SearchAction\",\"target\":{\"@type\":\"EntryPoint\",\"urlTemplate\":\"https:\\\/\\\/spccdz.com\\\/?s={search_term_string}\"},\"query-input\":{\"@type\":\"PropertyValueSpecification\",\"valueRequired\":true,\"valueName\":\"search_term_string\"}}],\"inLanguage\":\"fr-FR\"},{\"@type\":\"Organization\",\"@id\":\"https:\\\/\\\/spccdz.com\\\/#organization\",\"name\":\"SPA S.P.C.C \\\/ SOCIEDE PRODUCTION ET DE COMMERCIALISATION DE CIMENT\",\"url\":\"https:\\\/\\\/spccdz.com\\\/\",\"logo\":{\"@type\":\"ImageObject\",\"inLanguage\":\"fr-FR\",\"@id\":\"https:\\\/\\\/spccdz.com\\\/#\\\/schema\\\/logo\\\/image\\\/\",\"url\":\"https:\\\/\\\/spccdz.com\\\/wp-content\\\/uploads\\\/2026\\\/03\\\/spcc_logo_180px.svg\",\"contentUrl\":\"https:\\\/\\\/spccdz.com\\\/wp-content\\\/uploads\\\/2026\\\/03\\\/spcc_logo_180px.svg\",\"width\":180,\"height\":56,\"caption\":\"SPA S.P.C.C \\\/ SOCIEDE PRODUCTION ET DE COMMERCIALISATION DE CIMENT\"},\"image\":{\"@id\":\"https:\\\/\\\/spccdz.com\\\/#\\\/schema\\\/logo\\\/image\\\/\"},\"sameAs\":[\"https:\\\/\\\/www.linkedin.com\\\/company\\\/spa-spcc\\\/?originalSubdomain=tr\"]}]}<\/script>\n<!-- \/ Yoast SEO plugin. -->","yoast_head_json":{"title":"Moumayez CPJ-CEM II\/B-L 42.5 N - SPCC Ciment","description":"Ciment Portland \u00e0 prise normale, de r\u00e9sistance moyenne \u00e0 \u00e9lev\u00e9e. MOUMAYEZ est un ciment destin\u00e9 aux b\u00e9tons \u00e0 haute performance utilis\u00e9s dans la construction de ports, de viaducs et de tunnels.","robots":{"index":"index","follow":"follow","max-snippet":"max-snippet:-1","max-image-preview":"max-image-preview:large","max-video-preview":"max-video-preview:-1"},"canonical":"https:\/\/spccdz.com\/fr\/moumayez-cpj-cem-ii-b-l-42-5-n\/","og_locale":"fr_FR","og_type":"article","og_title":"Moumayez CPJ-CEM II\/B-L 42.5 N - SPCC \u00c7imento","og_description":"Orta-y\u00fcksek dayan\u0131m, normal priz Portland \u00c7imento. MOUMAYEZ, limanlar, viyad\u00fckler, t\u00fcneller in\u015faat\u0131na y\u00f6nelik y\u00fcksek performansl\u0131 betonlar i\u00e7in bir \u00e7imentodur.","og_url":"https:\/\/spccdz.com\/fr\/moumayez-cpj-cem-ii-b-l-42-5-n\/","og_site_name":"SPCC \u00c7imento","article_modified_time":"2026-04-08T13:01:26+00:00","og_image":[{"url":"https:\/\/spccdz.com\/wp-content\/uploads\/2026\/01\/MOUMAYEZ_42.5_N_SR5_cement_small.webp","type":"","width":"","height":""}],"twitter_card":"summary_large_image","twitter_misc":{"Dur\u00e9e de lecture estim\u00e9e":"4 minutes"},"schema":{"@context":"https:\/\/schema.org","@graph":[{"@type":"WebPage","@id":"https:\/\/spccdz.com\/moumayez-cpj-cem-ii-b-l-42-5-n\/","url":"https:\/\/spccdz.com\/moumayez-cpj-cem-ii-b-l-42-5-n\/","name":"Moumayez CPJ-CEM II\/B-L 42.5 N - SPCC Ciment","isPartOf":{"@id":"https:\/\/spccdz.com\/#website"},"primaryImageOfPage":{"@id":"https:\/\/spccdz.com\/moumayez-cpj-cem-ii-b-l-42-5-n\/#primaryimage"},"image":{"@id":"https:\/\/spccdz.com\/moumayez-cpj-cem-ii-b-l-42-5-n\/#primaryimage"},"thumbnailUrl":"https:\/\/spccdz.com\/wp-content\/uploads\/2026\/01\/MOUMAYEZ_42.5_N_SR5_cement_small.webp","datePublished":"2026-01-03T12:08:24+00:00","dateModified":"2026-04-08T13:01:26+00:00","description":"Ciment Portland \u00e0 prise normale, de r\u00e9sistance moyenne \u00e0 \u00e9lev\u00e9e. MOUMAYEZ est un ciment destin\u00e9 aux b\u00e9tons \u00e0 haute performance utilis\u00e9s dans la construction de ports, de viaducs et de tunnels.","breadcrumb":{"@id":"https:\/\/spccdz.com\/moumayez-cpj-cem-ii-b-l-42-5-n\/#breadcrumb"},"inLanguage":"fr-FR","potentialAction":[{"@type":"ReadAction","target":["https:\/\/spccdz.com\/moumayez-cpj-cem-ii-b-l-42-5-n\/"]}]},{"@type":"ImageObject","inLanguage":"fr-FR","@id":"https:\/\/spccdz.com\/moumayez-cpj-cem-ii-b-l-42-5-n\/#primaryimage","url":"https:\/\/spccdz.com\/wp-content\/uploads\/2026\/01\/MOUMAYEZ_42.5_N_SR5_cement_small.webp","contentUrl":"https:\/\/spccdz.com\/wp-content\/uploads\/2026\/01\/MOUMAYEZ_42.5_N_SR5_cement_small.webp"},{"@type":"BreadcrumbList","@id":"https:\/\/spccdz.com\/moumayez-cpj-cem-ii-b-l-42-5-n\/#breadcrumb","itemListElement":[{"@type":"ListItem","position":1,"name":"Anasayfa","item":"https:\/\/spccdz.com\/"},{"@type":"ListItem","position":2,"name":"Moumayez CPJ-CEM II\/B-L 42.5 N"}]},{"@type":"WebSite","@id":"https:\/\/spccdz.com\/#website","url":"https:\/\/spccdz.com\/","name":"SPCC Ciment","description":"Une confiance qui se transmet","publisher":{"@id":"https:\/\/spccdz.com\/#organization"},"potentialAction":[{"@type":"SearchAction","target":{"@type":"EntryPoint","urlTemplate":"https:\/\/spccdz.com\/?s={search_term_string}"},"query-input":{"@type":"PropertyValueSpecification","valueRequired":true,"valueName":"search_term_string"}}],"inLanguage":"fr-FR"},{"@type":"Organization","@id":"https:\/\/spccdz.com\/#organization","name":"SPA S.P.C.C \/ SOCIEDE PRODUCTION ET DE COMMERCIALISATION DE CIMENT","url":"https:\/\/spccdz.com\/","logo":{"@type":"ImageObject","inLanguage":"fr-FR","@id":"https:\/\/spccdz.com\/#\/schema\/logo\/image\/","url":"https:\/\/spccdz.com\/wp-content\/uploads\/2026\/03\/spcc_logo_180px.svg","contentUrl":"https:\/\/spccdz.com\/wp-content\/uploads\/2026\/03\/spcc_logo_180px.svg","width":180,"height":56,"caption":"SPA S.P.C.C \/ SOCIEDE PRODUCTION ET DE COMMERCIALISATION DE CIMENT"},"image":{"@id":"https:\/\/spccdz.com\/#\/schema\/logo\/image\/"},"sameAs":["https:\/\/www.linkedin.com\/company\/spa-spcc\/?originalSubdomain=tr"]}]}},"_links":{"self":[{"href":"https:\/\/spccdz.com\/fr\/wp-json\/wp\/v2\/pages\/6261","targetHints":{"allow":["GET"]}}],"collection":[{"href":"https:\/\/spccdz.com\/fr\/wp-json\/wp\/v2\/pages"}],"about":[{"href":"https:\/\/spccdz.com\/fr\/wp-json\/wp\/v2\/types\/page"}],"author":[{"embeddable":true,"href":"https:\/\/spccdz.com\/fr\/wp-json\/wp\/v2\/users\/1"}],"replies":[{"embeddable":true,"href":"https:\/\/spccdz.com\/fr\/wp-json\/wp\/v2\/comments?post=6261"}],"version-history":[{"count":49,"href":"https:\/\/spccdz.com\/fr\/wp-json\/wp\/v2\/pages\/6261\/revisions"}],"predecessor-version":[{"id":7478,"href":"https:\/\/spccdz.com\/fr\/wp-json\/wp\/v2\/pages\/6261\/revisions\/7478"}],"wp:attachment":[{"href":"https:\/\/spccdz.com\/fr\/wp-json\/wp\/v2\/media?parent=6261"}],"curies":[{"name":"wp","href":"https:\/\/api.w.org\/{rel}","templated":true}]}}