{"id":6305,"date":"2026-01-03T16:26:41","date_gmt":"2026-01-03T13:26:41","guid":{"rendered":"https:\/\/spccdz.com\/?page_id=6305"},"modified":"2026-04-08T15:18:22","modified_gmt":"2026-04-08T12:18:22","slug":"kamil-cpj-cem-ii-b-l-32-5-n","status":"publish","type":"page","link":"https:\/\/spccdz.com\/fr\/kamil-cpj-cem-ii-b-l-32-5-n\/","title":{"rendered":"Kamil CPJ-CEM II\/B-L 32.5 N"},"content":{"rendered":"<div data-elementor-type=\"wp-page\" data-elementor-id=\"6305\" class=\"elementor elementor-6305\">\n\t\t\t\t\t\t<section class=\"elementor-section elementor-top-section elementor-element elementor-element-00f36ec elementor-section-boxed elementor-section-height-default elementor-section-height-default elementor-invisible\" data-id=\"00f36ec\" data-element_type=\"section\" data-e-type=\"section\" data-settings=\"{&quot;animation&quot;:&quot;slideInUp&quot;}\">\n\t\t\t\t\t\t<div class=\"elementor-container elementor-column-gap-default\">\n\t\t\t\t\t<div class=\"elementor-column elementor-col-33 elementor-top-column elementor-element elementor-element-8f42b6a\" data-id=\"8f42b6a\" data-element_type=\"column\" data-e-type=\"column\">\n\t\t\t<div class=\"elementor-widget-wrap elementor-element-populated\">\n\t\t\t\t\t\t<div class=\"elementor-element elementor-element-fe89ad0 elementor-arrows-position-outside elementor-widget elementor-widget-image-carousel\" data-id=\"fe89ad0\" data-element_type=\"widget\" data-e-type=\"widget\" data-settings=\"{&quot;slides_to_show&quot;:&quot;1&quot;,&quot;navigation&quot;:&quot;both&quot;,&quot;autoplay&quot;:&quot;yes&quot;,&quot;pause_on_hover&quot;:&quot;yes&quot;,&quot;pause_on_interaction&quot;:&quot;yes&quot;,&quot;autoplay_speed&quot;:5000,&quot;infinite&quot;:&quot;yes&quot;,&quot;effect&quot;:&quot;slide&quot;,&quot;speed&quot;:500}\" data-widget_type=\"image-carousel.default\">\n\t\t\t\t<div class=\"elementor-widget-container\">\n\t\t\t\t\t\t\t<div class=\"elementor-image-carousel-wrapper swiper\" role=\"region\" aria-roledescription=\"carousel\" aria-label=\"Cycle d&#039;images\" dir=\"ltr\">\n\t\t\t<div class=\"elementor-image-carousel swiper-wrapper\" aria-live=\"off\">\n\t\t\t\t\t\t\t\t<div class=\"swiper-slide\" role=\"group\" aria-roledescription=\"slide\" aria-label=\"1 sur 3\"><figure class=\"swiper-slide-inner\"><img decoding=\"async\" class=\"swiper-slide-image\" src=\"https:\/\/spccdz.com\/wp-content\/uploads\/2026\/01\/KAMIL_32.5_N_cement_small-1.webp\" alt=\"Kamil 32.5 N Cement\" \/><\/figure><\/div><div class=\"swiper-slide\" role=\"group\" aria-roledescription=\"slide\" aria-label=\"2 sur 3\"><figure class=\"swiper-slide-inner\"><img decoding=\"async\" class=\"swiper-slide-image\" src=\"https:\/\/spccdz.com\/wp-content\/uploads\/2026\/01\/KAMIL_32.5_N_BIGBANG_cement.webp\" alt=\"BigBang Cement Kamil 32.5\" \/><\/figure><\/div><div class=\"swiper-slide\" role=\"group\" aria-roledescription=\"slide\" aria-label=\"3 sur 3\"><figure class=\"swiper-slide-inner\"><img decoding=\"async\" class=\"swiper-slide-image\" src=\"https:\/\/spccdz.com\/wp-content\/uploads\/2026\/01\/KAMIL_32.5_N_cement_dokme.webp\" alt=\"SPCC Gray Portland Cement\" \/><\/figure><\/div>\t\t\t<\/div>\n\t\t\t\t\t\t\t\t\t\t\t\t<div class=\"elementor-swiper-button elementor-swiper-button-prev\" role=\"button\" tabindex=\"0\">\n\t\t\t\t\t\t<i aria-hidden=\"true\" class=\"eicon-chevron-left\"><\/i>\t\t\t\t\t<\/div>\n\t\t\t\t\t<div class=\"elementor-swiper-button elementor-swiper-button-next\" role=\"button\" tabindex=\"0\">\n\t\t\t\t\t\t<i aria-hidden=\"true\" class=\"eicon-chevron-right\"><\/i>\t\t\t\t\t<\/div>\n\t\t\t\t\n\t\t\t\t\t\t\t\t\t<div class=\"swiper-pagination\"><\/div>\n\t\t\t\t\t\t\t\t\t<\/div>\n\t\t\t\t\t\t<\/div>\n\t\t\t\t<\/div>\n\t\t\t\t<div class=\"elementor-element elementor-element-503b7f5 elementor-widget elementor-widget-heading\" data-id=\"503b7f5\" data-element_type=\"widget\" data-e-type=\"widget\" data-widget_type=\"heading.default\">\n\t\t\t\t<div class=\"elementor-widget-container\">\n\t\t\t\t\t<h2 class=\"elementor-heading-title elementor-size-default\"><a href=\"https:\/\/spccdz.com\/wp-content\/uploads\/2026\/01\/Kamil_ciment_N_TR.pdf\" target=\"_blank\">Brochure du produit<\/a><\/h2>\t\t\t\t<\/div>\n\t\t\t\t<\/div>\n\t\t\t\t<div class=\"elementor-element elementor-element-8236355 elementor-widget elementor-widget-image\" data-id=\"8236355\" data-element_type=\"widget\" data-e-type=\"widget\" data-widget_type=\"image.default\">\n\t\t\t\t<div class=\"elementor-widget-container\">\n\t\t\t\t\t\t\t\t\t\t\t\t\t\t\t<img fetchpriority=\"high\" decoding=\"async\" width=\"566\" height=\"519\" src=\"https:\/\/spccdz.com\/wp-content\/uploads\/2026\/04\/Kamil_ciment_dosage_FR.png\" class=\"attachment-large size-large wp-image-7451\" alt=\"Dosages de ciment KAM\u0130L\" srcset=\"https:\/\/spccdz.com\/wp-content\/uploads\/2026\/04\/Kamil_ciment_dosage_FR.png 566w, https:\/\/spccdz.com\/wp-content\/uploads\/2026\/04\/Kamil_ciment_dosage_FR-13x12.png 13w\" sizes=\"(max-width: 566px) 100vw, 566px\" \/>\t\t\t\t\t\t\t\t\t\t\t\t\t\t\t<\/div>\n\t\t\t\t<\/div>\n\t\t\t\t<div class=\"elementor-element elementor-element-7dbf769 elementor-widget elementor-widget-image\" data-id=\"7dbf769\" data-element_type=\"widget\" data-e-type=\"widget\" data-widget_type=\"image.default\">\n\t\t\t\t<div class=\"elementor-widget-container\">\n\t\t\t\t\t\t\t\t\t\t\t\t\t\t\t<img decoding=\"async\" width=\"566\" height=\"122\" src=\"https:\/\/spccdz.com\/wp-content\/uploads\/2026\/04\/ISO_urun_sayfasi_small.png\" class=\"attachment-full size-full wp-image-7462\" alt=\"ISO Ciment\" srcset=\"https:\/\/spccdz.com\/wp-content\/uploads\/2026\/04\/ISO_urun_sayfasi_small.png 566w, https:\/\/spccdz.com\/wp-content\/uploads\/2026\/04\/ISO_urun_sayfasi_small-18x4.png 18w\" sizes=\"(max-width: 566px) 100vw, 566px\" \/>\t\t\t\t\t\t\t\t\t\t\t\t\t\t\t<\/div>\n\t\t\t\t<\/div>\n\t\t\t\t<div class=\"elementor-element elementor-element-266dd7e elementor-hidden-laptop elementor-hidden-tablet_extra elementor-hidden-tablet elementor-hidden-mobile_extra elementor-hidden-mobile elementor-absolute elementor-widget elementor-widget-energium_vertical_text\" data-id=\"266dd7e\" data-element_type=\"widget\" data-e-type=\"widget\" data-settings=\"{&quot;_position&quot;:&quot;absolute&quot;}\" data-widget_type=\"energium_vertical_text.default\">\n\t\t\t\t<div class=\"elementor-widget-container\">\n\t\t\t\t\t<div class=\"vertical-text\">Kamil CPJ-CEM II\/B-L 32.5 N<\/div>\t\t\t\t<\/div>\n\t\t\t\t<\/div>\n\t\t\t\t\t<\/div>\n\t\t<\/div>\n\t\t\t\t<div class=\"elementor-column elementor-col-66 elementor-top-column elementor-element elementor-element-da7871f\" data-id=\"da7871f\" data-element_type=\"column\" data-e-type=\"column\">\n\t\t\t<div class=\"elementor-widget-wrap elementor-element-populated\">\n\t\t\t\t\t\t<div class=\"elementor-element elementor-element-9580423 elementor-widget elementor-widget-heading\" data-id=\"9580423\" data-element_type=\"widget\" data-e-type=\"widget\" data-widget_type=\"heading.default\">\n\t\t\t\t<div class=\"elementor-widget-container\">\n\t\t\t\t\t<h2 class=\"elementor-heading-title elementor-size-default\">Kamil CPJ-CEM II\/B-L 32.5 N<\/h2>\t\t\t\t<\/div>\n\t\t\t\t<\/div>\n\t\t\t\t<div class=\"elementor-element elementor-element-47407a1 elementor-widget elementor-widget-text-editor\" data-id=\"47407a1\" data-element_type=\"widget\" data-e-type=\"widget\" data-widget_type=\"text-editor.default\">\n\t\t\t\t<div class=\"elementor-widget-container\">\n\t\t\t\t\t\t\t\t\t<p>Faible r\u00e9sistance initiale ; prise rapide ; ciment Portland \u00e9conomique<\/p>\t\t\t\t\t\t\t\t<\/div>\n\t\t\t\t<\/div>\n\t\t\t\t<div class=\"elementor-element elementor-element-fd4dae5 elementor-widget__width-initial elementor-widget elementor-widget-text-editor\" data-id=\"fd4dae5\" data-element_type=\"widget\" data-e-type=\"widget\" data-widget_type=\"text-editor.default\">\n\t\t\t\t<div class=\"elementor-widget-container\">\n\t\t\t\t\t\t\t\t\t<p><strong>KAMIL<\/strong>Il s'agit d'un ciment destin\u00e9 \u00e0 des usages multiples qui r\u00e9pond aux exigences de la norme NA 442.<br \/><strong>KAMIL<\/strong>, est un produit con\u00e7u pour favoriser la concurrence civile et industrielle en aidant les entrepreneurs \u00e0 offrir le meilleur rapport qualit\u00e9-prix.<br \/><strong>KAMIL CEM II\/B 32,5 N NA 442<\/strong>, utilisable toute l'ann\u00e9e. Le meilleur travail de b\u00e9ton de notre \u00e9poque.<br \/><strong>KAMIL\u00ae Cezayir\u2019de SPA SPCC<\/strong>C'est un produit unique.<br \/><strong>KAMIL\u00ae CEM II\/B 32,5 N NA 442<\/strong>, offre le meilleur rapport qualit\u00e9-prix.<\/p><p><strong>Domaines d'application<br \/><\/strong>Travaux de construction g\u00e9n\u00e9rale<br \/>Travaux de pl\u00e2trage et de chape<br \/>Projets immobiliers \u00e0 petite \u00e9chelle<br \/><strong><br \/>Avantages<\/strong><br \/>Solutions \u00e9conomiques<br \/>Possibilit\u00e9 d'une utilisation g\u00e9n\u00e9ralis\u00e9e<br \/>L'avantage de la prise rapide<br \/><strong><br \/>Temps de prise \u00e0 20 \u00b0C (NA230)<\/strong><br \/>D\u00e9but du r\u00e9glage (min.) : 150 \u00b1 30<br \/>Fin de r\u00e9glage (min.) : 250 \u00b1 50<br \/><strong><br \/>Analyses chimiques<\/strong><br \/>Point d'inflammation (%) (NA5042) : 10,0 \u00b1 2<br \/>Teneur en sulfates (SO\u2083 (%)) : 2,5 \u00b1 0,5\u00a0<br \/>Teneur en oxyde de magn\u00e9sium (MgO) (%) : 1,8 \u00b1 0,5<br \/>Teneur en chlorure (NA5042) (%) : 0,02 \u2013 0,05\u00a0<br \/><strong><br \/>Exigences physiques <\/strong><br \/>Temps de d\u00e9marrage (min) &gt; 75<br \/>Dilatation volumique (mm) &lt; 10<br \/><strong><br \/>Exigences m\u00e9caniques<\/strong><br \/>\u00c9volution de la r\u00e9sistance \u00e0 la pression<br \/>Valeurs minimales<br \/>2 jours : &gt;10,0 MPa<br \/>28 jours : &gt;32,5 MPa<\/p><p><strong>Mode de livraison<\/strong><br \/>Sac (25 kg, 50 kg)<br \/>Sur palette (25 kg\/1,4 tonne \u2013 50 kg\/1,5 tonne)<br \/>Big bag (1,25 tonne \/ 1,5 tonne)<br \/>Sac \u00e0 bandouli\u00e8re (50 kg\/1,5 tonne \u2013 25 kg\/1,5 tonne)<br \/>Coul\u00e9e<br \/><strong><br \/>Pr\u00e9cautions d'utilisation<\/strong><br \/>Il convient de l'utiliser en respectant la dose minimale de ciment et le rapport eau\/ciment maximal indiqu\u00e9s dans les normes.<br \/>Il convient de respecter les normes en mati\u00e8re de protection et de traitement de durcissement.<br \/>Il ne faut pas d\u00e9monter les coffrages avant que le b\u00e9ton coul\u00e9 n'ait atteint une r\u00e9sistance m\u00e9canique suffisante.<br \/>Il faut \u00e9viter de transporter le b\u00e9ton pr\u00eat \u00e0 l'emploi sur de longues distances.<br \/>Il convient de prendre des mesures pour \u00e9viter la formation de fissures lors du coulage du b\u00e9ton par temps chaud et venteux.<br \/><strong><br \/>Cas dans lesquels l'utilisation est d\u00e9conseill\u00e9e<\/strong><br \/>Dans les applications o\u00f9 un haut degr\u00e9 de blancheur est requis, l'utilisation de granulats dont la teinte n'est pas adapt\u00e9e peut emp\u00eacher d'obtenir la blancheur souhait\u00e9e.<br \/><strong><br \/>Environnement, s\u00e9curit\u00e9 et stockage<\/strong><br \/>Portez des v\u00eatements de protection adapt\u00e9s, des gants ainsi que des \u00e9quipements de protection des yeux et du visage.<br \/>Pour obtenir des informations d\u00e9taill\u00e9es sur la s\u00e9curit\u00e9, demandez la \u00ab fiche de donn\u00e9es de s\u00e9curit\u00e9 \u00bb du produit.<br \/>Stockez le ciment en vrac dans des silos adapt\u00e9s, \u00e0 l'abri de l'humidit\u00e9 et du vent, et le ciment en sacs dans des entrep\u00f4ts prot\u00e9g\u00e9s de l'humidit\u00e9, du vent et du froid, en les empilant sur 10 rang\u00e9es au maximum.<\/p>\t\t\t\t\t\t\t\t<\/div>\n\t\t\t\t<\/div>\n\t\t\t\t\t<\/div>\n\t\t<\/div>\n\t\t\t\t\t<\/div>\n\t\t<\/section>\n\t\t\t\t<\/div>","protected":false},"excerpt":{"rendered":"<p>\u00dcr\u00fcn Bro\u015f\u00fcr\u00fc Kamil CPJ-CEM II\/B-L 32.5 N D\u00fc\u015f\u00fck erken dayan\u0131m; h\u0131zl\u0131 priz s\u00fcresi; ekonomik Portland \u00c7imento KAMIL, \u00e7oklu kullan\u0131ma y\u00f6nelik bir \u00e7imento \u00fcr\u00fcn\u00fcd\u00fcr ve NA 442 normunun gerekliliklerini onaylar.KAMIL, giri\u015fimcilere yard\u0131mc\u0131 olarak en iyi Kalite\/Prix ili\u015fkisini sunan sivil ve end\u00fcstriyel rekabetin&#8230;<\/p>","protected":false},"author":1,"featured_media":0,"parent":0,"menu_order":0,"comment_status":"closed","ping_status":"closed","template":"","meta":{"footnotes":""},"class_list":["post-6305","page","type-page","status-publish","hentry"],"yoast_head":"<!-- This site is optimized with the Yoast SEO plugin v27.3 - https:\/\/yoast.com\/product\/yoast-seo-wordpress\/ -->\n<title>Kamil CPJ-CEM II\/B-L 32.5 N - SPCC \u00c7imento<\/title>\n<meta name=\"description\" content=\"D\u00fc\u015f\u00fck erken dayan\u0131m; h\u0131zl\u0131 priz s\u00fcresi; ekonomik Portland \u00c7imento. Standartlarda belirtilen minimum \u00e7imento dozaj\u0131na ve maksimum su\/\u00e7imento oran\u0131na uyularak kullan\u0131lmal\u0131d\u0131r.\" \/>\n<meta name=\"robots\" content=\"index, follow, max-snippet:-1, max-image-preview:large, max-video-preview:-1\" \/>\n<link rel=\"canonical\" href=\"https:\/\/spccdz.com\/fr\/kamil-cpj-cem-ii-b-l-32-5-n\/\" \/>\n<meta property=\"og:locale\" content=\"fr_FR\" \/>\n<meta property=\"og:type\" content=\"article\" \/>\n<meta property=\"og:title\" content=\"Kamil CPJ-CEM II\/B-L 32.5 N - SPCC \u00c7imento\" \/>\n<meta property=\"og:description\" content=\"D\u00fc\u015f\u00fck erken dayan\u0131m; h\u0131zl\u0131 priz s\u00fcresi; ekonomik Portland \u00c7imento. Standartlarda belirtilen minimum \u00e7imento dozaj\u0131na ve maksimum su\/\u00e7imento oran\u0131na uyularak kullan\u0131lmal\u0131d\u0131r.\" \/>\n<meta property=\"og:url\" content=\"https:\/\/spccdz.com\/fr\/kamil-cpj-cem-ii-b-l-32-5-n\/\" \/>\n<meta property=\"og:site_name\" content=\"SPCC \u00c7imento\" \/>\n<meta property=\"article:modified_time\" content=\"2026-04-08T12:18:22+00:00\" \/>\n<meta property=\"og:image\" content=\"https:\/\/spccdz.com\/wp-content\/uploads\/2026\/01\/KAMIL_32.5_N_cement_small-1.webp\" \/>\n<meta name=\"twitter:card\" content=\"summary_large_image\" \/>\n<meta name=\"twitter:label1\" content=\"Dur\u00e9e de lecture estim\u00e9e\" \/>\n\t<meta name=\"twitter:data1\" content=\"4 minutes\" \/>\n<script type=\"application\/ld+json\" class=\"yoast-schema-graph\">{\"@context\":\"https:\\\/\\\/schema.org\",\"@graph\":[{\"@type\":\"WebPage\",\"@id\":\"https:\\\/\\\/spccdz.com\\\/kamil-cpj-cem-ii-b-l-32-5-n\\\/\",\"url\":\"https:\\\/\\\/spccdz.com\\\/kamil-cpj-cem-ii-b-l-32-5-n\\\/\",\"name\":\"Kamil CPJ-CEM II\\\/B-L 32.5 N - SPCC \u00c7imento\",\"isPartOf\":{\"@id\":\"https:\\\/\\\/spccdz.com\\\/#website\"},\"primaryImageOfPage\":{\"@id\":\"https:\\\/\\\/spccdz.com\\\/kamil-cpj-cem-ii-b-l-32-5-n\\\/#primaryimage\"},\"image\":{\"@id\":\"https:\\\/\\\/spccdz.com\\\/kamil-cpj-cem-ii-b-l-32-5-n\\\/#primaryimage\"},\"thumbnailUrl\":\"https:\\\/\\\/spccdz.com\\\/wp-content\\\/uploads\\\/2026\\\/01\\\/KAMIL_32.5_N_cement_small-1.webp\",\"datePublished\":\"2026-01-03T13:26:41+00:00\",\"dateModified\":\"2026-04-08T12:18:22+00:00\",\"description\":\"D\u00fc\u015f\u00fck erken dayan\u0131m; h\u0131zl\u0131 priz s\u00fcresi; ekonomik Portland \u00c7imento. Standartlarda belirtilen minimum \u00e7imento dozaj\u0131na ve maksimum su\\\/\u00e7imento oran\u0131na uyularak kullan\u0131lmal\u0131d\u0131r.\",\"breadcrumb\":{\"@id\":\"https:\\\/\\\/spccdz.com\\\/kamil-cpj-cem-ii-b-l-32-5-n\\\/#breadcrumb\"},\"inLanguage\":\"fr-FR\",\"potentialAction\":[{\"@type\":\"ReadAction\",\"target\":[\"https:\\\/\\\/spccdz.com\\\/kamil-cpj-cem-ii-b-l-32-5-n\\\/\"]}]},{\"@type\":\"ImageObject\",\"inLanguage\":\"fr-FR\",\"@id\":\"https:\\\/\\\/spccdz.com\\\/kamil-cpj-cem-ii-b-l-32-5-n\\\/#primaryimage\",\"url\":\"https:\\\/\\\/spccdz.com\\\/wp-content\\\/uploads\\\/2026\\\/01\\\/KAMIL_32.5_N_cement_small-1.webp\",\"contentUrl\":\"https:\\\/\\\/spccdz.com\\\/wp-content\\\/uploads\\\/2026\\\/01\\\/KAMIL_32.5_N_cement_small-1.webp\"},{\"@type\":\"BreadcrumbList\",\"@id\":\"https:\\\/\\\/spccdz.com\\\/kamil-cpj-cem-ii-b-l-32-5-n\\\/#breadcrumb\",\"itemListElement\":[{\"@type\":\"ListItem\",\"position\":1,\"name\":\"Anasayfa\",\"item\":\"https:\\\/\\\/spccdz.com\\\/\"},{\"@type\":\"ListItem\",\"position\":2,\"name\":\"Kamil CPJ-CEM II\\\/B-L 32.5 N\"}]},{\"@type\":\"WebSite\",\"@id\":\"https:\\\/\\\/spccdz.com\\\/#website\",\"url\":\"https:\\\/\\\/spccdz.com\\\/\",\"name\":\"SPCC Ciment\",\"description\":\"Nesiller boyu s\u00fcren g\u00fc\u00e7\",\"publisher\":{\"@id\":\"https:\\\/\\\/spccdz.com\\\/#organization\"},\"potentialAction\":[{\"@type\":\"SearchAction\",\"target\":{\"@type\":\"EntryPoint\",\"urlTemplate\":\"https:\\\/\\\/spccdz.com\\\/?s={search_term_string}\"},\"query-input\":{\"@type\":\"PropertyValueSpecification\",\"valueRequired\":true,\"valueName\":\"search_term_string\"}}],\"inLanguage\":\"fr-FR\"},{\"@type\":\"Organization\",\"@id\":\"https:\\\/\\\/spccdz.com\\\/#organization\",\"name\":\"SPA S.P.C.C \\\/ SOCIEDE PRODUCTION ET DE COMMERCIALISATION DE CIMENT\",\"url\":\"https:\\\/\\\/spccdz.com\\\/\",\"logo\":{\"@type\":\"ImageObject\",\"inLanguage\":\"fr-FR\",\"@id\":\"https:\\\/\\\/spccdz.com\\\/#\\\/schema\\\/logo\\\/image\\\/\",\"url\":\"https:\\\/\\\/spccdz.com\\\/wp-content\\\/uploads\\\/2026\\\/03\\\/spcc_logo_180px.svg\",\"contentUrl\":\"https:\\\/\\\/spccdz.com\\\/wp-content\\\/uploads\\\/2026\\\/03\\\/spcc_logo_180px.svg\",\"width\":180,\"height\":56,\"caption\":\"SPA S.P.C.C \\\/ SOCIEDE PRODUCTION ET DE COMMERCIALISATION DE CIMENT\"},\"image\":{\"@id\":\"https:\\\/\\\/spccdz.com\\\/#\\\/schema\\\/logo\\\/image\\\/\"},\"sameAs\":[\"https:\\\/\\\/www.linkedin.com\\\/company\\\/spa-spcc\\\/?originalSubdomain=tr\"]}]}<\/script>\n<!-- \/ Yoast SEO plugin. -->","yoast_head_json":{"title":"kamil-cpj-cem-ii-b-l-32-5-n - SPCC Ciment","description":"Faible r\u00e9sistance initiale ; prise rapide ; ciment Portland \u00e9conomique. Il doit \u00eatre utilis\u00e9 en respectant la dose minimale de ciment et le rapport eau\/ciment maximal indiqu\u00e9s dans les normes.","robots":{"index":"index","follow":"follow","max-snippet":"max-snippet:-1","max-image-preview":"max-image-preview:large","max-video-preview":"max-video-preview:-1"},"canonical":"https:\/\/spccdz.com\/fr\/kamil-cpj-cem-ii-b-l-32-5-n\/","og_locale":"fr_FR","og_type":"article","og_title":"Kamil CPJ-CEM II\/B-L 32.5 N - SPCC \u00c7imento","og_description":"D\u00fc\u015f\u00fck erken dayan\u0131m; h\u0131zl\u0131 priz s\u00fcresi; ekonomik Portland \u00c7imento. Standartlarda belirtilen minimum \u00e7imento dozaj\u0131na ve maksimum su\/\u00e7imento oran\u0131na uyularak kullan\u0131lmal\u0131d\u0131r.","og_url":"https:\/\/spccdz.com\/fr\/kamil-cpj-cem-ii-b-l-32-5-n\/","og_site_name":"SPCC \u00c7imento","article_modified_time":"2026-04-08T12:18:22+00:00","og_image":[{"url":"https:\/\/spccdz.com\/wp-content\/uploads\/2026\/01\/KAMIL_32.5_N_cement_small-1.webp","type":"","width":"","height":""}],"twitter_card":"summary_large_image","twitter_misc":{"Dur\u00e9e de lecture estim\u00e9e":"4 minutes"},"schema":{"@context":"https:\/\/schema.org","@graph":[{"@type":"WebPage","@id":"https:\/\/spccdz.com\/kamil-cpj-cem-ii-b-l-32-5-n\/","url":"https:\/\/spccdz.com\/kamil-cpj-cem-ii-b-l-32-5-n\/","name":"kamil-cpj-cem-ii-b-l-32-5-n - SPCC Ciment","isPartOf":{"@id":"https:\/\/spccdz.com\/#website"},"primaryImageOfPage":{"@id":"https:\/\/spccdz.com\/kamil-cpj-cem-ii-b-l-32-5-n\/#primaryimage"},"image":{"@id":"https:\/\/spccdz.com\/kamil-cpj-cem-ii-b-l-32-5-n\/#primaryimage"},"thumbnailUrl":"https:\/\/spccdz.com\/wp-content\/uploads\/2026\/01\/KAMIL_32.5_N_cement_small-1.webp","datePublished":"2026-01-03T13:26:41+00:00","dateModified":"2026-04-08T12:18:22+00:00","description":"Faible r\u00e9sistance initiale ; prise rapide ; ciment Portland \u00e9conomique. Il doit \u00eatre utilis\u00e9 en respectant la dose minimale de ciment et le rapport eau\/ciment maximal indiqu\u00e9s dans les normes.","breadcrumb":{"@id":"https:\/\/spccdz.com\/kamil-cpj-cem-ii-b-l-32-5-n\/#breadcrumb"},"inLanguage":"fr-FR","potentialAction":[{"@type":"ReadAction","target":["https:\/\/spccdz.com\/kamil-cpj-cem-ii-b-l-32-5-n\/"]}]},{"@type":"ImageObject","inLanguage":"fr-FR","@id":"https:\/\/spccdz.com\/kamil-cpj-cem-ii-b-l-32-5-n\/#primaryimage","url":"https:\/\/spccdz.com\/wp-content\/uploads\/2026\/01\/KAMIL_32.5_N_cement_small-1.webp","contentUrl":"https:\/\/spccdz.com\/wp-content\/uploads\/2026\/01\/KAMIL_32.5_N_cement_small-1.webp"},{"@type":"BreadcrumbList","@id":"https:\/\/spccdz.com\/kamil-cpj-cem-ii-b-l-32-5-n\/#breadcrumb","itemListElement":[{"@type":"ListItem","position":1,"name":"Anasayfa","item":"https:\/\/spccdz.com\/"},{"@type":"ListItem","position":2,"name":"Kamil CPJ-CEM II\/B-L 32.5 N"}]},{"@type":"WebSite","@id":"https:\/\/spccdz.com\/#website","url":"https:\/\/spccdz.com\/","name":"SPCC Ciment","description":"Une confiance qui se transmet","publisher":{"@id":"https:\/\/spccdz.com\/#organization"},"potentialAction":[{"@type":"SearchAction","target":{"@type":"EntryPoint","urlTemplate":"https:\/\/spccdz.com\/?s={search_term_string}"},"query-input":{"@type":"PropertyValueSpecification","valueRequired":true,"valueName":"search_term_string"}}],"inLanguage":"fr-FR"},{"@type":"Organization","@id":"https:\/\/spccdz.com\/#organization","name":"SPA S.P.C.C \/ SOCIEDE PRODUCTION ET DE COMMERCIALISATION DE CIMENT","url":"https:\/\/spccdz.com\/","logo":{"@type":"ImageObject","inLanguage":"fr-FR","@id":"https:\/\/spccdz.com\/#\/schema\/logo\/image\/","url":"https:\/\/spccdz.com\/wp-content\/uploads\/2026\/03\/spcc_logo_180px.svg","contentUrl":"https:\/\/spccdz.com\/wp-content\/uploads\/2026\/03\/spcc_logo_180px.svg","width":180,"height":56,"caption":"SPA S.P.C.C \/ SOCIEDE PRODUCTION ET DE COMMERCIALISATION DE CIMENT"},"image":{"@id":"https:\/\/spccdz.com\/#\/schema\/logo\/image\/"},"sameAs":["https:\/\/www.linkedin.com\/company\/spa-spcc\/?originalSubdomain=tr"]}]}},"_links":{"self":[{"href":"https:\/\/spccdz.com\/fr\/wp-json\/wp\/v2\/pages\/6305","targetHints":{"allow":["GET"]}}],"collection":[{"href":"https:\/\/spccdz.com\/fr\/wp-json\/wp\/v2\/pages"}],"about":[{"href":"https:\/\/spccdz.com\/fr\/wp-json\/wp\/v2\/types\/page"}],"author":[{"embeddable":true,"href":"https:\/\/spccdz.com\/fr\/wp-json\/wp\/v2\/users\/1"}],"replies":[{"embeddable":true,"href":"https:\/\/spccdz.com\/fr\/wp-json\/wp\/v2\/comments?post=6305"}],"version-history":[{"count":89,"href":"https:\/\/spccdz.com\/fr\/wp-json\/wp\/v2\/pages\/6305\/revisions"}],"predecessor-version":[{"id":7469,"href":"https:\/\/spccdz.com\/fr\/wp-json\/wp\/v2\/pages\/6305\/revisions\/7469"}],"wp:attachment":[{"href":"https:\/\/spccdz.com\/fr\/wp-json\/wp\/v2\/media?parent=6305"}],"curies":[{"name":"wp","href":"https:\/\/api.w.org\/{rel}","templated":true}]}}