{"id":6428,"date":"2026-01-04T13:09:19","date_gmt":"2026-01-04T10:09:19","guid":{"rendered":"https:\/\/spccdz.com\/?page_id=6428"},"modified":"2026-04-07T01:07:36","modified_gmt":"2026-04-06T22:07:36","slug":"durabilite","status":"publish","type":"page","link":"https:\/\/spccdz.com\/fr\/durabilite\/","title":{"rendered":"Durabilit\u00e9"},"content":{"rendered":"<div data-elementor-type=\"wp-page\" data-elementor-id=\"6428\" class=\"elementor elementor-6428\">\n\t\t\t\t\t\t<section class=\"elementor-section elementor-top-section elementor-element elementor-element-a87cd52 elementor-section-boxed elementor-section-height-default elementor-section-height-default elementor-invisible\" data-id=\"a87cd52\" data-element_type=\"section\" data-e-type=\"section\" data-settings=\"{&quot;animation_mobile&quot;:&quot;slideInUp&quot;,&quot;animation&quot;:&quot;slideInUp&quot;}\">\n\t\t\t\t\t\t<div class=\"elementor-container elementor-column-gap-default\">\n\t\t\t\t\t<div class=\"elementor-column elementor-col-100 elementor-top-column elementor-element elementor-element-e5cb945\" data-id=\"e5cb945\" data-element_type=\"column\" data-e-type=\"column\">\n\t\t\t<div class=\"elementor-widget-wrap elementor-element-populated\">\n\t\t\t\t\t\t<div class=\"elementor-element elementor-element-e3b08c6 elementor-widget elementor-widget-heading\" data-id=\"e3b08c6\" data-element_type=\"widget\" data-e-type=\"widget\" data-widget_type=\"heading.default\">\n\t\t\t\t<div class=\"elementor-widget-container\">\n\t\t\t\t\t<h2 class=\"elementor-heading-title elementor-size-default\">Pour un avenir meilleur,\nune production<br>\nplus respectueuse de <br>l'environnement...<\/h2>\t\t\t\t<\/div>\n\t\t\t\t<\/div>\n\t\t\t\t<div class=\"elementor-element elementor-element-d27775b elementor-hidden-laptop elementor-hidden-tablet_extra elementor-hidden-tablet elementor-hidden-mobile_extra elementor-hidden-mobile elementor-absolute elementor-widget elementor-widget-energium_vertical_text\" data-id=\"d27775b\" data-element_type=\"widget\" data-e-type=\"widget\" data-settings=\"{&quot;_position&quot;:&quot;absolute&quot;}\" data-widget_type=\"energium_vertical_text.default\">\n\t\t\t\t<div class=\"elementor-widget-container\">\n\t\t\t\t\t<div class=\"vertical-text\">D\u00e9veloppement durable<\/div>\t\t\t\t<\/div>\n\t\t\t\t<\/div>\n\t\t\t\t\t<\/div>\n\t\t<\/div>\n\t\t\t\t\t<\/div>\n\t\t<\/section>\n\t\t\t\t<section class=\"elementor-section elementor-top-section elementor-element elementor-element-d7cf87c elementor-section-boxed elementor-section-height-default elementor-section-height-default elementor-invisible\" data-id=\"d7cf87c\" data-element_type=\"section\" data-e-type=\"section\" data-settings=\"{&quot;animation_mobile&quot;:&quot;slideInUp&quot;,&quot;animation&quot;:&quot;slideInUp&quot;}\">\n\t\t\t\t\t\t<div class=\"elementor-container elementor-column-gap-default\">\n\t\t\t\t\t<div class=\"elementor-column elementor-col-50 elementor-top-column elementor-element elementor-element-d622cbc\" data-id=\"d622cbc\" data-element_type=\"column\" data-e-type=\"column\">\n\t\t\t<div class=\"elementor-widget-wrap elementor-element-populated\">\n\t\t\t\t\t\t<div class=\"elementor-element elementor-element-3b552a4 elementor-widget elementor-widget-image\" data-id=\"3b552a4\" data-element_type=\"widget\" data-e-type=\"widget\" data-widget_type=\"image.default\">\n\t\t\t\t<div class=\"elementor-widget-container\">\n\t\t\t\t\t\t\t\t\t\t\t\t\t\t\t<img fetchpriority=\"high\" decoding=\"async\" width=\"800\" height=\"1024\" src=\"https:\/\/spccdz.com\/wp-content\/uploads\/2026\/01\/beton_ve_surdurelibilir_yasam-800x1024.webp\" class=\"attachment-large size-large wp-image-6444\" alt=\"Beton ve S\u00fcrd\u00fcr\u00fclebilir hayat\" \/>\t\t\t\t\t\t\t\t\t\t\t\t\t\t\t<\/div>\n\t\t\t\t<\/div>\n\t\t\t\t\t<\/div>\n\t\t<\/div>\n\t\t\t\t<div class=\"elementor-column elementor-col-50 elementor-top-column elementor-element elementor-element-cf754ed\" data-id=\"cf754ed\" data-element_type=\"column\" data-e-type=\"column\">\n\t\t\t<div class=\"elementor-widget-wrap elementor-element-populated\">\n\t\t\t\t\t\t<div class=\"elementor-element elementor-element-4116acf elementor-widget elementor-widget-text-editor\" data-id=\"4116acf\" data-element_type=\"widget\" data-e-type=\"widget\" data-widget_type=\"text-editor.default\">\n\t\t\t\t<div class=\"elementor-widget-container\">\n\t\t\t\t\t\t\t\t\t<p data-start=\"251\" data-end=\"500\">Chez SPCC Ciment, nous assumons la responsabilit\u00e9 de produire non seulement pour le monde d'aujourd'hui, mais aussi pour celui de demain. Notre approche en mati\u00e8re de d\u00e9veloppement durable repose sur une production respectueuse de l'environnement, une utilisation efficace des ressources et des pratiques qui apportent de la valeur \u00e0 la soci\u00e9t\u00e9.<\/p><p data-start=\"502\" data-end=\"528\"><strong>Production respectueuse de l'environnement\u00a0<\/strong><br \/>Nous avons pour principe fondamental d'am\u00e9liorer l'efficacit\u00e9 \u00e9nerg\u00e9tique de nos processus de production, de r\u00e9duire notre empreinte carbone et d'utiliser les ressources naturelles de la mani\u00e8re la plus efficace possible. Gr\u00e2ce \u00e0 l'utilisation de carburants et de mati\u00e8res premi\u00e8res alternatifs, \u00e0 des syst\u00e8mes de contr\u00f4le des \u00e9missions et \u00e0 des technologies de production modernes, nous r\u00e9duisons en permanence notre impact environnemental.<\/p><p data-start=\"849\" data-end=\"882\"><strong>Utilisation efficace des ressources<br \/><\/strong>Nous sommes conscients que la pr\u00e9servation des ressources naturelles est vitale pour les g\u00e9n\u00e9rations futures. Dans cette optique, nous d\u00e9veloppons des solutions durables en mati\u00e8re d'optimisation de l'utilisation des mati\u00e8res premi\u00e8res, de gestion de l'eau et de valorisation des d\u00e9chets. Gr\u00e2ce \u00e0 une approche fond\u00e9e sur l'\u00e9conomie circulaire, nous r\u00e9duisons au minimum l'impact environnemental en revalorisant les d\u00e9chets.<\/p><p data-start=\"1209\" data-end=\"1244\"><strong>Une approche centr\u00e9e sur l'humain et la soci\u00e9t\u00e9<br \/><\/strong>Nous sommes convaincus que la durabilit\u00e9 n'est pas seulement une responsabilit\u00e9 environnementale, mais aussi une responsabilit\u00e9 sociale. Nous accordons la priorit\u00e9 \u00e0 la sant\u00e9 et \u00e0 la s\u00e9curit\u00e9 de nos employ\u00e9s et soutenons des projets qui contribuent au d\u00e9veloppement des communaut\u00e9s locales. La cr\u00e9ation d'un environnement de travail s\u00fbr, \u00e9quitable et \u00e9thique fait partie de nos valeurs fondamentales.<\/p><p data-start=\"1564\" data-end=\"1591\"><strong>Des pas s\u00fbrs vers l'avenir<\/strong><br \/>SPCC Ciment, en produisant le ciment, pierre angulaire de la construction durable, a pour objectif de laisser aux g\u00e9n\u00e9rations futures un monde o\u00f9 il fait bon vivre. Gr\u00e2ce \u00e0 notre philosophie d'am\u00e9lioration continue et \u00e0 nos politiques de production respectueuses de l'environnement, nous avan\u00e7ons avec d\u00e9termination pour devenir l'une des marques pionni\u00e8res en mati\u00e8re de durabilit\u00e9 dans notre secteur.<\/p>\t\t\t\t\t\t\t\t<\/div>\n\t\t\t\t<\/div>\n\t\t\t\t\t<\/div>\n\t\t<\/div>\n\t\t\t\t\t<\/div>\n\t\t<\/section>\n\t\t\t\t<\/div>","protected":false},"excerpt":{"rendered":"<p>Daha iyi bir gelecek i\u00e7in, daha duyarl\u0131 \u00fcretim&#8230; SPCC Ciment olarak, yaln\u0131zca bug\u00fcn\u00fcn de\u011fil, yar\u0131n\u0131n d\u00fcnyas\u0131 i\u00e7in de \u00fcretim yapman\u0131n sorumlulu\u011funu ta\u015f\u0131yoruz. S\u00fcrd\u00fcr\u00fclebilirlik yakla\u015f\u0131m\u0131m\u0131z; \u00e7evreye sayg\u0131l\u0131 \u00fcretim, verimli kaynak kullan\u0131m\u0131 ve topluma de\u011fer katan uygulamalar \u00fczerine in\u015fa edilmi\u015ftir. \u00c7evreye Duyarl\u0131 \u00dcretim\u00a0\u00dcretim&#8230;<\/p>","protected":false},"author":1,"featured_media":0,"parent":0,"menu_order":0,"comment_status":"closed","ping_status":"closed","template":"","meta":{"footnotes":""},"class_list":["post-6428","page","type-page","status-publish","hentry"],"yoast_head":"<!-- This site is optimized with the Yoast SEO plugin v27.3 - https:\/\/yoast.com\/product\/yoast-seo-wordpress\/ -->\n<title>S\u00fcrd\u00fcrebilirlik - SPCC \u00c7imento<\/title>\n<meta name=\"robots\" content=\"index, follow, max-snippet:-1, max-image-preview:large, max-video-preview:-1\" \/>\n<link rel=\"canonical\" href=\"https:\/\/spccdz.com\/fr\/durabilite\/\" \/>\n<meta property=\"og:locale\" content=\"fr_FR\" \/>\n<meta property=\"og:type\" content=\"article\" \/>\n<meta property=\"og:title\" content=\"S\u00fcrd\u00fcrebilirlik - SPCC \u00c7imento\" \/>\n<meta property=\"og:description\" content=\"Daha iyi bir gelecek i\u00e7in, daha duyarl\u0131 \u00fcretim&#8230; SPCC Ciment olarak, yaln\u0131zca bug\u00fcn\u00fcn de\u011fil, yar\u0131n\u0131n d\u00fcnyas\u0131 i\u00e7in de \u00fcretim yapman\u0131n sorumlulu\u011funu ta\u015f\u0131yoruz. S\u00fcrd\u00fcr\u00fclebilirlik yakla\u015f\u0131m\u0131m\u0131z; \u00e7evreye sayg\u0131l\u0131 \u00fcretim, verimli kaynak kullan\u0131m\u0131 ve topluma de\u011fer katan uygulamalar \u00fczerine in\u015fa edilmi\u015ftir. \u00c7evreye Duyarl\u0131 \u00dcretim\u00a0\u00dcretim...\" \/>\n<meta property=\"og:url\" content=\"https:\/\/spccdz.com\/fr\/durabilite\/\" \/>\n<meta property=\"og:site_name\" content=\"SPCC \u00c7imento\" \/>\n<meta property=\"article:modified_time\" content=\"2026-04-06T22:07:36+00:00\" \/>\n<meta property=\"og:image\" content=\"http:\/\/spccdz.com\/wp-content\/uploads\/2026\/01\/beton_ve_surdurelibilir_yasam-800x1024.webp\" \/>\n<meta name=\"twitter:card\" content=\"summary_large_image\" \/>\n<meta name=\"twitter:label1\" content=\"Dur\u00e9e de lecture estim\u00e9e\" \/>\n\t<meta name=\"twitter:data1\" content=\"2 minutes\" \/>\n<script type=\"application\/ld+json\" class=\"yoast-schema-graph\">{\"@context\":\"https:\\\/\\\/schema.org\",\"@graph\":[{\"@type\":\"WebPage\",\"@id\":\"https:\\\/\\\/spccdz.com\\\/surdurebilirlik\\\/\",\"url\":\"https:\\\/\\\/spccdz.com\\\/surdurebilirlik\\\/\",\"name\":\"S\u00fcrd\u00fcrebilirlik - SPCC \u00c7imento\",\"isPartOf\":{\"@id\":\"https:\\\/\\\/spccdz.com\\\/#website\"},\"primaryImageOfPage\":{\"@id\":\"https:\\\/\\\/spccdz.com\\\/surdurebilirlik\\\/#primaryimage\"},\"image\":{\"@id\":\"https:\\\/\\\/spccdz.com\\\/surdurebilirlik\\\/#primaryimage\"},\"thumbnailUrl\":\"http:\\\/\\\/spccdz.com\\\/wp-content\\\/uploads\\\/2026\\\/01\\\/beton_ve_surdurelibilir_yasam-800x1024.webp\",\"datePublished\":\"2026-01-04T10:09:19+00:00\",\"dateModified\":\"2026-04-06T22:07:36+00:00\",\"breadcrumb\":{\"@id\":\"https:\\\/\\\/spccdz.com\\\/surdurebilirlik\\\/#breadcrumb\"},\"inLanguage\":\"fr-FR\",\"potentialAction\":[{\"@type\":\"ReadAction\",\"target\":[\"https:\\\/\\\/spccdz.com\\\/surdurebilirlik\\\/\"]}]},{\"@type\":\"ImageObject\",\"inLanguage\":\"fr-FR\",\"@id\":\"https:\\\/\\\/spccdz.com\\\/surdurebilirlik\\\/#primaryimage\",\"url\":\"http:\\\/\\\/spccdz.com\\\/wp-content\\\/uploads\\\/2026\\\/01\\\/beton_ve_surdurelibilir_yasam-800x1024.webp\",\"contentUrl\":\"http:\\\/\\\/spccdz.com\\\/wp-content\\\/uploads\\\/2026\\\/01\\\/beton_ve_surdurelibilir_yasam-800x1024.webp\"},{\"@type\":\"BreadcrumbList\",\"@id\":\"https:\\\/\\\/spccdz.com\\\/surdurebilirlik\\\/#breadcrumb\",\"itemListElement\":[{\"@type\":\"ListItem\",\"position\":1,\"name\":\"Anasayfa\",\"item\":\"https:\\\/\\\/spccdz.com\\\/\"},{\"@type\":\"ListItem\",\"position\":2,\"name\":\"S\u00fcrd\u00fcrebilirlik\"}]},{\"@type\":\"WebSite\",\"@id\":\"https:\\\/\\\/spccdz.com\\\/#website\",\"url\":\"https:\\\/\\\/spccdz.com\\\/\",\"name\":\"SPCC Ciment\",\"description\":\"Nesiller boyu s\u00fcren g\u00fc\u00e7\",\"publisher\":{\"@id\":\"https:\\\/\\\/spccdz.com\\\/#organization\"},\"potentialAction\":[{\"@type\":\"SearchAction\",\"target\":{\"@type\":\"EntryPoint\",\"urlTemplate\":\"https:\\\/\\\/spccdz.com\\\/?s={search_term_string}\"},\"query-input\":{\"@type\":\"PropertyValueSpecification\",\"valueRequired\":true,\"valueName\":\"search_term_string\"}}],\"inLanguage\":\"fr-FR\"},{\"@type\":\"Organization\",\"@id\":\"https:\\\/\\\/spccdz.com\\\/#organization\",\"name\":\"SPA S.P.C.C \\\/ SOCIEDE PRODUCTION ET DE COMMERCIALISATION DE CIMENT\",\"url\":\"https:\\\/\\\/spccdz.com\\\/\",\"logo\":{\"@type\":\"ImageObject\",\"inLanguage\":\"fr-FR\",\"@id\":\"https:\\\/\\\/spccdz.com\\\/#\\\/schema\\\/logo\\\/image\\\/\",\"url\":\"https:\\\/\\\/spccdz.com\\\/wp-content\\\/uploads\\\/2026\\\/03\\\/spcc_logo_180px.svg\",\"contentUrl\":\"https:\\\/\\\/spccdz.com\\\/wp-content\\\/uploads\\\/2026\\\/03\\\/spcc_logo_180px.svg\",\"width\":180,\"height\":56,\"caption\":\"SPA S.P.C.C \\\/ SOCIEDE PRODUCTION ET DE COMMERCIALISATION DE CIMENT\"},\"image\":{\"@id\":\"https:\\\/\\\/spccdz.com\\\/#\\\/schema\\\/logo\\\/image\\\/\"},\"sameAs\":[\"https:\\\/\\\/www.linkedin.com\\\/company\\\/spa-spcc\\\/?originalSubdomain=tr\"]}]}<\/script>\n<!-- \/ Yoast SEO plugin. -->","yoast_head_json":{"title":"Durabilit\u00e9 - SPCC Ciment","robots":{"index":"index","follow":"follow","max-snippet":"max-snippet:-1","max-image-preview":"max-image-preview:large","max-video-preview":"max-video-preview:-1"},"canonical":"https:\/\/spccdz.com\/fr\/durabilite\/","og_locale":"fr_FR","og_type":"article","og_title":"S\u00fcrd\u00fcrebilirlik - SPCC \u00c7imento","og_description":"Daha iyi bir gelecek i\u00e7in, daha duyarl\u0131 \u00fcretim&#8230; SPCC Ciment olarak, yaln\u0131zca bug\u00fcn\u00fcn de\u011fil, yar\u0131n\u0131n d\u00fcnyas\u0131 i\u00e7in de \u00fcretim yapman\u0131n sorumlulu\u011funu ta\u015f\u0131yoruz. S\u00fcrd\u00fcr\u00fclebilirlik yakla\u015f\u0131m\u0131m\u0131z; \u00e7evreye sayg\u0131l\u0131 \u00fcretim, verimli kaynak kullan\u0131m\u0131 ve topluma de\u011fer katan uygulamalar \u00fczerine in\u015fa edilmi\u015ftir. \u00c7evreye Duyarl\u0131 \u00dcretim\u00a0\u00dcretim...","og_url":"https:\/\/spccdz.com\/fr\/durabilite\/","og_site_name":"SPCC \u00c7imento","article_modified_time":"2026-04-06T22:07:36+00:00","og_image":[{"url":"http:\/\/spccdz.com\/wp-content\/uploads\/2026\/01\/beton_ve_surdurelibilir_yasam-800x1024.webp","type":"","width":"","height":""}],"twitter_card":"summary_large_image","twitter_misc":{"Dur\u00e9e de lecture estim\u00e9e":"2 minutes"},"schema":{"@context":"https:\/\/schema.org","@graph":[{"@type":"WebPage","@id":"https:\/\/spccdz.com\/surdurebilirlik\/","url":"https:\/\/spccdz.com\/surdurebilirlik\/","name":"Durabilit\u00e9 - SPCC Ciment","isPartOf":{"@id":"https:\/\/spccdz.com\/#website"},"primaryImageOfPage":{"@id":"https:\/\/spccdz.com\/surdurebilirlik\/#primaryimage"},"image":{"@id":"https:\/\/spccdz.com\/surdurebilirlik\/#primaryimage"},"thumbnailUrl":"http:\/\/spccdz.com\/wp-content\/uploads\/2026\/01\/beton_ve_surdurelibilir_yasam-800x1024.webp","datePublished":"2026-01-04T10:09:19+00:00","dateModified":"2026-04-06T22:07:36+00:00","breadcrumb":{"@id":"https:\/\/spccdz.com\/surdurebilirlik\/#breadcrumb"},"inLanguage":"fr-FR","potentialAction":[{"@type":"ReadAction","target":["https:\/\/spccdz.com\/surdurebilirlik\/"]}]},{"@type":"ImageObject","inLanguage":"fr-FR","@id":"https:\/\/spccdz.com\/surdurebilirlik\/#primaryimage","url":"http:\/\/spccdz.com\/wp-content\/uploads\/2026\/01\/beton_ve_surdurelibilir_yasam-800x1024.webp","contentUrl":"http:\/\/spccdz.com\/wp-content\/uploads\/2026\/01\/beton_ve_surdurelibilir_yasam-800x1024.webp"},{"@type":"BreadcrumbList","@id":"https:\/\/spccdz.com\/surdurebilirlik\/#breadcrumb","itemListElement":[{"@type":"ListItem","position":1,"name":"Anasayfa","item":"https:\/\/spccdz.com\/"},{"@type":"ListItem","position":2,"name":"S\u00fcrd\u00fcrebilirlik"}]},{"@type":"WebSite","@id":"https:\/\/spccdz.com\/#website","url":"https:\/\/spccdz.com\/","name":"SPCC Ciment","description":"Une confiance qui se transmet","publisher":{"@id":"https:\/\/spccdz.com\/#organization"},"potentialAction":[{"@type":"SearchAction","target":{"@type":"EntryPoint","urlTemplate":"https:\/\/spccdz.com\/?s={search_term_string}"},"query-input":{"@type":"PropertyValueSpecification","valueRequired":true,"valueName":"search_term_string"}}],"inLanguage":"fr-FR"},{"@type":"Organization","@id":"https:\/\/spccdz.com\/#organization","name":"SPA S.P.C.C \/ SOCIEDE PRODUCTION ET DE COMMERCIALISATION DE CIMENT","url":"https:\/\/spccdz.com\/","logo":{"@type":"ImageObject","inLanguage":"fr-FR","@id":"https:\/\/spccdz.com\/#\/schema\/logo\/image\/","url":"https:\/\/spccdz.com\/wp-content\/uploads\/2026\/03\/spcc_logo_180px.svg","contentUrl":"https:\/\/spccdz.com\/wp-content\/uploads\/2026\/03\/spcc_logo_180px.svg","width":180,"height":56,"caption":"SPA S.P.C.C \/ SOCIEDE PRODUCTION ET DE COMMERCIALISATION DE CIMENT"},"image":{"@id":"https:\/\/spccdz.com\/#\/schema\/logo\/image\/"},"sameAs":["https:\/\/www.linkedin.com\/company\/spa-spcc\/?originalSubdomain=tr"]}]}},"_links":{"self":[{"href":"https:\/\/spccdz.com\/fr\/wp-json\/wp\/v2\/pages\/6428","targetHints":{"allow":["GET"]}}],"collection":[{"href":"https:\/\/spccdz.com\/fr\/wp-json\/wp\/v2\/pages"}],"about":[{"href":"https:\/\/spccdz.com\/fr\/wp-json\/wp\/v2\/types\/page"}],"author":[{"embeddable":true,"href":"https:\/\/spccdz.com\/fr\/wp-json\/wp\/v2\/users\/1"}],"replies":[{"embeddable":true,"href":"https:\/\/spccdz.com\/fr\/wp-json\/wp\/v2\/comments?post=6428"}],"version-history":[{"count":46,"href":"https:\/\/spccdz.com\/fr\/wp-json\/wp\/v2\/pages\/6428\/revisions"}],"predecessor-version":[{"id":7214,"href":"https:\/\/spccdz.com\/fr\/wp-json\/wp\/v2\/pages\/6428\/revisions\/7214"}],"wp:attachment":[{"href":"https:\/\/spccdz.com\/fr\/wp-json\/wp\/v2\/media?parent=6428"}],"curies":[{"name":"wp","href":"https:\/\/api.w.org\/{rel}","templated":true}]}}