{"id":6452,"date":"2026-01-04T13:34:26","date_gmt":"2026-01-04T10:34:26","guid":{"rendered":"https:\/\/spccdz.com\/?page_id=6452"},"modified":"2026-04-19T13:33:57","modified_gmt":"2026-04-19T10:33:57","slug":"nos-installations","status":"publish","type":"page","link":"https:\/\/spccdz.com\/fr\/nos-installations\/","title":{"rendered":"Nos installations"},"content":{"rendered":"<div data-elementor-type=\"wp-page\" data-elementor-id=\"6452\" class=\"elementor elementor-6452\">\n\t\t\t\t\t\t<section class=\"elementor-section elementor-top-section elementor-element elementor-element-556a115 elementor-section-boxed elementor-section-height-default elementor-section-height-default elementor-invisible\" data-id=\"556a115\" data-element_type=\"section\" data-e-type=\"section\" data-settings=\"{&quot;animation&quot;:&quot;slideInUp&quot;}\">\n\t\t\t\t\t\t<div class=\"elementor-container elementor-column-gap-default\">\n\t\t\t\t\t<div class=\"elementor-column elementor-col-100 elementor-top-column elementor-element elementor-element-eb82a81\" data-id=\"eb82a81\" data-element_type=\"column\" data-e-type=\"column\">\n\t\t\t<div class=\"elementor-widget-wrap elementor-element-populated\">\n\t\t\t\t\t\t<div class=\"elementor-element elementor-element-57fd49d elementor-widget elementor-widget-heading\" data-id=\"57fd49d\" data-element_type=\"widget\" data-e-type=\"widget\" data-widget_type=\"heading.default\">\n\t\t\t\t<div class=\"elementor-widget-container\">\n\t\t\t\t\t<h2 class=\"elementor-heading-title elementor-size-default\">Nous produisons\npour<br>\nun avenir s\u00fbr...<\/h2>\t\t\t\t<\/div>\n\t\t\t\t<\/div>\n\t\t\t\t<div class=\"elementor-element elementor-element-60a516a elementor-hidden-laptop elementor-hidden-tablet_extra elementor-hidden-tablet elementor-hidden-mobile_extra elementor-hidden-mobile elementor-absolute elementor-widget elementor-widget-energium_vertical_text\" data-id=\"60a516a\" data-element_type=\"widget\" data-e-type=\"widget\" data-settings=\"{&quot;_position&quot;:&quot;absolute&quot;}\" data-widget_type=\"energium_vertical_text.default\">\n\t\t\t\t<div class=\"elementor-widget-container\">\n\t\t\t\t\t<div class=\"vertical-text\">Nos installations<\/div>\t\t\t\t<\/div>\n\t\t\t\t<\/div>\n\t\t\t\t\t<\/div>\n\t\t<\/div>\n\t\t\t\t\t<\/div>\n\t\t<\/section>\n\t\t\t\t<section class=\"elementor-section elementor-top-section elementor-element elementor-element-345be6a elementor-section-boxed elementor-section-height-default elementor-section-height-default elementor-invisible\" data-id=\"345be6a\" data-element_type=\"section\" data-e-type=\"section\" data-settings=\"{&quot;animation&quot;:&quot;slideInUp&quot;}\">\n\t\t\t\t\t\t<div class=\"elementor-container elementor-column-gap-default\">\n\t\t\t\t\t<div class=\"elementor-column elementor-col-50 elementor-top-column elementor-element elementor-element-e69229c\" data-id=\"e69229c\" data-element_type=\"column\" data-e-type=\"column\">\n\t\t\t<div class=\"elementor-widget-wrap elementor-element-populated\">\n\t\t\t\t\t\t<div class=\"elementor-element elementor-element-3a065bd elementor-widget elementor-widget-image\" data-id=\"3a065bd\" data-element_type=\"widget\" data-e-type=\"widget\" data-widget_type=\"image.default\">\n\t\t\t\t<div class=\"elementor-widget-container\">\n\t\t\t\t\t\t\t\t\t\t\t\t\t\t\t<img fetchpriority=\"high\" decoding=\"async\" width=\"800\" height=\"1024\" src=\"https:\/\/spccdz.com\/wp-content\/uploads\/2026\/01\/SPCC_factory_inside-800x1024.webp\" class=\"attachment-large size-large wp-image-6467\" alt=\"SPCC SPA Fabrika \u00fcretim hatt\u0131\" \/>\t\t\t\t\t\t\t\t\t\t\t\t\t\t\t<\/div>\n\t\t\t\t<\/div>\n\t\t\t\t\t<\/div>\n\t\t<\/div>\n\t\t\t\t<div class=\"elementor-column elementor-col-50 elementor-top-column elementor-element elementor-element-5ae7670\" data-id=\"5ae7670\" data-element_type=\"column\" data-e-type=\"column\">\n\t\t\t<div class=\"elementor-widget-wrap elementor-element-populated\">\n\t\t\t\t\t\t<div class=\"elementor-element elementor-element-7fcf883 elementor-widget elementor-widget-text-editor\" data-id=\"7fcf883\" data-element_type=\"widget\" data-e-type=\"widget\" data-widget_type=\"text-editor.default\">\n\t\t\t\t<div class=\"elementor-widget-container\">\n\t\t\t\t\t\t\t\t\t<p><strong>Fabrikam\u0131z\u0131n konumu<\/strong><br \/>L'usine est situ\u00e9e dans la zone industrielle de Hassi Ameur, dans la <strong>province d'Oran.<\/strong>Cette r\u00e9gion est r\u00e9put\u00e9e pour son industrie et sa logistique bien d\u00e9velopp\u00e9es.<br \/>Notre r\u00e9gion dispose de grands axes de transport et d'infrastructures ax\u00e9es sur l'industrie.<br \/>La r\u00e9gion se trouve \u00e0 une distance raisonnable tant du centre-ville que des ports et des principaux axes commerciaux, ce qui constitue un avantage sur le plan logistique, tant pour l'approvisionnement en mati\u00e8res premi\u00e8res que pour l'exp\u00e9dition des produits.<\/p><p><strong>Site de l'usine et implantation<br \/><\/strong>Superficie totale <strong>36.909 m\u00b2<\/strong>Ce site comprend des installations de production, des unit\u00e9s de conditionnement, des entrep\u00f4ts, des bureaux, des laboratoires et des zones logistiques.<br \/>L'am\u00e9nagement des locaux a \u00e9t\u00e9 con\u00e7u de mani\u00e8re \u00e0 optimiser le flux de production et \u00e0 permettre le bon d\u00e9roulement de chaque \u00e9tape du processus, de la r\u00e9ception des mati\u00e8res premi\u00e8res \u00e0 l'exp\u00e9dition des produits finis.<br \/>Les zones de stockage sont \u00e9quip\u00e9es de rayonnages d'une hauteur adapt\u00e9e aux produits en sacs et en vrac, ainsi que de voies de circulation permettant le passage des chariots \u00e9l\u00e9vateurs.<\/p><p><strong>Avantages en mati\u00e8re de transport et de logistique<br \/><\/strong><strong>R\u00e9seau routier :<\/strong>la zone industrielle de Hassi Ameur est desservie par des routes nationales ; l'acc\u00e8s est facile pour le transport interurbain et r\u00e9gional.<br \/><strong>Train :<\/strong>La gare de Hassi Ameur se trouve \u00e0 proximit\u00e9. Cette gare fait partie de lignes ferroviaires telles que la ligne Oran-Arzew.<\/p>\t\t\t\t\t\t\t\t<\/div>\n\t\t\t\t<\/div>\n\t\t\t\t\t<\/div>\n\t\t<\/div>\n\t\t\t\t\t<\/div>\n\t\t<\/section>\n\t\t\t\t<section class=\"elementor-section elementor-top-section elementor-element elementor-element-78ce6e8 elementor-section-boxed elementor-section-height-default elementor-section-height-default elementor-invisible\" data-id=\"78ce6e8\" data-element_type=\"section\" data-e-type=\"section\" data-settings=\"{&quot;animation&quot;:&quot;slideInUp&quot;}\">\n\t\t\t\t\t\t<div class=\"elementor-container elementor-column-gap-default\">\n\t\t\t\t\t<div class=\"elementor-column elementor-col-100 elementor-top-column elementor-element elementor-element-6db246d\" data-id=\"6db246d\" data-element_type=\"column\" data-e-type=\"column\">\n\t\t\t<div class=\"elementor-widget-wrap elementor-element-populated\">\n\t\t\t\t\t\t<div class=\"elementor-element elementor-element-724a78f elementor-widget elementor-widget-text-editor\" data-id=\"724a78f\" data-element_type=\"widget\" data-e-type=\"widget\" data-widget_type=\"text-editor.default\">\n\t\t\t\t<div class=\"elementor-widget-container\">\n\t\t\t\t\t\t\t\t\t<p><strong>Proximit\u00e9 des ports :<\/strong>la proximit\u00e9 des infrastructures portuaires de la r\u00e9gion d'Oran offre un avantage en termes de co\u00fbts pour les livraisons et les exportations.<br \/><strong>Ville et zones de services :<\/strong>La ville d'Oran est facilement accessible en termes d'h\u00e9bergement, de soutien logistique, de services de sant\u00e9 et d'approvisionnement.<\/p><p><strong>Capacit\u00e9 de production et conditionnement<br \/><\/strong><strong>Capacit\u00e9 de production annuelle : <\/strong>L'usine est capable de produire 720 000 tonnes de ciment par an. Cette capacit\u00e9 est suffisante pour r\u00e9pondre \u00e0 la demande du march\u00e9 local et constitue une base solide pour le potentiel d'exportation r\u00e9gional.<\/p><p><strong>Capacit\u00e9 d'emballage :<br \/>Produits en sachet : <\/strong>Une ligne de conditionnement d'une capacit\u00e9 d'environ 120 tonnes par heure.<strong><br \/>Produit en vrac : <\/strong>Gr\u00e2ce \u00e0 une capacit\u00e9 de 400 tonnes par heure de produits en vrac, il est possible de r\u00e9pondre \u00e0 des commandes de gros volumes.<\/p><p><strong>\u00c9quipement et technologie<br \/><\/strong>Les installations modernes de broyage et de malaxage sont dot\u00e9es d'une conception et d'une ing\u00e9nierie garantissant un rendement \u00e9lev\u00e9 et des \u00e9conomies d'\u00e9nergie.<br \/>Gr\u00e2ce aux syst\u00e8mes d'automatisation, chaque \u00e9tape du processus de production (broyage, r\u00e9glage du m\u00e9lange, contr\u00f4le de l'humidit\u00e9, conditionnement) peut \u00eatre surveill\u00e9e et contr\u00f4l\u00e9e en permanence.<br \/>Les \u00e9quipements d'emballage conviennent \u00e0 diff\u00e9rents types de conditionnement, qu'il s'agisse de sacs, de big bags, de sling bags ou de sacs en kraft ; ils ont \u00e9t\u00e9 con\u00e7us dans un souci de robustesse et de facilit\u00e9 de transport. La zone industrielle o\u00f9 se trouve l'usine est l'une des zones les plus performantes en mati\u00e8re d'infrastructures \u00e9lectriques et d'approvisionnement en eau. Gr\u00e2ce \u00e0 des raccordements fiables au r\u00e9seau \u00e9lectrique et \u00e0 l'acc\u00e8s \u00e0 des lignes \u00e0 haute tension, le risque de coupures soudaines pendant la production est r\u00e9duit. De m\u00eame, l'approvisionnement en eau est continu, et les syst\u00e8mes de gestion et de traitement des eaux us\u00e9es sont conformes aux normes, ce qui r\u00e9duit les risques environnementaux susceptibles d'affecter la qualit\u00e9 de la production.<\/p><p>L'acc\u00e8s aux principales mati\u00e8res premi\u00e8res utilis\u00e9es dans la production de ciment (calcaire, argile, gypse, etc.) offre un avantage logistique gr\u00e2ce \u00e0 la proximit\u00e9 de la r\u00e9gion. Le transport des mati\u00e8res premi\u00e8res n\u00e9cessaires peut s'effectuer \u00e0 moindre co\u00fbt et dans des d\u00e9lais plus courts, ce qui permet d'optimiser les co\u00fbts au cours du processus de production.<\/p><p><img decoding=\"async\" class=\"wp-image-7208 size-full\" src=\"http:\/\/spccdz.com\/wp-content\/uploads\/2026\/01\/SPA_SPCC_factory.webp\" alt=\"SPA SPCC Factory Oran\" width=\"1184\" height=\"864\" srcset=\"https:\/\/spccdz.com\/wp-content\/uploads\/2026\/01\/SPA_SPCC_factory.webp 1184w, https:\/\/spccdz.com\/wp-content\/uploads\/2026\/01\/SPA_SPCC_factory-768x560.webp 768w, https:\/\/spccdz.com\/wp-content\/uploads\/2026\/01\/SPA_SPCC_factory-600x438.webp 600w\" sizes=\"(max-width: 1184px) 100vw, 1184px\" \/><\/p><p>Gr\u00e2ce aux liaisons routi\u00e8res, la r\u00e9gion b\u00e9n\u00e9ficie d'un acc\u00e8s privil\u00e9gi\u00e9 tant aux march\u00e9s r\u00e9gionaux qu'aux ports d'import-export. La proximit\u00e9 des ports permet de r\u00e9duire les co\u00fbts de transport dans le cadre des projets d'exportation. De plus, l'acc\u00e8s \u00e0 la ligne ferroviaire offre une grande flexibilit\u00e9 logistique.<\/p><p>L'am\u00e9nagement de la zone de production garantit que les zones de stockage et les zones logistiques se trouvent \u00e0 des distances appropri\u00e9es des zones de chargement et de d\u00e9chargement. La pr\u00e9sence de zones de stockage distinctes pour les produits en sacs et les produits en vrac permet de pr\u00e9server l'int\u00e9grit\u00e9 des produits pendant le transport et l'exp\u00e9dition.<\/p>\t\t\t\t\t\t\t\t<\/div>\n\t\t\t\t<\/div>\n\t\t\t\t\t<\/div>\n\t\t<\/div>\n\t\t\t\t\t<\/div>\n\t\t<\/section>\n\t\t\t\t<\/div>","protected":false},"excerpt":{"rendered":"<p>G\u00fcvenli gelecek i\u00e7in \u00fcretiyoruz&#8230; Fabrikam\u0131z\u0131n konumuFabrika, Oran vilayeti, Hassi Ameur Sanayi B\u00f6lgesi s\u0131n\u0131rlar\u0131 i\u00e7inde konumlanm\u0131\u015ft\u0131r. B\u00f6lge hem sanayinin hem lojisti\u011fin geli\u015fmi\u015f oldu\u011fu bir alan olarak bilinir.\u00c7evremizde ana ula\u015f\u0131m yollar\u0131 ve sanayi odakl\u0131 altyap\u0131 mevcuttur.B\u00f6lge, hem \u015fehir merkezine hem de limanlara ve&#8230;<\/p>","protected":false},"author":1,"featured_media":0,"parent":0,"menu_order":0,"comment_status":"closed","ping_status":"closed","template":"","meta":{"footnotes":""},"class_list":["post-6452","page","type-page","status-publish","hentry"],"yoast_head":"<!-- This site is optimized with the Yoast SEO plugin v27.4 - https:\/\/yoast.com\/product\/yoast-seo-wordpress\/ -->\n<title>Tesislerimiz - SPCC \u00c7imento<\/title>\n<meta name=\"robots\" content=\"index, follow, max-snippet:-1, max-image-preview:large, max-video-preview:-1\" \/>\n<link rel=\"canonical\" href=\"https:\/\/spccdz.com\/fr\/nos-installations\/\" \/>\n<meta property=\"og:locale\" content=\"fr_FR\" \/>\n<meta property=\"og:type\" content=\"article\" \/>\n<meta property=\"og:title\" content=\"Tesislerimiz - SPCC \u00c7imento\" \/>\n<meta property=\"og:description\" content=\"G\u00fcvenli gelecek i\u00e7in \u00fcretiyoruz&#8230; Fabrikam\u0131z\u0131n konumuFabrika, Oran vilayeti, Hassi Ameur Sanayi B\u00f6lgesi s\u0131n\u0131rlar\u0131 i\u00e7inde konumlanm\u0131\u015ft\u0131r. B\u00f6lge hem sanayinin hem lojisti\u011fin geli\u015fmi\u015f oldu\u011fu bir alan olarak bilinir.\u00c7evremizde ana ula\u015f\u0131m yollar\u0131 ve sanayi odakl\u0131 altyap\u0131 mevcuttur.B\u00f6lge, hem \u015fehir merkezine hem de limanlara ve...\" \/>\n<meta property=\"og:url\" content=\"https:\/\/spccdz.com\/fr\/nos-installations\/\" \/>\n<meta property=\"og:site_name\" content=\"SPCC \u00c7imento\" \/>\n<meta property=\"article:modified_time\" content=\"2026-04-19T10:33:57+00:00\" \/>\n<meta property=\"og:image\" content=\"https:\/\/spccdz.com\/wp-content\/uploads\/2026\/01\/SPCC_factory_inside.webp\" \/>\n\t<meta property=\"og:image:width\" content=\"800\" \/>\n\t<meta property=\"og:image:height\" content=\"1593\" \/>\n\t<meta property=\"og:image:type\" content=\"image\/webp\" \/>\n<meta name=\"twitter:card\" content=\"summary_large_image\" \/>\n<meta name=\"twitter:label1\" content=\"Dur\u00e9e de lecture estim\u00e9e\" \/>\n\t<meta name=\"twitter:data1\" content=\"4 minutes\" \/>\n<script type=\"application\/ld+json\" class=\"yoast-schema-graph\">{\"@context\":\"https:\\\/\\\/schema.org\",\"@graph\":[{\"@type\":\"WebPage\",\"@id\":\"https:\\\/\\\/spccdz.com\\\/tesislerimiz\\\/\",\"url\":\"https:\\\/\\\/spccdz.com\\\/tesislerimiz\\\/\",\"name\":\"Tesislerimiz - SPCC \u00c7imento\",\"isPartOf\":{\"@id\":\"https:\\\/\\\/spccdz.com\\\/#website\"},\"primaryImageOfPage\":{\"@id\":\"https:\\\/\\\/spccdz.com\\\/tesislerimiz\\\/#primaryimage\"},\"image\":{\"@id\":\"https:\\\/\\\/spccdz.com\\\/tesislerimiz\\\/#primaryimage\"},\"thumbnailUrl\":\"https:\\\/\\\/spccdz.com\\\/wp-content\\\/uploads\\\/2026\\\/01\\\/SPCC_factory_inside-800x1024.webp\",\"datePublished\":\"2026-01-04T10:34:26+00:00\",\"dateModified\":\"2026-04-19T10:33:57+00:00\",\"breadcrumb\":{\"@id\":\"https:\\\/\\\/spccdz.com\\\/tesislerimiz\\\/#breadcrumb\"},\"inLanguage\":\"fr-FR\",\"potentialAction\":[{\"@type\":\"ReadAction\",\"target\":[\"https:\\\/\\\/spccdz.com\\\/tesislerimiz\\\/\"]}]},{\"@type\":\"ImageObject\",\"inLanguage\":\"fr-FR\",\"@id\":\"https:\\\/\\\/spccdz.com\\\/tesislerimiz\\\/#primaryimage\",\"url\":\"https:\\\/\\\/spccdz.com\\\/wp-content\\\/uploads\\\/2026\\\/01\\\/SPCC_factory_inside-800x1024.webp\",\"contentUrl\":\"https:\\\/\\\/spccdz.com\\\/wp-content\\\/uploads\\\/2026\\\/01\\\/SPCC_factory_inside-800x1024.webp\"},{\"@type\":\"BreadcrumbList\",\"@id\":\"https:\\\/\\\/spccdz.com\\\/tesislerimiz\\\/#breadcrumb\",\"itemListElement\":[{\"@type\":\"ListItem\",\"position\":1,\"name\":\"Anasayfa\",\"item\":\"https:\\\/\\\/spccdz.com\\\/\"},{\"@type\":\"ListItem\",\"position\":2,\"name\":\"Tesislerimiz\"}]},{\"@type\":\"WebSite\",\"@id\":\"https:\\\/\\\/spccdz.com\\\/#website\",\"url\":\"https:\\\/\\\/spccdz.com\\\/\",\"name\":\"SPCC Ciment\",\"description\":\"Nesiller boyu s\u00fcren g\u00fc\u00e7\",\"publisher\":{\"@id\":\"https:\\\/\\\/spccdz.com\\\/#organization\"},\"potentialAction\":[{\"@type\":\"SearchAction\",\"target\":{\"@type\":\"EntryPoint\",\"urlTemplate\":\"https:\\\/\\\/spccdz.com\\\/?s={search_term_string}\"},\"query-input\":{\"@type\":\"PropertyValueSpecification\",\"valueRequired\":true,\"valueName\":\"search_term_string\"}}],\"inLanguage\":\"fr-FR\"},{\"@type\":\"Organization\",\"@id\":\"https:\\\/\\\/spccdz.com\\\/#organization\",\"name\":\"SPA S.P.C.C \\\/ SOCIEDE PRODUCTION ET DE COMMERCIALISATION DE CIMENT\",\"url\":\"https:\\\/\\\/spccdz.com\\\/\",\"logo\":{\"@type\":\"ImageObject\",\"inLanguage\":\"fr-FR\",\"@id\":\"https:\\\/\\\/spccdz.com\\\/#\\\/schema\\\/logo\\\/image\\\/\",\"url\":\"https:\\\/\\\/spccdz.com\\\/wp-content\\\/uploads\\\/2026\\\/03\\\/spcc_logo_180px.svg\",\"contentUrl\":\"https:\\\/\\\/spccdz.com\\\/wp-content\\\/uploads\\\/2026\\\/03\\\/spcc_logo_180px.svg\",\"width\":180,\"height\":56,\"caption\":\"SPA S.P.C.C \\\/ SOCIEDE PRODUCTION ET DE COMMERCIALISATION DE CIMENT\"},\"image\":{\"@id\":\"https:\\\/\\\/spccdz.com\\\/#\\\/schema\\\/logo\\\/image\\\/\"},\"sameAs\":[\"https:\\\/\\\/www.linkedin.com\\\/company\\\/spa-spcc\\\/?originalSubdomain=tr\"]}]}<\/script>\n<!-- \/ Yoast SEO plugin. -->","yoast_head_json":{"title":"Nos installations - SPCC Ciment","robots":{"index":"index","follow":"follow","max-snippet":"max-snippet:-1","max-image-preview":"max-image-preview:large","max-video-preview":"max-video-preview:-1"},"canonical":"https:\/\/spccdz.com\/fr\/nos-installations\/","og_locale":"fr_FR","og_type":"article","og_title":"Tesislerimiz - SPCC \u00c7imento","og_description":"G\u00fcvenli gelecek i\u00e7in \u00fcretiyoruz&#8230; Fabrikam\u0131z\u0131n konumuFabrika, Oran vilayeti, Hassi Ameur Sanayi B\u00f6lgesi s\u0131n\u0131rlar\u0131 i\u00e7inde konumlanm\u0131\u015ft\u0131r. B\u00f6lge hem sanayinin hem lojisti\u011fin geli\u015fmi\u015f oldu\u011fu bir alan olarak bilinir.\u00c7evremizde ana ula\u015f\u0131m yollar\u0131 ve sanayi odakl\u0131 altyap\u0131 mevcuttur.B\u00f6lge, hem \u015fehir merkezine hem de limanlara ve...","og_url":"https:\/\/spccdz.com\/fr\/nos-installations\/","og_site_name":"SPCC \u00c7imento","article_modified_time":"2026-04-19T10:33:57+00:00","og_image":[{"width":800,"height":1593,"url":"https:\/\/spccdz.com\/wp-content\/uploads\/2026\/01\/SPCC_factory_inside.webp","type":"image\/webp"}],"twitter_card":"summary_large_image","twitter_misc":{"Dur\u00e9e de lecture estim\u00e9e":"4 minutes"},"schema":{"@context":"https:\/\/schema.org","@graph":[{"@type":"WebPage","@id":"https:\/\/spccdz.com\/tesislerimiz\/","url":"https:\/\/spccdz.com\/tesislerimiz\/","name":"Nos installations - SPCC Ciment","isPartOf":{"@id":"https:\/\/spccdz.com\/#website"},"primaryImageOfPage":{"@id":"https:\/\/spccdz.com\/tesislerimiz\/#primaryimage"},"image":{"@id":"https:\/\/spccdz.com\/tesislerimiz\/#primaryimage"},"thumbnailUrl":"https:\/\/spccdz.com\/wp-content\/uploads\/2026\/01\/SPCC_factory_inside-800x1024.webp","datePublished":"2026-01-04T10:34:26+00:00","dateModified":"2026-04-19T10:33:57+00:00","breadcrumb":{"@id":"https:\/\/spccdz.com\/tesislerimiz\/#breadcrumb"},"inLanguage":"fr-FR","potentialAction":[{"@type":"ReadAction","target":["https:\/\/spccdz.com\/tesislerimiz\/"]}]},{"@type":"ImageObject","inLanguage":"fr-FR","@id":"https:\/\/spccdz.com\/tesislerimiz\/#primaryimage","url":"https:\/\/spccdz.com\/wp-content\/uploads\/2026\/01\/SPCC_factory_inside-800x1024.webp","contentUrl":"https:\/\/spccdz.com\/wp-content\/uploads\/2026\/01\/SPCC_factory_inside-800x1024.webp"},{"@type":"BreadcrumbList","@id":"https:\/\/spccdz.com\/tesislerimiz\/#breadcrumb","itemListElement":[{"@type":"ListItem","position":1,"name":"Anasayfa","item":"https:\/\/spccdz.com\/"},{"@type":"ListItem","position":2,"name":"Tesislerimiz"}]},{"@type":"WebSite","@id":"https:\/\/spccdz.com\/#website","url":"https:\/\/spccdz.com\/","name":"SPCC Ciment","description":"Une confiance qui se transmet","publisher":{"@id":"https:\/\/spccdz.com\/#organization"},"potentialAction":[{"@type":"SearchAction","target":{"@type":"EntryPoint","urlTemplate":"https:\/\/spccdz.com\/?s={search_term_string}"},"query-input":{"@type":"PropertyValueSpecification","valueRequired":true,"valueName":"search_term_string"}}],"inLanguage":"fr-FR"},{"@type":"Organization","@id":"https:\/\/spccdz.com\/#organization","name":"SPA S.P.C.C \/ SOCIEDE PRODUCTION ET DE COMMERCIALISATION DE CIMENT","url":"https:\/\/spccdz.com\/","logo":{"@type":"ImageObject","inLanguage":"fr-FR","@id":"https:\/\/spccdz.com\/#\/schema\/logo\/image\/","url":"https:\/\/spccdz.com\/wp-content\/uploads\/2026\/03\/spcc_logo_180px.svg","contentUrl":"https:\/\/spccdz.com\/wp-content\/uploads\/2026\/03\/spcc_logo_180px.svg","width":180,"height":56,"caption":"SPA S.P.C.C \/ SOCIEDE PRODUCTION ET DE COMMERCIALISATION DE CIMENT"},"image":{"@id":"https:\/\/spccdz.com\/#\/schema\/logo\/image\/"},"sameAs":["https:\/\/www.linkedin.com\/company\/spa-spcc\/?originalSubdomain=tr"]}]}},"_links":{"self":[{"href":"https:\/\/spccdz.com\/fr\/wp-json\/wp\/v2\/pages\/6452","targetHints":{"allow":["GET"]}}],"collection":[{"href":"https:\/\/spccdz.com\/fr\/wp-json\/wp\/v2\/pages"}],"about":[{"href":"https:\/\/spccdz.com\/fr\/wp-json\/wp\/v2\/types\/page"}],"author":[{"embeddable":true,"href":"https:\/\/spccdz.com\/fr\/wp-json\/wp\/v2\/users\/1"}],"replies":[{"embeddable":true,"href":"https:\/\/spccdz.com\/fr\/wp-json\/wp\/v2\/comments?post=6452"}],"version-history":[{"count":76,"href":"https:\/\/spccdz.com\/fr\/wp-json\/wp\/v2\/pages\/6452\/revisions"}],"predecessor-version":[{"id":7519,"href":"https:\/\/spccdz.com\/fr\/wp-json\/wp\/v2\/pages\/6452\/revisions\/7519"}],"wp:attachment":[{"href":"https:\/\/spccdz.com\/fr\/wp-json\/wp\/v2\/media?parent=6452"}],"curies":[{"name":"wp","href":"https:\/\/api.w.org\/{rel}","templated":true}]}}