{"id":6481,"date":"2026-01-04T14:29:14","date_gmt":"2026-01-04T11:29:14","guid":{"rendered":"https:\/\/spccdz.com\/?page_id=6481"},"modified":"2026-04-07T14:12:00","modified_gmt":"2026-04-07T11:12:00","slug":"notre-souci-de-la-qualite","status":"publish","type":"page","link":"https:\/\/spccdz.com\/fr\/notre-souci-de-la-qualite\/","title":{"rendered":"Le souci de la qualit\u00e9"},"content":{"rendered":"<div data-elementor-type=\"wp-page\" data-elementor-id=\"6481\" class=\"elementor elementor-6481\">\n\t\t\t\t\t\t<section class=\"elementor-section elementor-top-section elementor-element elementor-element-809a35b elementor-section-boxed elementor-section-height-default elementor-section-height-default\" data-id=\"809a35b\" data-element_type=\"section\" data-e-type=\"section\">\n\t\t\t\t\t\t<div class=\"elementor-container elementor-column-gap-default\">\n\t\t\t\t\t<div class=\"elementor-column elementor-col-100 elementor-top-column elementor-element elementor-element-182e525\" data-id=\"182e525\" data-element_type=\"column\" data-e-type=\"column\">\n\t\t\t<div class=\"elementor-widget-wrap elementor-element-populated\">\n\t\t\t\t\t\t<div class=\"elementor-element elementor-element-12b9013 elementor-widget elementor-widget-heading\" data-id=\"12b9013\" data-element_type=\"widget\" data-e-type=\"widget\" data-widget_type=\"heading.default\">\n\t\t\t\t<div class=\"elementor-widget-container\">\n\t\t\t\t\t<h2 class=\"elementor-heading-title elementor-size-default\">Nos valeurs fondamentales...<\/h2>\t\t\t\t<\/div>\n\t\t\t\t<\/div>\n\t\t\t\t\t<\/div>\n\t\t<\/div>\n\t\t\t\t\t<\/div>\n\t\t<\/section>\n\t\t\t\t<section class=\"elementor-section elementor-top-section elementor-element elementor-element-58c8480 elementor-section-boxed elementor-section-height-default elementor-section-height-default elementor-invisible\" data-id=\"58c8480\" data-element_type=\"section\" data-e-type=\"section\" data-settings=\"{&quot;animation&quot;:&quot;slideInUp&quot;}\">\n\t\t\t\t\t\t<div class=\"elementor-container elementor-column-gap-default\">\n\t\t\t\t\t<div class=\"elementor-column elementor-col-50 elementor-top-column elementor-element elementor-element-eaa8544\" data-id=\"eaa8544\" data-element_type=\"column\" data-e-type=\"column\">\n\t\t\t<div class=\"elementor-widget-wrap elementor-element-populated\">\n\t\t\t\t\t\t<div class=\"elementor-element elementor-element-03496eb elementor-hidden-laptop elementor-hidden-tablet_extra elementor-hidden-tablet elementor-hidden-mobile_extra elementor-hidden-mobile elementor-absolute elementor-widget elementor-widget-energium_vertical_text\" data-id=\"03496eb\" data-element_type=\"widget\" data-e-type=\"widget\" data-settings=\"{&quot;_position&quot;:&quot;absolute&quot;}\" data-widget_type=\"energium_vertical_text.default\">\n\t\t\t\t<div class=\"elementor-widget-container\">\n\t\t\t\t\t<div class=\"vertical-text\">Nos valeurs<\/div>\t\t\t\t<\/div>\n\t\t\t\t<\/div>\n\t\t\t\t<div class=\"elementor-element elementor-element-3cb7491 elementor-widget elementor-widget-image\" data-id=\"3cb7491\" data-element_type=\"widget\" data-e-type=\"widget\" data-widget_type=\"image.default\">\n\t\t\t\t<div class=\"elementor-widget-container\">\n\t\t\t\t\t\t\t\t\t\t\t\t<figure class=\"wp-caption\">\n\t\t\t\t\t\t\t\t\t\t<img fetchpriority=\"high\" decoding=\"async\" width=\"800\" height=\"1024\" src=\"https:\/\/spccdz.com\/wp-content\/uploads\/2026\/01\/SPCC_kalite_hassasiyeti-800x1024.webp\" class=\"attachment-large size-large wp-image-6485\" alt=\"Kalite Hassasiyeti SPCC SPA\" \/>\t\t\t\t\t\t\t\t\t\t\t<figcaption class=\"widget-image-caption wp-caption-text\">Avant leur mise sur le march\u00e9, nos produits sont soumis \u00e0 des centaines de tests dans des conditions r\u00e9elles. <\/figcaption>\n\t\t\t\t\t\t\t\t\t\t<\/figure>\n\t\t\t\t\t\t\t\t\t<\/div>\n\t\t\t\t<\/div>\n\t\t\t\t\t<\/div>\n\t\t<\/div>\n\t\t\t\t<div class=\"elementor-column elementor-col-50 elementor-top-column elementor-element elementor-element-7b736df\" data-id=\"7b736df\" data-element_type=\"column\" data-e-type=\"column\">\n\t\t\t<div class=\"elementor-widget-wrap elementor-element-populated\">\n\t\t\t\t\t\t<div class=\"elementor-element elementor-element-aba69ad elementor-widget elementor-widget-text-editor\" data-id=\"aba69ad\" data-element_type=\"widget\" data-e-type=\"widget\" data-widget_type=\"text-editor.default\">\n\t\t\t\t<div class=\"elementor-widget-container\">\n\t\t\t\t\t\t\t\t\t<p data-start=\"245\" data-end=\"267\"><strong>Chez SPCC Ciment, nous consid\u00e9rons la qualit\u00e9 non seulement comme un r\u00e9sultat, mais aussi comme une valeur fondamentale int\u00e9gr\u00e9e \u00e0 chaque \u00e9tape de la production. De la s\u00e9lection des mati\u00e8res premi\u00e8res \u00e0 l'exp\u00e9dition, tous nos processus sont g\u00e9r\u00e9s selon des normes \u00e9lev\u00e9es et dans une optique d'am\u00e9lioration continue.<\/strong><\/p><p data-start=\"523\" data-end=\"562\"><strong>Conformit\u00e9 aux normes et continuit\u00e9<\/strong><br \/>Nos produits sont fabriqu\u00e9s conform\u00e9ment aux normes de qualit\u00e9 nationales et internationales et sont r\u00e9guli\u00e8rement test\u00e9s. Gr\u00e2ce \u00e0 nos syst\u00e8mes de gestion de la qualit\u00e9, nous garantissons la constance et la fiabilit\u00e9 des performances de nos produits.<\/p><p data-start=\"772\" data-end=\"804\"><strong>Gestion de la qualit\u00e9 ax\u00e9e sur les processus<\/strong><br \/>Notre conception de la qualit\u00e9 ne se limite pas au produit final, mais englobe l'ensemble des processus de production. Gr\u00e2ce \u00e0 notre infrastructure de laboratoire moderne, \u00e0 nos m\u00e9thodes d'analyse de pointe et \u00e0 notre \u00e9quipe technique sp\u00e9cialis\u00e9e, chaque \u00e9tape de la production fait l'objet d'un contr\u00f4le rigoureux.<\/p><p data-start=\"1024\" data-end=\"1050\"><strong>Technologie et innovation<\/strong><br \/>En suivant de pr\u00e8s les avanc\u00e9es technologiques et les innovations du secteur, nous am\u00e9liorons constamment nos processus de production. Nous consid\u00e9rons les solutions innovantes qui augmentent la productivit\u00e9, r\u00e9duisent le taux d'erreur et am\u00e9liorent les performances des produits comme une partie int\u00e9grante de notre conception de la qualit\u00e9.<\/p><p data-start=\"1322\" data-end=\"1353\"><strong>Une culture de la qualit\u00e9 centr\u00e9e sur l'humain<\/strong><br \/>La qualit\u00e9 repose sur un solide travail d'\u00e9quipe. Chez SPCC Ciment, tous nos collaborateurs agissent dans un esprit de qualit\u00e9 ; cette culture est renforc\u00e9e par des formations et des programmes de d\u00e9veloppement continu. Notre personnel, responsable, conscient et comp\u00e9tent, constitue le fondement de notre garantie de qualit\u00e9.<\/p><p data-start=\"1621\" data-end=\"1644\"><strong>Satisfaction client<\/strong><br \/>En analysant avec pr\u00e9cision les attentes et les besoins de nos clients, nous leur proposons des solutions qui apportent une valeur ajout\u00e9e \u00e0 leurs projets. Nous visons \u00e0 \u00e9tablir des partenariats \u00e0 long terme gr\u00e2ce \u00e0 des livraisons dans les d\u00e9lais, une assistance technique et des performances durables de nos produits.<\/p><p data-start=\"1873\" data-end=\"1896\"><strong>Am\u00e9lioration continue<br \/><\/strong>Nous consid\u00e9rons la qualit\u00e9 non pas comme un objectif statique, mais comme un processus dynamique. En nous appuyant sur les retours d'exp\u00e9rience, les mesures et les analyses de performance, nous am\u00e9liorons constamment nos processus et continuons \u00e0 fabriquer des produits plus fiables et plus performants.<\/p>\t\t\t\t\t\t\t\t<\/div>\n\t\t\t\t<\/div>\n\t\t\t\t\t<\/div>\n\t\t<\/div>\n\t\t\t\t\t<\/div>\n\t\t<\/section>\n\t\t\t\t<\/div>","protected":false},"excerpt":{"rendered":"<p>Vazge\u00e7ilmez de\u011ferlerimiz&#8230; \u00dcr\u00fcnlerimizi piyasa s\u00fcr\u00fclmeden \u00f6nce, ger\u00e7ek ko\u015fullarda y\u00fczlerce testten ge\u00e7irilmektedir. SPCC Ciment olarak kaliteyi, yaln\u0131zca bir sonu\u00e7 de\u011fil; \u00fcretimin her a\u015famas\u0131na entegre edilmi\u015f temel bir de\u011fer olarak g\u00f6r\u00fcyoruz. Hammadde se\u00e7iminden sevkiyata kadar t\u00fcm s\u00fcre\u00e7lerimiz, y\u00fcksek standartlar ve s\u00fcrekli iyile\u015ftirme anlay\u0131\u015f\u0131yla&#8230;<\/p>","protected":false},"author":1,"featured_media":0,"parent":0,"menu_order":0,"comment_status":"closed","ping_status":"closed","template":"","meta":{"footnotes":""},"class_list":["post-6481","page","type-page","status-publish","hentry"],"yoast_head":"<!-- This site is optimized with the Yoast SEO plugin v27.3 - https:\/\/yoast.com\/product\/yoast-seo-wordpress\/ -->\n<title>Kalite hassasiyetimiz - SPCC \u00c7imento<\/title>\n<meta name=\"robots\" content=\"index, follow, max-snippet:-1, max-image-preview:large, max-video-preview:-1\" \/>\n<link rel=\"canonical\" href=\"https:\/\/spccdz.com\/fr\/notre-souci-de-la-qualite\/\" \/>\n<meta property=\"og:locale\" content=\"fr_FR\" \/>\n<meta property=\"og:type\" content=\"article\" \/>\n<meta property=\"og:title\" content=\"Kalite hassasiyetimiz - SPCC \u00c7imento\" \/>\n<meta property=\"og:description\" content=\"Vazge\u00e7ilmez de\u011ferlerimiz&#8230; \u00dcr\u00fcnlerimizi piyasa s\u00fcr\u00fclmeden \u00f6nce, ger\u00e7ek ko\u015fullarda y\u00fczlerce testten ge\u00e7irilmektedir. SPCC Ciment olarak kaliteyi, yaln\u0131zca bir sonu\u00e7 de\u011fil; \u00fcretimin her a\u015famas\u0131na entegre edilmi\u015f temel bir de\u011fer olarak g\u00f6r\u00fcyoruz. Hammadde se\u00e7iminden sevkiyata kadar t\u00fcm s\u00fcre\u00e7lerimiz, y\u00fcksek standartlar ve s\u00fcrekli iyile\u015ftirme anlay\u0131\u015f\u0131yla...\" \/>\n<meta property=\"og:url\" content=\"https:\/\/spccdz.com\/fr\/notre-souci-de-la-qualite\/\" \/>\n<meta property=\"og:site_name\" content=\"SPCC \u00c7imento\" \/>\n<meta property=\"article:modified_time\" content=\"2026-04-07T11:12:00+00:00\" \/>\n<meta property=\"og:image\" content=\"https:\/\/spccdz.com\/wp-content\/uploads\/2026\/01\/SPCC_kalite_hassasiyeti.webp\" \/>\n\t<meta property=\"og:image:width\" content=\"800\" \/>\n\t<meta property=\"og:image:height\" content=\"1182\" \/>\n\t<meta property=\"og:image:type\" content=\"image\/webp\" \/>\n<meta name=\"twitter:card\" content=\"summary_large_image\" \/>\n<meta name=\"twitter:label1\" content=\"Dur\u00e9e de lecture estim\u00e9e\" \/>\n\t<meta name=\"twitter:data1\" content=\"2 minutes\" \/>\n<script type=\"application\/ld+json\" class=\"yoast-schema-graph\">{\"@context\":\"https:\\\/\\\/schema.org\",\"@graph\":[{\"@type\":\"WebPage\",\"@id\":\"https:\\\/\\\/spccdz.com\\\/kalite-hassasiyetimiz\\\/\",\"url\":\"https:\\\/\\\/spccdz.com\\\/kalite-hassasiyetimiz\\\/\",\"name\":\"Kalite hassasiyetimiz - SPCC \u00c7imento\",\"isPartOf\":{\"@id\":\"https:\\\/\\\/spccdz.com\\\/#website\"},\"primaryImageOfPage\":{\"@id\":\"https:\\\/\\\/spccdz.com\\\/kalite-hassasiyetimiz\\\/#primaryimage\"},\"image\":{\"@id\":\"https:\\\/\\\/spccdz.com\\\/kalite-hassasiyetimiz\\\/#primaryimage\"},\"thumbnailUrl\":\"https:\\\/\\\/spccdz.com\\\/wp-content\\\/uploads\\\/2026\\\/01\\\/SPCC_kalite_hassasiyeti-800x1024.webp\",\"datePublished\":\"2026-01-04T11:29:14+00:00\",\"dateModified\":\"2026-04-07T11:12:00+00:00\",\"breadcrumb\":{\"@id\":\"https:\\\/\\\/spccdz.com\\\/kalite-hassasiyetimiz\\\/#breadcrumb\"},\"inLanguage\":\"fr-FR\",\"potentialAction\":[{\"@type\":\"ReadAction\",\"target\":[\"https:\\\/\\\/spccdz.com\\\/kalite-hassasiyetimiz\\\/\"]}]},{\"@type\":\"ImageObject\",\"inLanguage\":\"fr-FR\",\"@id\":\"https:\\\/\\\/spccdz.com\\\/kalite-hassasiyetimiz\\\/#primaryimage\",\"url\":\"https:\\\/\\\/spccdz.com\\\/wp-content\\\/uploads\\\/2026\\\/01\\\/SPCC_kalite_hassasiyeti-800x1024.webp\",\"contentUrl\":\"https:\\\/\\\/spccdz.com\\\/wp-content\\\/uploads\\\/2026\\\/01\\\/SPCC_kalite_hassasiyeti-800x1024.webp\"},{\"@type\":\"BreadcrumbList\",\"@id\":\"https:\\\/\\\/spccdz.com\\\/kalite-hassasiyetimiz\\\/#breadcrumb\",\"itemListElement\":[{\"@type\":\"ListItem\",\"position\":1,\"name\":\"Anasayfa\",\"item\":\"https:\\\/\\\/spccdz.com\\\/\"},{\"@type\":\"ListItem\",\"position\":2,\"name\":\"Kalite hassasiyetimiz\"}]},{\"@type\":\"WebSite\",\"@id\":\"https:\\\/\\\/spccdz.com\\\/#website\",\"url\":\"https:\\\/\\\/spccdz.com\\\/\",\"name\":\"SPCC Ciment\",\"description\":\"Nesiller boyu s\u00fcren g\u00fc\u00e7\",\"publisher\":{\"@id\":\"https:\\\/\\\/spccdz.com\\\/#organization\"},\"potentialAction\":[{\"@type\":\"SearchAction\",\"target\":{\"@type\":\"EntryPoint\",\"urlTemplate\":\"https:\\\/\\\/spccdz.com\\\/?s={search_term_string}\"},\"query-input\":{\"@type\":\"PropertyValueSpecification\",\"valueRequired\":true,\"valueName\":\"search_term_string\"}}],\"inLanguage\":\"fr-FR\"},{\"@type\":\"Organization\",\"@id\":\"https:\\\/\\\/spccdz.com\\\/#organization\",\"name\":\"SPA S.P.C.C \\\/ SOCIEDE PRODUCTION ET DE COMMERCIALISATION DE CIMENT\",\"url\":\"https:\\\/\\\/spccdz.com\\\/\",\"logo\":{\"@type\":\"ImageObject\",\"inLanguage\":\"fr-FR\",\"@id\":\"https:\\\/\\\/spccdz.com\\\/#\\\/schema\\\/logo\\\/image\\\/\",\"url\":\"https:\\\/\\\/spccdz.com\\\/wp-content\\\/uploads\\\/2026\\\/03\\\/spcc_logo_180px.svg\",\"contentUrl\":\"https:\\\/\\\/spccdz.com\\\/wp-content\\\/uploads\\\/2026\\\/03\\\/spcc_logo_180px.svg\",\"width\":180,\"height\":56,\"caption\":\"SPA S.P.C.C \\\/ SOCIEDE PRODUCTION ET DE COMMERCIALISATION DE CIMENT\"},\"image\":{\"@id\":\"https:\\\/\\\/spccdz.com\\\/#\\\/schema\\\/logo\\\/image\\\/\"},\"sameAs\":[\"https:\\\/\\\/www.linkedin.com\\\/company\\\/spa-spcc\\\/?originalSubdomain=tr\"]}]}<\/script>\n<!-- \/ Yoast SEO plugin. -->","yoast_head_json":{"title":"Notre souci de la qualit\u00e9 - SPCC Ciment","robots":{"index":"index","follow":"follow","max-snippet":"max-snippet:-1","max-image-preview":"max-image-preview:large","max-video-preview":"max-video-preview:-1"},"canonical":"https:\/\/spccdz.com\/fr\/notre-souci-de-la-qualite\/","og_locale":"fr_FR","og_type":"article","og_title":"Kalite hassasiyetimiz - SPCC \u00c7imento","og_description":"Vazge\u00e7ilmez de\u011ferlerimiz&#8230; \u00dcr\u00fcnlerimizi piyasa s\u00fcr\u00fclmeden \u00f6nce, ger\u00e7ek ko\u015fullarda y\u00fczlerce testten ge\u00e7irilmektedir. SPCC Ciment olarak kaliteyi, yaln\u0131zca bir sonu\u00e7 de\u011fil; \u00fcretimin her a\u015famas\u0131na entegre edilmi\u015f temel bir de\u011fer olarak g\u00f6r\u00fcyoruz. Hammadde se\u00e7iminden sevkiyata kadar t\u00fcm s\u00fcre\u00e7lerimiz, y\u00fcksek standartlar ve s\u00fcrekli iyile\u015ftirme anlay\u0131\u015f\u0131yla...","og_url":"https:\/\/spccdz.com\/fr\/notre-souci-de-la-qualite\/","og_site_name":"SPCC \u00c7imento","article_modified_time":"2026-04-07T11:12:00+00:00","og_image":[{"width":800,"height":1182,"url":"https:\/\/spccdz.com\/wp-content\/uploads\/2026\/01\/SPCC_kalite_hassasiyeti.webp","type":"image\/webp"}],"twitter_card":"summary_large_image","twitter_misc":{"Dur\u00e9e de lecture estim\u00e9e":"2 minutes"},"schema":{"@context":"https:\/\/schema.org","@graph":[{"@type":"WebPage","@id":"https:\/\/spccdz.com\/kalite-hassasiyetimiz\/","url":"https:\/\/spccdz.com\/kalite-hassasiyetimiz\/","name":"Notre souci de la qualit\u00e9 - SPCC Ciment","isPartOf":{"@id":"https:\/\/spccdz.com\/#website"},"primaryImageOfPage":{"@id":"https:\/\/spccdz.com\/kalite-hassasiyetimiz\/#primaryimage"},"image":{"@id":"https:\/\/spccdz.com\/kalite-hassasiyetimiz\/#primaryimage"},"thumbnailUrl":"https:\/\/spccdz.com\/wp-content\/uploads\/2026\/01\/SPCC_kalite_hassasiyeti-800x1024.webp","datePublished":"2026-01-04T11:29:14+00:00","dateModified":"2026-04-07T11:12:00+00:00","breadcrumb":{"@id":"https:\/\/spccdz.com\/kalite-hassasiyetimiz\/#breadcrumb"},"inLanguage":"fr-FR","potentialAction":[{"@type":"ReadAction","target":["https:\/\/spccdz.com\/kalite-hassasiyetimiz\/"]}]},{"@type":"ImageObject","inLanguage":"fr-FR","@id":"https:\/\/spccdz.com\/kalite-hassasiyetimiz\/#primaryimage","url":"https:\/\/spccdz.com\/wp-content\/uploads\/2026\/01\/SPCC_kalite_hassasiyeti-800x1024.webp","contentUrl":"https:\/\/spccdz.com\/wp-content\/uploads\/2026\/01\/SPCC_kalite_hassasiyeti-800x1024.webp"},{"@type":"BreadcrumbList","@id":"https:\/\/spccdz.com\/kalite-hassasiyetimiz\/#breadcrumb","itemListElement":[{"@type":"ListItem","position":1,"name":"Anasayfa","item":"https:\/\/spccdz.com\/"},{"@type":"ListItem","position":2,"name":"Kalite hassasiyetimiz"}]},{"@type":"WebSite","@id":"https:\/\/spccdz.com\/#website","url":"https:\/\/spccdz.com\/","name":"SPCC Ciment","description":"Une confiance qui se transmet","publisher":{"@id":"https:\/\/spccdz.com\/#organization"},"potentialAction":[{"@type":"SearchAction","target":{"@type":"EntryPoint","urlTemplate":"https:\/\/spccdz.com\/?s={search_term_string}"},"query-input":{"@type":"PropertyValueSpecification","valueRequired":true,"valueName":"search_term_string"}}],"inLanguage":"fr-FR"},{"@type":"Organization","@id":"https:\/\/spccdz.com\/#organization","name":"SPA S.P.C.C \/ SOCIEDE PRODUCTION ET DE COMMERCIALISATION DE CIMENT","url":"https:\/\/spccdz.com\/","logo":{"@type":"ImageObject","inLanguage":"fr-FR","@id":"https:\/\/spccdz.com\/#\/schema\/logo\/image\/","url":"https:\/\/spccdz.com\/wp-content\/uploads\/2026\/03\/spcc_logo_180px.svg","contentUrl":"https:\/\/spccdz.com\/wp-content\/uploads\/2026\/03\/spcc_logo_180px.svg","width":180,"height":56,"caption":"SPA S.P.C.C \/ SOCIEDE PRODUCTION ET DE COMMERCIALISATION DE CIMENT"},"image":{"@id":"https:\/\/spccdz.com\/#\/schema\/logo\/image\/"},"sameAs":["https:\/\/www.linkedin.com\/company\/spa-spcc\/?originalSubdomain=tr"]}]}},"_links":{"self":[{"href":"https:\/\/spccdz.com\/fr\/wp-json\/wp\/v2\/pages\/6481","targetHints":{"allow":["GET"]}}],"collection":[{"href":"https:\/\/spccdz.com\/fr\/wp-json\/wp\/v2\/pages"}],"about":[{"href":"https:\/\/spccdz.com\/fr\/wp-json\/wp\/v2\/types\/page"}],"author":[{"embeddable":true,"href":"https:\/\/spccdz.com\/fr\/wp-json\/wp\/v2\/users\/1"}],"replies":[{"embeddable":true,"href":"https:\/\/spccdz.com\/fr\/wp-json\/wp\/v2\/comments?post=6481"}],"version-history":[{"count":73,"href":"https:\/\/spccdz.com\/fr\/wp-json\/wp\/v2\/pages\/6481\/revisions"}],"predecessor-version":[{"id":7414,"href":"https:\/\/spccdz.com\/fr\/wp-json\/wp\/v2\/pages\/6481\/revisions\/7414"}],"wp:attachment":[{"href":"https:\/\/spccdz.com\/fr\/wp-json\/wp\/v2\/media?parent=6481"}],"curies":[{"name":"wp","href":"https:\/\/api.w.org\/{rel}","templated":true}]}}