{"id":6523,"date":"2026-01-05T00:38:24","date_gmt":"2026-01-04T21:38:24","guid":{"rendered":"https:\/\/spccdz.com\/?page_id=6523"},"modified":"2026-04-07T14:44:43","modified_gmt":"2026-04-07T11:44:43","slug":"assurance-qualite","status":"publish","type":"page","link":"https:\/\/spccdz.com\/fr\/assurance-qualite\/","title":{"rendered":"Politique de qualit\u00e9"},"content":{"rendered":"<div data-elementor-type=\"wp-page\" data-elementor-id=\"6523\" class=\"elementor elementor-6523\">\n\t\t\t\t\t\t<section class=\"elementor-section elementor-top-section elementor-element elementor-element-f36fc4f elementor-section-content-top elementor-section-boxed elementor-section-height-default elementor-section-height-default\" data-id=\"f36fc4f\" data-element_type=\"section\" data-e-type=\"section\" data-settings=\"{&quot;animation_mobile&quot;:&quot;slideInUp&quot;}\">\n\t\t\t\t\t\t<div class=\"elementor-container elementor-column-gap-default\">\n\t\t\t\t\t<div class=\"elementor-column elementor-col-100 elementor-top-column elementor-element elementor-element-eb2d5ac\" data-id=\"eb2d5ac\" data-element_type=\"column\" data-e-type=\"column\">\n\t\t\t<div class=\"elementor-widget-wrap elementor-element-populated\">\n\t\t\t\t\t\t<section class=\"elementor-section elementor-inner-section elementor-element elementor-element-ccd28c4 elementor-section-boxed elementor-section-height-default elementor-section-height-default\" data-id=\"ccd28c4\" data-element_type=\"section\" data-e-type=\"section\">\n\t\t\t\t\t\t<div class=\"elementor-container elementor-column-gap-default\">\n\t\t\t\t\t<div class=\"elementor-column elementor-col-50 elementor-inner-column elementor-element elementor-element-85be6b9\" data-id=\"85be6b9\" data-element_type=\"column\" data-e-type=\"column\">\n\t\t\t<div class=\"elementor-widget-wrap elementor-element-populated\">\n\t\t\t\t\t\t<div class=\"elementor-element elementor-element-23fdf2f elementor-widget elementor-widget-heading\" data-id=\"23fdf2f\" data-element_type=\"widget\" data-e-type=\"widget\" data-widget_type=\"heading.default\">\n\t\t\t\t<div class=\"elementor-widget-container\">\n\t\t\t\t\t<h2 class=\"elementor-heading-title elementor-size-default\">Sous contr\u00f4le qualit\u00e9...<\/h2>\t\t\t\t<\/div>\n\t\t\t\t<\/div>\n\t\t\t\t<div class=\"elementor-element elementor-element-07bf5a8 elementor-hidden-laptop elementor-hidden-tablet_extra elementor-hidden-tablet elementor-hidden-mobile_extra elementor-hidden-mobile elementor-absolute elementor-widget elementor-widget-energium_vertical_text\" data-id=\"07bf5a8\" data-element_type=\"widget\" data-e-type=\"widget\" data-settings=\"{&quot;_position&quot;:&quot;absolute&quot;}\" data-widget_type=\"energium_vertical_text.default\">\n\t\t\t\t<div class=\"elementor-widget-container\">\n\t\t\t\t\t<div class=\"vertical-text\">Politique de qualit\u00e9<\/div>\t\t\t\t<\/div>\n\t\t\t\t<\/div>\n\t\t\t\t\t<\/div>\n\t\t<\/div>\n\t\t\t\t<div class=\"elementor-column elementor-col-50 elementor-inner-column elementor-element elementor-element-867cefb\" data-id=\"867cefb\" data-element_type=\"column\" data-e-type=\"column\">\n\t\t\t<div class=\"elementor-widget-wrap elementor-element-populated\">\n\t\t\t\t\t\t<div class=\"elementor-element elementor-element-062f41d elementor-widget elementor-widget-text-editor\" data-id=\"062f41d\" data-element_type=\"widget\" data-e-type=\"widget\" data-widget_type=\"text-editor.default\">\n\t\t\t\t<div class=\"elementor-widget-container\">\n\t\t\t\t\t\t\t\t\t<p>SPA S.P.C.C. met en \u0153uvre un programme complet d'assurance qualit\u00e9 afin de garantir la satisfaction <strong>de ses clients et la fiabilit\u00e9<\/strong> de ses produits.<\/p>\t\t\t\t\t\t\t\t<\/div>\n\t\t\t\t<\/div>\n\t\t\t\t\t<\/div>\n\t\t<\/div>\n\t\t\t\t\t<\/div>\n\t\t<\/section>\n\t\t\t\t<div class=\"elementor-element elementor-element-b1656c0 elementor-widget elementor-widget-image\" data-id=\"b1656c0\" data-element_type=\"widget\" data-e-type=\"widget\" data-widget_type=\"image.default\">\n\t\t\t\t<div class=\"elementor-widget-container\">\n\t\t\t\t\t\t\t\t\t\t\t\t\t\t\t<img fetchpriority=\"high\" decoding=\"async\" width=\"1370\" height=\"460\" src=\"https:\/\/spccdz.com\/wp-content\/uploads\/2026\/01\/kalite_kontrol_laboratuari.webp\" class=\"attachment-full size-full wp-image-6533\" alt=\"Kalite Kontrol Laborutar\u0131\" srcset=\"https:\/\/spccdz.com\/wp-content\/uploads\/2026\/01\/kalite_kontrol_laboratuari.webp 1370w, https:\/\/spccdz.com\/wp-content\/uploads\/2026\/01\/kalite_kontrol_laboratuari-768x258.webp 768w, https:\/\/spccdz.com\/wp-content\/uploads\/2026\/01\/kalite_kontrol_laboratuari-600x201.webp 600w\" sizes=\"(max-width: 1370px) 100vw, 1370px\" \/>\t\t\t\t\t\t\t\t\t\t\t\t\t\t\t<\/div>\n\t\t\t\t<\/div>\n\t\t\t\t\t<\/div>\n\t\t<\/div>\n\t\t\t\t\t<\/div>\n\t\t<\/section>\n\t\t\t\t<section class=\"elementor-section elementor-top-section elementor-element elementor-element-f5beb3e elementor-section-content-top elementor-section-boxed elementor-section-height-default elementor-section-height-default\" data-id=\"f5beb3e\" data-element_type=\"section\" data-e-type=\"section\" data-settings=\"{&quot;animation_mobile&quot;:&quot;slideInUp&quot;,&quot;background_background&quot;:&quot;classic&quot;}\">\n\t\t\t\t\t\t\t<div class=\"elementor-background-overlay\"><\/div>\n\t\t\t\t\t\t\t<div class=\"elementor-container elementor-column-gap-custom\">\n\t\t\t\t\t<div class=\"elementor-column elementor-col-25 elementor-top-column elementor-element elementor-element-49c0094\" data-id=\"49c0094\" data-element_type=\"column\" data-e-type=\"column\">\n\t\t\t<div class=\"elementor-widget-wrap elementor-element-populated\">\n\t\t\t\t\t\t<div class=\"elementor-element elementor-element-a9c0ec1 elementor-widget elementor-widget-text-editor\" data-id=\"a9c0ec1\" data-element_type=\"widget\" data-e-type=\"widget\" data-widget_type=\"text-editor.default\">\n\t\t\t\t<div class=\"elementor-widget-container\">\n\t\t\t\t\t\t\t\t\t<p>Infrastructure de laboratoire<\/p><p>\u2022 L'entreprise dispose d'un laboratoire de contr\u00f4le qualit\u00e9 moderne, op\u00e9rationnel 24 heures sur 24, 7 jours sur 7.<\/p><p>\u2022 Le laboratoire effectue \u00e0 la fois des essais chimiques et physiques.<\/p><p>\u2022 Gr\u00e2ce au syst\u00e8me de surveillance en continu, la production est contr\u00f4l\u00e9e en temps r\u00e9el et les \u00e9ventuels \u00e9carts sont imm\u00e9diatement corrig\u00e9s.<\/p>\t\t\t\t\t\t\t\t<\/div>\n\t\t\t\t<\/div>\n\t\t\t\t\t<\/div>\n\t\t<\/div>\n\t\t\t\t<div class=\"elementor-column elementor-col-25 elementor-top-column elementor-element elementor-element-a836c83\" data-id=\"a836c83\" data-element_type=\"column\" data-e-type=\"column\">\n\t\t\t<div class=\"elementor-widget-wrap elementor-element-populated\">\n\t\t\t\t\t\t<div class=\"elementor-element elementor-element-c17f590 elementor-widget elementor-widget-text-editor\" data-id=\"c17f590\" data-element_type=\"widget\" data-e-type=\"widget\" data-widget_type=\"text-editor.default\">\n\t\t\t\t<div class=\"elementor-widget-container\">\n\t\t\t\t\t\t\t\t\t<p>Types de tests et d'analyses<\/p><p>\u2022 Essais m\u00e9caniques : r\u00e9sistance \u00e0 la compression, temps de prise, mesure de la finesse.<\/p><p>\u2022 Analyses chimiques : proportions des composants, additifs min\u00e9raux, r\u00e9sistance aux sulfates.<\/p><p>\u2022 Essais de r\u00e9sistance : mesures de performance \u00e0 long terme, essais d'exposition aux conditions environnementales (eau, humidit\u00e9, sel).<\/p>\t\t\t\t\t\t\t\t<\/div>\n\t\t\t\t<\/div>\n\t\t\t\t\t<\/div>\n\t\t<\/div>\n\t\t\t\t<div class=\"elementor-column elementor-col-25 elementor-top-column elementor-element elementor-element-979494c\" data-id=\"979494c\" data-element_type=\"column\" data-e-type=\"column\">\n\t\t\t<div class=\"elementor-widget-wrap elementor-element-populated\">\n\t\t\t\t\t\t<div class=\"elementor-element elementor-element-bd41b40 elementor-widget elementor-widget-text-editor\" data-id=\"bd41b40\" data-element_type=\"widget\" data-e-type=\"widget\" data-widget_type=\"text-editor.default\">\n\t\t\t\t<div class=\"elementor-widget-container\">\n\t\t\t\t\t\t\t\t\t<p>Laboratoire de b\u00e9ton pr\u00eat \u00e0 l'emploi<\/p><p>\u2022 Des essais sur le b\u00e9ton pr\u00eat \u00e0 l'emploi sont effectu\u00e9s afin d'apporter une assistance aux clients sur le terrain.<br \/>\u2022 Une aide \u00e0 la formulation est fournie pour la conception des m\u00e9langes de b\u00e9ton.<br \/>\u2022 En d\u00e9terminant les proportions optimales de mat\u00e9riaux pour chaque projet, nous offrons \u00e0 la fois un avantage en termes de co\u00fbt et de durabilit\u00e9.<\/p>\t\t\t\t\t\t\t\t<\/div>\n\t\t\t\t<\/div>\n\t\t\t\t\t<\/div>\n\t\t<\/div>\n\t\t\t\t<div class=\"elementor-column elementor-col-25 elementor-top-column elementor-element elementor-element-f632b05\" data-id=\"f632b05\" data-element_type=\"column\" data-e-type=\"column\">\n\t\t\t<div class=\"elementor-widget-wrap elementor-element-populated\">\n\t\t\t\t\t\t<div class=\"elementor-element elementor-element-cb72d23 elementor-widget elementor-widget-text-editor\" data-id=\"cb72d23\" data-element_type=\"widget\" data-e-type=\"widget\" data-widget_type=\"text-editor.default\">\n\t\t\t\t<div class=\"elementor-widget-container\">\n\t\t\t\t\t\t\t\t\t<p>Continuit\u00e9 et suivi<\/p><p>\u2022 Le contr\u00f4le qualit\u00e9 ne se limite pas \u00e0 la phase de production ;<br \/>\u2022 Conditionnement (en sachets, en vrac, en sacs \u00e0 sangles, en big bags)<br \/>\u2022 Transport (v\u00e9hicules de transport en vrac, conteneurs)<br \/>\u2022 Les conditions de stockage (humidit\u00e9, temp\u00e9rature, dur\u00e9e de conservation) sont \u00e9galement rigoureusement respect\u00e9es tout au long du processus.<\/p>\t\t\t\t\t\t\t\t<\/div>\n\t\t\t\t<\/div>\n\t\t\t\t\t<\/div>\n\t\t<\/div>\n\t\t\t\t\t<\/div>\n\t\t<\/section>\n\t\t\t\t<section class=\"elementor-section elementor-top-section elementor-element elementor-element-7e16403 elementor-section-content-top elementor-section-boxed elementor-section-height-default elementor-section-height-default\" data-id=\"7e16403\" data-element_type=\"section\" data-e-type=\"section\">\n\t\t\t\t\t\t<div class=\"elementor-container elementor-column-gap-default\">\n\t\t\t\t\t<div class=\"elementor-column elementor-col-100 elementor-top-column elementor-element elementor-element-27a272f\" data-id=\"27a272f\" data-element_type=\"column\" data-e-type=\"column\">\n\t\t\t<div class=\"elementor-widget-wrap elementor-element-populated\">\n\t\t\t\t\t\t<div class=\"elementor-element elementor-element-728a28c elementor-widget elementor-widget-text-editor\" data-id=\"728a28c\" data-element_type=\"widget\" data-e-type=\"widget\" data-widget_type=\"text-editor.default\">\n\t\t\t\t<div class=\"elementor-widget-container\">\n\t\t\t\t\t\t\t\t\t<p>Les commentaires des clients sont r\u00e9guli\u00e8rement analys\u00e9s et pris en compte dans les activit\u00e9s d'am\u00e9lioration continue.<\/p>\t\t\t\t\t\t\t\t<\/div>\n\t\t\t\t<\/div>\n\t\t\t\t\t<\/div>\n\t\t<\/div>\n\t\t\t\t\t<\/div>\n\t\t<\/section>\n\t\t\t\t<\/div>","protected":false},"excerpt":{"rendered":"<p>Kalite 365 g\u00fcn kontrol alt\u0131nda&#8230; SPA S.P.C.C, m\u00fc\u015fteri memnuniyetini ve \u00fcr\u00fcn g\u00fcvenilirli\u011fini garanti alt\u0131na almak amac\u0131yla kapsaml\u0131 bir Kalite G\u00fcvence Program\u0131 y\u00fcr\u00fctmektedir. 1. Laboratuvar Altyap\u0131s\u0131 \u2022 7 g\u00fcn 24 saat faaliyet g\u00f6steren modern kalite kontrol laboratuvar\u0131 bulunmaktad\u0131r. \u2022 Laboratuvarda hem kimyasal&#8230;<\/p>","protected":false},"author":1,"featured_media":0,"parent":0,"menu_order":0,"comment_status":"closed","ping_status":"closed","template":"","meta":{"footnotes":""},"class_list":["post-6523","page","type-page","status-publish","hentry"],"yoast_head":"<!-- This site is optimized with the Yoast SEO plugin v27.4 - https:\/\/yoast.com\/product\/yoast-seo-wordpress\/ -->\n<title>kalite politikas\u0131 - SPCC \u00c7imento<\/title>\n<meta name=\"robots\" content=\"index, follow, max-snippet:-1, max-image-preview:large, max-video-preview:-1\" \/>\n<link rel=\"canonical\" href=\"https:\/\/spccdz.com\/fr\/assurance-qualite\/\" \/>\n<meta property=\"og:locale\" content=\"fr_FR\" \/>\n<meta property=\"og:type\" content=\"article\" \/>\n<meta property=\"og:title\" content=\"kalite politikas\u0131 - SPCC \u00c7imento\" \/>\n<meta property=\"og:description\" content=\"Kalite 365 g\u00fcn kontrol alt\u0131nda&#8230; SPA S.P.C.C, m\u00fc\u015fteri memnuniyetini ve \u00fcr\u00fcn g\u00fcvenilirli\u011fini garanti alt\u0131na almak amac\u0131yla kapsaml\u0131 bir Kalite G\u00fcvence Program\u0131 y\u00fcr\u00fctmektedir. 1. Laboratuvar Altyap\u0131s\u0131 \u2022 7 g\u00fcn 24 saat faaliyet g\u00f6steren modern kalite kontrol laboratuvar\u0131 bulunmaktad\u0131r. \u2022 Laboratuvarda hem kimyasal...\" \/>\n<meta property=\"og:url\" content=\"https:\/\/spccdz.com\/fr\/assurance-qualite\/\" \/>\n<meta property=\"og:site_name\" content=\"SPCC \u00c7imento\" \/>\n<meta property=\"article:modified_time\" content=\"2026-04-07T11:44:43+00:00\" \/>\n<meta property=\"og:image\" content=\"https:\/\/spccdz.com\/wp-content\/uploads\/2026\/01\/kalite_kontrol_laboratuari.webp\" \/>\n\t<meta property=\"og:image:width\" content=\"1370\" \/>\n\t<meta property=\"og:image:height\" content=\"460\" \/>\n\t<meta property=\"og:image:type\" content=\"image\/webp\" \/>\n<meta name=\"twitter:card\" content=\"summary_large_image\" \/>\n<meta name=\"twitter:label1\" content=\"Dur\u00e9e de lecture estim\u00e9e\" \/>\n\t<meta name=\"twitter:data1\" content=\"2 minutes\" \/>\n<script type=\"application\/ld+json\" class=\"yoast-schema-graph\">{\"@context\":\"https:\\\/\\\/schema.org\",\"@graph\":[{\"@type\":\"WebPage\",\"@id\":\"https:\\\/\\\/spccdz.com\\\/kalite-guvence\\\/\",\"url\":\"https:\\\/\\\/spccdz.com\\\/kalite-guvence\\\/\",\"name\":\"kalite politikas\u0131 - SPCC \u00c7imento\",\"isPartOf\":{\"@id\":\"https:\\\/\\\/spccdz.com\\\/#website\"},\"primaryImageOfPage\":{\"@id\":\"https:\\\/\\\/spccdz.com\\\/kalite-guvence\\\/#primaryimage\"},\"image\":{\"@id\":\"https:\\\/\\\/spccdz.com\\\/kalite-guvence\\\/#primaryimage\"},\"thumbnailUrl\":\"https:\\\/\\\/spccdz.com\\\/wp-content\\\/uploads\\\/2026\\\/01\\\/kalite_kontrol_laboratuari.webp\",\"datePublished\":\"2026-01-04T21:38:24+00:00\",\"dateModified\":\"2026-04-07T11:44:43+00:00\",\"breadcrumb\":{\"@id\":\"https:\\\/\\\/spccdz.com\\\/kalite-guvence\\\/#breadcrumb\"},\"inLanguage\":\"fr-FR\",\"potentialAction\":[{\"@type\":\"ReadAction\",\"target\":[\"https:\\\/\\\/spccdz.com\\\/kalite-guvence\\\/\"]}]},{\"@type\":\"ImageObject\",\"inLanguage\":\"fr-FR\",\"@id\":\"https:\\\/\\\/spccdz.com\\\/kalite-guvence\\\/#primaryimage\",\"url\":\"https:\\\/\\\/spccdz.com\\\/wp-content\\\/uploads\\\/2026\\\/01\\\/kalite_kontrol_laboratuari.webp\",\"contentUrl\":\"https:\\\/\\\/spccdz.com\\\/wp-content\\\/uploads\\\/2026\\\/01\\\/kalite_kontrol_laboratuari.webp\"},{\"@type\":\"BreadcrumbList\",\"@id\":\"https:\\\/\\\/spccdz.com\\\/kalite-guvence\\\/#breadcrumb\",\"itemListElement\":[{\"@type\":\"ListItem\",\"position\":1,\"name\":\"Anasayfa\",\"item\":\"https:\\\/\\\/spccdz.com\\\/\"},{\"@type\":\"ListItem\",\"position\":2,\"name\":\"kalite politikas\u0131\"}]},{\"@type\":\"WebSite\",\"@id\":\"https:\\\/\\\/spccdz.com\\\/#website\",\"url\":\"https:\\\/\\\/spccdz.com\\\/\",\"name\":\"SPCC Ciment\",\"description\":\"Nesiller boyu s\u00fcren g\u00fc\u00e7\",\"publisher\":{\"@id\":\"https:\\\/\\\/spccdz.com\\\/#organization\"},\"potentialAction\":[{\"@type\":\"SearchAction\",\"target\":{\"@type\":\"EntryPoint\",\"urlTemplate\":\"https:\\\/\\\/spccdz.com\\\/?s={search_term_string}\"},\"query-input\":{\"@type\":\"PropertyValueSpecification\",\"valueRequired\":true,\"valueName\":\"search_term_string\"}}],\"inLanguage\":\"fr-FR\"},{\"@type\":\"Organization\",\"@id\":\"https:\\\/\\\/spccdz.com\\\/#organization\",\"name\":\"SPA S.P.C.C \\\/ SOCIEDE PRODUCTION ET DE COMMERCIALISATION DE CIMENT\",\"url\":\"https:\\\/\\\/spccdz.com\\\/\",\"logo\":{\"@type\":\"ImageObject\",\"inLanguage\":\"fr-FR\",\"@id\":\"https:\\\/\\\/spccdz.com\\\/#\\\/schema\\\/logo\\\/image\\\/\",\"url\":\"https:\\\/\\\/spccdz.com\\\/wp-content\\\/uploads\\\/2026\\\/03\\\/spcc_logo_180px.svg\",\"contentUrl\":\"https:\\\/\\\/spccdz.com\\\/wp-content\\\/uploads\\\/2026\\\/03\\\/spcc_logo_180px.svg\",\"width\":180,\"height\":56,\"caption\":\"SPA S.P.C.C \\\/ SOCIEDE PRODUCTION ET DE COMMERCIALISATION DE CIMENT\"},\"image\":{\"@id\":\"https:\\\/\\\/spccdz.com\\\/#\\\/schema\\\/logo\\\/image\\\/\"},\"sameAs\":[\"https:\\\/\\\/www.linkedin.com\\\/company\\\/spa-spcc\\\/?originalSubdomain=tr\"]}]}<\/script>\n<!-- \/ Yoast SEO plugin. -->","yoast_head_json":{"title":"Politique de qualit\u00e9 - SPCC Ciment","robots":{"index":"index","follow":"follow","max-snippet":"max-snippet:-1","max-image-preview":"max-image-preview:large","max-video-preview":"max-video-preview:-1"},"canonical":"https:\/\/spccdz.com\/fr\/assurance-qualite\/","og_locale":"fr_FR","og_type":"article","og_title":"kalite politikas\u0131 - SPCC \u00c7imento","og_description":"Kalite 365 g\u00fcn kontrol alt\u0131nda&#8230; SPA S.P.C.C, m\u00fc\u015fteri memnuniyetini ve \u00fcr\u00fcn g\u00fcvenilirli\u011fini garanti alt\u0131na almak amac\u0131yla kapsaml\u0131 bir Kalite G\u00fcvence Program\u0131 y\u00fcr\u00fctmektedir. 1. Laboratuvar Altyap\u0131s\u0131 \u2022 7 g\u00fcn 24 saat faaliyet g\u00f6steren modern kalite kontrol laboratuvar\u0131 bulunmaktad\u0131r. \u2022 Laboratuvarda hem kimyasal...","og_url":"https:\/\/spccdz.com\/fr\/assurance-qualite\/","og_site_name":"SPCC \u00c7imento","article_modified_time":"2026-04-07T11:44:43+00:00","og_image":[{"width":1370,"height":460,"url":"https:\/\/spccdz.com\/wp-content\/uploads\/2026\/01\/kalite_kontrol_laboratuari.webp","type":"image\/webp"}],"twitter_card":"summary_large_image","twitter_misc":{"Dur\u00e9e de lecture estim\u00e9e":"2 minutes"},"schema":{"@context":"https:\/\/schema.org","@graph":[{"@type":"WebPage","@id":"https:\/\/spccdz.com\/kalite-guvence\/","url":"https:\/\/spccdz.com\/kalite-guvence\/","name":"Politique de qualit\u00e9 - SPCC Ciment","isPartOf":{"@id":"https:\/\/spccdz.com\/#website"},"primaryImageOfPage":{"@id":"https:\/\/spccdz.com\/kalite-guvence\/#primaryimage"},"image":{"@id":"https:\/\/spccdz.com\/kalite-guvence\/#primaryimage"},"thumbnailUrl":"https:\/\/spccdz.com\/wp-content\/uploads\/2026\/01\/kalite_kontrol_laboratuari.webp","datePublished":"2026-01-04T21:38:24+00:00","dateModified":"2026-04-07T11:44:43+00:00","breadcrumb":{"@id":"https:\/\/spccdz.com\/kalite-guvence\/#breadcrumb"},"inLanguage":"fr-FR","potentialAction":[{"@type":"ReadAction","target":["https:\/\/spccdz.com\/kalite-guvence\/"]}]},{"@type":"ImageObject","inLanguage":"fr-FR","@id":"https:\/\/spccdz.com\/kalite-guvence\/#primaryimage","url":"https:\/\/spccdz.com\/wp-content\/uploads\/2026\/01\/kalite_kontrol_laboratuari.webp","contentUrl":"https:\/\/spccdz.com\/wp-content\/uploads\/2026\/01\/kalite_kontrol_laboratuari.webp"},{"@type":"BreadcrumbList","@id":"https:\/\/spccdz.com\/kalite-guvence\/#breadcrumb","itemListElement":[{"@type":"ListItem","position":1,"name":"Anasayfa","item":"https:\/\/spccdz.com\/"},{"@type":"ListItem","position":2,"name":"kalite politikas\u0131"}]},{"@type":"WebSite","@id":"https:\/\/spccdz.com\/#website","url":"https:\/\/spccdz.com\/","name":"SPCC Ciment","description":"Une confiance qui se transmet","publisher":{"@id":"https:\/\/spccdz.com\/#organization"},"potentialAction":[{"@type":"SearchAction","target":{"@type":"EntryPoint","urlTemplate":"https:\/\/spccdz.com\/?s={search_term_string}"},"query-input":{"@type":"PropertyValueSpecification","valueRequired":true,"valueName":"search_term_string"}}],"inLanguage":"fr-FR"},{"@type":"Organization","@id":"https:\/\/spccdz.com\/#organization","name":"SPA S.P.C.C \/ SOCIEDE PRODUCTION ET DE COMMERCIALISATION DE CIMENT","url":"https:\/\/spccdz.com\/","logo":{"@type":"ImageObject","inLanguage":"fr-FR","@id":"https:\/\/spccdz.com\/#\/schema\/logo\/image\/","url":"https:\/\/spccdz.com\/wp-content\/uploads\/2026\/03\/spcc_logo_180px.svg","contentUrl":"https:\/\/spccdz.com\/wp-content\/uploads\/2026\/03\/spcc_logo_180px.svg","width":180,"height":56,"caption":"SPA S.P.C.C \/ SOCIEDE PRODUCTION ET DE COMMERCIALISATION DE CIMENT"},"image":{"@id":"https:\/\/spccdz.com\/#\/schema\/logo\/image\/"},"sameAs":["https:\/\/www.linkedin.com\/company\/spa-spcc\/?originalSubdomain=tr"]}]}},"_links":{"self":[{"href":"https:\/\/spccdz.com\/fr\/wp-json\/wp\/v2\/pages\/6523","targetHints":{"allow":["GET"]}}],"collection":[{"href":"https:\/\/spccdz.com\/fr\/wp-json\/wp\/v2\/pages"}],"about":[{"href":"https:\/\/spccdz.com\/fr\/wp-json\/wp\/v2\/types\/page"}],"author":[{"embeddable":true,"href":"https:\/\/spccdz.com\/fr\/wp-json\/wp\/v2\/users\/1"}],"replies":[{"embeddable":true,"href":"https:\/\/spccdz.com\/fr\/wp-json\/wp\/v2\/comments?post=6523"}],"version-history":[{"count":164,"href":"https:\/\/spccdz.com\/fr\/wp-json\/wp\/v2\/pages\/6523\/revisions"}],"predecessor-version":[{"id":7421,"href":"https:\/\/spccdz.com\/fr\/wp-json\/wp\/v2\/pages\/6523\/revisions\/7421"}],"wp:attachment":[{"href":"https:\/\/spccdz.com\/fr\/wp-json\/wp\/v2\/media?parent=6523"}],"curies":[{"name":"wp","href":"https:\/\/api.w.org\/{rel}","templated":true}]}}