{"id":7281,"date":"2026-02-05T23:07:09","date_gmt":"2026-02-05T20:07:09","guid":{"rendered":"https:\/\/spccdz.com\/?page_id=7281"},"modified":"2026-04-07T01:05:32","modified_gmt":"2026-04-06T22:05:32","slug":"societes-du-groupe","status":"publish","type":"page","link":"https:\/\/spccdz.com\/fr\/societes-du-groupe\/","title":{"rendered":"Soci\u00e9t\u00e9s du groupe"},"content":{"rendered":"<div data-elementor-type=\"wp-page\" data-elementor-id=\"7281\" class=\"elementor elementor-7281\">\n\t\t\t\t\t\t<section class=\"elementor-section elementor-top-section elementor-element elementor-element-1829c0e elementor-section-boxed elementor-section-height-default elementor-section-height-default\" data-id=\"1829c0e\" data-element_type=\"section\" data-e-type=\"section\">\n\t\t\t\t\t\t<div class=\"elementor-container elementor-column-gap-default\">\n\t\t\t\t\t<div class=\"elementor-column elementor-col-100 elementor-top-column elementor-element elementor-element-91215ef\" data-id=\"91215ef\" data-element_type=\"column\" data-e-type=\"column\">\n\t\t\t<div class=\"elementor-widget-wrap elementor-element-populated\">\n\t\t\t\t\t\t<div class=\"elementor-element elementor-element-cd75499 elementor-widget elementor-widget-text-editor\" data-id=\"cd75499\" data-element_type=\"widget\" data-e-type=\"widget\" data-widget_type=\"text-editor.default\">\n\t\t\t\t<div class=\"elementor-widget-container\">\n\t\t\t\t\t\t\t\t\t<h2>Soci\u00e9t\u00e9s du groupe<\/h2><h3>Toujours le meilleur dans tous nos domaines d'activit\u00e9.<\/h3>\t\t\t\t\t\t\t\t<\/div>\n\t\t\t\t<\/div>\n\t\t\t\t<div class=\"elementor-element elementor-element-190543e elementor-hidden-laptop elementor-hidden-tablet_extra elementor-hidden-tablet elementor-hidden-mobile_extra elementor-hidden-mobile elementor-absolute elementor-widget elementor-widget-energium_vertical_text\" data-id=\"190543e\" data-element_type=\"widget\" data-e-type=\"widget\" data-settings=\"{&quot;_position&quot;:&quot;absolute&quot;}\" data-widget_type=\"energium_vertical_text.default\">\n\t\t\t\t<div class=\"elementor-widget-container\">\n\t\t\t\t\t<div class=\"vertical-text\">Soci\u00e9t\u00e9s du groupe<\/div>\t\t\t\t<\/div>\n\t\t\t\t<\/div>\n\t\t\t\t\t<\/div>\n\t\t<\/div>\n\t\t\t\t\t<\/div>\n\t\t<\/section>\n\t\t\t\t<section class=\"elementor-section elementor-top-section elementor-element elementor-element-176a165 elementor-section-boxed elementor-section-height-default elementor-section-height-default\" data-id=\"176a165\" data-element_type=\"section\" data-e-type=\"section\">\n\t\t\t\t\t\t<div class=\"elementor-container elementor-column-gap-default\">\n\t\t\t\t\t<div class=\"elementor-column elementor-col-100 elementor-top-column elementor-element elementor-element-ceb85a8\" data-id=\"ceb85a8\" data-element_type=\"column\" data-e-type=\"column\">\n\t\t\t<div class=\"elementor-widget-wrap elementor-element-populated\">\n\t\t\t\t\t\t<div class=\"elementor-element elementor-element-67c55fa elementor-widget-divider--view-line elementor-widget elementor-widget-divider\" data-id=\"67c55fa\" data-element_type=\"widget\" data-e-type=\"widget\" data-widget_type=\"divider.default\">\n\t\t\t\t<div class=\"elementor-widget-container\">\n\t\t\t\t\t\t\t<div class=\"elementor-divider\">\n\t\t\t<span class=\"elementor-divider-separator\">\n\t\t\t\t\t\t<\/span>\n\t\t<\/div>\n\t\t\t\t\t\t<\/div>\n\t\t\t\t<\/div>\n\t\t\t\t\t<\/div>\n\t\t<\/div>\n\t\t\t\t\t<\/div>\n\t\t<\/section>\n\t\t\t\t<section class=\"elementor-section elementor-top-section elementor-element elementor-element-6953825 elementor-section-boxed elementor-section-height-default elementor-section-height-default\" data-id=\"6953825\" data-element_type=\"section\" data-e-type=\"section\">\n\t\t\t\t\t\t<div class=\"elementor-container elementor-column-gap-default\">\n\t\t\t\t\t<div class=\"elementor-column elementor-col-50 elementor-top-column elementor-element elementor-element-928870a\" data-id=\"928870a\" data-element_type=\"column\" data-e-type=\"column\">\n\t\t\t<div class=\"elementor-widget-wrap elementor-element-populated\">\n\t\t\t\t\t\t<div class=\"elementor-element elementor-element-a18bb65 elementor-widget__width-initial elementor-widget elementor-widget-image\" data-id=\"a18bb65\" data-element_type=\"widget\" data-e-type=\"widget\" data-widget_type=\"image.default\">\n\t\t\t\t<div class=\"elementor-widget-container\">\n\t\t\t\t\t\t\t\t\t\t\t\t\t\t\t\t<a href=\"https:\/\/spccmaritime.dz\/fr\/\" target=\"_blank\">\n\t\t\t\t\t\t\t<img decoding=\"async\" width=\"160\" height=\"99\" src=\"https:\/\/spccdz.com\/wp-content\/uploads\/2026\/02\/logo_spcc_maritime.png\" class=\"attachment-full size-full wp-image-7288\" alt=\"SPCC MAITIME Logo\" \/>\t\t\t\t\t\t\t\t<\/a>\n\t\t\t\t\t\t\t\t\t\t\t\t\t\t\t<\/div>\n\t\t\t\t<\/div>\n\t\t\t\t\t<\/div>\n\t\t<\/div>\n\t\t\t\t<div class=\"elementor-column elementor-col-50 elementor-top-column elementor-element elementor-element-aaa2421\" data-id=\"aaa2421\" data-element_type=\"column\" data-e-type=\"column\">\n\t\t\t<div class=\"elementor-widget-wrap elementor-element-populated\">\n\t\t\t\t\t\t<div class=\"elementor-element elementor-element-1ca86c1 elementor-widget elementor-widget-text-editor\" data-id=\"1ca86c1\" data-element_type=\"widget\" data-e-type=\"widget\" data-widget_type=\"text-editor.default\">\n\t\t\t\t<div class=\"elementor-widget-container\">\n\t\t\t\t\t\t\t\t\t<p>SPCC Maritime est une compagnie maritime priv\u00e9e qui fait son entr\u00e9e sur le march\u00e9 alg\u00e9rien et qui poss\u00e8de des vraquiers destin\u00e9s principalement au transport de ciment et d'autres marchandises en vrac. Nous sommes partenaires d'un important groupe de production de ciment pr\u00e9sent en Alg\u00e9rie depuis plus de dix ans. Notre si\u00e8ge social est situ\u00e9 \u00e0 Oran, la deuxi\u00e8me plus grande ville d'Alg\u00e9rie, qui dispose d'un grand port commercial. <a href=\"https:\/\/spccmaritime.dz\/fr\/\" target=\"_blank\" rel=\"noopener\">Pour plus d'informations, vous pouvez consulter le site web de l'entreprise<\/a><\/p>\t\t\t\t\t\t\t\t<\/div>\n\t\t\t\t<\/div>\n\t\t\t\t\t<\/div>\n\t\t<\/div>\n\t\t\t\t\t<\/div>\n\t\t<\/section>\n\t\t\t\t<\/div>","protected":false},"excerpt":{"rendered":"<p>Grup \u015eirketleri T\u00fcm faaliyet alanlar\u0131nda daima &#8220;en iyiye&#8221;. SPCC Maritime, Cezayir&#8217;de denizcilik sekt\u00f6r\u00fcne yeni giren, a\u011f\u0131rl\u0131kl\u0131 olarak \u00e7imento ve di\u011fer d\u00f6kme y\u00fcklerin ta\u015f\u0131nmas\u0131 i\u00e7in d\u00f6kme y\u00fck gemisi sahibi olan \u00f6zel bir denizcilik \u015firketidir. Cezayir&#8217;de on y\u0131l\u0131 a\u015fk\u0131n deneyime sahip \u00f6nemli bir&#8230;<\/p>","protected":false},"author":1,"featured_media":0,"parent":0,"menu_order":0,"comment_status":"closed","ping_status":"closed","template":"","meta":{"footnotes":""},"class_list":["post-7281","page","type-page","status-publish","hentry"],"yoast_head":"<!-- This site is optimized with the Yoast SEO plugin v27.3 - https:\/\/yoast.com\/product\/yoast-seo-wordpress\/ -->\n<title>Grup \u015eirketleri - SPCC \u00c7imento<\/title>\n<meta name=\"description\" content=\"SPCC \u00c7imento %\" \/>\n<meta name=\"robots\" content=\"index, follow, max-snippet:-1, max-image-preview:large, max-video-preview:-1\" \/>\n<link rel=\"canonical\" href=\"https:\/\/spccdz.com\/fr\/societes-du-groupe\/\" \/>\n<meta property=\"og:locale\" content=\"fr_FR\" \/>\n<meta property=\"og:type\" content=\"article\" \/>\n<meta property=\"og:title\" content=\"Grup \u015eirketleri - SPCC \u00c7imento\" \/>\n<meta property=\"og:description\" content=\"SPCC \u00c7imento %\" \/>\n<meta property=\"og:url\" content=\"https:\/\/spccdz.com\/fr\/societes-du-groupe\/\" \/>\n<meta property=\"og:site_name\" content=\"SPCC \u00c7imento\" \/>\n<meta property=\"article:modified_time\" content=\"2026-04-06T22:05:32+00:00\" \/>\n<meta property=\"og:image\" content=\"http:\/\/spccdz.com\/wp-content\/uploads\/2026\/02\/logo_spcc_maritime.png\" \/>\n<meta name=\"twitter:card\" content=\"summary_large_image\" \/>\n<meta name=\"twitter:label1\" content=\"Dur\u00e9e de lecture estim\u00e9e\" \/>\n\t<meta name=\"twitter:data1\" content=\"1 minute\" \/>\n<script type=\"application\/ld+json\" class=\"yoast-schema-graph\">{\"@context\":\"https:\\\/\\\/schema.org\",\"@graph\":[{\"@type\":\"WebPage\",\"@id\":\"https:\\\/\\\/spccdz.com\\\/grup-sirketleri\\\/\",\"url\":\"https:\\\/\\\/spccdz.com\\\/grup-sirketleri\\\/\",\"name\":\"Grup \u015eirketleri - SPCC \u00c7imento\",\"isPartOf\":{\"@id\":\"https:\\\/\\\/spccdz.com\\\/#website\"},\"primaryImageOfPage\":{\"@id\":\"https:\\\/\\\/spccdz.com\\\/grup-sirketleri\\\/#primaryimage\"},\"image\":{\"@id\":\"https:\\\/\\\/spccdz.com\\\/grup-sirketleri\\\/#primaryimage\"},\"thumbnailUrl\":\"http:\\\/\\\/spccdz.com\\\/wp-content\\\/uploads\\\/2026\\\/02\\\/logo_spcc_maritime.png\",\"datePublished\":\"2026-02-05T20:07:09+00:00\",\"dateModified\":\"2026-04-06T22:05:32+00:00\",\"description\":\"SPCC \u00c7imento %\",\"breadcrumb\":{\"@id\":\"https:\\\/\\\/spccdz.com\\\/grup-sirketleri\\\/#breadcrumb\"},\"inLanguage\":\"fr-FR\",\"potentialAction\":[{\"@type\":\"ReadAction\",\"target\":[\"https:\\\/\\\/spccdz.com\\\/grup-sirketleri\\\/\"]}]},{\"@type\":\"ImageObject\",\"inLanguage\":\"fr-FR\",\"@id\":\"https:\\\/\\\/spccdz.com\\\/grup-sirketleri\\\/#primaryimage\",\"url\":\"http:\\\/\\\/spccdz.com\\\/wp-content\\\/uploads\\\/2026\\\/02\\\/logo_spcc_maritime.png\",\"contentUrl\":\"http:\\\/\\\/spccdz.com\\\/wp-content\\\/uploads\\\/2026\\\/02\\\/logo_spcc_maritime.png\"},{\"@type\":\"BreadcrumbList\",\"@id\":\"https:\\\/\\\/spccdz.com\\\/grup-sirketleri\\\/#breadcrumb\",\"itemListElement\":[{\"@type\":\"ListItem\",\"position\":1,\"name\":\"Anasayfa\",\"item\":\"https:\\\/\\\/spccdz.com\\\/\"},{\"@type\":\"ListItem\",\"position\":2,\"name\":\"Grup \u015eirketleri\"}]},{\"@type\":\"WebSite\",\"@id\":\"https:\\\/\\\/spccdz.com\\\/#website\",\"url\":\"https:\\\/\\\/spccdz.com\\\/\",\"name\":\"SPCC Ciment\",\"description\":\"Nesiller boyu s\u00fcren g\u00fc\u00e7\",\"publisher\":{\"@id\":\"https:\\\/\\\/spccdz.com\\\/#organization\"},\"potentialAction\":[{\"@type\":\"SearchAction\",\"target\":{\"@type\":\"EntryPoint\",\"urlTemplate\":\"https:\\\/\\\/spccdz.com\\\/?s={search_term_string}\"},\"query-input\":{\"@type\":\"PropertyValueSpecification\",\"valueRequired\":true,\"valueName\":\"search_term_string\"}}],\"inLanguage\":\"fr-FR\"},{\"@type\":\"Organization\",\"@id\":\"https:\\\/\\\/spccdz.com\\\/#organization\",\"name\":\"SPA S.P.C.C \\\/ SOCIEDE PRODUCTION ET DE COMMERCIALISATION DE CIMENT\",\"url\":\"https:\\\/\\\/spccdz.com\\\/\",\"logo\":{\"@type\":\"ImageObject\",\"inLanguage\":\"fr-FR\",\"@id\":\"https:\\\/\\\/spccdz.com\\\/#\\\/schema\\\/logo\\\/image\\\/\",\"url\":\"https:\\\/\\\/spccdz.com\\\/wp-content\\\/uploads\\\/2026\\\/03\\\/spcc_logo_180px.svg\",\"contentUrl\":\"https:\\\/\\\/spccdz.com\\\/wp-content\\\/uploads\\\/2026\\\/03\\\/spcc_logo_180px.svg\",\"width\":180,\"height\":56,\"caption\":\"SPA S.P.C.C \\\/ SOCIEDE PRODUCTION ET DE COMMERCIALISATION DE CIMENT\"},\"image\":{\"@id\":\"https:\\\/\\\/spccdz.com\\\/#\\\/schema\\\/logo\\\/image\\\/\"},\"sameAs\":[\"https:\\\/\\\/www.linkedin.com\\\/company\\\/spa-spcc\\\/?originalSubdomain=tr\"]}]}<\/script>\n<!-- \/ Yoast SEO plugin. -->","yoast_head_json":{"title":"Soci\u00e9t\u00e9s du groupe - SPCC Ciment","description":"SPCC Ciment %","robots":{"index":"index","follow":"follow","max-snippet":"max-snippet:-1","max-image-preview":"max-image-preview:large","max-video-preview":"max-video-preview:-1"},"canonical":"https:\/\/spccdz.com\/fr\/societes-du-groupe\/","og_locale":"fr_FR","og_type":"article","og_title":"Grup \u015eirketleri - SPCC \u00c7imento","og_description":"SPCC \u00c7imento %","og_url":"https:\/\/spccdz.com\/fr\/societes-du-groupe\/","og_site_name":"SPCC \u00c7imento","article_modified_time":"2026-04-06T22:05:32+00:00","og_image":[{"url":"http:\/\/spccdz.com\/wp-content\/uploads\/2026\/02\/logo_spcc_maritime.png","type":"","width":"","height":""}],"twitter_card":"summary_large_image","twitter_misc":{"Dur\u00e9e de lecture estim\u00e9e":"1 minute"},"schema":{"@context":"https:\/\/schema.org","@graph":[{"@type":"WebPage","@id":"https:\/\/spccdz.com\/grup-sirketleri\/","url":"https:\/\/spccdz.com\/grup-sirketleri\/","name":"Soci\u00e9t\u00e9s du groupe - SPCC Ciment","isPartOf":{"@id":"https:\/\/spccdz.com\/#website"},"primaryImageOfPage":{"@id":"https:\/\/spccdz.com\/grup-sirketleri\/#primaryimage"},"image":{"@id":"https:\/\/spccdz.com\/grup-sirketleri\/#primaryimage"},"thumbnailUrl":"http:\/\/spccdz.com\/wp-content\/uploads\/2026\/02\/logo_spcc_maritime.png","datePublished":"2026-02-05T20:07:09+00:00","dateModified":"2026-04-06T22:05:32+00:00","description":"SPCC Ciment %","breadcrumb":{"@id":"https:\/\/spccdz.com\/grup-sirketleri\/#breadcrumb"},"inLanguage":"fr-FR","potentialAction":[{"@type":"ReadAction","target":["https:\/\/spccdz.com\/grup-sirketleri\/"]}]},{"@type":"ImageObject","inLanguage":"fr-FR","@id":"https:\/\/spccdz.com\/grup-sirketleri\/#primaryimage","url":"http:\/\/spccdz.com\/wp-content\/uploads\/2026\/02\/logo_spcc_maritime.png","contentUrl":"http:\/\/spccdz.com\/wp-content\/uploads\/2026\/02\/logo_spcc_maritime.png"},{"@type":"BreadcrumbList","@id":"https:\/\/spccdz.com\/grup-sirketleri\/#breadcrumb","itemListElement":[{"@type":"ListItem","position":1,"name":"Anasayfa","item":"https:\/\/spccdz.com\/"},{"@type":"ListItem","position":2,"name":"Grup \u015eirketleri"}]},{"@type":"WebSite","@id":"https:\/\/spccdz.com\/#website","url":"https:\/\/spccdz.com\/","name":"SPCC Ciment","description":"Une confiance qui se transmet","publisher":{"@id":"https:\/\/spccdz.com\/#organization"},"potentialAction":[{"@type":"SearchAction","target":{"@type":"EntryPoint","urlTemplate":"https:\/\/spccdz.com\/?s={search_term_string}"},"query-input":{"@type":"PropertyValueSpecification","valueRequired":true,"valueName":"search_term_string"}}],"inLanguage":"fr-FR"},{"@type":"Organization","@id":"https:\/\/spccdz.com\/#organization","name":"SPA S.P.C.C \/ SOCIEDE PRODUCTION ET DE COMMERCIALISATION DE CIMENT","url":"https:\/\/spccdz.com\/","logo":{"@type":"ImageObject","inLanguage":"fr-FR","@id":"https:\/\/spccdz.com\/#\/schema\/logo\/image\/","url":"https:\/\/spccdz.com\/wp-content\/uploads\/2026\/03\/spcc_logo_180px.svg","contentUrl":"https:\/\/spccdz.com\/wp-content\/uploads\/2026\/03\/spcc_logo_180px.svg","width":180,"height":56,"caption":"SPA S.P.C.C \/ SOCIEDE PRODUCTION ET DE COMMERCIALISATION DE CIMENT"},"image":{"@id":"https:\/\/spccdz.com\/#\/schema\/logo\/image\/"},"sameAs":["https:\/\/www.linkedin.com\/company\/spa-spcc\/?originalSubdomain=tr"]}]}},"_links":{"self":[{"href":"https:\/\/spccdz.com\/fr\/wp-json\/wp\/v2\/pages\/7281","targetHints":{"allow":["GET"]}}],"collection":[{"href":"https:\/\/spccdz.com\/fr\/wp-json\/wp\/v2\/pages"}],"about":[{"href":"https:\/\/spccdz.com\/fr\/wp-json\/wp\/v2\/types\/page"}],"author":[{"embeddable":true,"href":"https:\/\/spccdz.com\/fr\/wp-json\/wp\/v2\/users\/1"}],"replies":[{"embeddable":true,"href":"https:\/\/spccdz.com\/fr\/wp-json\/wp\/v2\/comments?post=7281"}],"version-history":[{"count":34,"href":"https:\/\/spccdz.com\/fr\/wp-json\/wp\/v2\/pages\/7281\/revisions"}],"predecessor-version":[{"id":7319,"href":"https:\/\/spccdz.com\/fr\/wp-json\/wp\/v2\/pages\/7281\/revisions\/7319"}],"wp:attachment":[{"href":"https:\/\/spccdz.com\/fr\/wp-json\/wp\/v2\/media?parent=7281"}],"curies":[{"name":"wp","href":"https:\/\/api.w.org\/{rel}","templated":true}]}}